{"id":956,"date":"2017-10-24T13:10:53","date_gmt":"2017-10-24T13:10:53","guid":{"rendered":"https:\/\/crossroads-festival.org\/de\/programm\/ubersicht-2016-copy"},"modified":"2017-12-02T20:43:10","modified_gmt":"2017-12-02T20:43:10","slug":"ubersicht-2017","status":"publish","type":"page","link":"https:\/\/crossroads-festival.org\/en\/program\/overview2017","title":{"rendered":"\u00dcbersicht 2017"},"content":{"rendered":"<p><\/p>\n<div id=\"progheader\">\n<div id=\"head\"><strong>PROGRAM OVERVIEW 2017<br \/>\n<\/strong><\/div>\n<div id=\"print\"><div class='printomatic pom-default ' id='id8611'  data-print_target='article'><\/div><\/div>\n<p><!--\n\n\n<div id=\"pdf\"><a href=\"\/wp-content\/uploads\/15_programm_A4.pdf\" target=\"_blank\"><img decoding=\"async\" src=\"\/wp-content\/uploads\/pdf.png\" alt=\"\" \/><\/a><\/div>\n\n\n--><\/p>\n<\/div>\n<hr \/>\n<p><em>*All film screenings, talks and discussions take place on the ground floor. The Saloon on the first floor is available as an open space for exchanging thoughts and visions, planing actions, networking and relaxation during the whole festival.* <\/em><\/p>\n<hr \/>\n<div id=\"dayoverview\" style=\"line-height: 1.8em;\">\n<div id=\"day\"><a href=\"#mi2211\">Wednesday Nov 22nd<\/a><\/div>\n<div id=\"day\"><a href=\"#do2311\">Thursday Nov 23rd<\/a><\/div>\n<div id=\"day\"><a href=\"#fr2411\">Friday Nov 24th<\/a><\/div>\n<div id=\"daylast\"><a href=\"#sa2511\">Saturday Nov 25th<\/a><\/div>\n<div id=\"day\"><a href=\"#so2611\">Sunday Nov 26th<\/a><\/div>\n<div id=\"day\"><a href=\"#mo2711\">Monday Nov 27th<\/a><\/div>\n<div id=\"day\"><a href=\"#di2811\">Tuesday Nov 28th<\/a><\/div>\n<div id=\"daylast\"><a href=\"#mi2911\">Wednesday Nov 29th<\/a><\/div>\n<div id=\"day\"><a href=\"#do3011\">Thursday Nov 30th<\/a><\/div>\n<div id=\"day\"><a href=\"#fr0112\">Friday Dec 1st<\/a><\/div>\n<div id=\"day\"><a href=\"#sa0212\">Saturday Dec 2nd<\/a><\/div>\n<div id=\"daylast\"><a href=\"#so0312\">Sunday Dec 3rd<\/a><\/div>\n<\/div>\n<hr \/>\n<p><a name=\"mi2211\"><\/a><strong>Wednesday Nov 22nd &#8211; Opening<br \/>\n<\/strong><\/p>\n<p><strong>18:00-20:00 Podiumsdiskussion<\/strong><br \/>\n<strong>F\u00fcr eine solidarische Zukunft!<\/strong><br \/>\n<strong>Wie k\u00f6nnen wir die autorit\u00e4re Wende verhindern?<\/strong><br \/>\nMit Lukas Oberndofer (mosaik), Flora Petrik (Plus), Mahsa Ghafari (SOS Mitmensch), Lisa Mittendrein (Attac), Markus (IL Graz), Moderation: Josef Obermoser (Crossroads)<\/p>\n<p><strong>20:30 Opening film + Q&amp;A \/ Austrian premiere!<\/strong><br \/>\n<a href=\"https:\/\/crossroads-festival.org\/en\/film\/awake-a-dream-from-standing-rock\"><strong>AWAKE, A Dream from Standing Rock<\/strong><\/a><br \/>\nUS, 2017, 84 min, English OV<br \/>\n+ Q&amp;A with protagonist Floris Whitebull (via Videostream) and eco-activists from Graz<\/p>\n<p><strong>After and in between events: Filmbeisl at the Saloon<\/strong><br \/>\nConversations about the films and events, getting to know each other and networking at the Saloon (first floor)<\/p>\n<hr \/>\n<p><a name=\"do2311\"><\/a><strong>Thursday Nov 23rd &#8211; Creative Activism \/ Political Art<\/strong><\/p>\n<p><strong>14:00-16:30 Vertiefungs-Session<\/strong><br \/>\n<strong>F\u00fcr eine solidarische Zukunft! Wie k\u00f6nnen wir die autorit\u00e4re Wende verhindern?<\/strong><br \/>\nMit den Diskussionsteilnehmer*innen des Vortags und dir!<\/p>\n<p><strong>17:00 Film + Podiumsgespr\u00e4ch<\/strong><br \/>\n<a href=\"https:\/\/crossroads-festival.org\/en\/film\/beuys\"><strong>Beuys: Art As a Weapon<\/strong><\/a><br \/>\nDE, 2017, 107 min, deutsche OF<br \/>\n+ Gespr\u00e4ch mit Heidrun Primas (FORUM STADTPARK), David Prieth (K\u00fcnstler), u.a.<\/p>\n<p><strong>20:00-21:00 Concert in the dark (in the basement)<\/strong><br \/>\n<strong>Dunkelkammer<\/strong><br \/>\n<strong>Live: PRIETH\/HOOLSHOPPER<\/strong><\/p>\n<p><strong>21:30 Film<\/strong><br \/>\n<a href=\"https:\/\/crossroads-festival.org\/en\/film\/the-yes-men\"><strong>The Yes Men<\/strong><\/a><br \/>\nUS, 2003, 82 min, English OV<\/p>\n<p><strong>After and in between events: Filmbeisl at the Saloon<\/strong><br \/>\nConversations about the films and events, getting to know each other and networking at the Saloon (first floor)<\/p>\n<hr \/>\n<p><a name=\"fr2411\"><\/a><strong>Friday Nov 24th &#8211; Conference: Graz, Solidarity City of the Future!<br \/>\n<\/strong><\/p>\n<p><strong>18:00-19:00 Talks<\/strong><br \/>\n<strong>People Power! How to Create Fearless Cities<\/strong><br \/>\nWith&nbsp;Oriol Cervell\u00f3 (Barcelona en Comu), Niels Boeing (Network Right To The City Hamburg), and others<\/p>\n<p><strong>19:00-20:30 Podiumsgespr\u00e4ch<\/strong><br \/>\n<strong>Graz: Stadt f\u00fcr Alle oder Stadt der Reichen? Wir entscheiden!<\/strong><br \/>\nMit Romana Ull (Rettet die Mur), Margarethe Makovec (rotor), David Steinwender (Transition Graz), Heidrun Primas (FORUM STADTPARK), Moderation: Josef Obermoser (Crossroads)<\/p>\n<p><strong>20:30 Meet &amp; Greet<\/strong><br \/>\n<strong>Let\u00b4s get in touch!<br \/>\n<\/strong><\/p>\n<p><strong>21:00 Film + Gespr\u00e4ch \/ \u00d6sterreichpremiere<\/strong><br \/>\n<a href=\"https:\/\/crossroads-festival.org\/en\/film\/das-gegenteil-von-grau\"><strong>Das Gegenteil von Grau<\/strong><\/a><br \/>\nDE, 2017, 90 min<br \/>\n+ Gespr\u00e4ch mit Marianne Volk (Spektral), Franziska Hartl (KAMA Graz), Karin Schuster (Radio Helsinki), Theresia Bachmeier (Foodkoop KrautKOOPf), u.a.<\/p>\n<p><strong>After and in between events: Filmbeisl at the Saloon<\/strong><br \/>\nConversations about the films and events, getting to know each other and networking at the Saloon (first floor)<\/p>\n<hr \/>\n<p><a name=\"sa2511\"><\/a><strong>Saturday Nov 25th &#8211; Conference: Graz, Solidarity City of the Future!<br \/>\n<\/strong><\/p>\n<p><strong>10:00-18:00 Workshop<\/strong><br \/>\n<strong>JOURNALISM and ACTIVISM<\/strong><br \/>\n<strong>Creating News for Independent Media with VON UNTEN \/ Radio Helsinki<\/strong><\/p>\n<p><strong>10:00-11:30 Workshop <\/strong><br \/>\n<strong>Recht auf Stadt! Von Hamburg lernen<\/strong><br \/>\nMit Niels Boeing (Netzwerk Recht auf Stadt Hamburg)<\/p>\n<p><strong>11:30-13:00 Workshop<\/strong><br \/>\n<strong>Barcelona: People Power in City Hall?<\/strong><br \/>\nWith Oriol Cervell\u00f3 (Barcelona en Comu)<\/p>\n<p><strong>13:00-14:00 Lunch<\/strong><\/p>\n<p><strong>14:00-15:30 Zukunftsstadt Themen-Sessions<\/strong><br \/>\n<strong>&#8211; Solidarische Stadt: Lebensqualit\u00e4t f\u00fcr Alle unabh\u00e4ngig von Pass, Hautfarbe und Einkommen<\/strong><br \/>\nMit Inputs von Mai-Britt Ruff (Solidarity City Netzwerk, Open Borders Osnabr\u00fcck), Niels Boeing (Netzwerk Recht auf Stadt Hamburg), u.a. und dir!<br \/>\n<strong>&#8211; \u00d6ffis und R\u00e4der f\u00fcr Alle! Graz von der Feinstaubhochburg zur Vorzeigestadt machen<\/strong><br \/>\nMit Inputs von Karl Reiter (FGM), System Change not Climate Change, u.a. und dir!<br \/>\n<strong>&#8211; Essbare Stadt<\/strong><br \/>\nMit Inputs von David Steinwender (Transition Graz, Forum Urbanes G\u00e4rtnern), u.a. und dir!<\/p>\n<p><strong>15:30-17:00 Zukunftsstadt Themen-Sessions<\/strong><br \/>\n<strong>&#8211; \u00d6kostadt Graz: Gr\u00fcn und Blau statt noch mehr Grau!<\/strong><br \/>\nMit Inputs von Romana Ull (Naturschutzbund, Rettet die Mur), Martin Regelsberger (Experte f\u00fcr Wasserwirtschaft) und dir!<br \/>\n<strong>&#8211; Lokale Medien, ein Schl\u00fcssel f\u00fcr Ver\u00e4nderung<\/strong><br \/>\nMit Inputs von Evelyn Schalk (Ausrei\u00dfer), Radio Helsinki, u.a. und dir!<\/p>\n<p><strong>17:30-19:00 Zukunftsstadt Themen-Sessions<\/strong><br \/>\n<strong>&#8211; Stadt demokratisieren! Die Bewohner*innen entscheiden<\/strong><br \/>\nMit Inputs von Brigitte Kratzwald (commons.at), u.a. und dir!<br \/>\n<strong>&#8211; Von der industriellen Stadt zur Community Fabrication<\/strong><br \/>\nMit Inputs von Niels Boeing (Fablab Hamburg), u.a. und dir!<br \/>\n<strong>&#8211; Energieversorgung mit Zukunft<\/strong><br \/>\nMit Inputs von Christian Holter (Solid), u.a. und dir!<\/p>\n<p><strong>19:00-20:00 Zusammenf\u00fchrung + Ausblick<\/strong><br \/>\nWas wurde in den Sessions besprochen, und wie geht\u00b4s am Sonntag weiter?<\/p>\n<p><strong>20:00-21:00 Dinner<\/strong><\/p>\n<p><strong>21:00 Film + Q&amp;A<\/strong><br \/>\n<a style=\"outline: 1px dotted; outline-offset: 0px;\" href=\"https:\/\/crossroads-festival.org\/en\/film\/ada-for-mayor\"><strong>Ada for Mayor<\/strong><\/a><br \/>\nES, 2016, 86 min, OV with English subtitles<br \/>\n+ Q&amp;A with Oriol Cervell\u00f3 (Barcelona en Comu)<\/p>\n<p><strong>After and in between events: Filmbeisl at the Saloon<\/strong><br \/>\nConversations about the films and events, getting to know each other and networking at the Saloon (first floor)<\/p>\n<hr \/>\n<p><a name=\"so2611\"><\/a><strong>Sunday Nov 26th &#8211; Conference: Graz, Solidarity City of the Future!<br \/>\n<\/strong><\/p>\n<p><strong>10:30-13:00 Zukunftsstadt Themen-Sessions<\/strong><br \/>\n<strong>&#8211; Solidarische Stadt: Lebensqualit\u00e4t f\u00fcr Alle, unabh\u00e4ngig von Pass, Hautfarbe und Einkommen<\/strong><br \/>\n<strong>&#8211; \u00d6ffis und R\u00e4der f\u00fcr Alle! Graz von der Feinstaubhochburg zur Vorzeigestadt machen<\/strong><br \/>\n<strong>&#8211; Essbare Stadt<\/strong><br \/>\n<strong>&#8211; Energieversorgung mit Zukunft<\/strong><\/p>\n<p><strong>13:00-14:00 Lunch<\/strong><\/p>\n<p><strong>14:00-16:30 Zukunftsstadt Themen-Sessions<\/strong><br \/>\n<strong>&#8211; \u00d6kostadt Graz: Gr\u00fcn und Blau statt noch mehr Grau!<\/strong><br \/>\n<strong>&#8211; Medien, ein Schl\u00fcssel f\u00fcr Ver\u00e4nderung<\/strong><br \/>\n<strong>&#8211; Stadt demokratisieren! Die Bewohner*innen entscheiden<\/strong><\/p>\n<p><strong>17:00-19:30 Vernetzungstreffen <\/strong><br \/>\n<strong>Recht auf Stadt f\u00fcr Alle!<\/strong><br \/>\n<strong>Gro\u00dfes Vernetzungstreffen f\u00fcr alle progressiven Grazer Initiativen, engagierte B\u00fcrger*innen und die, dies noch werden m\u00f6chten<\/strong><br \/>\nNeulinge sehr willkommen!<\/p>\n<p><strong>19:30-20:30 Dinner<\/strong><\/p>\n<p><strong>20:30 Film + Q&amp;A<\/strong><br \/>\n<a href=\"https:\/\/crossroads-festival.org\/en\/film\/parko\"><strong>Parko<\/strong><\/a><br \/>\nGR, 2016, 38 min, OV with German subtitles<br \/>\n+Q&amp;A with protagonists (via Videostream)<\/p>\n<p><strong>After and in between events: Filmbeisl at the Saloon<\/strong><br \/>\nConversations about the films and events, getting to know each other and networking at the Saloon (first floor)<\/p>\n<hr \/>\n<p><a name=\"mo2711\"><\/a><strong>Monday Nov 27th &#8211; Feminism in Action!<\/strong><\/p>\n<p><strong>18:00 Film + Gespr\u00e4ch<\/strong><br \/>\n<a href=\"https:\/\/crossroads-festival.org\/en\/film\/girl-power\"><strong>Girl Power<\/strong><\/a><br \/>\nCZ, 2016, 90 min, OF mit deutschen Untertiteln<br \/>\n+ Gespr\u00e4ch mit N.N.<\/p>\n<p><strong>20:30 Film + Q&amp;A<\/strong><br \/>\n<a href=\"https:\/\/crossroads-festival.org\/en\/film\/ovarian-psycos\"><strong>Ovarian Psycos<\/strong><\/a><br \/>\nUS, 2016, 72 min, English OV<br \/>\n+ Q&amp;A with protagonist N.N. (via Videostream), Ines &amp; Lisi (queerfeministisches Kollektiv kl.aus), and others<\/p>\n<p><strong>After and in between events: Filmbeisl at the Saloon<\/strong><br \/>\nConversations about the films and events, getting to know each other and networking at the Saloon (first floor)<\/p>\n<hr \/>\n<p><strong><a name=\"di2811\"><\/a>Tuesday Nov 28th &#8211; Animal Liberation<br \/>\n<\/strong><\/p>\n<p><strong>16:00 Film + Q&amp;A <\/strong><br \/>\n<a href=\"https:\/\/crossroads-festival.org\/en\/film\/unlocking-the-cage\"><strong>Unlocking the Cage<\/strong><\/a><br \/>\nUS, 2016, 91 min, English OV<br \/>\n+ Q&amp;A with protagonist Steve Wise (Nonhuman Rights Project) (via Videostream)<\/p>\n<p><strong>18:30 Film + Gespr\u00e4ch \/ Preview<\/strong><br \/>\n<a href=\"https:\/\/crossroads-festival.org\/en\/film\/the-end-of-meat\"><strong>The End of Meat &#8211; Eine Welt ohne Fleisch<\/strong><\/a><br \/>\nDE, 2017, 94 min, Deutsche Version<br \/>\n+ Gespr\u00e4ch mit Lena Remich (Vegane Gesellschaft), Tanya Weghofer (Tierrechtsaktivistin), u.a.<\/p>\n<p><strong>21:00 Film + Q&amp;A \/ Austrian premiere!<\/strong><br \/>\n<a href=\"https:\/\/crossroads-festival.org\/en\/film\/one-angry-vegan\"><strong>One Angry Vegan<\/strong><\/a><br \/>\nIL, 2017, 49 min, Hebrew OV with English subtitles<br \/>\n+ Q&amp;A with protagonist Tal Gilboa (via Videostream)<\/p>\n<p><strong>After and in between events: Filmbeisl at the Saloon<\/strong><br \/>\nConversations about the films and events, getting to know each other and networking at the Saloon (first floor)<\/p>\n<hr \/>\n<p><a name=\"mi2911\"><\/a><strong>Wednesday Nov 29th &#8211; Good Food For All!<\/strong><\/p>\n<p><strong>15:30 Film + Q&amp;A <\/strong><br \/>\n<a style=\"outline: 1px dotted; outline-offset: 0px;\" href=\"https:\/\/crossroads-festival.org\/en\/film\/dead-donkeys-fear-no-hyenas\"><strong>Dead Donkeys Fear No Hyenas<\/strong><\/a><br \/>\nSE\/DE\/FI, 2017, 80 min, OV with German subtitles<br \/>\n+ Q&amp;A with filmmaker&nbsp;Joakim Demmer (via Videostream)<\/p>\n<p><strong>18:00 Film + Gespr\u00e4ch \/ Austrian premiere!<\/strong><br \/>\n<a href=\"https:\/\/crossroads-festival.org\/en\/film\/seed-the-untold-story\"><strong>SEED: The Untold Story<\/strong><\/a><br \/>\nUS, 2016, 94 min, English OV<br \/>\n+ Gespr\u00e4ch mit den Biob\u00e4uerinnen und Sortenerhalterinnen Ulli Klein (KLEINeFARM) und Katrin Wankhammer (Bio-Fuchs) und Sascha Vanicek (GMOTA, Samenbibliothek)<br \/>\n+ Seed Swap and Give-Away. Bring your favourite varieties!<\/p>\n<p><strong>21:00 Film + Gespr\u00e4ch<\/strong><br \/>\n<a style=\"outline: 1px dotted; outline-offset: 0px;\" href=\"https:\/\/crossroads-festival.org\/en\/film\/the-last-pig\"><strong>The Last Pig<\/strong><\/a><br \/>\nUS, 2017, 54 min, English OV with German subtitles<br \/>\n+ Gespr\u00e4ch \u00fcber biovegane Landwirtschaft mit Biobauer Thomas Unger (SoLaWi Radix)<\/p>\n<p><strong>After and in between events: Filmbeisl at the Saloon<\/strong><br \/>\nConversations about the films and events, getting to know each other and networking at the Saloon (first floor)<\/p>\n<hr \/>\n<p><a name=\"do3011\"><\/a><strong>Thursday Nov 30th &#8211;<\/strong> <strong>Climate Justice Now!<\/strong><\/p>\n<p><strong>15:00 Ausserhalb des Themenschwerpunkts: Schwellengespr\u00e4ch #4: Menschenrechte<br \/>\nMenschenrechtsstadt vs restriktive Zuwanderungspolitik<br \/>\n<\/strong>Mit Doro Blancke (Gib mir deine Hand), Elisabeth Fiedler (Inst. f. Kunst im \u00f6ffentlichen Raum), Reni Hofm\u00fcller (K\u00fcnstlerin\/ESC), Jogi Hofm\u00fcller (mur.at)<strong><br \/>\n<\/strong><\/p>\n<p><strong>17:00 Film + Q&amp;A \/ \u00d6sterreichpremiere!<\/strong><br \/>\n<a href=\"https:\/\/crossroads-festival.org\/en\/film\/thank-you-for-the-rain\"><strong>Thank You For The Rain<\/strong><\/a><br \/>\nNO, 2017, 90 min, OF mit deutschen Untertiteln<br \/>\n<span data-offset-key=\"b0sjj-0-0\">+ Q&amp;A with activists (via Videostream)<\/span><\/p>\n<p><strong>19:30 Film + Gespr\u00e4ch \/ \u00d6sterreichpremiere!<\/strong><br \/>\n<a style=\"outline: 1px dotted; outline-offset: 0px;\" href=\"https:\/\/crossroads-festival.org\/en\/film\/tomorrows-power-hope-in-times-of-crisis\"><strong>Tomorrow&#8217;s Power<\/strong><\/a><br \/>\nCA, 2016, 76 min, OF mit deutschen Untertiteln<br \/>\n+ Gespr\u00e4ch mit Protagonistin Dorothee H\u00e4u\u00dfermann (Ende Gel\u00e4nde) (via Videostream) und Aktivist*innen von System Change not Climate Change!<\/p>\n<p><strong>21:30 Film + Q&amp;A \/ Austrian premiere!<\/strong><br \/>\n<a style=\"outline: 1px dotted; outline-offset: 0px;\" href=\"https:\/\/crossroads-festival.org\/en\/film\/water-warriors\"><strong>Water Warriors<\/strong><\/a><br \/>\nCA, 2017, 22 min, English OV<br \/>\n<span data-offset-key=\"b0sjj-0-0\">+ Q&amp;A with protagonist Rachel Falcone (via Videostream)<br \/>\n<\/span><\/p>\n<p><strong>After and in between events: Filmbeisl at the Saloon<\/strong><br \/>\nConversations about the films and events, getting to know each other and networking at the Saloon (first floor)<\/p>\n<hr \/>\n<p><a name=\"fr0112\"><\/a><strong>Friday Dec 1st &#8211;<\/strong> <strong>Earth Protectors<\/strong><\/p>\n<p><strong>13:00-16:00 Workshop<br \/>\nFuture Games for System Change<br \/>\nTheatrical Tools for Socio-ecological&nbsp; and Political Transformation<br \/>\n<\/strong>With Michael Wrentschur (InterACT)<\/p>\n<p><strong>17:00 Film + Q&amp;A<\/strong><br \/>\n<a href=\"https:\/\/crossroads-festival.org\/en\/film\/unsichtbare-grenzen\"><strong>Unsichtbare Grenzen (Frontera Invisible)<\/strong><\/a><br \/>\nCO, 28min, OF mit deutschen Untertiteln<br \/>\n+ Q&amp;A with filmmaker Nico Murzi (via Videostream)<\/p>\n<p><strong>18:30 Film + Q&amp;A <\/strong><br \/>\n<a href=\"https:\/\/crossroads-festival.org\/en\/film\/when-two-worlds-collide\"><strong>When Two Worlds Collide<\/strong><\/a><br \/>\nPE, 2016, 100 min, OV with English subtitles<br \/>\n+ Q&amp;A with N.N. (via Videostream)<\/p>\n<p><strong>21:00 Film + Q&amp;A \/ Austrian premiere!<\/strong><br \/>\n<a href=\"https:\/\/crossroads-festival.org\/en\/film\/the-last-animals\"><strong>The Last Animals<\/strong><\/a><br \/>\nUS, 2017, 92 min, English OV<br \/>\n+ Q&amp;A with filmmaker Kate Brooks (via Videostream)<\/p>\n<p><strong>After and in between events: Filmbeisl at the Saloon<\/strong><br \/>\nConversations about the films and events, getting to know each other and networking at the Saloon (first floor)<\/p>\n<hr \/>\n<p><a name=\"sa0212\"><\/a><strong>Saturday Dec 2nd &#8211; Refugees Welcome!<\/strong><\/p>\n<p><strong>11:00-13:30 Sharing food and getting in touch<\/strong><br \/>\n<strong>Solidarity Brunch<\/strong><br \/>\nEverbody brings her*his favourite dish, so that we can all enjoy a plentiful delicious meal together. Please make it vegan\/vegetarian. During eating, we\u00b4ll have conversations about life in Austria\/Europe, about current challenges for refugees and about ways to show solidarity and support.<\/p>\n<p><strong>13:30 Film + Q&amp;A \/ Austrian premiere!<\/strong><br \/>\n<a href=\"https:\/\/crossroads-festival.org\/en\/film\/last-men-in-aleppo\"><strong>Last Men in Aleppo<\/strong><\/a><br \/>\nDK\/SY, 2017, 101 min, OV with English subtitles<br \/>\n+ Q&amp;A with N.N.<\/p>\n<p><strong>16:00 Film + Conversation \/ Austrian premiere!<\/strong><br \/>\n<a href=\"https:\/\/crossroads-festival.org\/en\/film\/the-wait\"><strong>The Wait<\/strong><\/a><br \/>\nDK, 58 min, OV with English subtitles<br \/>\n+ Conversation with afghan refugees and activists from Graz<\/p>\n<p><strong>18:00 Film + Gespr\u00e4ch \/ \u00d6sterreichpremiere!<\/strong><br \/>\n<a href=\"https:\/\/crossroads-festival.org\/en\/film\/deportation-class\"><strong>Deportation Class<\/strong><\/a><br \/>\nDE, 2016, 85 min, Deutsche Fassung<br \/>\n+ Conversation with people trying to prevent deportations<\/p>\n<p><strong>Davor: Teaser-Session + Gespr\u00e4ch<\/strong><br \/>\n<strong><a href=\"https:\/\/crossroads-festival.org\/en\/film\/3400-semmeln-teaser-session\">3400 Semmeln<\/a><br \/>\n<\/strong>AT, ca 10 min, Deutsche Fassungen<strong><br \/>\n<\/strong>+ Gespr\u00e4ch mit Filmemacher Heinz Trenczak<\/p>\n<p><strong>20:00 Dinner<\/strong><\/p>\n<p><strong>21:00 Film + Q&amp;A \/ Austrian premiere!<\/strong><br \/>\n<a href=\"https:\/\/crossroads-festival.org\/en\/film\/un-paese-di-calabria\"><strong>Un paese di Calabria<\/strong><\/a><br \/>\nIT\/FR, 2016, 90 min, OV with English subtitles<br \/>\n+ Q&amp;A with N.N. (via Videostream)<\/p>\n<p><strong>After and in between events: Filmbeisl at the Saloon<\/strong><br \/>\nConversations about the films and events, getting to know each other and networking at the Saloon (first floor)<\/p>\n<hr \/>\n<p><a name=\"so0312\"><\/a><strong>Sonntag 3.12. &#8211; Inspiring Movements \/ Inspiring People<\/strong><\/p>\n<p><strong>10:00-12:00 Meeting \/ Conversation<\/strong><br \/>\n<strong>Welcome2Stay!<br \/>\nHow to Prevent Deportations?<br \/>\n<\/strong><\/p>\n<p><strong>12:00 Lunch<\/strong><br \/>\n<strong>Potluck<\/strong><br \/>\nEverybody brings a dish so that we\u00b4ll have a great lunch together. Vegan please &#8211; so that everyone can take part.<\/p>\n<p><strong>13:00 Film + Q&amp;A \/ European premiere!<\/strong><br \/>\n<a href=\"https:\/\/crossroads-festival.org\/en\/film\/unfractured\"><strong>Unfractured<\/strong><\/a><br \/>\nCA, 2017, 93 min, English OV<br \/>\n+ Q&amp;A with protagonist Sandra Steingraber (via Videostream)<\/p>\n<p><strong>15:30 Film + Q&amp;A \/ Austrian premiere!<\/strong><br \/>\n<a href=\"https:\/\/crossroads-festival.org\/en\/film\/accidental-anarchist\"><strong>Accidental Anarchist<\/strong><\/a><br \/>\nUK, 2017, 84 min, English OV<br \/>\n+ Q&amp;A with protagonist Carne Ross<\/p>\n<p><strong>18:00 Film + Gespr\u00e4ch<\/strong><br \/>\n<a href=\"https:\/\/crossroads-festival.org\/en\/film\/the-antifascists\"><strong>The Antifascists <\/strong><\/a><br \/>\nSE\/GR, 2017, 75 min, OV with English subtitles<br \/>\n+ Gespr\u00e4ch mit Judith Goetz (FIPU), Tom (IL Graz), u.a. \u00fcber neofaschistische Akteur*innen in \u00d6sterreich und antifaschistische Strategien und Handlungsm\u00f6glichkeiten<\/p>\n<p><strong>21:00 Film + Q&amp;A <\/strong><br \/>\n<a href=\"https:\/\/crossroads-festival.org\/en\/film\/whose-streets\"><strong>Whose Streets?<\/strong><\/a><br \/>\nUS, 2017, 103 min, English OV<br \/>\n<span data-offset-key=\"b0sjj-0-0\">+ Q&amp;A with protagonist Brittany Ferrell (via Videostream)<br \/>\n<\/span><\/p>\n<hr \/>\n<p><div class='printomatic pom-default ' id='id2811'  data-print_target='article'><\/div><\/p>\n<div class=\"shariff shariff-align-flex-start shariff-widget-align-flex-start\"><ul class=\"shariff-buttons theme-default orientation-horizontal buttonsize-medium\"><li class=\"shariff-button facebook shariff-nocustomcolor\" style=\"background-color:#4273c8\"><a href=\"https:\/\/www.facebook.com\/sharer\/sharer.php?u=https%3A%2F%2Fcrossroads-festival.org%2Fen%2Fprogram%2Foverview2017\" title=\"Share on Facebook\" aria-label=\"Share on Facebook\" role=\"button\" rel=\"nofollow\" class=\"shariff-link\" style=\"; background-color:#3b5998; color:#fff\" target=\"_blank\"><span class=\"shariff-icon\" style=\"\"><svg width=\"32px\" height=\"20px\" xmlns=\"http:\/\/www.w3.org\/2000\/svg\" viewBox=\"0 0 18 32\"><path fill=\"#3b5998\" d=\"M17.1 0.2v4.7h-2.8q-1.5 0-2.1 0.6t-0.5 1.9v3.4h5.2l-0.7 5.3h-4.5v13.6h-5.5v-13.6h-4.5v-5.3h4.5v-3.9q0-3.3 1.9-5.2t5-1.8q2.6 0 4.1 0.2z\"\/><\/svg><\/span><span class=\"shariff-text\">share<\/span>&nbsp;<\/a><\/li><li class=\"shariff-button mailto shariff-nocustomcolor\" style=\"background-color:#a8a8a8\"><a href=\"mailto:?body=https%3A%2F%2Fcrossroads-festival.org%2Fen%2Fprogram%2Foverview2017&subject=%C3%9Cbersicht%202017\" title=\"Send by email\" aria-label=\"Send by email\" role=\"button\" rel=\"noopener nofollow\" class=\"shariff-link\" style=\"; background-color:#999; color:#fff\"><span class=\"shariff-icon\" style=\"\"><svg width=\"32px\" height=\"20px\" xmlns=\"http:\/\/www.w3.org\/2000\/svg\" viewBox=\"0 0 32 32\"><path fill=\"#999\" d=\"M32 12.7v14.2q0 1.2-0.8 2t-2 0.9h-26.3q-1.2 0-2-0.9t-0.8-2v-14.2q0.8 0.9 1.8 1.6 6.5 4.4 8.9 6.1 1 0.8 1.6 1.2t1.7 0.9 2 0.4h0.1q0.9 0 2-0.4t1.7-0.9 1.6-1.2q3-2.2 8.9-6.1 1-0.7 1.8-1.6zM32 7.4q0 1.4-0.9 2.7t-2.2 2.2q-6.7 4.7-8.4 5.8-0.2 0.1-0.7 0.5t-1 0.7-0.9 0.6-1.1 0.5-0.9 0.2h-0.1q-0.4 0-0.9-0.2t-1.1-0.5-0.9-0.6-1-0.7-0.7-0.5q-1.6-1.1-4.7-3.2t-3.6-2.6q-1.1-0.7-2.1-2t-1-2.5q0-1.4 0.7-2.3t2.1-0.9h26.3q1.2 0 2 0.8t0.9 2z\"\/><\/svg><\/span><span class=\"shariff-text\">email<\/span>&nbsp;<\/a><\/li><\/ul><\/div>","protected":false},"excerpt":{"rendered":"<p>PROGRAM OVERVIEW 2017 *All film screenings, talks and discussions take place on the ground floor. The Saloon on the first floor is available as an open space for exchanging thoughts and visions, planing actions, networking and relaxation during the whole festival.* Wednesday Nov 22nd Thursday Nov 23rd Friday Nov 24th Saturday Nov 25th Sunday Nov &hellip; <a href=\"https:\/\/crossroads-festival.org\/en\/program\/overview2017\" class=\"more-link\">Continue reading <span class=\"screen-reader-text\">\u00dcbersicht 2017<\/span> <span class=\"meta-nav\">&rarr;<\/span><\/a><\/p>\n","protected":false},"author":1,"featured_media":0,"parent":43,"menu_order":0,"comment_status":"open","ping_status":"open","template":"","meta":{"_acf_changed":false,"spay_email":"","footnotes":""},"class_list":["post-956","page","type-page","status-publish","hentry"],"acf":[],"jetpack_shortlink":"https:\/\/wp.me\/P8yz7o-fq","_links":{"self":[{"href":"https:\/\/crossroads-festival.org\/en\/wp-json\/wp\/v2\/pages\/956"}],"collection":[{"href":"https:\/\/crossroads-festival.org\/en\/wp-json\/wp\/v2\/pages"}],"about":[{"href":"https:\/\/crossroads-festival.org\/en\/wp-json\/wp\/v2\/types\/page"}],"author":[{"embeddable":true,"href":"https:\/\/crossroads-festival.org\/en\/wp-json\/wp\/v2\/users\/1"}],"replies":[{"embeddable":true,"href":"https:\/\/crossroads-festival.org\/en\/wp-json\/wp\/v2\/comments?post=956"}],"version-history":[{"count":157,"href":"https:\/\/crossroads-festival.org\/en\/wp-json\/wp\/v2\/pages\/956\/revisions"}],"predecessor-version":[{"id":1239,"href":"https:\/\/crossroads-festival.org\/en\/wp-json\/wp\/v2\/pages\/956\/revisions\/1239"}],"up":[{"embeddable":true,"href":"https:\/\/crossroads-festival.org\/en\/wp-json\/wp\/v2\/pages\/43"}],"wp:attachment":[{"href":"https:\/\/crossroads-festival.org\/en\/wp-json\/wp\/v2\/media?parent=956"}],"curies":[{"name":"wp","href":"https:\/\/api.w.org\/{rel}","templated":true}]}}