{"id":302,"date":"2015-05-05T10:06:10","date_gmt":"2015-05-05T10:06:10","guid":{"rendered":"http:\/\/crossroads-festival.org\/en\/?page_id=302"},"modified":"2015-05-18T08:37:28","modified_gmt":"2015-05-18T08:37:28","slug":"kapitalismus-retten-vs-alternativen-schaffen","status":"publish","type":"page","link":"https:\/\/crossroads-festival.org\/en\/program\/kapitalismus-retten-vs-alternativen-schaffen","title":{"rendered":"Kapitalismus retten vs Alternativen schaffen?"},"content":{"rendered":"<p><img decoding=\"async\" src=\"http:\/\/crossroads-festival.org\/wp-content\/uploads\/capitalism_banner.jpg\" alt=\"\" \/><\/p>\n<p><strong>Kapitalismus retten vs Alternativen schaffen<\/strong><\/p>\n<p><strong>Diskussion mit Mario Matzer (\u00d6konom, Arbeiterkammer Steiermark) &#038; Leo K\u00fchberger\u00a0(Historiker und Aktivist)<\/strong><\/p>\n<p>Sollen wir den Kapitalismus retten (Varoufakis), oder ihn \u00fcberwinden und\u00a0durch solidarische Wirtschaftsweisen ersetzen, die den Erhalt unserer\u00a0Lebensgrundlagen und ein gutes Leben f\u00fcr Alle erm\u00f6glichen? Spaltet die\u00a0unterschiedliche Beantwortung dieser entscheidenden Frage die Linke\u00a0weiter, oder k\u00f6nnen kurzfristige und l\u00e4ngerfristige Politiken &#8211; etwa im\u00a0Sinne eines radikalen Reformismus (Hirsch) &#8211; so ineinander greifen, dass\u00a0sich beide Ans\u00e4tze miteinander vereinbaren lassen? Haben wir angesichts\u00a0des rapide fortschreitenden Klimawandels die n\u00f6tige Zeit daf\u00fcr, oder w\u00e4re\u00a0eigentlich ein radikaler Umbruch n\u00f6tig? (Capitalism vs. The Climate, Naomi\u00a0Klein).<\/p>\n<p>Auf welche Strategien sollen fortschrittliche Kr\u00e4fte in den kommenden\u00a0Jahren setzen? Welche B\u00fcndnisse sind notwendig? Was k\u00f6nnen wir aus der\u00a0Geschichte lernen, um gemeinsam eine lebenswerte Zukunft gestalten zu\u00a0k\u00f6nnen?<\/p>\n<div class=\"shariff shariff-align-flex-start shariff-widget-align-flex-start\"><ul class=\"shariff-buttons theme-default orientation-horizontal buttonsize-medium\"><li class=\"shariff-button facebook shariff-nocustomcolor\" style=\"background-color:#4273c8\"><a href=\"https:\/\/www.facebook.com\/sharer\/sharer.php?u=https%3A%2F%2Fcrossroads-festival.org%2Fen%2Fprogram%2Fkapitalismus-retten-vs-alternativen-schaffen\" title=\"Share on Facebook\" aria-label=\"Share on Facebook\" role=\"button\" rel=\"nofollow\" class=\"shariff-link\" style=\"; background-color:#3b5998; color:#fff\" target=\"_blank\"><span class=\"shariff-icon\" style=\"\"><svg width=\"32px\" height=\"20px\" xmlns=\"http:\/\/www.w3.org\/2000\/svg\" viewBox=\"0 0 18 32\"><path fill=\"#3b5998\" d=\"M17.1 0.2v4.7h-2.8q-1.5 0-2.1 0.6t-0.5 1.9v3.4h5.2l-0.7 5.3h-4.5v13.6h-5.5v-13.6h-4.5v-5.3h4.5v-3.9q0-3.3 1.9-5.2t5-1.8q2.6 0 4.1 0.2z\"\/><\/svg><\/span><span class=\"shariff-text\">share<\/span>&nbsp;<\/a><\/li><li class=\"shariff-button mailto shariff-nocustomcolor\" style=\"background-color:#a8a8a8\"><a href=\"mailto:?body=https%3A%2F%2Fcrossroads-festival.org%2Fen%2Fprogram%2Fkapitalismus-retten-vs-alternativen-schaffen&subject=Kapitalismus%20retten%20vs%20Alternativen%20schaffen%3F\" title=\"Send by email\" aria-label=\"Send by email\" role=\"button\" rel=\"noopener nofollow\" class=\"shariff-link\" style=\"; background-color:#999; color:#fff\"><span class=\"shariff-icon\" style=\"\"><svg width=\"32px\" height=\"20px\" xmlns=\"http:\/\/www.w3.org\/2000\/svg\" viewBox=\"0 0 32 32\"><path fill=\"#999\" d=\"M32 12.7v14.2q0 1.2-0.8 2t-2 0.9h-26.3q-1.2 0-2-0.9t-0.8-2v-14.2q0.8 0.9 1.8 1.6 6.5 4.4 8.9 6.1 1 0.8 1.6 1.2t1.7 0.9 2 0.4h0.1q0.9 0 2-0.4t1.7-0.9 1.6-1.2q3-2.2 8.9-6.1 1-0.7 1.8-1.6zM32 7.4q0 1.4-0.9 2.7t-2.2 2.2q-6.7 4.7-8.4 5.8-0.2 0.1-0.7 0.5t-1 0.7-0.9 0.6-1.1 0.5-0.9 0.2h-0.1q-0.4 0-0.9-0.2t-1.1-0.5-0.9-0.6-1-0.7-0.7-0.5q-1.6-1.1-4.7-3.2t-3.6-2.6q-1.1-0.7-2.1-2t-1-2.5q0-1.4 0.7-2.3t2.1-0.9h26.3q1.2 0 2 0.8t0.9 2z\"\/><\/svg><\/span><span class=\"shariff-text\">email<\/span>&nbsp;<\/a><\/li><\/ul><\/div>","protected":false},"excerpt":{"rendered":"<p>Kapitalismus retten vs Alternativen schaffen Diskussion mit Mario Matzer (\u00d6konom, Arbeiterkammer Steiermark) &#038; Leo K\u00fchberger\u00a0(Historiker und Aktivist) Sollen wir den Kapitalismus retten (Varoufakis), oder ihn \u00fcberwinden und\u00a0durch solidarische Wirtschaftsweisen ersetzen, die den Erhalt unserer\u00a0Lebensgrundlagen und ein gutes Leben f\u00fcr Alle erm\u00f6glichen? Spaltet die\u00a0unterschiedliche Beantwortung dieser entscheidenden Frage die Linke\u00a0weiter, oder k\u00f6nnen kurzfristige und l\u00e4ngerfristige Politiken &hellip; <a href=\"https:\/\/crossroads-festival.org\/en\/program\/kapitalismus-retten-vs-alternativen-schaffen\" class=\"more-link\">Continue reading <span class=\"screen-reader-text\">Kapitalismus retten vs Alternativen schaffen?<\/span> <span class=\"meta-nav\">&rarr;<\/span><\/a><\/p>\n","protected":false},"author":1,"featured_media":0,"parent":43,"menu_order":0,"comment_status":"closed","ping_status":"open","template":"","meta":{"_acf_changed":false,"spay_email":"","footnotes":""},"class_list":["post-302","page","type-page","status-publish","hentry"],"acf":[],"jetpack_shortlink":"https:\/\/wp.me\/P8yz7o-4S","_links":{"self":[{"href":"https:\/\/crossroads-festival.org\/en\/wp-json\/wp\/v2\/pages\/302"}],"collection":[{"href":"https:\/\/crossroads-festival.org\/en\/wp-json\/wp\/v2\/pages"}],"about":[{"href":"https:\/\/crossroads-festival.org\/en\/wp-json\/wp\/v2\/types\/page"}],"author":[{"embeddable":true,"href":"https:\/\/crossroads-festival.org\/en\/wp-json\/wp\/v2\/users\/1"}],"replies":[{"embeddable":true,"href":"https:\/\/crossroads-festival.org\/en\/wp-json\/wp\/v2\/comments?post=302"}],"version-history":[{"count":7,"href":"https:\/\/crossroads-festival.org\/en\/wp-json\/wp\/v2\/pages\/302\/revisions"}],"predecessor-version":[{"id":378,"href":"https:\/\/crossroads-festival.org\/en\/wp-json\/wp\/v2\/pages\/302\/revisions\/378"}],"up":[{"embeddable":true,"href":"https:\/\/crossroads-festival.org\/en\/wp-json\/wp\/v2\/pages\/43"}],"wp:attachment":[{"href":"https:\/\/crossroads-festival.org\/en\/wp-json\/wp\/v2\/media?parent=302"}],"curies":[{"name":"wp","href":"https:\/\/api.w.org\/{rel}","templated":true}]}}