{"id":1727,"date":"2019-09-08T16:41:50","date_gmt":"2019-09-08T16:41:50","guid":{"rendered":"https:\/\/crossroads-festival.org\/de\/programm\/ubersicht-2018-copy"},"modified":"2019-11-01T12:24:51","modified_gmt":"2019-11-01T12:24:51","slug":"ubersicht-2018-copy","status":"publish","type":"page","link":"https:\/\/crossroads-festival.org\/en\/program2019","title":{"rendered":"Program 2019"},"content":{"rendered":"<p><\/p>\n<div id=\"progheader\">\n<h2 id=\"head\"><strong>PROGRAMM-\u00dcBERSICHT 2019<br \/>\n<\/strong><\/h2>\n<div id=\"print\"><div class='printomatic pom-default ' id='id9422'  data-print_target='article'><\/div><\/div>\n<p><!--<\/p>\n\n\n\n\n<div id=\"pdf\"><a href=\"\/wp-content\/uploads\/15_programm_A4.pdf\" target=\"_blank\" rel=\"noopener noreferrer\"><img decoding=\"async\" src=\"\/wp-content\/uploads\/pdf.png\" alt=\"\" \/><\/a><\/div>\n\n\n\n\n<p>--><\/p>\n<\/div>\n<hr \/>\n<p><em>*Alle Filmvorf\u00fchrungen und Podiumsgespr\u00e4che finden im Erdgeschoss statt. Der Saloon im ersten Stock wird f\u00fcr Workshops genutzt und steht ansonsten w\u00e4hrend des gesamten Festivals als offener Raum f\u00fcr Austausch, Vernetzung, zum gemeinsam T\u00e4tig-Sein oder Entspannen zur Verf\u00fcgung.* <\/em><\/p>\n<hr \/>\n<div id=\"dayoverview\" style=\"line-height: 1.8em;\">\n<div id=\"day\"><a href=\"#do2410\">Donnerstag 24.10.<\/a><\/div>\n<div id=\"day\"><a href=\"#fr2510\">Freitag 25.10.<\/a><\/div>\n<div id=\"day\"><a href=\"#sa2610\">Samstag 26.10.<\/a><\/div>\n<div id=\"day\"><a href=\"#so2710\">Sonntag 27.10.<\/a><\/div>\n<div id=\"day\"><a href=\"#mo2810\">Montag 28.10.<\/a><\/div>\n<div id=\"day\"><a href=\"#di2910\">Dienstag 29.10.<\/a><\/div>\n<div id=\"day\"><a href=\"#mi3010\">Mittwoch 30.10.<\/a><\/div>\n<div id=\"day\"><a href=\"#do3110\">Donnerstag 31.10.<\/a><\/div>\n<div id=\"day\"><a href=\"#fr0111\">Freitag 01.11.<\/a><\/div>\n<div id=\"day\"><a href=\"#sa0211\">Samstag 02.11.<\/a><\/div>\n<div id=\"day\"><a href=\"#so0311\">Sonntag 03.11.<\/a><\/div>\n<\/div>\n<hr \/>\n<h3><a name=\"do2410\"><\/a><strong>Donnerstag 24.10. &#8211; Er\u00f6ffnung \/ Wege aus der Klimakrise &#8211; Konferenz f\u00fcr Klimagerechtigkeit und Systemwandel<br \/>\n<\/strong><\/h3>\n<p><strong>18:00-20:00 Auftaktgespr\u00e4che &amp; Debatten<br \/>\n<a href=\"https:\/\/crossroads-festival.org\/de\/breakdown\">Breakdown!?<\/a><\/strong><br \/>\n<a href=\"https:\/\/crossroads-festival.org\/de\/breakdown\"><strong>(Wie) k\u00f6nnen wir die Klimakatastrophe noch verhindern?<\/strong><\/a><br \/>\nMit Daiara Tukano (Indigene Aktivistin aus dem Amazonas \/ via Videostream), Ugochi Oluigbo (Umweltournalistin aus Nigeria \/ via Videostream), Andrea &amp; Omar (Fridays For Future Treviso und Vicenza), Sina Reisch (Sprecherin von Ende Gel\u00e4nde \/ via Videostream), Lena Schilling (Fridays For Future Vienna), Lucia Steinwender (System Change, not Climate Change!), Manuel Deso Bediencia (ClimAcci\u00f3, By 2020 We Rise Up) und Franziskus Forster (Farmers For Future, La Via Campesina)<br \/>\n<strong><br \/>\n20:30 Er\u00f6ffnungsfilm<\/strong><br \/>\n<a href=\"https:\/\/crossroads-festival.org\/de\/film\/afghan-cycles\"><strong>Afghan Cycles<\/strong><\/a><br \/>\nUS\/FR\/AF, 2018, 90 min, Dari with English Subtitles, English<\/p>\n<hr \/>\n<h3><a name=\"fr2510\"><\/a><strong>Freitag 25.10. &#8211; Wege aus der Klimakrise &#8211; Konferenz f\u00fcr Klimagerechtigkeit und Systemwandel<br \/>\n<\/strong><\/h3>\n<p><strong>TIPP: 11:59-13:30 Streikendes Klassenzimmer von Fridays For Future Graz<\/strong><br \/>\n<a href=\"https:\/\/www.facebook.com\/events\/500902197409806\/\"><strong>Climate Justice Now!<\/strong><\/a><br \/>\n<a href=\"https:\/\/www.facebook.com\/events\/500902197409806\/\"><strong>Klimagerechtigkeit f\u00fcr Einsteiger*innen<\/strong><\/a><br \/>\nVortrag und Gespr\u00e4ch von und mit Franziskus Forster (Politikwissenschaftler, Referent der \u00d6BV-Via Campesina Austria, Farmers For Future)<\/p>\n<p><strong>13:30-14:30 Gemeinsames Mittagessen<\/strong><\/p>\n<p><strong>14:30-16:00 Podiumsgespr\u00e4ch<\/strong><br \/>\n<a href=\"https:\/\/crossroads-festival.org\/de\/streiken-fuer-die-zukunft\"><strong>Streiken f\u00fcr die Zukunft! Wie geht\u00b4s weiter?<\/strong><\/a><br \/>\nMit Andrea &amp; Omar&nbsp; (Fridays For Future Treviso und Vicenza), Lorenz Pfalzer und Ronja Ulrych (Fridays For Future Graz) und Vito Vitalski (System Change, not Climate Change)<\/p>\n<p><strong>16:30-17:30 Gespr\u00e4ch<\/strong><br \/>\n<strong>Warum wir uns auf den Weltklimarat (IPPC) nicht verlassen k\u00f6nnen&#8230;<br \/>\nDas Beispiel Permafrost und Methan in Alaska<br \/>\n<\/strong>Mit Vladimir Romanovsky (Professor of Geophysics, Permafrost Laboratory, University of Alaska)&nbsp; <strong><br \/>\n<\/strong><\/p>\n<p><strong>18:00-19:30 Podiumsgespr\u00e4ch<\/strong><br \/>\n<a href=\"https:\/\/crossroads-festival.org\/de\/klimakiller-oesterreich\"><strong>Klimakiller \u00d6sterreich. Was l\u00e4uft falsch, was ist zu tun?<\/strong><\/a><br \/>\nKatharina Rogenhofer (Klimavolksbegehren), Philipp Chmel (Workers For Future), Adam Pawloff (Greenpeace), Mira Kapfinger (System Change, not Climate Change) und Christian Zeller (Professor f\u00fcr Wirtschaftsgeographie, Uni Salzburg)<\/p>\n<p><strong>19:30-20:30 Gemeinsames Abendessen<\/strong><\/p>\n<p><strong>20:30 Films + Conversation<\/strong><br \/>\n<strong>Everything&#8217;s coming together while everything&#8217;s falling apart<\/strong><br \/>\n<strong><a href=\"https:\/\/crossroads-festival.org\/de\/film\/limity-jsme-my\">Limity jsme my<\/a> (2019, 10 min), <a href=\"https:\/\/crossroads-festival.org\/de\/film\/code-rood\">Code Rood<\/a> (2018, 14 min), <a href=\"https:\/\/crossroads-festival.org\/de\/film\/the-zad\">The ZAD<\/a> (2017, 36 min), <a href=\"https:\/\/crossroads-festival.org\/de\/film\/ende-gelaende\">Ende Gel\u00e4nde<\/a> (2016, 12 min)<\/strong><br \/>\n+ Conversation with John Jordan (Artist and activist, co-founder of Climate Games, Rebel Clown Army, e.a. \/ The Zad \/ via Videostream), Chihiro Geuzebroek (Code Rood, Shell Must Fall \/ via Videostream), Manuel Deso Bediencia (ClimAcci\u00f3, By 2020 We Rise Up)<\/p>\n<p><strong>Im Anschluss und zwischen den Veranstaltungen: Filmbeisl im Saloon<\/strong><br \/>\nRaum zum Unterhalten \u00fcber die Filme in gem\u00fctlicher Atmosph\u00e4re (Saloon, 1. Stock)<\/p>\n<hr \/>\n<h3><strong><a name=\"sa2610\"><\/a>Samstag 26.10. &#8211; Wege aus der Klimakrise &#8211; Konferenz f\u00fcr Klimagerechtigkeit und Systemwandel<br \/>\n<\/strong><\/h3>\n<p><strong>10:00-18:00 Radio-Workshop<br \/>\n<a href=\"https:\/\/helsinki.at\/info\/mitmachen\/mach-mit\/#Nachrichten\">Nachrichten zum Selbermachen!<\/a><br \/>\n<\/strong>Mit Mitgliedern der VON UNTEN-Redaktion von Radio Helsinki<\/p>\n<p><strong>10:00-11:30 Workshop<\/strong><br \/>\n<a href=\"https:\/\/crossroads-festival.org\/de\/anders-handeln-statt-klima-wandeln\"><strong>Anders handeln statt Klima wandeln<\/strong><\/a><br \/>\n<a href=\"https:\/\/crossroads-festival.org\/de\/anders-handeln-statt-klima-wandeln\"><strong>Wie Mercosur und andere Abkommen unsere Zukunft bedrohen und was wir dagegen tun k\u00f6nnen<\/strong><\/a><br \/>\nMit Uschi Bauer (Anders Handeln)<\/p>\n<p><strong>10:00-11:30 Workshop (im Saloon im ersten Stock)<\/strong><br \/>\n<strong><a href=\"https:\/\/crossroads-festival.org\/de\/workshop-klima-psychologie\">Warum wir uns systematisch Irren<\/a> <\/strong><br \/>\n<a href=\"https:\/\/crossroads-festival.org\/de\/workshop-klima-psychologie\"><strong>Psychologische Einblicke in unseren Umgang mit der Klimakrise<\/strong><\/a><br \/>\nMit Sara Felber (Studentin der Psychologie an der KF-Uni Graz)<\/p>\n<p><strong>11:30-13:00 Workshop (im Saloon im ersten Stock)<\/strong><br \/>\n<a href=\"https:\/\/crossroads-festival.org\/de\/pflanzen-essen-zukunft-retten\"><strong>Pflanzen essen, Zukunft retten!<\/strong><\/a><br \/>\n<a href=\"https:\/\/crossroads-festival.org\/de\/pflanzen-essen-zukunft-retten\"><strong>Der Klimakiller Tierproduktion und was wir gegen ihn tun k\u00f6nnen<\/strong><\/a><br \/>\nMit Vivien Breinbauer &amp; Richi Wiesenegger<\/p>\n<p><strong>11:30-13:00 Workshop<\/strong><br \/>\n<a href=\"https:\/\/crossroads-festival.org\/de\/warum-uns-co2-steuern-nicht-retten-werden\"><strong>Warum C02-Steuern (und M\u00e4rkte) uns nicht retten werden&#8230;<\/strong><\/a><br \/>\n<a href=\"https:\/\/crossroads-festival.org\/de\/warum-uns-co2-steuern-nicht-retten-werden\"><strong>&#8230;und ein Systemwandel n\u00f6tig ist<\/strong><\/a><br \/>\nMit Manuel Grebenjak (Kollektiv Periskop)<\/p>\n<p><strong>13:00-14:00 Gemeinsames Mittagessen<\/strong><\/p>\n<p><strong>14:00-15:00 Vortrag + Gespr\u00e4ch<\/strong><br \/>\n<a href=\"https:\/\/crossroads-festival.org\/de\/soziale-bewegungen-veraendern-die-welt\"><strong>Das Gute kommt von Unten<\/strong><\/a><br \/>\n<a href=\"https:\/\/crossroads-festival.org\/de\/soziale-bewegungen-veraendern-die-welt\"><strong>Wie Soziale Bewegungen die Welt ver\u00e4nder(te)n<\/strong><\/a><br \/>\nVon und mit Leo K\u00fchberger (Historiker)<\/p>\n<p><strong>15:00-16:00 Podiumsgespr\u00e4ch<\/strong><br \/>\n<a href=\"https:\/\/crossroads-festival.org\/de\/erfolge-und-niederlagen-der-oesterreichischen-umweltbewegung\"><strong>Der gro\u00dfe Sieg von Hainburg &#8211; und was dann?<\/strong><\/a><br \/>\n<a href=\"https:\/\/crossroads-festival.org\/de\/erfolge-und-niederlagen-der-oesterreichischen-umweltbewegung\"><strong>Was kann von den Erfolgen und Niederlagen der \u00f6sterreichischen Umweltbewegung gelernt werden?<\/strong><\/a><br \/>\nMit Wolfgang Rehm (Hainburg-Aktivist der ersten Stunde)<\/p>\n<p><strong>16:30-18:00 Podiumsgespr\u00e4ch<\/strong><br \/>\n<strong><a href=\"https:\/\/crossroads-festival.org\/de\/klimademokratie\">Klimademokratie!?<\/a> <\/strong><br \/>\n<a href=\"https:\/\/crossroads-festival.org\/de\/klimademokratie\"><strong>Wie k\u00f6nnen wir das politische System ver\u00e4ndern, um den Klimakollaps zu verhindern?<\/strong><\/a><br \/>\nMit Rupert Read (Sprecher von Extinction Rebellion, University of East Anglia \/ via Videostream) und Brigitte Kratzwald (Sozialwissenschaftlerin, commons.at)<\/p>\n<p><strong>18:00-19:00 Gemeinsames Abendessen<\/strong><\/p>\n<p><strong>19:00-20:30 Podiumsgespr\u00e4ch<\/strong><br \/>\n<a href=\"https:\/\/crossroads-festival.org\/de\/verkehrswende-statt-weltende\"><strong>Verkehrswende statt Weltende!<\/strong><\/a><br \/>\n<a href=\"https:\/\/crossroads-festival.org\/de\/verkehrswende-statt-weltende\"><strong>Gratis \u00d6ffis und Radhighways statt neue Autobahnen und Billigfl\u00fcge?<\/strong><\/a><br \/>\nMit Heinz H\u00f6gelsberger &amp; Mathias Krams (Institut f\u00fcr Politikwissenschaft, Uni Wien), Tina Velo (Sand im Getriebe \/ via Videostream), Mira Kapfinger (System Change not Climate Change), Leo K\u00fchberger (FORUM STADTPARK) und Christian Kozina (MoVe iT)<\/p>\n<p><strong>21:00 Film + Gespr\u00e4ch<\/strong><br \/>\n<a href=\"https:\/\/crossroads-festival.org\/de\/film\/die-rote-linie\"><strong>Die Rote Linie &#8211; Widerstand im Hambacher Forst<\/strong><\/a><br \/>\nDE, 2019, 115 min, Deutsch<br \/>\n+ Gespr\u00e4ch mit Klimagerechtigkeitsaktivist*innen<\/p>\n<p><strong>TIPP: 23:00 <\/strong><strong>Benefiz Clubbing f\u00fcr Klimaaktivist*innen (im Keller)<br \/>\n<a href=\"https:\/\/www.facebook.com\/events\/2460045637394597\/\">No Party on a Dead Planet<\/a><\/strong><br \/>\nMit I&#8217;m in Love with &#8211; Kollektiv,&nbsp; Grrrls DJ Crew, Disko404, Superloops, Antisexistisches Glitzern, uvm.<\/p>\n<p><strong>Zwischen den Veranstaltungen: Filmbeisl im Saloon<\/strong><br \/>\nRaum zum Unterhalten \u00fcber die Filme in gem\u00fctlicher Atmosph\u00e4re (Saloon, 1. Stock)<\/p>\n<hr \/>\n<h3><a name=\"so2710\"><\/a><strong>Sonntag&nbsp; 27.10. &#8211; Wege aus der Klimakrise &#8211; Konferenz f\u00fcr Klimagerechtigkeit und Systemwandel<br \/>\n<\/strong><\/h3>\n<p><strong>1<\/strong><strong>0:00-11:30 Workshop (im Saloon im ersten Stock)<\/strong><br \/>\n<strong><a href=\"https:\/\/crossroads-festival.org\/de\/energiedemokratie-gegen-energiearmut\">Heat or eat!<\/a><br \/>\n<a href=\"https:\/\/crossroads-festival.org\/de\/energiedemokratie-gegen-energiearmut\">Energiedemokratie gegen Energiearmut<\/a><\/strong><br \/>\nMit Joshy Schwarz (System Change, Not Climate Change)<\/p>\n<p><strong>10:00-11:30 Workhop <\/strong><br \/>\n<a href=\"https:\/\/crossroads-festival.org\/de\/climate-refugees\"><strong>Climate Refugees<\/strong><\/a><br \/>\n<a href=\"https:\/\/crossroads-festival.org\/de\/climate-refugees\"><strong>Fluchtursachen bek\u00e4mpfen statt Menschen auf der Flucht<\/strong><\/a><br \/>\nMit Brigitte Kratzwald (Sozialwissenschaftlerin, commons.at)<\/p>\n<p><strong>11:30-12:30 Vortrag und Gespr\u00e4ch (im Saloon im ersten Stock)<\/strong><br \/>\n<a href=\"https:\/\/crossroads-festival.org\/de\/gerechte-uebergaenge-gestalten\"><strong>Gerechte \u00dcberg\u00e4nge gestalten<\/strong><\/a><br \/>\n<a href=\"https:\/\/crossroads-festival.org\/de\/gerechte-uebergaenge-gestalten\"><strong>Der Umbau der \u00f6sterreichischen Autozulieferindustrie (und die Rolle der Gewerkschaften)<\/strong><\/a><br \/>\nVon und mit Heinz H\u00f6gelsberger (Institut f\u00fcr Politikwissenschaft, Uni Wien)<\/p>\n<p><strong>12:30-13:30 Pr\u00e4sentation und Gespr\u00e4ch<br \/>\nAls&nbsp;die&nbsp;Autos&nbsp;die&nbsp;Stadt&nbsp;verlie\u00dfen.&nbsp;168h&nbsp;Graz&nbsp;wie&nbsp;es&nbsp;sein&nbsp;k\u00f6nnte<br \/>\n<\/strong>Mit&nbsp;Leo&nbsp;K\u00fchberger&nbsp;(FORUM&nbsp;STADTPARK),&nbsp;u.a.<strong><br \/>\n<\/strong><\/p>\n<p><strong>13:30-14:30 Gemeinsames Mittagessen<\/strong><\/p>\n<p><strong>14:30-16:00 Podiumsgespr\u00e4ch<\/strong><br \/>\n<strong>Keine Zukunft ohne Agrarwende!<\/strong><br \/>\n<strong>Wie machen wir die Landwirtschaft von der Klimazerst\u00f6rerin zur Retterin?<\/strong><br \/>\nMit Ulli Klein (Biob\u00e4uerin, KLEINeFARM), Anneke Engel (\u00d6BV-Via Campesina Austria, Hofkollektiv Welten-Ende), Stephan Pabst (Agrarsoziologe) und Khali (Free The Soil \/ via Videostream)<\/p>\n<p><strong>16:30-17:30 Pr\u00e4sentation, Gespr\u00e4ch, Vernetzung<\/strong><br \/>\n<strong>Workers For Future!<\/strong><br \/>\n<strong>Wo k\u00f6nnen wir konkret bei uns im Betrieb ansetzen und wie kommen wir von da zum Generalstreik f\u00fcrs Klima?<\/strong> <br \/>\nVon und mit Philipp Chmel (Workers For Future)<\/p>\n<p><strong>18:00-20:00 Film + Gespr\u00e4ch<\/strong><br \/>\n<a href=\"https:\/\/crossroads-festival.org\/de\/film\/system-error\"><strong>System Error<\/strong><\/a><br \/>\nDE, 2018, 96 min, Deutsch<br \/>\n+ Gespr\u00e4ch mit Matthias Schmelzer (Institut f\u00fcr Soziologie, Uni Jena \/ via Videostream) und Leonie Groihofer (System Change, not Climate Change)<\/p>\n<p><strong>20:00-21:00 Gemeinsames Abendessen<\/strong><\/p>\n<p><strong>21:00 Film + Q&amp;A<\/strong><br \/>\n<a href=\"https:\/\/crossroads-festival.org\/de\/film\/spears-from-all-sides\"><strong>Spears from All Sides<\/strong><\/a><br \/>\nUS, 2019, 90 min, OV with English subtitles<br \/>\n+ Q&amp;A with filmmaker Christopher Walker, Intro with INRICO and Valerie Peer (Fridays For Future Graz)<\/p>\n<p><strong>Im Anschluss und zwischen den Veranstaltungen: Filmbeisl im Saloon<\/strong><br \/>\nRaum zum Unterhalten \u00fcber die Filme in gem\u00fctlicher Atmosph\u00e4re (Saloon, 1. Stock)<\/p>\n<hr \/>\n<h3><a name=\"mo2810\"><\/a><strong>Montag 28.10. &#8211; Extinction is Forever!<br \/>\n<\/strong><\/h3>\n<p><strong>18:00-20:00 Film + Q&amp;A<\/strong><br \/>\n<a href=\"https:\/\/crossroads-festival.org\/de\/film\/watson\"><strong>Watson<\/strong><\/a><br \/>\nUS, 2019, 99 min, English OV<br \/>\n+ Q&amp;A with film subject Captain Paul Watson (Sea Shepherd \/ via Videostream)<\/p>\n<p><strong>20:30 Film + Q&amp;A<\/strong><br \/>\n<a href=\"https:\/\/crossroads-festival.org\/de\/film\/queen-without-land\"><strong>Queen without Land<\/strong><\/a><br \/>\nNO, 2018, 70 min, English<br \/>\n+ Q&amp;A with filmmaker Asgeir Helgestad<\/p>\n<p><strong>Im Anschluss und zwischen den Vorf\u00fchrungen: Filmbeisl im Saloon<\/strong><br \/>\nRaum zum Unterhalten \u00fcber die Filme in gem\u00fctlicher Atmosph\u00e4re (Saloon, 1. Stock)<\/p>\n<hr \/>\n<h3><strong><a name=\"di2910\"><\/a>Dienstag 29.10. &#8211; Animal Liberation<br \/>\n<\/strong><\/h3>\n<p><strong>18:00-19:00 Film + Q&amp;A<\/strong><br \/>\n<a href=\"https:\/\/crossroads-festival.org\/de\/film\/empty-cages\"><strong>Empty Cages<\/strong><\/a><br \/>\nSE, 2017, 36 min, English<br \/>\n+ Q&amp;A with film subject Martin Smedjeback<\/p>\n<p><strong>19:15-20:00 Film + Q&amp;A<\/strong><br \/>\n<a href=\"https:\/\/crossroads-festival.org\/de\/film\/73-cows\"><strong>73 Cows<\/strong><\/a><br \/>\nUK, 2018, 15 min, English OV<br \/>\n+ Q&amp;A with film subject Jay Wilde<\/p>\n<p><strong>20:30 Film + Gespr\u00e4ch<\/strong><br \/>\n<strong><a href=\"https:\/\/crossroads-festival.org\/de\/film\/right-to-harm\">Right to Harm<\/a><br \/>\n<\/strong>US, 2019, 82 min, English OV<br \/>\n+ Gespr\u00e4ch \u00fcber die Zerst\u00f6rung unserer Welt durch industrielle Tierhaltung und den Widerstand gegen Tierfabriken mit Lena Remich (VGT), u.a.<\/p>\n<p><strong>Im Anschluss und zwischen den Vorf\u00fchrungen: Filmbeisl im Saloon<br \/>\n<\/strong>Raum zum Unterhalten \u00fcber die Filme in gem\u00fctlicher Atmosph\u00e4re (Saloon, 1. Stock)<\/p>\n<hr \/>\n<h3><a name=\"mi3010\"><\/a><strong>Mittwoch 30.10. &#8211; Feminism in Action<br \/>\n<\/strong><\/h3>\n<p><strong>18:00-20:00 Film + Q&amp;A<\/strong><br \/>\n<a href=\"https:\/\/crossroads-festival.org\/de\/film\/on-her-shoulders\"><strong>On Her Shoulders<\/strong><\/a><br \/>\nUS, 2018, 94 min, OV with English subtitles<\/p>\n<p><strong>20:30 Film + Q&amp;A<\/strong><br \/>\n<a href=\"https:\/\/crossroads-festival.org\/de\/film\/commander-arian\"><strong>Commander Arian &#8211; A Story of Women, War and Freedom<\/strong><\/a><br \/>\nDE\/ES\/SY, 2018, 77 min, OV with English subtitles<br \/>\n+ Q&amp;A with director Alba Sotorra<\/p>\n<p><strong>Im Anschluss und zwischen den Vorf\u00fchrungen: Filmbeisl im Saloon<\/strong><br \/>\nRaum zum Unterhalten \u00fcber die Filme in gem\u00fctlicher Atmosph\u00e4re (Saloon, 1. Stock)<\/p>\n<hr \/>\n<h3><a name=\"do3110\"><\/a><strong>Donnerstag 31.10. &#8211; Umk\u00e4mpfte Demokratie<br \/>\n<\/strong><\/h3>\n<p><strong>16:00-17:30 Film + Gespr\u00e4ch<\/strong><br \/>\n<a href=\"https:\/\/crossroads-festival.org\/de\/film\/der-zweite-anschlag\"><strong>Der zweite Anschlag<\/strong><\/a><br \/>\nDE, 2018, 62 min, Deutsche OF<br \/>\n+ Gespr\u00e4ch \u00fcber rechtsextreme Gewalt in \u00d6sterreich mit Judith G\u00f6tz (FIPU &#8211; Forschungsgruppe Ideologien und Politiken der Ungleichheit)<\/p>\n<p><strong>18:00-20:00 Film + Q&amp;A<\/strong><br \/>\n<a href=\"https:\/\/crossroads-festival.org\/de\/film\/the-corporate-coup-detat\"><strong>The Corporate Coup d\u2019\u00c9tat<\/strong><\/a><br \/>\nUS, 2019, 90 min, English OV<\/p>\n<p><strong>20:30 Film + Q&amp;A<\/strong><br \/>\n<a href=\"https:\/\/crossroads-festival.org\/de\/film\/your-turn\"><strong>Your Turn (Espero tua (re)volta)<\/strong><\/a><br \/>\nBR, 2019, 93 min, Portuguese with English subtitles<\/p>\n<p><strong>Im Anschluss und zwischen den Vorf\u00fchrungen: Filmbeisl im Saloon<\/strong><br \/>\nRaum zum Unterhalten \u00fcber die Filme in gem\u00fctlicher Atmosph\u00e4re (Saloon, 1. Stock)<\/p>\n<hr \/>\n<h3><a name=\"fr0111\"><\/a><strong>Freitag 01.11. &#8211; Solidarit\u00e4t statt Festung Europa<br \/>\n<\/strong><\/h3>\n<p><strong>18:00-18:30 Podiumsgespr\u00e4ch<\/strong><br \/>\n<strong>Meine Flucht, meine Ankunft <\/strong><br \/>\n<strong>Der Weg eines Teenagers durch die Sahara, \u00fcber Libyen und das Meer nach Europa<\/strong><br \/>\nMit Filimon Mebrhatom (Gefl\u00fcchteter und Aktivist aus Eritrea) und Alexander Behr (Afrique Europe Interact)<\/p>\n<p><strong>18:30-20:00 Podiumsgespr\u00e4ch<\/strong><br \/>\n<strong>Solidarit\u00e4t statt Festung Europa <\/strong><br \/>\n<strong>Fluchtursachen bek\u00e4mpfen, nicht Menschen auf der Flucht<\/strong><br \/>\nMit Florian Stadler (Seenotretter, Head of mission der Iuventa), Filimon Mebrhatom (Gefl\u00fcchteter Teenager und Aktivist aus Eritrea), Doro Blancke (Fairness Asyl, Gib mir Deine Hand), Matthias Monroy (Zeitschrift B\u00fcrgerrechte &amp;Polizei\/CILIP), Alexander Behr (Afrique Europe Interact) und Evelyn Schalk (Seebr\u00fccke Graz)<\/p>\n<p><strong>20:30 Film und Gespr\u00e4ch<\/strong><br \/>\n<a href=\"https:\/\/crossroads-festival.org\/de\/film\/iuventa\"><strong>Iuventa<\/strong><\/a><br \/>\nDE, 2018, 89 min, Deutsch<br \/>\n+ Gespr\u00e4ch mit Florian Stadler (Seenotretter, Head of mission der Iuventa), Filimon Mebrhatom (Gefl\u00fcchteter Teenager und Aktivist aus Eritrea) und Evelyn Schalk (Seebr\u00fccke Graz)<\/p>\n<p><strong>Im Anschluss und zwischen den Veranstaltungen: Filmbeisl im Saloon<\/strong><br \/>\nRaum zum Unterhalten \u00fcber die Filme in gem\u00fctlicher Atmosph\u00e4re (Saloon, 1. Stock)<\/p>\n<hr \/>\n<h3><a name=\"sa0211\"><\/a><strong>Samstag 02.11. &#8211; Solidarit\u00e4t statt Festung Europa<br \/>\n<\/strong><\/h3>\n<p><strong>TIPP: 10:00-18:00 Konferenz f\u00fcr Aktivist*innen und Refugee Supporter*innen<br \/>\n<a href=\"http:\/\/nordwind.commons.at\/fortress-europe\/\" target=\"_blank\" rel=\"noopener noreferrer\">Fortress Europe: Borders closed \u2013 and now what?<\/a><br \/>\n<\/strong>Von Seebr\u00fccke Graz<strong><br \/>\n<\/strong><\/p>\n<p><strong>18:00-19:00 Gemeinsames Abendessen<\/strong><\/p>\n<p><strong>19:00-21:00 Film + Q&amp;A<\/strong><br \/>\n<a href=\"https:\/\/crossroads-festival.org\/de\/film\/for-sama\"><strong>For Sama<\/strong><\/a><br \/>\nUK\/US\/SY, 2019, 95 min, Arabic with English subtitles<br \/>\n+ Q&amp;A with film subject Afraa Hashem<\/p>\n<p><strong>21:30 Film + Q&amp;A<\/strong><br \/>\n<a href=\"https:\/\/crossroads-festival.org\/de\/film\/to-the-four-winds\"><strong>To the Four Winds<\/strong><\/a><br \/>\nFR, 2018, 101 min, French with English subtitles<\/p>\n<p><strong>Zwischen den Filmen und Veranstaltungen: Filmbeisl im Saloon<\/strong><br \/>\nRaum zum Unterhalten \u00fcber die Filme in gem\u00fctlicher Atmosph\u00e4re (Saloon, 1. Stock)<\/p>\n<hr \/>\n<h3><a name=\"so0311\"><\/a><strong>Sonntag 03.11. &#8211; Solidarit\u00e4t statt Festung Europa&nbsp; + Abschlussfilme<br \/>\n<\/strong><\/h3>\n<p><strong>TIPP: 10:00-14:00 Konferenz f\u00fcr Aktivist*innen und Refugee Supporter*innen<br \/>\n<a href=\"http:\/\/nordwind.commons.at\/fortress-europe\/\" target=\"_blank\" rel=\"noopener noreferrer\">Fortress Europe: Borders closed \u2013 and now what?<\/a><br \/>\n<\/strong>Von Seebr\u00fccke Graz<strong><br \/>\n<\/strong><\/p>\n<p><strong>18:00-20:00 Film + Q&amp;A<\/strong><br \/>\n<a href=\"https:\/\/crossroads-festival.org\/de\/film\/push\"><strong>PUSH<\/strong><\/a><br \/>\nSE, 2019, 92 min, English OV<br \/>\n+ Q&amp;A with film subject Leilani Farha<\/p>\n<p><strong>20:30 Film + Gespr\u00e4ch<\/strong><br \/>\n<a href=\"https:\/\/crossroads-festival.org\/de\/film\/but-beautiful\"><strong>BUT BEAUTIFUL<\/strong><\/a><br \/>\nAT, 2019, 116 min, Deutsch<br \/>\n+ Gespr\u00e4ch mit Filmemacher Erwin Wagenhofer (We Feed The World, Let\u00b4s Make Money, Alphabet), Leonie Groihofer (System Change, not Climate Change) und Nina Vobruba und Christian Loy (Cambium &#8211; Leben in Gemeinschaft)<\/p>\n<p><strong>Zwischen den Filmen und Veranstaltungen: Filmbeisl im Saloon<\/strong><br \/>\nRaum zum Unterhalten \u00fcber die Filme in gem\u00fctlicher Atmosph\u00e4re (Saloon, 1. Stock)<\/p>\n<hr \/>\n<div class='printomatic pom-default ' id='id612'  data-print_target='article'><\/div>\n<p><\/p>\n<div class=\"shariff shariff-align-flex-start shariff-widget-align-flex-start\"><ul class=\"shariff-buttons theme-default orientation-horizontal buttonsize-medium\"><li class=\"shariff-button facebook shariff-nocustomcolor\" style=\"background-color:#4273c8\"><a href=\"https:\/\/www.facebook.com\/sharer\/sharer.php?u=https%3A%2F%2Fcrossroads-festival.org%2Fen%2Fprogram2019\" title=\"Share on Facebook\" aria-label=\"Share on Facebook\" role=\"button\" rel=\"nofollow\" class=\"shariff-link\" style=\"; background-color:#3b5998; color:#fff\" target=\"_blank\"><span class=\"shariff-icon\" style=\"\"><svg width=\"32px\" height=\"20px\" xmlns=\"http:\/\/www.w3.org\/2000\/svg\" viewBox=\"0 0 18 32\"><path fill=\"#3b5998\" d=\"M17.1 0.2v4.7h-2.8q-1.5 0-2.1 0.6t-0.5 1.9v3.4h5.2l-0.7 5.3h-4.5v13.6h-5.5v-13.6h-4.5v-5.3h4.5v-3.9q0-3.3 1.9-5.2t5-1.8q2.6 0 4.1 0.2z\"\/><\/svg><\/span><span class=\"shariff-text\">share<\/span>&nbsp;<\/a><\/li><li class=\"shariff-button mailto shariff-nocustomcolor\" style=\"background-color:#a8a8a8\"><a href=\"mailto:?body=https%3A%2F%2Fcrossroads-festival.org%2Fen%2Fprogram2019&subject=Program%202019\" title=\"Send by email\" aria-label=\"Send by email\" role=\"button\" rel=\"noopener nofollow\" class=\"shariff-link\" style=\"; background-color:#999; color:#fff\"><span class=\"shariff-icon\" style=\"\"><svg width=\"32px\" height=\"20px\" xmlns=\"http:\/\/www.w3.org\/2000\/svg\" viewBox=\"0 0 32 32\"><path fill=\"#999\" d=\"M32 12.7v14.2q0 1.2-0.8 2t-2 0.9h-26.3q-1.2 0-2-0.9t-0.8-2v-14.2q0.8 0.9 1.8 1.6 6.5 4.4 8.9 6.1 1 0.8 1.6 1.2t1.7 0.9 2 0.4h0.1q0.9 0 2-0.4t1.7-0.9 1.6-1.2q3-2.2 8.9-6.1 1-0.7 1.8-1.6zM32 7.4q0 1.4-0.9 2.7t-2.2 2.2q-6.7 4.7-8.4 5.8-0.2 0.1-0.7 0.5t-1 0.7-0.9 0.6-1.1 0.5-0.9 0.2h-0.1q-0.4 0-0.9-0.2t-1.1-0.5-0.9-0.6-1-0.7-0.7-0.5q-1.6-1.1-4.7-3.2t-3.6-2.6q-1.1-0.7-2.1-2t-1-2.5q0-1.4 0.7-2.3t2.1-0.9h26.3q1.2 0 2 0.8t0.9 2z\"\/><\/svg><\/span><span class=\"shariff-text\">email<\/span>&nbsp;<\/a><\/li><\/ul><\/div>","protected":false},"excerpt":{"rendered":"<p>PROGRAMM-\u00dcBERSICHT 2019 *Alle Filmvorf\u00fchrungen und Podiumsgespr\u00e4che finden im Erdgeschoss statt. Der Saloon im ersten Stock wird f\u00fcr Workshops genutzt und steht ansonsten w\u00e4hrend des gesamten Festivals als offener Raum f\u00fcr Austausch, Vernetzung, zum gemeinsam T\u00e4tig-Sein oder Entspannen zur Verf\u00fcgung.* Donnerstag 24.10. Freitag 25.10. Samstag 26.10. Sonntag 27.10. Montag 28.10. Dienstag 29.10. Mittwoch 30.10. Donnerstag 31.10. &hellip; <a href=\"https:\/\/crossroads-festival.org\/en\/program2019\" class=\"more-link\">Continue reading <span class=\"screen-reader-text\">Program 2019<\/span> <span class=\"meta-nav\">&rarr;<\/span><\/a><\/p>\n","protected":false},"author":1,"featured_media":0,"parent":0,"menu_order":0,"comment_status":"open","ping_status":"open","template":"","meta":{"_acf_changed":false,"spay_email":"","footnotes":""},"class_list":["post-1727","page","type-page","status-publish","hentry"],"acf":[],"jetpack_shortlink":"https:\/\/wp.me\/P8yz7o-rR","_links":{"self":[{"href":"https:\/\/crossroads-festival.org\/en\/wp-json\/wp\/v2\/pages\/1727"}],"collection":[{"href":"https:\/\/crossroads-festival.org\/en\/wp-json\/wp\/v2\/pages"}],"about":[{"href":"https:\/\/crossroads-festival.org\/en\/wp-json\/wp\/v2\/types\/page"}],"author":[{"embeddable":true,"href":"https:\/\/crossroads-festival.org\/en\/wp-json\/wp\/v2\/users\/1"}],"replies":[{"embeddable":true,"href":"https:\/\/crossroads-festival.org\/en\/wp-json\/wp\/v2\/comments?post=1727"}],"version-history":[{"count":111,"href":"https:\/\/crossroads-festival.org\/en\/wp-json\/wp\/v2\/pages\/1727\/revisions"}],"predecessor-version":[{"id":2221,"href":"https:\/\/crossroads-festival.org\/en\/wp-json\/wp\/v2\/pages\/1727\/revisions\/2221"}],"wp:attachment":[{"href":"https:\/\/crossroads-festival.org\/en\/wp-json\/wp\/v2\/media?parent=1727"}],"curies":[{"name":"wp","href":"https:\/\/api.w.org\/{rel}","templated":true}]}}