{"id":1712,"date":"2019-09-03T18:12:33","date_gmt":"2019-09-03T18:12:33","guid":{"rendered":"https:\/\/crossroads-festival.org\/de\/?page_id=1712"},"modified":"2022-03-25T07:38:55","modified_gmt":"2022-03-25T07:38:55","slug":"bettenboerse","status":"publish","type":"page","link":"https:\/\/crossroads-festival.org\/en\/festival\/sleeping-exchange","title":{"rendered":"Sleeping exchange"},"content":{"rendered":"<p><\/p>\n<div class=\"wpforms-container wpforms-container-full\" id=\"wpforms-1711\"><form id=\"wpforms-form-1711\" class=\"wpforms-validate wpforms-form\" data-formid=\"1711\" method=\"post\" enctype=\"multipart\/form-data\" action=\"\/en\/wp-json\/wp\/v2\/pages\/1712\" data-token=\"b788497845a7cf488495138a43d3d190\"><div class=\"wpforms-head-container\"><div class=\"wpforms-title\">\u00dcbernachtungsb\u00f6rse<\/div><div class=\"wpforms-description\">Bietet oder sucht ihr f\u00fcr einzelne oder mehrere N\u00e4chte \u00dcbernachtungsm\u00f6glichkeiten in Graz?\r\nBitte f\u00fcllt das untenstehende Formular aus, und wir werden daf\u00fcr vermitteln.\r\nWir speichern eure Daten nur zu diesem Zweck und l\u00f6schen sie nach Ende des Festivals. Mit einem Stern (*) gekennzeichnete Felder sind Pflichtfelder.<\/div><\/div><noscript class=\"wpforms-error-noscript\">Please enable JavaScript in your browser to complete this form.<\/noscript><div class=\"wpforms-field-container\"><div id=\"wpforms-1711-field_5-container\" class=\"wpforms-field wpforms-field-radio\" data-field-id=\"5\"><label class=\"wpforms-field-label\" for=\"wpforms-1711-field_5\">Suche\/Biete <span class=\"wpforms-required-label\">*<\/span><\/label><ul id=\"wpforms-1711-field_5\" class=\"wpforms-field-required\"><li class=\"choice-1 depth-1\"><input type=\"radio\" id=\"wpforms-1711-field_5_1\" name=\"wpforms[fields][5]\" value=\"Suche \u00dcbernachtung\" required ><label class=\"wpforms-field-label-inline\" for=\"wpforms-1711-field_5_1\">Suche \u00dcbernachtung<\/label><\/li><li class=\"choice-2 depth-1\"><input type=\"radio\" id=\"wpforms-1711-field_5_2\" name=\"wpforms[fields][5]\" value=\"Biete \u00dcbernachtung\" required ><label class=\"wpforms-field-label-inline\" for=\"wpforms-1711-field_5_2\">Biete \u00dcbernachtung<\/label><\/li><\/ul><\/div><div id=\"wpforms-1711-field_6-container\" class=\"wpforms-field wpforms-field-text\" data-field-id=\"6\"><label class=\"wpforms-field-label\" for=\"wpforms-1711-field_6\">Anzahl der \u00dcbernachtungsm\u00f6glichkeiten bzw. Gruppen, die am selben Ort \u00fcbernachten wollen <span class=\"wpforms-required-label\">*<\/span><\/label><input type=\"text\" id=\"wpforms-1711-field_6\" class=\"wpforms-field-medium wpforms-field-required\" name=\"wpforms[fields][6]\" required><\/div><div id=\"wpforms-1711-field_7-container\" class=\"wpforms-field wpforms-field-checkbox\" data-field-id=\"7\"><label class=\"wpforms-field-label\" for=\"wpforms-1711-field_7\">An welchen Tagen? <span class=\"wpforms-required-label\">*<\/span><\/label><ul id=\"wpforms-1711-field_7\" class=\"wpforms-field-required\"><li class=\"choice-1 depth-1\"><input type=\"checkbox\" id=\"wpforms-1711-field_7_1\" name=\"wpforms[fields][7][]\" value=\"24.10.\" required ><label class=\"wpforms-field-label-inline\" for=\"wpforms-1711-field_7_1\">24.10.<\/label><\/li><li class=\"choice-2 depth-1\"><input type=\"checkbox\" id=\"wpforms-1711-field_7_2\" name=\"wpforms[fields][7][]\" value=\"25.10.\" required ><label class=\"wpforms-field-label-inline\" for=\"wpforms-1711-field_7_2\">25.10.<\/label><\/li><li class=\"choice-3 depth-1\"><input type=\"checkbox\" id=\"wpforms-1711-field_7_3\" name=\"wpforms[fields][7][]\" value=\"26.10.\" required ><label class=\"wpforms-field-label-inline\" for=\"wpforms-1711-field_7_3\">26.10.<\/label><\/li><li class=\"choice-11 depth-1\"><input type=\"checkbox\" id=\"wpforms-1711-field_7_11\" name=\"wpforms[fields][7][]\" value=\"27.10.\" required ><label class=\"wpforms-field-label-inline\" for=\"wpforms-1711-field_7_11\">27.10.<\/label><\/li><li class=\"choice-10 depth-1\"><input type=\"checkbox\" id=\"wpforms-1711-field_7_10\" name=\"wpforms[fields][7][]\" value=\"28.10.\" required ><label class=\"wpforms-field-label-inline\" for=\"wpforms-1711-field_7_10\">28.10.<\/label><\/li><li class=\"choice-9 depth-1\"><input type=\"checkbox\" id=\"wpforms-1711-field_7_9\" name=\"wpforms[fields][7][]\" value=\"29.10.\" required ><label class=\"wpforms-field-label-inline\" for=\"wpforms-1711-field_7_9\">29.10.<\/label><\/li><li class=\"choice-8 depth-1\"><input type=\"checkbox\" id=\"wpforms-1711-field_7_8\" name=\"wpforms[fields][7][]\" value=\"30.10.\" required ><label class=\"wpforms-field-label-inline\" for=\"wpforms-1711-field_7_8\">30.10.<\/label><\/li><li class=\"choice-7 depth-1\"><input type=\"checkbox\" id=\"wpforms-1711-field_7_7\" name=\"wpforms[fields][7][]\" value=\"31.10.\" required ><label class=\"wpforms-field-label-inline\" for=\"wpforms-1711-field_7_7\">31.10.<\/label><\/li><li class=\"choice-6 depth-1\"><input type=\"checkbox\" id=\"wpforms-1711-field_7_6\" name=\"wpforms[fields][7][]\" value=\"01.11.\" required ><label class=\"wpforms-field-label-inline\" for=\"wpforms-1711-field_7_6\">01.11.<\/label><\/li><li class=\"choice-5 depth-1\"><input type=\"checkbox\" id=\"wpforms-1711-field_7_5\" name=\"wpforms[fields][7][]\" value=\"02.11.\" required ><label class=\"wpforms-field-label-inline\" for=\"wpforms-1711-field_7_5\">02.11.<\/label><\/li><li class=\"choice-4 depth-1\"><input type=\"checkbox\" id=\"wpforms-1711-field_7_4\" name=\"wpforms[fields][7][]\" value=\"03.11.\" required ><label class=\"wpforms-field-label-inline\" for=\"wpforms-1711-field_7_4\">03.11.<\/label><\/li><\/ul><\/div><div id=\"wpforms-1711-field_0-container\" class=\"wpforms-field wpforms-field-name\" data-field-id=\"0\"><label class=\"wpforms-field-label\" for=\"wpforms-1711-field_0\">Dein Name <span class=\"wpforms-required-label\">*<\/span><\/label><input type=\"text\" id=\"wpforms-1711-field_0\" class=\"wpforms-field-medium wpforms-field-required\" name=\"wpforms[fields][0]\" required><\/div><div id=\"wpforms-1711-field_1-container\" class=\"wpforms-field wpforms-field-email\" data-field-id=\"1\"><label class=\"wpforms-field-label\" for=\"wpforms-1711-field_1\">Deine E-Mail-Adresse <span class=\"wpforms-required-label\">*<\/span><\/label><input type=\"email\" id=\"wpforms-1711-field_1\" class=\"wpforms-field-medium wpforms-field-required\" name=\"wpforms[fields][1]\" spellcheck=\"false\" required><\/div><div id=\"wpforms-1711-field_2-container\" class=\"wpforms-field wpforms-field-textarea\" data-field-id=\"2\"><label class=\"wpforms-field-label\" for=\"wpforms-1711-field_2\">Besonderheiten oder W\u00fcnsche<\/label><textarea id=\"wpforms-1711-field_2\" class=\"wpforms-field-medium\" name=\"wpforms[fields][2]\" ><\/textarea><\/div><\/div><!-- .wpforms-field-container --><div class=\"wpforms-field wpforms-field-hp\"><label for=\"wpforms-1711-field-hp\" class=\"wpforms-field-label\">Message<\/label><input type=\"text\" name=\"wpforms[hp]\" id=\"wpforms-1711-field-hp\" class=\"wpforms-field-medium\"><\/div><div class=\"wpforms-submit-container\" ><input type=\"hidden\" name=\"wpforms[id]\" value=\"1711\"><input type=\"hidden\" name=\"wpforms[author]\" value=\"1\"><button type=\"submit\" name=\"wpforms[submit]\" id=\"wpforms-submit-1711\" class=\"wpforms-submit\" data-alt-text=\"Senden...\" data-submit-text=\"Absenden\" aria-live=\"assertive\" value=\"wpforms-submit\">Absenden<\/button><\/div><\/form><\/div>  <!-- .wpforms-container -->\n<p><\/p>\n<div class=\"shariff shariff-align-flex-start shariff-widget-align-flex-start\"><ul class=\"shariff-buttons theme-default orientation-horizontal buttonsize-medium\"><li class=\"shariff-button facebook shariff-nocustomcolor\" style=\"background-color:#4273c8\"><a href=\"https:\/\/www.facebook.com\/sharer\/sharer.php?u=https%3A%2F%2Fcrossroads-festival.org%2Fen%2Ffestival%2Fsleeping-exchange\" title=\"Share on Facebook\" aria-label=\"Share on Facebook\" role=\"button\" rel=\"nofollow\" class=\"shariff-link\" style=\"; background-color:#3b5998; color:#fff\" target=\"_blank\"><span class=\"shariff-icon\" style=\"\"><svg width=\"32px\" height=\"20px\" xmlns=\"http:\/\/www.w3.org\/2000\/svg\" viewBox=\"0 0 18 32\"><path fill=\"#3b5998\" d=\"M17.1 0.2v4.7h-2.8q-1.5 0-2.1 0.6t-0.5 1.9v3.4h5.2l-0.7 5.3h-4.5v13.6h-5.5v-13.6h-4.5v-5.3h4.5v-3.9q0-3.3 1.9-5.2t5-1.8q2.6 0 4.1 0.2z\"\/><\/svg><\/span><span class=\"shariff-text\">share<\/span>&nbsp;<\/a><\/li><li class=\"shariff-button mailto shariff-nocustomcolor\" style=\"background-color:#a8a8a8\"><a href=\"mailto:?body=https%3A%2F%2Fcrossroads-festival.org%2Fen%2Ffestival%2Fsleeping-exchange&subject=Sleeping%20exchange\" title=\"Send by email\" aria-label=\"Send by email\" role=\"button\" rel=\"noopener nofollow\" class=\"shariff-link\" style=\"; background-color:#999; color:#fff\"><span class=\"shariff-icon\" style=\"\"><svg width=\"32px\" height=\"20px\" xmlns=\"http:\/\/www.w3.org\/2000\/svg\" viewBox=\"0 0 32 32\"><path fill=\"#999\" d=\"M32 12.7v14.2q0 1.2-0.8 2t-2 0.9h-26.3q-1.2 0-2-0.9t-0.8-2v-14.2q0.8 0.9 1.8 1.6 6.5 4.4 8.9 6.1 1 0.8 1.6 1.2t1.7 0.9 2 0.4h0.1q0.9 0 2-0.4t1.7-0.9 1.6-1.2q3-2.2 8.9-6.1 1-0.7 1.8-1.6zM32 7.4q0 1.4-0.9 2.7t-2.2 2.2q-6.7 4.7-8.4 5.8-0.2 0.1-0.7 0.5t-1 0.7-0.9 0.6-1.1 0.5-0.9 0.2h-0.1q-0.4 0-0.9-0.2t-1.1-0.5-0.9-0.6-1-0.7-0.7-0.5q-1.6-1.1-4.7-3.2t-3.6-2.6q-1.1-0.7-2.1-2t-1-2.5q0-1.4 0.7-2.3t2.1-0.9h26.3q1.2 0 2 0.8t0.9 2z\"\/><\/svg><\/span><span class=\"shariff-text\">email<\/span>&nbsp;<\/a><\/li><\/ul><\/div>","protected":false},"excerpt":{"rendered":"","protected":false},"author":1,"featured_media":0,"parent":28,"menu_order":0,"comment_status":"closed","ping_status":"closed","template":"","meta":{"_acf_changed":false,"spay_email":"","footnotes":""},"class_list":["post-1712","page","type-page","status-publish","hentry"],"acf":[],"jetpack_shortlink":"https:\/\/wp.me\/P8yz7o-rC","_links":{"self":[{"href":"https:\/\/crossroads-festival.org\/en\/wp-json\/wp\/v2\/pages\/1712"}],"collection":[{"href":"https:\/\/crossroads-festival.org\/en\/wp-json\/wp\/v2\/pages"}],"about":[{"href":"https:\/\/crossroads-festival.org\/en\/wp-json\/wp\/v2\/types\/page"}],"author":[{"embeddable":true,"href":"https:\/\/crossroads-festival.org\/en\/wp-json\/wp\/v2\/users\/1"}],"replies":[{"embeddable":true,"href":"https:\/\/crossroads-festival.org\/en\/wp-json\/wp\/v2\/comments?post=1712"}],"version-history":[{"count":7,"href":"https:\/\/crossroads-festival.org\/en\/wp-json\/wp\/v2\/pages\/1712\/revisions"}],"predecessor-version":[{"id":2253,"href":"https:\/\/crossroads-festival.org\/en\/wp-json\/wp\/v2\/pages\/1712\/revisions\/2253"}],"up":[{"embeddable":true,"href":"https:\/\/crossroads-festival.org\/en\/wp-json\/wp\/v2\/pages\/28"}],"wp:attachment":[{"href":"https:\/\/crossroads-festival.org\/en\/wp-json\/wp\/v2\/media?parent=1712"}],"curies":[{"name":"wp","href":"https:\/\/api.w.org\/{rel}","templated":true}]}}