{"id":1314,"date":"2018-08-26T09:49:35","date_gmt":"2018-08-26T09:49:35","guid":{"rendered":"https:\/\/crossroads-festival.org\/de\/programm\/ubersicht-2017-copy"},"modified":"2018-11-05T15:04:46","modified_gmt":"2018-11-05T15:04:46","slug":"ubersicht-2018","status":"publish","type":"page","link":"https:\/\/crossroads-festival.org\/en\/program\/overview2018","title":{"rendered":"Overview 2018"},"content":{"rendered":"<p><\/p>\n<div id=\"progheader\">\n<h2 id=\"head\"><strong>PROGRAM OVERVIEW 2018<br \/>\n<\/strong><\/h2>\n<div id=\"print\"><div class='printomatic pom-default ' id='id6259'  data-print_target='article'><\/div><\/div>\n<p><!--\n\n\n<div id=\"pdf\"><a href=\"\/wp-content\/uploads\/15_programm_A4.pdf\" target=\"_blank\"><img decoding=\"async\" src=\"\/wp-content\/uploads\/pdf.png\" alt=\"\" \/><\/a><\/div>\n\n\n--><\/p>\n<\/div>\n<hr \/>\n<p><em>*All film screenings, talks and discussions take place on the ground floor. The Saloon on the first floor is available as an open space for exchanging thoughts, networking and relaxation during the whole festival.* <\/em><\/p>\n<hr \/>\n<div id=\"dayoverview\" style=\"line-height: 1.8em;\">\n<div id=\"day\"><a href=\"#mi3110\">Wednesday Oct 31st<\/a><\/div>\n<div id=\"day\"><a href=\"#do0111\">Thursday Nov 1st<\/a><\/div>\n<div id=\"day\"><a href=\"#fr0211\">Friday Nov 2nd<\/a><\/div>\n<div id=\"day\"><a href=\"#sa0311\">Saturday Nov 3rd<\/a><\/div>\n<div id=\"day\"><a href=\"#so0411\">Sunday Nov 4th<\/a><\/div>\n<div id=\"day\"><a href=\"#mo0511\">Monday Nov 5th<\/a><\/div>\n<div id=\"day\"><a href=\"#di0611\">Tuesday Nov 6th<\/a><\/div>\n<div id=\"day\"><a href=\"#mi0711\">Wednesday Nov 7th<\/a><\/div>\n<div id=\"day\"><a href=\"#do0811\">Thursday Nov 8th<\/a><\/div>\n<div id=\"day\"><a href=\"#fr0911\">Friday Nov 9th<\/a><\/div>\n<div id=\"day\"><a href=\"#sa1011\">Saturday Nov 10th<\/a><\/div>\n<div id=\"day\"><a href=\"#so1111\">Sunday Nov 11th<\/a><\/div>\n<\/div>\n<hr \/>\n<h3><a name=\"mi3110\"><\/a><strong>Wednesday Oct 31st &#8211; Opening<br \/>\n<\/strong><\/h3>\n<p><strong>18:30 Opening film I \/ Austrian premiere!<\/strong><br \/>\n<a href=\"https:\/\/crossroads-festival.org\/en\/film\/earthrise\"><strong>Earthrise<\/strong><\/a><br \/>\nUS, 2018, 29 min, English OV<\/p>\n<p><strong>19:30 Opening film II + Q&amp;A \/ Austrian premiere! <\/strong><br \/>\n<a href=\"https:\/\/crossroads-festival.org\/en\/film\/metamorphosis\"><strong>Metamorphosis<\/strong><\/a><br \/>\nCA, 2018, 85 min, English OV<br \/>\n+ Q&amp;A with filmmakers Nova Ami and Velcrow Ripper (via videostream)<\/p>\n<p><strong>After and in between events: Filmbeisl at the Saloon (first floor)<\/strong><br \/>\nOpen space to hang out, talk about the films or relax<\/p>\n<hr \/>\n<h3><a name=\"do0111\"><\/a><strong>Thursday Nov 1st &#8211; Refugee Realities<\/strong><\/h3>\n<p><strong>13:00-14:30 Input + Exchange of thoughts and ideas<br \/>\n<a href=\"https:\/\/crossroads-festival.org\/en\/seebruecke-graz\">Seebr\u00fccke Graz<\/a><br \/>\n<a href=\"https:\/\/crossroads-festival.org\/en\/seebruecke-graz\">For an open Europe, Solidarity Cities and safe havens<\/a><br \/>\n<\/strong>With Brigitte Kratzwald, etc.<\/p>\n<p><strong>15:00 Film + Gespr\u00e4ch<\/strong><br \/>\n<a href=\"https:\/\/crossroads-festival.org\/en\/film\/greek-diary\"><strong>Greek Diary<\/strong><\/a><br \/>\nAT, 2018, 65 min, English and Arabic with German subtitles<br \/>\n+ Gespr\u00e4ch mit Regisseur Heinz Trenczak, den Protagonist*innen Wolfgang Feigl und Andreas Polegeg, Mazen Chama und Marion Bock (Graz: Spendenkonvoi)<\/p>\n<p><strong>17:00-19:00 Get-together + Sharing<\/strong><br \/>\n<strong><a href=\"https:\/\/crossroads-festival.org\/en\/miteinander-im-forum\"> Miteinander im Forum (Together at Forum)<\/a><br \/>\n<\/strong><\/p>\n<p><strong>19:00 Dinner for Everybody<br \/>\n<\/strong><\/p>\n<p><strong>20:00 Film + Gespr\u00e4ch<\/strong><br \/>\n<a href=\"https:\/\/crossroads-festival.org\/en\/film\/die-neuen-kinder-von-golzow\"><strong>The New Children of Golzow<\/strong><\/a><br \/>\nDE, 2017, 90 min, German, English and Arabic with German subtitles<br \/>\n+ Gespr\u00e4ch mit Protagonist Frank Sch\u00fctz (B\u00fcrgermeister von Golzow) (via Videostream), Doro Blancke (Gib mir deine Hand), Franziska Hartl (KAMA Graz), Franziska Gruber (Antirassistische Aktion Graz), u.a.<\/p>\n<p><strong>After and in between events: Filmbeisl at the Saloon (first floor)<\/strong><br \/>\nOpen space to hang out, talk about the films or relax<\/p>\n<p><strong>Recommendation: Exhibition at &lt; rotor &gt; center for contemporary art, Volksgartenstrasse 6a (until Nov 24th)<\/strong><br \/>\n<a href=\"http:\/\/rotor.mur.at\/con_GUERILLA02_eng.htm\"><strong>Guerrilla of Enlightenment<br \/>\nTHEY WON\u00b4T BEAR HIDING BEHIND WALLS AND FENCES<\/strong><\/a><br \/>\nMO\u2013FR 10am\u20136pm, SA 12pm\u20134pm, closed on Sundays and holidays<\/p>\n<hr \/>\n<h3><a name=\"fr0211\"><\/a><strong>Friday Nov 2nd &#8211; Earth Protectors<\/strong><\/h3>\n<p><strong>18:00 Film<br \/>\n<\/strong><a href=\"https:\/\/crossroads-festival.org\/en\/film\/jane\"><strong>Jane<\/strong><\/a><br \/>\nUS, 2017, 90 min, English OV with German subtitles<\/p>\n<p><strong>20:00 Film + Q&amp;A \/ Austrian premiere!<\/strong><br \/>\n<a href=\"https:\/\/crossroads-festival.org\/en\/film\/silas\"><strong>Silas<\/strong><\/a><br \/>\nCA\/ZA\/KE, 2017, 80 min, English OV<br \/>\n+ Q&amp;A with the film&#8217;s subject Silas Siakor (via videostream)<\/p>\n<p><strong>After and in between events: Filmbeisl at the Saloon (first floor)<\/strong><br \/>\nOpen space to hang out, talk about the films or relax<\/p>\n<hr \/>\n<h3><strong><a name=\"sa0311\"><\/a>Saturday Nov 3rd &#8211; Earth Protectors \/ Forests and Rivers<br \/>\n<\/strong><\/h3>\n<p><strong>18:00 Film + Q&amp;A \/ Austrian premiere!<\/strong><br \/>\n<a href=\"https:\/\/crossroads-festival.org\/en\/film\/the-guardians\"><strong>The Guardians<\/strong><\/a><br \/>\nUS, 2018, 70 min, Spanish with English subtitles, English<br \/>\n+ Q&amp;A with filmmaker Tessa Moran (via videostream)<\/p>\n<p><strong>20:30 Film + Gespr\u00e4ch <\/strong><br \/>\n<a href=\"https:\/\/crossroads-festival.org\/en\/film\/blue-heart\"><strong>Blue Heart<\/strong><\/a><br \/>\nUS, 2018, 42 min, OF mit deutschen Untertiteln<br \/>\n+ Gesp\u00e4ch mit Professor Steven Weiss (\u00d6kologe)<\/p>\n<p><strong>After and in between events: Filmbeisl at the Saloon (first floor)<\/strong><br \/>\nOpen space to hang out, talk about the films or relax<\/p>\n<hr \/>\n<h3><a name=\"so0411\"><\/a><strong>Sunday Nov 4th &#8211; Earth Protectors \/ Climate Justice<br \/>\n<\/strong><\/h3>\n<p><strong>18:00 Film + Gespr\u00e4ch \/ Austrian premiere!<\/strong><br \/>\n<a href=\"https:\/\/crossroads-festival.org\/en\/film\/anotes-ark\"><strong>Anote&#8217;s Ark<\/strong><\/a><br \/>\nCA, 2018, 77 min, English OV<br \/>\n+ Gespr\u00e4ch mit Aktivist*innen von System Change, not Climate Change<\/p>\n<p><strong>20:30 Film + Q&amp;A \/ Austrian premiere!<\/strong><br \/>\n<a href=\"https:\/\/crossroads-festival.org\/en\/film\/the-reluctant-radical\"><strong>The Reluctant Radical<\/strong><\/a><br \/>\nUS, 2018, 77 min, English OV<br \/>\n+ Q&amp;A with the film&#8217;s subject Ken Ward (via videostream)<\/p>\n<p><strong>After and in between events: Filmbeisl at the Saloon (first floor)<\/strong><br \/>\nOpen space to hang out, talk about the films or relax<\/p>\n<hr \/>\n<h3><a name=\"mo0511\"><\/a><strong>Monday Nov 5th &#8211; Earth Protectors \/ Sustainable Agriculture<br \/>\n<\/strong><\/h3>\n<p><strong>18:00 Film + Gespr\u00e4ch <\/strong><br \/>\n<a href=\"https:\/\/crossroads-festival.org\/en\/film\/das-wunder-von-mals\"><strong>Das Wunder von Mals<\/strong><\/a><br \/>\nIT, 2018, 84 min, Deutsche Originalfassung<br \/>\n+ Gespr\u00e4ch mit N.N.<\/p>\n<p><strong>20:30 Film + Q&amp;A \/ European premiere!<\/strong><br \/>\n<a href=\"https:\/\/crossroads-festival.org\/en\/film\/dirt-rich\"><strong>Dirt Rich<\/strong><\/a><br \/>\nUS, 2018, 88 min, English OV<br \/>\n+ Q&amp;A with Tbc<\/p>\n<p><strong>After and in between events: Filmbeisl at the Saloon (first floor)<\/strong><br \/>\nOpen space to hang out, talk about the films or relax<\/p>\n<hr \/>\n<h3><strong><a name=\"di0611\"><\/a>Tuesday Nov 6th &#8211; Earth Protectors \/ Oceans<br \/>\n<\/strong><\/h3>\n<p><strong>18:30 Film \/ Austrian premiere!<\/strong><br \/>\n<a href=\"https:\/\/crossroads-festival.org\/en\/film\/blue\"><strong>Blue<\/strong><\/a><br \/>\nAU, 2017, 70 min, English OV<\/p>\n<p><strong>20:30 Film + Q&amp;A \/ European premiere!<\/strong><br \/>\n<a href=\"https:\/\/crossroads-festival.org\/en\/film\/chasing-the-thunder\"><strong>Chasing The Thunder<\/strong><\/a><br \/>\nUS, 2018, 98 min, English OV<br \/>\n+ Q&amp;A with film subject captain Peter Hammarstedt of Sea Shepherd as well as Sandra Kollegger and Robert March (Sea Shepherd \u00d6sterreich)<\/p>\n<p><strong>After and in between events: Filmbeisl at the Saloon (first floor)<\/strong><br \/>\nOpen space to hang out, talk about the films or relax<\/p>\n<hr \/>\n<h3><a name=\"mi0711\"><\/a><strong>Wednesday Nov 7th &#8211; <\/strong><strong>Program Break<\/strong><\/h3>\n<p><strong>Today at Forum Stadtpark: 19:00 Gespr\u00e4ch<br \/>\nDebating Society #7: 100 Jahre Republik und die Revolution in \u00d6sterreich<\/strong><\/p>\n<hr \/>\n<h3><a name=\"do0811\"><\/a><strong>Thursday Nov 8th &#8211; Human-Animal Relations<br \/>\n<\/strong><\/h3>\n<p><strong>17:00 Film + Q&amp;A \/ Austrian premiere!<\/strong><br \/>\n<a href=\"https:\/\/crossroads-festival.org\/en\/film\/elephant-path\"><strong>Elephant Path &#8211; Njaia Njoku<\/strong><\/a><br \/>\nUS, 2018, 52 min, English and Sangho with English subtitles<br \/>\n+ Q&amp;A with film subject Andrea Turkalo (via videostream)<\/p>\n<p><strong>19:00 Film + Q&amp;A \/ Austrian premiere!<\/strong><br \/>\n<a href=\"https:\/\/crossroads-festival.org\/en\/film\/empathy\"><strong>Empathy<\/strong><\/a><br \/>\nES, 2017, 75 min, Spanish with English subtitles<br \/>\n+ Q&amp;A with film subject Jennifer Berengueras (via videostream)<\/p>\n<p><strong>21:00 Performance<\/strong><br \/>\n<strong>Spiegelreflex<\/strong><\/p>\n<p><strong>After and in between events: Filmbeisl at the Saloon (first floor)<\/strong><br \/>\nOpen space to hang out, talk about the films or relax<\/p>\n<hr \/>\n<h3><a name=\"fr0911\"><\/a><strong>Friday Nov 9th &#8211; Feminism in Action<\/strong><\/h3>\n<p><strong>15:00-18:00 Workshop (im 1. Stock)<br \/>\n<a href=\"https:\/\/crossroads-festival.org\/en\/empowerment-workshop\">Empowerment-Workshop<\/a><br \/>\n<\/strong>Hosted by queer Referate der \u00d6H Uni Graz, HTU Graz und Med \u00d6H Graz<\/p>\n<p>18:30 Film + Gespr\u00e4ch \/ Austrian premiere!<br \/>\n<a href=\"https:\/\/crossroads-festival.org\/en\/film\/boys-who-like-girls\"><strong>Boys Who Like Girls<\/strong><\/a><br \/>\nFI\/NO\/IN, 2018, 68 min, English OV<br \/>\n+ Gespr\u00e4ch mit Johanna Stadlbauer &amp; Josua Russmann (Verein f\u00fcr M\u00e4nner- und Geschlechterthemen Steiermark), u.a.<\/p>\n<p><strong>21:00 Film + Q&amp;A<\/strong><br \/>\n<a href=\"https:\/\/crossroads-festival.org\/de\/film\/silvana\"><strong>Silvana<\/strong><\/a><br \/>\nSE, 2017, 91 min, Schwedisch mit deutschen Untertiteln<br \/>\n+ Q&amp;A with the film&#8217;s subject Silvana Imam (via videostream)<\/p>\n<p><strong>After and in between events: Filmbeisl at the Saloon (first floor)<\/strong><br \/>\nOpen space to hang out, talk about the films or relax<\/p>\n<hr \/>\n<h3><a name=\"sa1011\"><\/a><strong>Saturady Nov 10th &#8211; Contested Democracy<br \/>\n<\/strong><\/h3>\n<p><strong>Ab 14:00 Workshop<br \/>\n<a href=\"https:\/\/crossroads-festival.org\/de\/radio-selber-machen\">Freie Meinung &#8211; Freie Medien. Radio selber machen! (Teil 1)<\/a><br \/>\n<\/strong>Von Radio Helsinki<\/p>\n<p><strong>14:00-17:00 Workshop<\/strong><br \/>\n<a href=\"https:\/\/crossroads-festival.org\/de\/future-games-for-democracy\"><strong>Future Games for Democracy!<\/strong><\/a><br \/>\n<a href=\"https:\/\/crossroads-festival.org\/de\/future-games-for-democracy\"><strong>Theaterlabor zu aktuellen Herausforderungen<\/strong><\/a><br \/>\nMit Silvia Gangl und Martin Vieregg (InterACT)<\/p>\n<p><strong>18:00 Film + Q&amp;A \/ Austrian premiere!<\/strong><br \/>\n<a href=\"https:\/\/crossroads-festival.org\/en\/film\/what-is-democracy\"><strong>What Is Democracy?<\/strong><\/a><br \/>\nCA, 2018, 107 min, English and Arabic, Spanish, Greek with English subtitles<br \/>\n+ Q&amp;A with filmmaker Astra Taylor (via videostream)<\/p>\n<p><strong>21:00 Film + Q&amp;A \/ \u00d6sterreichpremiere!<\/strong><br \/>\n<a href=\"https:\/\/crossroads-festival.org\/en\/film\/tuerkei-ringen-um-demokratie\"><strong>T\u00fcrkei &#8211; Ringen um Demokratie<\/strong><\/a><br \/>\nTR, 2017, 53 min, T\u00fcrkische OF mit deutschen Untertiteln<br \/>\n+ Q&amp;A with filmmaker Imre Azem (via videostream)<\/p>\n<p><strong>23:00 Club <\/strong><strong>(in the basement \/ Entry: 5 Euros or more)<\/strong><br \/>\n<strong><a href=\"https:\/\/www.facebook.com\/events\/320663528722428\/\">Dub der guten Hoffnung Graz #32 &#8211; Lion&#8217;s Den<\/a> <\/strong><\/p>\n<p><strong>In between events: Filmbeisl at the Saloon (first floor)<\/strong><br \/>\nOpen space to hang out, talk about the films or relax<\/p>\n<hr \/>\n<h3><a name=\"so1111\"><\/a><strong>Sunday Nov 11th &#8211; Contested Democracy<br \/>\n<\/strong><\/h3>\n<p><strong>Ab 10:00 Workshop im Radio Helsinki, Sch\u00f6naugasse 8<br \/>\n<a href=\"https:\/\/crossroads-festival.org\/de\/radio-selber-machen\">Freie Meinung &#8211; Freie Medien. Radio selber machen! (Teil 2)<\/a><br \/>\n<\/strong>Von Radio Helsinki<\/p>\n<p><strong>15:30-17:30 B\u00fcrger*innen-Konvent-Spiel<\/strong><br \/>\n<strong><a href=\"https:\/\/crossroads-festival.org\/de\/demokratie-ueben\">Demokratie \u00fcben<\/a><br \/>\n<\/strong>Moderation: Christian Kozina (Aktiv-Demokratie)<\/p>\n<p><strong>18:00 Film + Q&amp;A \/ European premiere!<\/strong><br \/>\n<a href=\"https:\/\/crossroads-festival.org\/en\/film\/keepers-of-the-future\"><strong>Keepers of the Future<\/strong><\/a><br \/>\nSV\/US\/CA, 2017, 24 min, Spanish with English subtitles<br \/>\n+ Q&amp;A with executive producer Karolo Aparicio (via videostream)<\/p>\n<p><strong>19:00 Dinner for Everybody<br \/>\n<\/strong><\/p>\n<p><strong>20:00 Closing Film<\/strong><br \/>\n<a href=\"https:\/\/crossroads-festival.org\/en\/film\/all-creatures-welcome\"><strong>All Creatures Welcome<\/strong><\/a><br \/>\nDE, 2018, 91 min, Deutsch \/ Englisch mit deutschen Untertiteln<\/p>\n<hr \/>\n<p><div class='printomatic pom-default ' id='id1095'  data-print_target='article'><\/div><\/p>\n<div class=\"shariff shariff-align-flex-start shariff-widget-align-flex-start\"><ul class=\"shariff-buttons theme-default orientation-horizontal buttonsize-medium\"><li class=\"shariff-button facebook shariff-nocustomcolor\" style=\"background-color:#4273c8\"><a href=\"https:\/\/www.facebook.com\/sharer\/sharer.php?u=https%3A%2F%2Fcrossroads-festival.org%2Fen%2Fprogram%2Foverview2018\" title=\"Share on Facebook\" aria-label=\"Share on Facebook\" role=\"button\" rel=\"nofollow\" class=\"shariff-link\" style=\"; background-color:#3b5998; color:#fff\" target=\"_blank\"><span class=\"shariff-icon\" style=\"\"><svg width=\"32px\" height=\"20px\" xmlns=\"http:\/\/www.w3.org\/2000\/svg\" viewBox=\"0 0 18 32\"><path fill=\"#3b5998\" d=\"M17.1 0.2v4.7h-2.8q-1.5 0-2.1 0.6t-0.5 1.9v3.4h5.2l-0.7 5.3h-4.5v13.6h-5.5v-13.6h-4.5v-5.3h4.5v-3.9q0-3.3 1.9-5.2t5-1.8q2.6 0 4.1 0.2z\"\/><\/svg><\/span><span class=\"shariff-text\">share<\/span>&nbsp;<\/a><\/li><li class=\"shariff-button mailto shariff-nocustomcolor\" style=\"background-color:#a8a8a8\"><a href=\"mailto:?body=https%3A%2F%2Fcrossroads-festival.org%2Fen%2Fprogram%2Foverview2018&subject=Overview%202018\" title=\"Send by email\" aria-label=\"Send by email\" role=\"button\" rel=\"noopener nofollow\" class=\"shariff-link\" style=\"; background-color:#999; color:#fff\"><span class=\"shariff-icon\" style=\"\"><svg width=\"32px\" height=\"20px\" xmlns=\"http:\/\/www.w3.org\/2000\/svg\" viewBox=\"0 0 32 32\"><path fill=\"#999\" d=\"M32 12.7v14.2q0 1.2-0.8 2t-2 0.9h-26.3q-1.2 0-2-0.9t-0.8-2v-14.2q0.8 0.9 1.8 1.6 6.5 4.4 8.9 6.1 1 0.8 1.6 1.2t1.7 0.9 2 0.4h0.1q0.9 0 2-0.4t1.7-0.9 1.6-1.2q3-2.2 8.9-6.1 1-0.7 1.8-1.6zM32 7.4q0 1.4-0.9 2.7t-2.2 2.2q-6.7 4.7-8.4 5.8-0.2 0.1-0.7 0.5t-1 0.7-0.9 0.6-1.1 0.5-0.9 0.2h-0.1q-0.4 0-0.9-0.2t-1.1-0.5-0.9-0.6-1-0.7-0.7-0.5q-1.6-1.1-4.7-3.2t-3.6-2.6q-1.1-0.7-2.1-2t-1-2.5q0-1.4 0.7-2.3t2.1-0.9h26.3q1.2 0 2 0.8t0.9 2z\"\/><\/svg><\/span><span class=\"shariff-text\">email<\/span>&nbsp;<\/a><\/li><\/ul><\/div>","protected":false},"excerpt":{"rendered":"<p>PROGRAM OVERVIEW 2018 *All film screenings, talks and discussions take place on the ground floor. The Saloon on the first floor is available as an open space for exchanging thoughts, networking and relaxation during the whole festival.* Wednesday Oct 31st Thursday Nov 1st Friday Nov 2nd Saturday Nov 3rd Sunday Nov 4th Monday Nov 5th &hellip; <a href=\"https:\/\/crossroads-festival.org\/en\/program\/overview2018\" class=\"more-link\">Continue reading <span class=\"screen-reader-text\">Overview 2018<\/span> <span class=\"meta-nav\">&rarr;<\/span><\/a><\/p>\n","protected":false},"author":1,"featured_media":0,"parent":43,"menu_order":0,"comment_status":"open","ping_status":"open","template":"","meta":{"_acf_changed":false,"spay_email":"","footnotes":""},"class_list":["post-1314","page","type-page","status-publish","hentry"],"acf":[],"jetpack_shortlink":"https:\/\/wp.me\/P8yz7o-lc","_links":{"self":[{"href":"https:\/\/crossroads-festival.org\/en\/wp-json\/wp\/v2\/pages\/1314"}],"collection":[{"href":"https:\/\/crossroads-festival.org\/en\/wp-json\/wp\/v2\/pages"}],"about":[{"href":"https:\/\/crossroads-festival.org\/en\/wp-json\/wp\/v2\/types\/page"}],"author":[{"embeddable":true,"href":"https:\/\/crossroads-festival.org\/en\/wp-json\/wp\/v2\/users\/1"}],"replies":[{"embeddable":true,"href":"https:\/\/crossroads-festival.org\/en\/wp-json\/wp\/v2\/comments?post=1314"}],"version-history":[{"count":104,"href":"https:\/\/crossroads-festival.org\/en\/wp-json\/wp\/v2\/pages\/1314\/revisions"}],"predecessor-version":[{"id":1633,"href":"https:\/\/crossroads-festival.org\/en\/wp-json\/wp\/v2\/pages\/1314\/revisions\/1633"}],"up":[{"embeddable":true,"href":"https:\/\/crossroads-festival.org\/en\/wp-json\/wp\/v2\/pages\/43"}],"wp:attachment":[{"href":"https:\/\/crossroads-festival.org\/en\/wp-json\/wp\/v2\/media?parent=1314"}],"curies":[{"name":"wp","href":"https:\/\/api.w.org\/{rel}","templated":true}]}}