{"id":806,"date":"2016-04-11T07:52:56","date_gmt":"2016-04-11T07:52:56","guid":{"rendered":"https:\/\/crossroads-festival.org\/en\/photosaudio\/audio-aufnahmen-2014-2-2"},"modified":"2016-04-16T07:56:17","modified_gmt":"2016-04-16T07:56:17","slug":"audio-aufnahmen-2014-2-2","status":"publish","type":"page","link":"https:\/\/crossroads-festival.org\/de\/fotosaudio\/audio2016","title":{"rendered":"Audio Aufnahmen 2016"},"content":{"rendered":"<p><strong>VON UNTEN im Gespr\u00e4ch<\/strong> Im Rahmen des Crossroads Festival fand am Freitag und Samstag ein Von Unten-Workshop statt: Journalismus und Aktivismus. Radiointerviews selber machen!<br \/>\n<script type=\"text\/javascript\">AudioPlayer.setup(\"https:\/\/crossroads-festival.org\/wp-content\/plugins\/simple-audio-player\/player\/player.swf\", { width: 290 });<\/script><p id=\"audioplayer_4523\"><audio controls><source src=\"http:\/\/cba.fro.at\/wp-content\/uploads\/vonuntendasnachrichtenmagazinaufradiohelsinki\/2016-04-11-1700-vu_1_preview.mp3\" type=\"audio\/mpeg\"><\/audio><\/p><p><script type=\"text\/javascript\">AudioPlayer.embed(\"audioplayer_4523\", {soundFile: \"http:\/\/cba.fro.at\/wp-content\/uploads\/vonuntendasnachrichtenmagazinaufradiohelsinki\/2016-04-11-1700-vu_1_preview.mp3\",  titles: \"VON UNTEN im Gespr\u00e4ch\", autostart: \"no\", loop: \"no\", animation: \"yes\", remaining: \"yes\", noinfo: \"no\", initialvolume: \"70\", buffer: \"5\", encode: \"no\", checkpolicy: \"no\", rtl: \"no\", width: \"300px\", transparentpagebg: \"no\", bg: \"E5E5E5\", leftbg: \"CCCCCC\", lefticon: \"333333\", voltrack: \"F2F2F2\", volslider: \"666666\", rightbg: \"B4B4B4\", rightbghover: \"999999\", righticon: \"333333\", righticonhover: \"FFFFFF\", loader: \"009900\", track: \"FFFFFF\", tracker: \"DDDDDD\", border: \"CCCCCC\", skip: \"666666\", text: \"333333\"});<\/script><\/p><\/p>\n<p>&nbsp;<\/p>\n<p><strong>Filmgespr\u00e4ch zu Can You Dig This<\/strong> Gespr\u00e4ch zum Film &#8222;Can you dig this&#8220; mit Brigitte Sch\u00f6pf (Niesenbergergarten) und Michael Flechl (Garden LAB Graz). Moderation: Josef Obermoser<br \/>\n<script type=\"text\/javascript\">AudioPlayer.setup(\"https:\/\/crossroads-festival.org\/wp-content\/plugins\/simple-audio-player\/player\/player.swf\", { width: 290 });<\/script><p id=\"audioplayer_4185\"><audio controls><source src=\"http:\/\/cba.fro.at\/wp-content\/uploads\/crossroads\/2.4.-gemeinschaftsgarten_preview.mp3\" type=\"audio\/mpeg\"><\/audio><\/p><p><script type=\"text\/javascript\">AudioPlayer.embed(\"audioplayer_4185\", {soundFile: \"http:\/\/cba.fro.at\/wp-content\/uploads\/crossroads\/2.4.-gemeinschaftsgarten_preview.mp3\",  titles: \"Filmgespr\u00e4ch zu Can You Dig This\", autostart: \"no\", loop: \"no\", animation: \"yes\", remaining: \"yes\", noinfo: \"no\", initialvolume: \"70\", buffer: \"5\", encode: \"no\", checkpolicy: \"no\", rtl: \"no\", width: \"300px\", transparentpagebg: \"no\", bg: \"E5E5E5\", leftbg: \"CCCCCC\", lefticon: \"333333\", voltrack: \"F2F2F2\", volslider: \"666666\", rightbg: \"B4B4B4\", rightbghover: \"999999\", righticon: \"333333\", righticonhover: \"FFFFFF\", loader: \"009900\", track: \"FFFFFF\", tracker: \"DDDDDD\", border: \"CCCCCC\", skip: \"666666\", text: \"333333\"});<\/script><\/p><\/p>\n<p>&nbsp;<\/p>\n<p><strong>Filmgespr\u00e4ch zu 10 Milliarden \u2013 Wie werden wir alle satt?<\/strong> Gespr\u00e4ch zum Film &#8222;10 Milliarden \u2013 Wie werden wir alle satt?&#8220; mit Sigrun Zwanzger (AGEZ), Ulli Klein (KLEINeFARM), Andreas Exner (Social Innovation Network). Moderation: Josef Obermoser<br \/>\n<script type=\"text\/javascript\">AudioPlayer.setup(\"https:\/\/crossroads-festival.org\/wp-content\/plugins\/simple-audio-player\/player\/player.swf\", { width: 290 });<\/script><p id=\"audioplayer_7331\"><audio controls><source src=\"http:\/\/cba.fro.at\/wp-content\/uploads\/crossroads\/crossroads-ernaehrungssouveraenitaet-2016_preview.mp3\" type=\"audio\/mpeg\"><\/audio><\/p><p><script type=\"text\/javascript\">AudioPlayer.embed(\"audioplayer_7331\", {soundFile: \"http:\/\/cba.fro.at\/wp-content\/uploads\/crossroads\/crossroads-ernaehrungssouveraenitaet-2016_preview.mp3\",  titles: \"Filmgespr\u00e4ch zu 10 Milliarden \u2013 Wie werden wir alle satt?\", autostart: \"no\", loop: \"no\", animation: \"yes\", remaining: \"yes\", noinfo: \"no\", initialvolume: \"70\", buffer: \"5\", encode: \"no\", checkpolicy: \"no\", rtl: \"no\", width: \"300px\", transparentpagebg: \"no\", bg: \"E5E5E5\", leftbg: \"CCCCCC\", lefticon: \"333333\", voltrack: \"F2F2F2\", volslider: \"666666\", rightbg: \"B4B4B4\", rightbghover: \"999999\", righticon: \"333333\", righticonhover: \"FFFFFF\", loader: \"009900\", track: \"FFFFFF\", tracker: \"DDDDDD\", border: \"CCCCCC\", skip: \"666666\", text: \"333333\"});<\/script><\/p><\/p>\n<p>&nbsp;<\/p>\n<p><strong>Filmgespr\u00e4ch zu Requiem for the American Dream<\/strong> Gespr\u00e4ch zum Film &#8222;Requiem for the American Dream&#8220; mit Leo K\u00fchberger (Historiker und Aktivist). Moderation: Josef Obermoser<br \/>\n<script type=\"text\/javascript\">AudioPlayer.setup(\"https:\/\/crossroads-festival.org\/wp-content\/plugins\/simple-audio-player\/player\/player.swf\", { width: 290 });<\/script><p id=\"audioplayer_6185\"><audio controls><source src=\"http:\/\/cba.fro.at\/wp-content\/uploads\/crossroads\/4.4.-kuehberger_preview.mp3\" type=\"audio\/mpeg\"><\/audio><\/p><p><script type=\"text\/javascript\">AudioPlayer.embed(\"audioplayer_6185\", {soundFile: \"http:\/\/cba.fro.at\/wp-content\/uploads\/crossroads\/4.4.-kuehberger_preview.mp3\",  titles: \"Filmgespr\u00e4ch zu Requiem for the American Dream\", autostart: \"no\", loop: \"no\", animation: \"yes\", remaining: \"yes\", noinfo: \"no\", initialvolume: \"70\", buffer: \"5\", encode: \"no\", checkpolicy: \"no\", rtl: \"no\", width: \"300px\", transparentpagebg: \"no\", bg: \"E5E5E5\", leftbg: \"CCCCCC\", lefticon: \"333333\", voltrack: \"F2F2F2\", volslider: \"666666\", rightbg: \"B4B4B4\", rightbghover: \"999999\", righticon: \"333333\", righticonhover: \"FFFFFF\", loader: \"009900\", track: \"FFFFFF\", tracker: \"DDDDDD\", border: \"CCCCCC\", skip: \"666666\", text: \"333333\"});<\/script><\/p><\/strong><\/p>\n<p>&nbsp;<\/p>\n<p><strong>radio%attac Beitrag<\/strong> Im ersten Teil der Sendung ist ein Gespr\u00e4ch zu h\u00f6ren, das unsere Kollegin Karin Schuster von Radio Helsinki in Graz mit Josef Obermoser, dem Initiator des Festivals, gef\u00fchrt hat.<br \/>\n<script type=\"text\/javascript\">AudioPlayer.setup(\"https:\/\/crossroads-festival.org\/wp-content\/plugins\/simple-audio-player\/player\/player.swf\", { width: 290 });<\/script><p id=\"audioplayer_3356\"><audio controls><source src=\"http:\/\/cba.fro.at\/wp-content\/uploads\/crossroads\/682_preview.mp3\" type=\"audio\/mpeg\"><\/audio><\/p><p><script type=\"text\/javascript\">AudioPlayer.embed(\"audioplayer_3356\", {soundFile: \"http:\/\/cba.fro.at\/wp-content\/uploads\/crossroads\/682_preview.mp3\",  titles: \"radio%attac Beitrag\", autostart: \"no\", loop: \"no\", animation: \"yes\", remaining: \"yes\", noinfo: \"no\", initialvolume: \"70\", buffer: \"5\", encode: \"no\", checkpolicy: \"no\", rtl: \"no\", width: \"300px\", transparentpagebg: \"no\", bg: \"E5E5E5\", leftbg: \"CCCCCC\", lefticon: \"333333\", voltrack: \"F2F2F2\", volslider: \"666666\", rightbg: \"B4B4B4\", rightbghover: \"999999\", righticon: \"333333\", righticonhover: \"FFFFFF\", loader: \"009900\", track: \"FFFFFF\", tracker: \"DDDDDD\", border: \"CCCCCC\", skip: \"666666\", text: \"333333\"});<\/script><\/p><\/p>\n<p>&nbsp;<\/p>\n<p>Die gesamte Sendereihe von Radio Helsinki findet sich (inkl. laufender Updates) auf&nbsp;<a href=\"http:\/\/cba.fro.at\/series\/crossroads?y=2016\" target=\"_blank\">http:\/\/cba.fro.at\/series\/crossroads?y=2016<\/a>.<\/p>\n<div class=\"shariff shariff-align-flex-start shariff-widget-align-flex-start\"><ul class=\"shariff-buttons theme-default orientation-horizontal buttonsize-medium\"><li class=\"shariff-button facebook shariff-nocustomcolor\" style=\"background-color:#4273c8\"><a href=\"https:\/\/www.facebook.com\/sharer\/sharer.php?u=https%3A%2F%2Fcrossroads-festival.org%2Fde%2Ffotosaudio%2Faudio2016\" title=\"Share on Facebook\" aria-label=\"Share on Facebook\" role=\"button\" rel=\"nofollow\" class=\"shariff-link\" style=\"; background-color:#3b5998; color:#fff\" target=\"_blank\"><span class=\"shariff-icon\" style=\"\"><svg width=\"32px\" height=\"20px\" xmlns=\"http:\/\/www.w3.org\/2000\/svg\" viewBox=\"0 0 18 32\"><path fill=\"#3b5998\" d=\"M17.1 0.2v4.7h-2.8q-1.5 0-2.1 0.6t-0.5 1.9v3.4h5.2l-0.7 5.3h-4.5v13.6h-5.5v-13.6h-4.5v-5.3h4.5v-3.9q0-3.3 1.9-5.2t5-1.8q2.6 0 4.1 0.2z\"\/><\/svg><\/span><span class=\"shariff-text\">share<\/span>&nbsp;<\/a><\/li><li class=\"shariff-button mailto shariff-nocustomcolor\" style=\"background-color:#a8a8a8\"><a href=\"mailto:?body=https%3A%2F%2Fcrossroads-festival.org%2Fde%2Ffotosaudio%2Faudio2016&subject=Audio%20Aufnahmen%202016\" title=\"Send by email\" aria-label=\"Send by email\" role=\"button\" rel=\"noopener nofollow\" class=\"shariff-link\" style=\"; background-color:#999; color:#fff\"><span class=\"shariff-icon\" style=\"\"><svg width=\"32px\" height=\"20px\" xmlns=\"http:\/\/www.w3.org\/2000\/svg\" viewBox=\"0 0 32 32\"><path fill=\"#999\" d=\"M32 12.7v14.2q0 1.2-0.8 2t-2 0.9h-26.3q-1.2 0-2-0.9t-0.8-2v-14.2q0.8 0.9 1.8 1.6 6.5 4.4 8.9 6.1 1 0.8 1.6 1.2t1.7 0.9 2 0.4h0.1q0.9 0 2-0.4t1.7-0.9 1.6-1.2q3-2.2 8.9-6.1 1-0.7 1.8-1.6zM32 7.4q0 1.4-0.9 2.7t-2.2 2.2q-6.7 4.7-8.4 5.8-0.2 0.1-0.7 0.5t-1 0.7-0.9 0.6-1.1 0.5-0.9 0.2h-0.1q-0.4 0-0.9-0.2t-1.1-0.5-0.9-0.6-1-0.7-0.7-0.5q-1.6-1.1-4.7-3.2t-3.6-2.6q-1.1-0.7-2.1-2t-1-2.5q0-1.4 0.7-2.3t2.1-0.9h26.3q1.2 0 2 0.8t0.9 2z\"\/><\/svg><\/span><span class=\"shariff-text\">email<\/span>&nbsp;<\/a><\/li><\/ul><\/div>","protected":false},"excerpt":{"rendered":"<p>VON UNTEN im Gespr\u00e4ch Im Rahmen des Crossroads Festival fand am Freitag und Samstag ein Von Unten-Workshop statt: Journalismus und Aktivismus. Radiointerviews selber machen! &nbsp; Filmgespr\u00e4ch zu Can You Dig This Gespr\u00e4ch zum Film &#8222;Can you dig this&#8220; mit Brigitte Sch\u00f6pf (Niesenbergergarten) und Michael Flechl (Garden LAB Graz). Moderation: Josef Obermoser &nbsp; Filmgespr\u00e4ch zu 10 &hellip; <a href=\"https:\/\/crossroads-festival.org\/de\/fotosaudio\/audio2016\" class=\"more-link\"><span class=\"screen-reader-text\">Audio Aufnahmen 2016<\/span> weiterlesen <span class=\"meta-nav\">&rarr;<\/span><\/a><\/p>\n","protected":false},"author":1,"featured_media":0,"parent":45,"menu_order":0,"comment_status":"open","ping_status":"open","template":"","meta":{"_acf_changed":false,"spay_email":"","footnotes":""},"class_list":["post-806","page","type-page","status-publish","hentry"],"acf":[],"jetpack_shortlink":"https:\/\/wp.me\/P8yz7o-d0","_links":{"self":[{"href":"https:\/\/crossroads-festival.org\/de\/wp-json\/wp\/v2\/pages\/806"}],"collection":[{"href":"https:\/\/crossroads-festival.org\/de\/wp-json\/wp\/v2\/pages"}],"about":[{"href":"https:\/\/crossroads-festival.org\/de\/wp-json\/wp\/v2\/types\/page"}],"author":[{"embeddable":true,"href":"https:\/\/crossroads-festival.org\/de\/wp-json\/wp\/v2\/users\/1"}],"replies":[{"embeddable":true,"href":"https:\/\/crossroads-festival.org\/de\/wp-json\/wp\/v2\/comments?post=806"}],"version-history":[{"count":5,"href":"https:\/\/crossroads-festival.org\/de\/wp-json\/wp\/v2\/pages\/806\/revisions"}],"predecessor-version":[{"id":813,"href":"https:\/\/crossroads-festival.org\/de\/wp-json\/wp\/v2\/pages\/806\/revisions\/813"}],"up":[{"embeddable":true,"href":"https:\/\/crossroads-festival.org\/de\/wp-json\/wp\/v2\/pages\/45"}],"wp:attachment":[{"href":"https:\/\/crossroads-festival.org\/de\/wp-json\/wp\/v2\/media?parent=806"}],"curies":[{"name":"wp","href":"https:\/\/api.w.org\/{rel}","templated":true}]}}