{"id":765,"date":"2016-03-30T10:48:15","date_gmt":"2016-03-30T10:48:15","guid":{"rendered":"https:\/\/crossroads-festival.org\/de\/?page_id=765"},"modified":"2016-04-03T22:14:31","modified_gmt":"2016-04-03T22:14:31","slug":"forum-im-forum","status":"publish","type":"page","link":"https:\/\/crossroads-festival.org\/de\/programm\/forum-im-forum","title":{"rendered":"FORUM im FORUM"},"content":{"rendered":"<p><img decoding=\"async\" src=\"https:\/\/crossroads-festival.org\/wp-content\/uploads\/Forum_im_Forum_001_web.jpg\" alt=\"\" \/><\/p>\n<p><strong>FORUM IM FORUM AT CROSSROADS<\/strong><\/p>\n<p><em>[deutsche Version siehe unten]<\/em><\/p>\n<p>a day like a documentary: with archaic and contemporary media we commonly create a space where people can meet and communicate.<\/p>\n<p>playing together, eating together, the talking circle meets smartphones, film and social networks.<\/p>\n<p>inspired by the refugee protest camp at paulustor\/stadtpark in 2015, forum im forum is an open space at rathaus der herzen taking place once a month (every 1st thursday) dealing with the question \u201ehow do we want to live together?\u201c.<\/p>\n<p>the circle is open for everybody. each voice is equally heard. our common cause: peacefully living together.<\/p>\n<p><strong>PROGRAM:<\/strong><\/p>\n<p>15:00 it\u00b4s play time at forumwiese \/ platz der menschenrechte (soccer, etc)<\/p>\n<p>medium: game<br \/>\nage of the medium: ancient<br \/>\nmeans of communication: body<\/p>\n<p>17:00 forum im forum &#8211; &#8222;how do we want to live together?&#8220;<br \/>\ngetting to know eachother, starting with:<br \/>\n&#8211; what\u00b4s my name? what\u00b4s its meaning?<br \/>\n&#8211; which role do digital media play in the life of a refugee?<\/p>\n<p>medium: talking circle<br \/>\nage of the medium: a bit younger<br \/>\nmeans of communication: language<\/p>\n<p>followed by \u201emobile stories\u201c: refugees share their experiences by showing personal photos on their smartphones.<\/p>\n<p>medium: smartphone<br \/>\nage of the medium: very young<br \/>\nmeans of communication: digital<\/p>\n<p>19:00 forumk\u00fcche &#8211; dinner time<br \/>\n(vegan\/vegetarian)<\/p>\n<p>medium: sitting together<br \/>\nage of the medium: probably the oldest<br \/>\nmeans of communication: closeness<\/p>\n<p>20:30 cinema<\/p>\n<p>Salam Neighbor<br \/>\nUS, 2015, 75 min; OV with English subtitles; Directed by: Chris Temple, Zach Ingrasci &#8211; Austrian premiere!<br \/>\nhttps:\/\/crossroads-festival.org\/en\/film\/salam-neighbor<\/p>\n<p>medium: film<br \/>\nage of the medium: quite young<br \/>\nmeans of communication: digital as well by now<\/p>\n<p><strong>* free entry! donations very welcome! *<\/strong><\/p>\n<p><em>the program was curated together with our friends from iraq, syria, tunisia, etc.<\/em><\/p>\n<p>&#8212;<\/p>\n<p><strong>FORUM IM FORUM BEI CROSSROADS<\/strong><br \/>\n&nbsp;<br \/>\nein tag wie ein dokumentarfilm: archaische und moderne medien schaffen wegkreuzungen, an denen sich menschen begegnen k\u00f6nnen und austausch \u00fcber individuell erfahrene wirklichkeiten m\u00f6glich wird.<br \/>\n&nbsp;<br \/>\ngemeinsam spielen, gemeinsames essen, der redekreis trifft auf smartphones, film und social networks.<br \/>\n&nbsp;<br \/>\nangesto\u00dfen durch das protest camp von refugees beim paulustor im grazer stadtpark, besch\u00e4ftigt sich das forum im forum als offene gespr\u00e4chsplattform im rahmen des rathaus der herzen einmal im monat mit der frage &#8222;wie wollen wir zusammen leben?&#8220;<br \/>\n&nbsp;<br \/>\nder kreis ist allen offen. jede stimme ist gleich g\u00fcltig. die gemeinsame absicht: ein friedliches zusammenleben. daf\u00fcr nehmen wir uns die notwendige zeit. &nbsp;<\/p>\n<p><strong>PROGRAMM:<\/strong><\/p>\n<p>15:00 einladung zum spielen auf der forumwiese beim platz der menschenrechte (fu\u00dfball und anderes)<br \/>\n&nbsp;<br \/>\nmedium: spiel<br \/>\nalter des mediums: uralt<br \/>\nkommunikationsmittel: k\u00f6rper<br \/>\n&nbsp;<br \/>\n&nbsp;<br \/>\n17:00 forum im forum &#8211; &#8222;wie wollen wir zusammen leben?&#8220; mit folgenden einladungen:<br \/>\n&nbsp;&#8211; was ist mein name, welche bedeutung hat dieser?<br \/>\n&nbsp;&#8211; welche rolle spielen digitale medien in der lebensrealit\u00e4t flucht?<br \/>\n&nbsp;<br \/>\nmedium: redekreis<br \/>\nalter des mediums: etwas j\u00fcnger<br \/>\nkommunikationsmittel: sprache<\/p>\n<p>anschlie\u00dfend \u201emobile stories\u201c: refugees berichten anhand der pers\u00f6nlichen aufnahmen auf ihren smartphones von den erfahrungen der flucht bzw. ihrem leben in der heimat davor.<br \/>\n&nbsp;<br \/>\nmedium: smartphone<br \/>\nalter: sehr jung<br \/>\nkommunikationsmittel: digital<br \/>\n&nbsp;<br \/>\n&nbsp;<br \/>\n19:00 forumk\u00fcche &#8211; gemeinsam gekochtes wird gemeinsam gegessen&nbsp; (vegan\/vegetarisch)<br \/>\n&nbsp;<br \/>\nmedium: zusammen sitzen<br \/>\nalter des mediums: wahrscheinlich am \u00e4ltesten<br \/>\nkommunikationsmittel: n\u00e4he<\/p>\n<p>20:30 kino<\/p>\n<p>Salam Neighbor<br \/>\nUS, 2015, 75 min; OV with English subtitles; Directed by: Chris Temple, Zach Ingrasci &#8211; Austrian premiere!<br \/>\nhttps:\/\/crossroads-festival.org\/en\/film\/salam-neighbor<\/p>\n<p>medium: film<br \/>\nalter des mediums: ziemlich jung<br \/>\nkommunikationsmittel: auch schon digital<\/p>\n<p><strong>* eintritt frei! freiwillige unkostenbeitr\u00e4ge sehr willkommen! *<\/strong><\/p>\n<p><em>Das Programm wurde gemeinsam mit befreundeten Refugees kuratiert.<br \/>\n<\/em><\/p>\n<div class=\"shariff shariff-align-flex-start shariff-widget-align-flex-start\"><ul class=\"shariff-buttons theme-default orientation-horizontal buttonsize-medium\"><li class=\"shariff-button facebook shariff-nocustomcolor\" style=\"background-color:#4273c8\"><a href=\"https:\/\/www.facebook.com\/sharer\/sharer.php?u=https%3A%2F%2Fcrossroads-festival.org%2Fde%2Fprogramm%2Fforum-im-forum\" title=\"Share on Facebook\" aria-label=\"Share on Facebook\" role=\"button\" rel=\"nofollow\" class=\"shariff-link\" style=\"; background-color:#3b5998; color:#fff\" target=\"_blank\"><span class=\"shariff-icon\" style=\"\"><svg width=\"32px\" height=\"20px\" xmlns=\"http:\/\/www.w3.org\/2000\/svg\" viewBox=\"0 0 18 32\"><path fill=\"#3b5998\" d=\"M17.1 0.2v4.7h-2.8q-1.5 0-2.1 0.6t-0.5 1.9v3.4h5.2l-0.7 5.3h-4.5v13.6h-5.5v-13.6h-4.5v-5.3h4.5v-3.9q0-3.3 1.9-5.2t5-1.8q2.6 0 4.1 0.2z\"\/><\/svg><\/span><span class=\"shariff-text\">share<\/span>&nbsp;<\/a><\/li><li class=\"shariff-button mailto shariff-nocustomcolor\" style=\"background-color:#a8a8a8\"><a href=\"mailto:?body=https%3A%2F%2Fcrossroads-festival.org%2Fde%2Fprogramm%2Fforum-im-forum&subject=FORUM%20im%20FORUM\" title=\"Send by email\" aria-label=\"Send by email\" role=\"button\" rel=\"noopener nofollow\" class=\"shariff-link\" style=\"; background-color:#999; color:#fff\"><span class=\"shariff-icon\" style=\"\"><svg width=\"32px\" height=\"20px\" xmlns=\"http:\/\/www.w3.org\/2000\/svg\" viewBox=\"0 0 32 32\"><path fill=\"#999\" d=\"M32 12.7v14.2q0 1.2-0.8 2t-2 0.9h-26.3q-1.2 0-2-0.9t-0.8-2v-14.2q0.8 0.9 1.8 1.6 6.5 4.4 8.9 6.1 1 0.8 1.6 1.2t1.7 0.9 2 0.4h0.1q0.9 0 2-0.4t1.7-0.9 1.6-1.2q3-2.2 8.9-6.1 1-0.7 1.8-1.6zM32 7.4q0 1.4-0.9 2.7t-2.2 2.2q-6.7 4.7-8.4 5.8-0.2 0.1-0.7 0.5t-1 0.7-0.9 0.6-1.1 0.5-0.9 0.2h-0.1q-0.4 0-0.9-0.2t-1.1-0.5-0.9-0.6-1-0.7-0.7-0.5q-1.6-1.1-4.7-3.2t-3.6-2.6q-1.1-0.7-2.1-2t-1-2.5q0-1.4 0.7-2.3t2.1-0.9h26.3q1.2 0 2 0.8t0.9 2z\"\/><\/svg><\/span><span class=\"shariff-text\">email<\/span>&nbsp;<\/a><\/li><\/ul><\/div>","protected":false},"excerpt":{"rendered":"<p>FORUM IM FORUM AT CROSSROADS [deutsche Version siehe unten] a day like a documentary: with archaic and contemporary media we commonly create a space where people can meet and communicate. playing together, eating together, the talking circle meets smartphones, film and social networks. inspired by the refugee protest camp at paulustor\/stadtpark in 2015, forum im &hellip; <a href=\"https:\/\/crossroads-festival.org\/de\/programm\/forum-im-forum\" class=\"more-link\"><span class=\"screen-reader-text\">FORUM im FORUM<\/span> weiterlesen <span class=\"meta-nav\">&rarr;<\/span><\/a><\/p>\n","protected":false},"author":1,"featured_media":0,"parent":43,"menu_order":0,"comment_status":"closed","ping_status":"closed","template":"","meta":{"_acf_changed":false,"spay_email":"","footnotes":""},"class_list":["post-765","page","type-page","status-publish","hentry"],"acf":[],"jetpack_shortlink":"https:\/\/wp.me\/P8yz7o-cl","_links":{"self":[{"href":"https:\/\/crossroads-festival.org\/de\/wp-json\/wp\/v2\/pages\/765"}],"collection":[{"href":"https:\/\/crossroads-festival.org\/de\/wp-json\/wp\/v2\/pages"}],"about":[{"href":"https:\/\/crossroads-festival.org\/de\/wp-json\/wp\/v2\/types\/page"}],"author":[{"embeddable":true,"href":"https:\/\/crossroads-festival.org\/de\/wp-json\/wp\/v2\/users\/1"}],"replies":[{"embeddable":true,"href":"https:\/\/crossroads-festival.org\/de\/wp-json\/wp\/v2\/comments?post=765"}],"version-history":[{"count":9,"href":"https:\/\/crossroads-festival.org\/de\/wp-json\/wp\/v2\/pages\/765\/revisions"}],"predecessor-version":[{"id":785,"href":"https:\/\/crossroads-festival.org\/de\/wp-json\/wp\/v2\/pages\/765\/revisions\/785"}],"up":[{"embeddable":true,"href":"https:\/\/crossroads-festival.org\/de\/wp-json\/wp\/v2\/pages\/43"}],"wp:attachment":[{"href":"https:\/\/crossroads-festival.org\/de\/wp-json\/wp\/v2\/media?parent=765"}],"curies":[{"name":"wp","href":"https:\/\/api.w.org\/{rel}","templated":true}]}}