{"id":740,"date":"2016-03-20T14:01:07","date_gmt":"2016-03-20T14:01:07","guid":{"rendered":"https:\/\/crossroads-festival.org\/de\/?page_id=740"},"modified":"2016-03-22T15:42:02","modified_gmt":"2016-03-22T15:42:02","slug":"ende-gelaende","status":"publish","type":"page","link":"https:\/\/crossroads-festival.org\/de\/programm\/ende-gelaende","title":{"rendered":"Ende Gel\u00e4nde!"},"content":{"rendered":"<p><img decoding=\"async\" src=\"https:\/\/crossroads-festival.org\/wp-content\/uploads\/Ende_web.jpg\" alt=\"\" \/><\/p>\n<p><strong>Ende Gel\u00e4nde!<\/strong><br \/>\n<strong> Ziviler Ungehorsam gegen den Klimakollaps<\/strong><\/p>\n<p>Ende Gel\u00e4nde ist ein B\u00fcndnis, das angesichts der sich versch\u00e4rfenden Klimakrise Massenaktionen zivilen Ungehorsames gegen den Abbau der enorm klimasch\u00e4dlichen Braunkohle organisiert. Im August 2015 brachten rund 1500 Menschen im Zuge der ersten, h\u00f6chst erfolgreichen und inspirierenden Aktion Teile eines Braunkohle-Tagebaus im Rheinland zum Stillstand.<\/p>\n<p>Die n\u00e4chste gro\u00dfe Aktion wird vom 13. bis 16. Mai 2016 in der Lausitz (zwischen Dresden und Berlin) stattfinden. Menschen aus den verschiedensten L\u00e4ndern werden teilnehmen. Es lohnt sich bereits fr\u00fcher anzureisen, denn vom 9. bis 16.5. findet ein Klimacamp statt &#8211; mit vielen spannenden Workshops, Diskussionen, Exkursionen und der M\u00f6glichkeit zur transnationalen Vernetzung. Es wird auch ein Bus organisiert, der von Wien abf\u00e4hrt. Au\u00dferdem werden einige Menschen mit dem Fahrrad anreisen.<\/p>\n<p>Die Ende-Gel\u00e4nde-Aktion ist so gestaltet, dass jede*r mitmachen kann. Erfahrung mit \u00e4hnlichen Aktionen ist nicht notwendig. Alles was du zum Teilnehmen brauchst, lernst du auf dem Camp.<strong><br \/>\n<\/strong><br \/>\nEnde Gel\u00e4nde ist Teil von &#8222;Break Free 2016&#8220;, einer globalen Aktionswelle, im Zuge derer zum ersten Mal in der Geschichte auf beinahe allen Kontinenten gleichzeitig massenhaft ziviler Ungehorsam gegen die Zerst\u00f6rung unserer Lebensgrundlagen durch die gro\u00dfen \u00d6l-, Kohle und Gaskonzerne und die Regierungen, die diese unterst\u00fctzen, geleistet wird. Break Free wird von einem enorm breiten B\u00fcndnis getragen das von 350.org \u00fcber Greenpeace bis zur Interventionistischen Linken reicht.<\/p>\n<p>Bei dieser Info-Veranstaltung erf\u00e4hrst du alles \u00fcber Ende Gel\u00e4nde, wie die Aktion abl\u00e4uft, wie mensch mitmachen kann, \u00fcber die rechtlichen Rahmenbedingungen und die M\u00f6glichkeiten zur gemeinsamen Anreise.<\/p>\n<p>Wenn du nicht zur Veranstaltung kommen kannst, schreib an anmeldung@systemchange-not-climatechange.at um Infos zu erhalten.<\/p>\n<p>Video von 2015:<\/p>\n<p><span class=\"embed-youtube\" style=\"text-align:center; display: block;\"><iframe loading=\"lazy\" class=\"youtube-player\" width=\"604\" height=\"340\" src=\"https:\/\/www.youtube.com\/embed\/pvg47_38XYg?version=3&#038;rel=1&#038;showsearch=0&#038;showinfo=1&#038;iv_load_policy=1&#038;fs=1&#038;hl=de-DE&#038;autohide=2&#038;wmode=transparent\" allowfullscreen=\"true\" style=\"border:0;\" sandbox=\"allow-scripts allow-same-origin allow-popups allow-presentation\"><\/iframe><\/span><\/p>\n<p>Mehr Info unter:<br \/>\n<a href=\"http:\/\/www.ende-gelaende.org\/de\/\">http:\/\/www.ende-gelaende.org\/de\/<br \/>\n<\/a><a href=\"http:\/\/www.lausitzcamp.info\">http:\/\/www.lausitzcamp.info<\/a><br \/>\n<a href=\"http:\/\/breakfree2016.org\">http:\/\/breakfree2016.org<\/a><strong><br \/>\n<\/strong><\/p>\n<div class=\"shariff shariff-align-flex-start shariff-widget-align-flex-start\"><ul class=\"shariff-buttons theme-default orientation-horizontal buttonsize-medium\"><li class=\"shariff-button facebook shariff-nocustomcolor\" style=\"background-color:#4273c8\"><a href=\"https:\/\/www.facebook.com\/sharer\/sharer.php?u=https%3A%2F%2Fcrossroads-festival.org%2Fde%2Fprogramm%2Fende-gelaende\" title=\"Share on Facebook\" aria-label=\"Share on Facebook\" role=\"button\" rel=\"nofollow\" class=\"shariff-link\" style=\"; background-color:#3b5998; color:#fff\" target=\"_blank\"><span class=\"shariff-icon\" style=\"\"><svg width=\"32px\" height=\"20px\" xmlns=\"http:\/\/www.w3.org\/2000\/svg\" viewBox=\"0 0 18 32\"><path fill=\"#3b5998\" d=\"M17.1 0.2v4.7h-2.8q-1.5 0-2.1 0.6t-0.5 1.9v3.4h5.2l-0.7 5.3h-4.5v13.6h-5.5v-13.6h-4.5v-5.3h4.5v-3.9q0-3.3 1.9-5.2t5-1.8q2.6 0 4.1 0.2z\"\/><\/svg><\/span><span class=\"shariff-text\">share<\/span>&nbsp;<\/a><\/li><li class=\"shariff-button mailto shariff-nocustomcolor\" style=\"background-color:#a8a8a8\"><a href=\"mailto:?body=https%3A%2F%2Fcrossroads-festival.org%2Fde%2Fprogramm%2Fende-gelaende&subject=Ende%20Gel%C3%A4nde%21\" title=\"Send by email\" aria-label=\"Send by email\" role=\"button\" rel=\"noopener nofollow\" class=\"shariff-link\" style=\"; background-color:#999; color:#fff\"><span class=\"shariff-icon\" style=\"\"><svg width=\"32px\" height=\"20px\" xmlns=\"http:\/\/www.w3.org\/2000\/svg\" viewBox=\"0 0 32 32\"><path fill=\"#999\" d=\"M32 12.7v14.2q0 1.2-0.8 2t-2 0.9h-26.3q-1.2 0-2-0.9t-0.8-2v-14.2q0.8 0.9 1.8 1.6 6.5 4.4 8.9 6.1 1 0.8 1.6 1.2t1.7 0.9 2 0.4h0.1q0.9 0 2-0.4t1.7-0.9 1.6-1.2q3-2.2 8.9-6.1 1-0.7 1.8-1.6zM32 7.4q0 1.4-0.9 2.7t-2.2 2.2q-6.7 4.7-8.4 5.8-0.2 0.1-0.7 0.5t-1 0.7-0.9 0.6-1.1 0.5-0.9 0.2h-0.1q-0.4 0-0.9-0.2t-1.1-0.5-0.9-0.6-1-0.7-0.7-0.5q-1.6-1.1-4.7-3.2t-3.6-2.6q-1.1-0.7-2.1-2t-1-2.5q0-1.4 0.7-2.3t2.1-0.9h26.3q1.2 0 2 0.8t0.9 2z\"\/><\/svg><\/span><span class=\"shariff-text\">email<\/span>&nbsp;<\/a><\/li><\/ul><\/div>","protected":false},"excerpt":{"rendered":"<p>Ende Gel\u00e4nde! Ziviler Ungehorsam gegen den Klimakollaps Ende Gel\u00e4nde ist ein B\u00fcndnis, das angesichts der sich versch\u00e4rfenden Klimakrise Massenaktionen zivilen Ungehorsames gegen den Abbau der enorm klimasch\u00e4dlichen Braunkohle organisiert. Im August 2015 brachten rund 1500 Menschen im Zuge der ersten, h\u00f6chst erfolgreichen und inspirierenden Aktion Teile eines Braunkohle-Tagebaus im Rheinland zum Stillstand. Die n\u00e4chste gro\u00dfe &hellip; <a href=\"https:\/\/crossroads-festival.org\/de\/programm\/ende-gelaende\" class=\"more-link\"><span class=\"screen-reader-text\">Ende Gel\u00e4nde!<\/span> weiterlesen <span class=\"meta-nav\">&rarr;<\/span><\/a><\/p>\n","protected":false},"author":1,"featured_media":0,"parent":43,"menu_order":0,"comment_status":"closed","ping_status":"closed","template":"","meta":{"_acf_changed":false,"spay_email":"","footnotes":""},"class_list":["post-740","page","type-page","status-publish","hentry"],"acf":[],"jetpack_shortlink":"https:\/\/wp.me\/P8yz7o-bW","_links":{"self":[{"href":"https:\/\/crossroads-festival.org\/de\/wp-json\/wp\/v2\/pages\/740"}],"collection":[{"href":"https:\/\/crossroads-festival.org\/de\/wp-json\/wp\/v2\/pages"}],"about":[{"href":"https:\/\/crossroads-festival.org\/de\/wp-json\/wp\/v2\/types\/page"}],"author":[{"embeddable":true,"href":"https:\/\/crossroads-festival.org\/de\/wp-json\/wp\/v2\/users\/1"}],"replies":[{"embeddable":true,"href":"https:\/\/crossroads-festival.org\/de\/wp-json\/wp\/v2\/comments?post=740"}],"version-history":[{"count":4,"href":"https:\/\/crossroads-festival.org\/de\/wp-json\/wp\/v2\/pages\/740\/revisions"}],"predecessor-version":[{"id":760,"href":"https:\/\/crossroads-festival.org\/de\/wp-json\/wp\/v2\/pages\/740\/revisions\/760"}],"up":[{"embeddable":true,"href":"https:\/\/crossroads-festival.org\/de\/wp-json\/wp\/v2\/pages\/43"}],"wp:attachment":[{"href":"https:\/\/crossroads-festival.org\/de\/wp-json\/wp\/v2\/media?parent=740"}],"curies":[{"name":"wp","href":"https:\/\/api.w.org\/{rel}","templated":true}]}}