{"id":699,"date":"2016-03-11T14:28:25","date_gmt":"2016-03-11T14:28:25","guid":{"rendered":"http:\/\/crossroads-festival.org\/de\/?page_id=699"},"modified":"2016-03-14T12:44:22","modified_gmt":"2016-03-14T12:44:22","slug":"urban-gardening-leicht-gemacht","status":"publish","type":"page","link":"https:\/\/crossroads-festival.org\/de\/programm\/urban-gardening-leicht-gemacht","title":{"rendered":"Urban Gardening leicht gemacht"},"content":{"rendered":"<p><img decoding=\"async\" src=\"http:\/\/crossroads-festival.org\/wp-content\/uploads\/Can_You_Dig_This_Ron_web.jpg\" alt=\"\" \/><\/p>\n<p><strong>Urban Gardening leicht gemacht &#8211; Basics f\u00fcr Balkon und Garten<\/strong><\/p>\n<p>*Kurze Einf\u00fchrung zu Urban Gardening, Balkong\u00e4rtnern, Saatgut- und Erdauswahl, Aussaat- und Pflanzzeitpunkte, Saattiefen und -abst\u00e4nde, etc<\/p>\n<p>*Praktischer Teil: gemeinsames S\u00e4en von diversem Gem\u00fcse und Kr\u00e4utern und gemeinsames Setzen von Jungpflanzen (Salate, Kohlrabi, etc) in T\u00f6pfe, Balkonkisterl, etc.<\/p>\n<p>*Besichtigung des Gemeinschaftsgartens Allmende Leech und Feedbackrunde zum Abschluss<\/p>\n<p>Bitte wenn vorhanden gerne auch eigene Gef\u00e4\u00dfe, Erde, Saatgut und Jungpflanzen mitbringen.<\/p>\n<p>Keine Vorkenntnisse und keine Anmeldung n\u00f6tig! Everybody welcome!<\/p>\n<p>Hosted by: Michael Flechl (Garden LAB Graz)<\/p>\n<div class=\"shariff shariff-align-flex-start shariff-widget-align-flex-start\"><ul class=\"shariff-buttons theme-default orientation-horizontal buttonsize-medium\"><li class=\"shariff-button facebook shariff-nocustomcolor\" style=\"background-color:#4273c8\"><a href=\"https:\/\/www.facebook.com\/sharer\/sharer.php?u=https%3A%2F%2Fcrossroads-festival.org%2Fde%2Fprogramm%2Furban-gardening-leicht-gemacht\" title=\"Share on Facebook\" aria-label=\"Share on Facebook\" role=\"button\" rel=\"nofollow\" class=\"shariff-link\" style=\"; background-color:#3b5998; color:#fff\" target=\"_blank\"><span class=\"shariff-icon\" style=\"\"><svg width=\"32px\" height=\"20px\" xmlns=\"http:\/\/www.w3.org\/2000\/svg\" viewBox=\"0 0 18 32\"><path fill=\"#3b5998\" d=\"M17.1 0.2v4.7h-2.8q-1.5 0-2.1 0.6t-0.5 1.9v3.4h5.2l-0.7 5.3h-4.5v13.6h-5.5v-13.6h-4.5v-5.3h4.5v-3.9q0-3.3 1.9-5.2t5-1.8q2.6 0 4.1 0.2z\"\/><\/svg><\/span><span class=\"shariff-text\">share<\/span>&nbsp;<\/a><\/li><li class=\"shariff-button mailto shariff-nocustomcolor\" style=\"background-color:#a8a8a8\"><a href=\"mailto:?body=https%3A%2F%2Fcrossroads-festival.org%2Fde%2Fprogramm%2Furban-gardening-leicht-gemacht&subject=Urban%20Gardening%20leicht%20gemacht\" title=\"Send by email\" aria-label=\"Send by email\" role=\"button\" rel=\"noopener nofollow\" class=\"shariff-link\" style=\"; background-color:#999; color:#fff\"><span class=\"shariff-icon\" style=\"\"><svg width=\"32px\" height=\"20px\" xmlns=\"http:\/\/www.w3.org\/2000\/svg\" viewBox=\"0 0 32 32\"><path fill=\"#999\" d=\"M32 12.7v14.2q0 1.2-0.8 2t-2 0.9h-26.3q-1.2 0-2-0.9t-0.8-2v-14.2q0.8 0.9 1.8 1.6 6.5 4.4 8.9 6.1 1 0.8 1.6 1.2t1.7 0.9 2 0.4h0.1q0.9 0 2-0.4t1.7-0.9 1.6-1.2q3-2.2 8.9-6.1 1-0.7 1.8-1.6zM32 7.4q0 1.4-0.9 2.7t-2.2 2.2q-6.7 4.7-8.4 5.8-0.2 0.1-0.7 0.5t-1 0.7-0.9 0.6-1.1 0.5-0.9 0.2h-0.1q-0.4 0-0.9-0.2t-1.1-0.5-0.9-0.6-1-0.7-0.7-0.5q-1.6-1.1-4.7-3.2t-3.6-2.6q-1.1-0.7-2.1-2t-1-2.5q0-1.4 0.7-2.3t2.1-0.9h26.3q1.2 0 2 0.8t0.9 2z\"\/><\/svg><\/span><span class=\"shariff-text\">email<\/span>&nbsp;<\/a><\/li><\/ul><\/div>","protected":false},"excerpt":{"rendered":"<p>Urban Gardening leicht gemacht &#8211; Basics f\u00fcr Balkon und Garten *Kurze Einf\u00fchrung zu Urban Gardening, Balkong\u00e4rtnern, Saatgut- und Erdauswahl, Aussaat- und Pflanzzeitpunkte, Saattiefen und -abst\u00e4nde, etc *Praktischer Teil: gemeinsames S\u00e4en von diversem Gem\u00fcse und Kr\u00e4utern und gemeinsames Setzen von Jungpflanzen (Salate, Kohlrabi, etc) in T\u00f6pfe, Balkonkisterl, etc. *Besichtigung des Gemeinschaftsgartens Allmende Leech und Feedbackrunde zum &hellip; <a href=\"https:\/\/crossroads-festival.org\/de\/programm\/urban-gardening-leicht-gemacht\" class=\"more-link\"><span class=\"screen-reader-text\">Urban Gardening leicht gemacht<\/span> weiterlesen <span class=\"meta-nav\">&rarr;<\/span><\/a><\/p>\n","protected":false},"author":1,"featured_media":0,"parent":43,"menu_order":0,"comment_status":"closed","ping_status":"closed","template":"","meta":{"_acf_changed":false,"spay_email":"","footnotes":""},"class_list":["post-699","page","type-page","status-publish","hentry"],"acf":[],"jetpack_shortlink":"https:\/\/wp.me\/P8yz7o-bh","_links":{"self":[{"href":"https:\/\/crossroads-festival.org\/de\/wp-json\/wp\/v2\/pages\/699"}],"collection":[{"href":"https:\/\/crossroads-festival.org\/de\/wp-json\/wp\/v2\/pages"}],"about":[{"href":"https:\/\/crossroads-festival.org\/de\/wp-json\/wp\/v2\/types\/page"}],"author":[{"embeddable":true,"href":"https:\/\/crossroads-festival.org\/de\/wp-json\/wp\/v2\/users\/1"}],"replies":[{"embeddable":true,"href":"https:\/\/crossroads-festival.org\/de\/wp-json\/wp\/v2\/comments?post=699"}],"version-history":[{"count":2,"href":"https:\/\/crossroads-festival.org\/de\/wp-json\/wp\/v2\/pages\/699\/revisions"}],"predecessor-version":[{"id":714,"href":"https:\/\/crossroads-festival.org\/de\/wp-json\/wp\/v2\/pages\/699\/revisions\/714"}],"up":[{"embeddable":true,"href":"https:\/\/crossroads-festival.org\/de\/wp-json\/wp\/v2\/pages\/43"}],"wp:attachment":[{"href":"https:\/\/crossroads-festival.org\/de\/wp-json\/wp\/v2\/media?parent=699"}],"curies":[{"name":"wp","href":"https:\/\/api.w.org\/{rel}","templated":true}]}}