{"id":695,"date":"2016-03-11T13:56:08","date_gmt":"2016-03-11T13:56:08","guid":{"rendered":"http:\/\/crossroads-festival.org\/de\/?page_id=695"},"modified":"2016-03-13T18:32:37","modified_gmt":"2016-03-13T18:32:37","slug":"kapitalismus-aufbrechen","status":"publish","type":"page","link":"https:\/\/crossroads-festival.org\/de\/programm\/kapitalismus-aufbrechen","title":{"rendered":"Kapitalismus aufbrechen"},"content":{"rendered":"<p><img decoding=\"async\" src=\"http:\/\/crossroads-festival.org\/wp-content\/uploads\/capitalism_banner.jpg\" alt=\"\" \/><\/p>\n<p><strong>\u201eKapitalismus aufbrechen\u201c \u2013 Ein szenisch-theatralisches Versuchslabor von InterACT<\/strong><\/p>\n<p><em>\u201eAufbrechen. Wir wollen brechen. Eine andere Welt schaffen. Jetzt. Br\u00fcche sind Erkundungen einer Gegenpolitik der Menschenw\u00fcrde. Die Menschenw\u00fcrde ist ein leichtf\u00fc\u00dfiger Tanz. In der Zeit des T\u00e4tigseins leben wir schon jetzt die Welt, die noch nicht existiert.\u201c<\/em><\/p>\n<p>Ausgehend von wunderbar inspirierenden Textstellen aus dem Buch \u201eKapitalismus aufbrechen\u201c von John Holloway, wenden wir uns mit szenisch-theatralischen Verfahren dem&nbsp; immer wiederkehrenden Konflikt von verwertbarer Arbeit einerseits und konkretem, sinnvollen T\u00e4tigsein anderseits zu. Und wir loten aus, worin unsere individuellen und kollektiven&nbsp; Handlungsspielr\u00e4ume entstehen:<\/p>\n<p><em>Wie sind wir aktuell in unseren t\u00e4glichen Handlungen mit dem kapitalistischen System verstrickt?<\/em><br \/>\n<em>Wie k\u00f6nnen wir dem Kapitalismus die t\u00e4gliche Neuerschaffung verweigern? <\/em><br \/>\n<em>Wie k\u00f6nnen wir individuell wie im sozialen Zusammenleben alternative Praktiken entwickeln, die in Summe dazu f\u00fchren k\u00f6nnen, die kapitalistische Logik zu \u00fcberwinden?<\/em><\/p>\n<p>Werkzeuge des partizipativen Theaters &#8211; entwickelt aus der Tradition des \u201eTheaters der Unterdr\u00fcckten\u201c&nbsp; &#8211; regen zu kreativen Antworten auf diese Fragen an. Sie beziehen den K\u00f6rper, die Sinne und die Emotionen mit ein und schaffen einen Experimentierraum, in dem alternative Handlungen und Praxen auf die Probe gestellt werden k\u00f6nnen.<\/p>\n<p>Der Workshop richtet die Aufmerksamkeit auf den Alltag und unsere unmittelbaren Lebenswelten.<\/p>\n<p>Everybody welcome. Bitte bequeme Kleidung tragen.<\/p>\n<p>Hosted by: InterACT<\/p>\n<div class=\"shariff shariff-align-flex-start shariff-widget-align-flex-start\"><ul class=\"shariff-buttons theme-default orientation-horizontal buttonsize-medium\"><li class=\"shariff-button facebook shariff-nocustomcolor\" style=\"background-color:#4273c8\"><a href=\"https:\/\/www.facebook.com\/sharer\/sharer.php?u=https%3A%2F%2Fcrossroads-festival.org%2Fde%2Fprogramm%2Fkapitalismus-aufbrechen\" title=\"Share on Facebook\" aria-label=\"Share on Facebook\" role=\"button\" rel=\"nofollow\" class=\"shariff-link\" style=\"; background-color:#3b5998; color:#fff\" target=\"_blank\"><span class=\"shariff-icon\" style=\"\"><svg width=\"32px\" height=\"20px\" xmlns=\"http:\/\/www.w3.org\/2000\/svg\" viewBox=\"0 0 18 32\"><path fill=\"#3b5998\" d=\"M17.1 0.2v4.7h-2.8q-1.5 0-2.1 0.6t-0.5 1.9v3.4h5.2l-0.7 5.3h-4.5v13.6h-5.5v-13.6h-4.5v-5.3h4.5v-3.9q0-3.3 1.9-5.2t5-1.8q2.6 0 4.1 0.2z\"\/><\/svg><\/span><span class=\"shariff-text\">share<\/span>&nbsp;<\/a><\/li><li class=\"shariff-button mailto shariff-nocustomcolor\" style=\"background-color:#a8a8a8\"><a href=\"mailto:?body=https%3A%2F%2Fcrossroads-festival.org%2Fde%2Fprogramm%2Fkapitalismus-aufbrechen&subject=Kapitalismus%20aufbrechen\" title=\"Send by email\" aria-label=\"Send by email\" role=\"button\" rel=\"noopener nofollow\" class=\"shariff-link\" style=\"; background-color:#999; color:#fff\"><span class=\"shariff-icon\" style=\"\"><svg width=\"32px\" height=\"20px\" xmlns=\"http:\/\/www.w3.org\/2000\/svg\" viewBox=\"0 0 32 32\"><path fill=\"#999\" d=\"M32 12.7v14.2q0 1.2-0.8 2t-2 0.9h-26.3q-1.2 0-2-0.9t-0.8-2v-14.2q0.8 0.9 1.8 1.6 6.5 4.4 8.9 6.1 1 0.8 1.6 1.2t1.7 0.9 2 0.4h0.1q0.9 0 2-0.4t1.7-0.9 1.6-1.2q3-2.2 8.9-6.1 1-0.7 1.8-1.6zM32 7.4q0 1.4-0.9 2.7t-2.2 2.2q-6.7 4.7-8.4 5.8-0.2 0.1-0.7 0.5t-1 0.7-0.9 0.6-1.1 0.5-0.9 0.2h-0.1q-0.4 0-0.9-0.2t-1.1-0.5-0.9-0.6-1-0.7-0.7-0.5q-1.6-1.1-4.7-3.2t-3.6-2.6q-1.1-0.7-2.1-2t-1-2.5q0-1.4 0.7-2.3t2.1-0.9h26.3q1.2 0 2 0.8t0.9 2z\"\/><\/svg><\/span><span class=\"shariff-text\">email<\/span>&nbsp;<\/a><\/li><\/ul><\/div>","protected":false},"excerpt":{"rendered":"<p>\u201eKapitalismus aufbrechen\u201c \u2013 Ein szenisch-theatralisches Versuchslabor von InterACT \u201eAufbrechen. Wir wollen brechen. Eine andere Welt schaffen. Jetzt. Br\u00fcche sind Erkundungen einer Gegenpolitik der Menschenw\u00fcrde. Die Menschenw\u00fcrde ist ein leichtf\u00fc\u00dfiger Tanz. In der Zeit des T\u00e4tigseins leben wir schon jetzt die Welt, die noch nicht existiert.\u201c Ausgehend von wunderbar inspirierenden Textstellen aus dem Buch \u201eKapitalismus aufbrechen\u201c &hellip; <a href=\"https:\/\/crossroads-festival.org\/de\/programm\/kapitalismus-aufbrechen\" class=\"more-link\"><span class=\"screen-reader-text\">Kapitalismus aufbrechen<\/span> weiterlesen <span class=\"meta-nav\">&rarr;<\/span><\/a><\/p>\n","protected":false},"author":1,"featured_media":0,"parent":43,"menu_order":0,"comment_status":"closed","ping_status":"closed","template":"","meta":{"_acf_changed":false,"spay_email":"","footnotes":""},"class_list":["post-695","page","type-page","status-publish","hentry"],"acf":[],"jetpack_shortlink":"https:\/\/wp.me\/P8yz7o-bd","_links":{"self":[{"href":"https:\/\/crossroads-festival.org\/de\/wp-json\/wp\/v2\/pages\/695"}],"collection":[{"href":"https:\/\/crossroads-festival.org\/de\/wp-json\/wp\/v2\/pages"}],"about":[{"href":"https:\/\/crossroads-festival.org\/de\/wp-json\/wp\/v2\/types\/page"}],"author":[{"embeddable":true,"href":"https:\/\/crossroads-festival.org\/de\/wp-json\/wp\/v2\/users\/1"}],"replies":[{"embeddable":true,"href":"https:\/\/crossroads-festival.org\/de\/wp-json\/wp\/v2\/comments?post=695"}],"version-history":[{"count":4,"href":"https:\/\/crossroads-festival.org\/de\/wp-json\/wp\/v2\/pages\/695\/revisions"}],"predecessor-version":[{"id":711,"href":"https:\/\/crossroads-festival.org\/de\/wp-json\/wp\/v2\/pages\/695\/revisions\/711"}],"up":[{"embeddable":true,"href":"https:\/\/crossroads-festival.org\/de\/wp-json\/wp\/v2\/pages\/43"}],"wp:attachment":[{"href":"https:\/\/crossroads-festival.org\/de\/wp-json\/wp\/v2\/media?parent=695"}],"curies":[{"name":"wp","href":"https:\/\/api.w.org\/{rel}","templated":true}]}}