{"id":692,"date":"2016-03-11T13:45:55","date_gmt":"2016-03-11T13:45:55","guid":{"rendered":"http:\/\/crossroads-festival.org\/de\/?page_id=692"},"modified":"2016-03-14T12:46:35","modified_gmt":"2016-03-14T12:46:35","slug":"future-games-for-system-change","status":"publish","type":"page","link":"https:\/\/crossroads-festival.org\/de\/programm\/future-games-for-system-change","title":{"rendered":"Future Games for System Change"},"content":{"rendered":"<p><img decoding=\"async\" src=\"http:\/\/crossroads-festival.org\/wp-content\/uploads\/This_Changes_Everything_Sompeta_March_web.jpg\" alt=\"\" \/><\/p>\n<p><strong>Future Games for System Change \u2013 Theatrale Werkzeuge f\u00fcr den sozialen, \u00f6kologischen und politischen Wandel<\/strong><\/p>\n<p><em>Welche Welt stellen wir uns vor, wenn von SystemChange die Rede es? <\/em><br \/>\n<em>Welche Schritte f\u00fchren in die Ver\u00e4nderung des Systems? <\/em><br \/>\n<em>Mit welchen individuellen wie kollektiven Herausforderungen und Krisen ist der Weg zu deren Realisierung gepflastert? <\/em><br \/>\n<em>Was st\u00e4rkt uns dabei? <\/em><br \/>\n<em>Wie realisieren sich alternative gesellschaftliche und wirtschaftliche Konzepte im konkreten Lebens- und Arbeitsalltag?<\/em><\/p>\n<p>Werkzeuge des partizipativen Theaters &#8211; entwickelt aus der Tradition des \u201eTheaters der Unterdr\u00fcckten\u201c&nbsp; &#8211; regen zu kreativen Antworten auf diese Fragen an. Sie beziehen den K\u00f6rper, die Sinne und die Emotionen mit ein und schaffen einen Experimentierraum, in dem alternative Handlungen und Praxen auf die Probe gestellt werden k\u00f6nnen.<\/p>\n<p>Everybody welcome. Bitte bequeme Kleidung tragen.<\/p>\n<p>Hosted by: InterACT<\/p>\n<div class=\"shariff shariff-align-flex-start shariff-widget-align-flex-start\"><ul class=\"shariff-buttons theme-default orientation-horizontal buttonsize-medium\"><li class=\"shariff-button facebook shariff-nocustomcolor\" style=\"background-color:#4273c8\"><a href=\"https:\/\/www.facebook.com\/sharer\/sharer.php?u=https%3A%2F%2Fcrossroads-festival.org%2Fde%2Fprogramm%2Ffuture-games-for-system-change\" title=\"Share on Facebook\" aria-label=\"Share on Facebook\" role=\"button\" rel=\"nofollow\" class=\"shariff-link\" style=\"; background-color:#3b5998; color:#fff\" target=\"_blank\"><span class=\"shariff-icon\" style=\"\"><svg width=\"32px\" height=\"20px\" xmlns=\"http:\/\/www.w3.org\/2000\/svg\" viewBox=\"0 0 18 32\"><path fill=\"#3b5998\" d=\"M17.1 0.2v4.7h-2.8q-1.5 0-2.1 0.6t-0.5 1.9v3.4h5.2l-0.7 5.3h-4.5v13.6h-5.5v-13.6h-4.5v-5.3h4.5v-3.9q0-3.3 1.9-5.2t5-1.8q2.6 0 4.1 0.2z\"\/><\/svg><\/span><span class=\"shariff-text\">share<\/span>&nbsp;<\/a><\/li><li class=\"shariff-button mailto shariff-nocustomcolor\" style=\"background-color:#a8a8a8\"><a href=\"mailto:?body=https%3A%2F%2Fcrossroads-festival.org%2Fde%2Fprogramm%2Ffuture-games-for-system-change&subject=Future%20Games%20for%20System%20Change\" title=\"Send by email\" aria-label=\"Send by email\" role=\"button\" rel=\"noopener nofollow\" class=\"shariff-link\" style=\"; background-color:#999; color:#fff\"><span class=\"shariff-icon\" style=\"\"><svg width=\"32px\" height=\"20px\" xmlns=\"http:\/\/www.w3.org\/2000\/svg\" viewBox=\"0 0 32 32\"><path fill=\"#999\" d=\"M32 12.7v14.2q0 1.2-0.8 2t-2 0.9h-26.3q-1.2 0-2-0.9t-0.8-2v-14.2q0.8 0.9 1.8 1.6 6.5 4.4 8.9 6.1 1 0.8 1.6 1.2t1.7 0.9 2 0.4h0.1q0.9 0 2-0.4t1.7-0.9 1.6-1.2q3-2.2 8.9-6.1 1-0.7 1.8-1.6zM32 7.4q0 1.4-0.9 2.7t-2.2 2.2q-6.7 4.7-8.4 5.8-0.2 0.1-0.7 0.5t-1 0.7-0.9 0.6-1.1 0.5-0.9 0.2h-0.1q-0.4 0-0.9-0.2t-1.1-0.5-0.9-0.6-1-0.7-0.7-0.5q-1.6-1.1-4.7-3.2t-3.6-2.6q-1.1-0.7-2.1-2t-1-2.5q0-1.4 0.7-2.3t2.1-0.9h26.3q1.2 0 2 0.8t0.9 2z\"\/><\/svg><\/span><span class=\"shariff-text\">email<\/span>&nbsp;<\/a><\/li><\/ul><\/div>","protected":false},"excerpt":{"rendered":"<p>Future Games for System Change \u2013 Theatrale Werkzeuge f\u00fcr den sozialen, \u00f6kologischen und politischen Wandel Welche Welt stellen wir uns vor, wenn von SystemChange die Rede es? Welche Schritte f\u00fchren in die Ver\u00e4nderung des Systems? Mit welchen individuellen wie kollektiven Herausforderungen und Krisen ist der Weg zu deren Realisierung gepflastert? Was st\u00e4rkt uns dabei? Wie &hellip; <a href=\"https:\/\/crossroads-festival.org\/de\/programm\/future-games-for-system-change\" class=\"more-link\"><span class=\"screen-reader-text\">Future Games for System Change<\/span> weiterlesen <span class=\"meta-nav\">&rarr;<\/span><\/a><\/p>\n","protected":false},"author":1,"featured_media":0,"parent":43,"menu_order":0,"comment_status":"closed","ping_status":"closed","template":"","meta":{"_acf_changed":false,"spay_email":"","footnotes":""},"class_list":["post-692","page","type-page","status-publish","hentry"],"acf":[],"jetpack_shortlink":"https:\/\/wp.me\/P8yz7o-ba","_links":{"self":[{"href":"https:\/\/crossroads-festival.org\/de\/wp-json\/wp\/v2\/pages\/692"}],"collection":[{"href":"https:\/\/crossroads-festival.org\/de\/wp-json\/wp\/v2\/pages"}],"about":[{"href":"https:\/\/crossroads-festival.org\/de\/wp-json\/wp\/v2\/types\/page"}],"author":[{"embeddable":true,"href":"https:\/\/crossroads-festival.org\/de\/wp-json\/wp\/v2\/users\/1"}],"replies":[{"embeddable":true,"href":"https:\/\/crossroads-festival.org\/de\/wp-json\/wp\/v2\/comments?post=692"}],"version-history":[{"count":4,"href":"https:\/\/crossroads-festival.org\/de\/wp-json\/wp\/v2\/pages\/692\/revisions"}],"predecessor-version":[{"id":716,"href":"https:\/\/crossroads-festival.org\/de\/wp-json\/wp\/v2\/pages\/692\/revisions\/716"}],"up":[{"embeddable":true,"href":"https:\/\/crossroads-festival.org\/de\/wp-json\/wp\/v2\/pages\/43"}],"wp:attachment":[{"href":"https:\/\/crossroads-festival.org\/de\/wp-json\/wp\/v2\/media?parent=692"}],"curies":[{"name":"wp","href":"https:\/\/api.w.org\/{rel}","templated":true}]}}