{"id":542,"date":"2016-01-26T11:49:30","date_gmt":"2016-01-26T11:49:30","guid":{"rendered":"http:\/\/crossroads-festival.org\/de\/programm\/ubersicht-2015-2"},"modified":"2016-04-08T10:56:37","modified_gmt":"2016-04-08T10:56:37","slug":"ubersicht-2016","status":"publish","type":"page","link":"https:\/\/crossroads-festival.org\/de\/programm\/uebersicht2016","title":{"rendered":"\u00dcbersicht 2016"},"content":{"rendered":"<p><\/p>\n<div id=\"progheader\">\n<div id=\"head\"><strong>PROGRAMM-\u00dcBERSICHT 2016<br \/>\n<\/strong><\/div>\n<div id=\"print\"><div class='printomatic pom-default ' id='id3365'  data-print_target='article'><\/div><\/div>\n<p><!--\n\n\n<div id=\"pdf\"><a href=\"\/wp-content\/uploads\/15_programm_A4.pdf\" target=\"_blank\"><img decoding=\"async\" src=\"\/wp-content\/uploads\/pdf.png\" alt=\"\" \/><\/a><\/div>\n\n\n--><\/p>\n<\/div>\n<hr \/>\n<p><em>*Alle Filmvorf\u00fchrungen, Vortr\u00e4ge und Diskussionen finden im Erdgeschoss statt. Der Saloon im ersten Stock steht w\u00e4hrend des gesamten Festivals als offener Raum f\u00fcr Austausch, Vernetzung und zum gemeinsamen T\u00e4tig-Sein zur Verf\u00fcgung.* <\/em><\/p>\n<hr \/>\n<div id=\"dayoverview\">\n<div id=\"day\"><a href=\"#mi36\">Freitag 1.4.<\/a><\/div>\n<div id=\"day\"><a href=\"#do46\">Samstag 2.4.<\/a><\/div>\n<div id=\"day\"><a href=\"#fr56\">Sonntag 3.4.<\/a><\/div>\n<div id=\"day\"><a href=\"#sa66\">Montag 4.4.<\/a><\/div>\n<div id=\"daylast\"><a href=\"#so76\">Dienstag 5 .4.<\/a><\/div>\n<p>&nbsp;<\/p>\n<div id=\"day\"><a href=\"#mo86\">Mittwoch 6.4.<\/a><\/div>\n<div id=\"day\"><a href=\"#di96\">Donnerstag 7.4.<\/a><\/div>\n<div id=\"day\"><a href=\"#mi106\">Freitag 8.4.<\/a><\/div>\n<div id=\"day\"><a href=\"#do116\">Samstag 9.4.<\/a><\/div>\n<div id=\"daylast\"><a href=\"#fr126\">Sonntag 10.4.<\/a><\/div>\n<\/div>\n<hr \/>\n<p><a name=\"mi36\"><\/a><strong>Freitag 1.4. 2016 &#8211; Er\u00f6ffnung<br \/>\n<\/strong><\/p>\n<p><strong>18:30 Film \/ Austrian premiere!<\/strong><br \/>\n<strong><a href=\"https:\/\/crossroads-festival.org\/de\/film\/racing-extinction\">Racing Extinction<\/a><br \/>\n<\/strong>US, 2015, 90 min, English OV<strong><br \/>\n<\/strong><\/p>\n<p><strong>20:30 Film &amp; Q&amp;A \/ European premiere!<\/strong><br \/>\n<strong><a href=\"http:\/\/crossroads-festival.org\/de\/film\/reversing-the-mississippi\">Reversing the Mississippi<\/a><\/strong><br \/>\nUS, 2015, 52 min, English OV<br \/>\n+ Q&amp;A with filmmaker Ian Midgley \u2013 via Videostream<\/p>\n<p><strong>Im Anschluss: Filmbeisl im Saloon<\/strong><br \/>\nRaum zum Austausch und Vernetzen in gem\u00fctlicher Atmosph\u00e4re (Saloon, 1. Stock)<\/p>\n<hr \/>\n<p><a name=\"do46\"><\/a><strong>Samstag 2.4. &#8211; Solidarische Landwirtschaft &amp; Ern\u00e4hrungssouver\u00e4nit\u00e4t<br \/>\n<\/strong><\/p>\n<p><strong>10:30 Vernetzungstreffen<br \/>\nErn\u00e4hrungssouver\u00e4nit\u00e4t und Solidarische Landwirtschaft in der Steiermark<br \/>\n<\/strong>Menschen und Initiativen, die sich f\u00fcr eine zukunftsf\u00e4hige Landwirtschaft und f\u00fcr die demokratische Gestaltung unseres Ern\u00e4hrungssystems einsetzen, stellen sich vor und tauschen sich aus. Herzlich eingeladen sind auch alle, die noch nicht aktiv sind und die Initiativen kennenlernen m\u00f6chten!<br \/>\n&nbsp;<br \/>\n<strong>12:00 Gemeinsames Mittagessen<\/strong><br \/>\n<strong> Potluck<\/strong><br \/>\nJede_r bringt ein Gericht mit und alle genie\u00dfen die leckere Vielfalt. Bitte vegan, damit alle mitessen k\u00f6nnen.<\/p>\n<p><strong>13:00 Workshop<\/strong><br \/>\n<strong> <a href=\"http:\/\/crossroads-festival.org\/de\/programm\/urban-gardening-leicht-gemacht\">Urban Gardening leicht gemacht &#8211; Basics f\u00fcr Balkon und Garten<\/a><\/strong><br \/>\nMit Michael Flechl (Garden LAB Graz)<\/p>\n<p><strong>16:00 Film &amp; Gespr\u00e4ch<\/strong><br \/>\n<strong> <a href=\"http:\/\/crossroads-festival.org\/de\/film\/10-milliarden\">10 Milliarden &#8211; Wie werden wir alle satt?<\/a><\/strong><br \/>\nDE, 2015, 102 min, Deutsche Fassung<br \/>\n+ Gespr\u00e4ch mit Sigrun Zwanzger (AGEZ), Ulli Klein (KLEINeFARM), Andreas Exner (Social Innovation Network)<\/p>\n<p><strong>18:30 Film &amp; Gespr\u00e4ch \/ Austrian premiere!<\/strong><br \/>\n<strong> <a href=\"http:\/\/crossroads-festival.org\/de\/film\/another-way-with-vegetables\">Another way (with vegetables)<\/a><\/strong><br \/>\nBE, 2015, 67 min, OV with English subtitles<br \/>\n+ Gespr\u00e4ch mit Katrin Wankhammer (Bio-Fuchs)<\/p>\n<p><strong>20:00 Gemeinsames Abendessen<\/strong><\/p>\n<p><strong>21:00 Film &amp; Gespr\u00e4ch \/ European premiere!<\/strong><br \/>\n<strong> <a href=\"http:\/\/crossroads-festival.org\/de\/film\/can-you-dig-this\">Can You Dig This<\/a><\/strong><br \/>\nUS, 2015, 90min, English OV<br \/>\n+ Gespr\u00e4ch mit Brigitte Sch\u00f6pf (Niesenbergergarten) &amp; Michael Flechl (Garden LAB Graz)<\/p>\n<p><strong>Im Anschluss und zwischen den Screenings: Filmbeisl im Saloon<\/strong><br \/>\nRaum zum Unterhalten \u00fcber die Filme in gem\u00fctlicher Atmosph\u00e4re (Saloon, 1. Stock)<\/p>\n<hr \/>\n<p><a name=\"fr56\"><\/a><strong>Sonntag 3.4. &#8211; Programmfrei<br \/>\n<\/strong><\/p>\n<p>Wir empfehlen:<br \/>\n<strong>14:00 <\/strong><strong>Urbane Kr\u00e4uterwanderung<br \/>\nEssbare Fr\u00fchjahrskr\u00e4uter am Grazer Schlo\u00dfberg entdecken<\/strong><br \/>\nMit Michael Flechl (Botaniker). Treffpunkt: Karmeliterplatz.<br \/>\nInhalte: Bestimmung und Merkmale von Wildpflanzen (und giftigen Doppelg\u00e4nger*innen), Vorkommen und Verbreitung, Neophyten, Inhaltsstoffe und kulinarische Verwendung. Das Sammeln der Wildkr\u00e4uter steht dabei im Vordergrund. Bitte einen Korb oder einen Stoffsack mitnehmen. Die Wanderung findet bei jedem Wetter statt.<br \/>\nBitte um Anmeldung: michaelflechl@hotmail.de \/ Kosten: 20 Euro<\/p>\n<hr \/>\n<p><a name=\"sa66\"><\/a><strong>Monntag 4.4. &#8211; Kapitalismus &gt; Krise &gt; Gegenstrategien<\/strong><\/p>\n<p><strong>14:00-18:00 Workshop<\/strong><br \/>\n<strong> <a href=\"http:\/\/crossroads-festival.org\/de\/programm\/kapitalismus-aufbrechen\">\u201eKapitalismus aufbrechen\u201c \u2013 Ein szenisch-theatralisches Versuchslabor von InterACT<\/a><\/strong><\/p>\n<p><strong>18:30 Film &amp; Gespr\u00e4ch \/ Austrian premiere!<\/strong><br \/>\n<a href=\"http:\/\/crossroads-festival.org\/de\/film\/requiem-for-the-american-dream\"><strong>Requiem for the American Dream<\/strong> <\/a><br \/>\nUS, 2015, 72 min, English OV<br \/>\n+ Gespr\u00e4ch mit Leo K\u00fchberger (Historiker und Aktivist)<\/p>\n<p><strong>21:00 Film \/ Austrian premiere!<\/strong><br \/>\n<strong><a href=\"http:\/\/crossroads-festival.org\/de\/film\/the-divide\">The Divide<\/a><\/strong><br \/>\nUK, 2015, 74 min, English OV<\/p>\n<p><strong>Im Anschluss und zwischen den Screenings: Filmbeisl im Saloon<\/strong><br \/>\nRaum zum Unterhalten \u00fcber die Filme in gem\u00fctlicher Atmosph\u00e4re (Saloon, 1. Stock)<\/p>\n<hr \/>\n<p><a name=\"so76\"><\/a><strong>Dienstag 5.4. Feminism in Action<\/strong><\/p>\n<p><strong>15:00 Workshop <\/strong><br \/>\n<strong>DIY Feminist Creative Workshop<\/strong><br \/>\nWolltest du auch schon immer ein feministisches Shirt haben oder mit eigenen Logos auf deinen Stofftaschen gl\u00e4nzen? Das ist deine Chance zum Selbermachen, Rumbasteln und Ausprobieren! Kleidung als Ausgangsmaterial bitte mitbringen. Hosts: Referat f\u00fcr feministische Politik der \u00d6H Uni Graz, Raum: Saloon, 1. Stock<\/p>\n<p><strong>18:00 Film + Gespr\u00e4ch<\/strong><br \/>\n<strong><a href=\"http:\/\/crossroads-festival.org\/de\/film\/dreamcatcher\">Dreamcatcher<\/a><\/strong><br \/>\nUS, 2015, 98 min, English OV<br \/>\n+ Gespr\u00e4ch mit Michaela Engelmaier (Frauenservice Graz) und&nbsp;Yvonne Seidler (Hazissa)<\/p>\n<p><strong>20:30 Film &amp; Gespr\u00e4ch \/ Austrian premiere!<\/strong><br \/>\n<strong><a href=\"http:\/\/crossroads-festival.org\/de\/film\/the-mask-you-live-in\">The Mask You Live In<\/a><\/strong><br \/>\nUS, 2015, 88 min, English OV<br \/>\n+ Gespr\u00e4ch mit Christian Scambor (Verein f\u00fcr M\u00e4nner- und Geschlechterthemen Steiermark)<\/p>\n<p><strong>Im Anschluss und zwischen den Screenings: Filmbeisl im Saloon<\/strong><br \/>\nRaum zum Unterhalten \u00fcber die Filme in gem\u00fctlicher Atmosph\u00e4re (Saloon, 1. Stock)<\/p>\n<hr \/>\n<p><a name=\"mo86\"><\/a><strong>Mittwoch 6.4. &#8211; Mensch-Tier-Beziehungen<\/strong><\/p>\n<p><strong>18:00 Film &amp; Gespr\u00e4ch \/ Austrian premiere!<\/strong><strong><br \/>\n<a href=\"http:\/\/crossroads-festival.org\/de\/film\/an-omnivorous-familys-dilemma\">An Omnivorous Family\u00b4s Dilemma<\/a><\/strong><br \/>\nKR, 2014, 105 min, Korean OV with English subtitles<br \/>\n+ Gespr\u00e4ch \u00fcber das Essen von Tieren und Alternativen mit Kathrin Weidum (move Festival) und Therese Krutzler (Tierrechtsaktivistin und ehem. Tierschutzlehrerin)<\/p>\n<p><strong>20:30 Film &amp; Gespr\u00e4ch \/ Austrian premiere!<\/strong><br \/>\n<strong><a href=\"http:\/\/crossroads-festival.org\/de\/film\/the-messenger\">The Messenger<\/a><\/strong><br \/>\nCA\/FR, 2015, 90 min, English OV<br \/>\n+ Gespr\u00e4ch mit dem Protagonisten Martin Wikelski (Direktor des Max-Planck-Instituts f\u00fcr Ornithologie) (via Videostream) und Sebastian Zinko (Birdlife Steiermark)<\/p>\n<p><strong>Im Anschluss und zwischen den Screenings: Filmbeisl im Saloon<\/strong><br \/>\nRaum zum Unterhalten \u00fcber die Filme in gem\u00fctlicher Atmosph\u00e4re (Saloon, 1. Stock)<\/p>\n<hr \/>\n<p><a name=\"di96\"><\/a><strong>Donnerstag 7.4. &#8211; Refugee Realities<br \/>\n<\/strong><\/p>\n<p><strong>15:00-19:00<\/strong> (Join in anytime)<strong><br \/>\n<a href=\"https:\/\/crossroads-festival.org\/de\/programm\/forum-im-forum\">FORUM im FORUM<\/a><\/strong><br \/>\nWith archaic and contemporary media we commonly create a space where people can meet and communicate. Playing together, eating together, the talking circle meets smartphones, film and social networks. Inspired by the refugee protest camp at Paulustor\/Stadtpark in 2015.<\/p>\n<p><strong>19:00 FORUMk\u00fcche<\/strong><br \/>\nIt\u00b4s dinner time! Enjoy delicious free food and hang out with nice people. Donations welcome!<\/p>\n<p><strong>20:30 Film<\/strong><br \/>\n<a href=\"https:\/\/crossroads-festival.org\/de\/film\/salam-neighbor\"><strong>Salam Neighbor<\/strong><\/a><br \/>\nUS, 2015, 75 min, OV with English subtitles<\/p>\n<p>*The program was curated together with our friends from iraq, syria, tunisia, etc.*<\/p>\n<hr \/>\n<p><a name=\"mi106\"><\/a><strong>Freitag 8.4. &#8211; System Change, not Climate Change<br \/>\n<\/strong><\/p>\n<p><strong>10:00 Workshop<br \/>\n<a href=\"https:\/\/crossroads-festival.org\/de\/journalismus-und-aktivismus\">JOURNALISMUS und AKTIVISMUS<\/a><\/strong><\/p>\n<p><strong>18:00 Film &amp; Q&amp;A<\/strong><br \/>\n<strong><a href=\"http:\/\/crossroads-festival.org\/de\/film\/how-to-change-the-world\">How to Change the World<\/a><\/strong><br \/>\nUK\/CA, 2015, 112 min, Englische OF mit Deutschen Untertiteln<br \/>\n+ Q&amp;A with filmmaker Jerry Rothwell (Sundance special jury award winner) \u2013 via Videostream<\/p>\n<p><strong>21:00 Film<\/strong><br \/>\n<strong><a href=\"http:\/\/crossroads-festival.org\/de\/film\/this-changes-everything\">This Changes Everything<\/a><\/strong><br \/>\nCA, 2015, 89 min, Englische OF mit Deutschen Untertiteln<\/p>\n<p><strong>Im Anschluss und zwischen den Screenings: Filmbeisl im Saloon<\/strong><br \/>\nRaum zum Unterhalten \u00fcber die Filme in gem\u00fctlicher Atmosph\u00e4re (Saloon, 1. Stock)<\/p>\n<hr \/>\n<p><a name=\"do116\"><\/a><strong>Samstag 9.4. &#8211; System Change, not Climate Change<\/strong><\/p>\n<p><strong>11:00 Workshop<br \/>\n<a href=\"https:\/\/crossroads-festival.org\/de\/journalismus-und-aktivismus\">JOURNALISMUS und AKTIVISMUS<\/a><\/strong><\/p>\n<p>13:00 Gemeinsames Mittagessen<br \/>\n<strong> Potluck<\/strong><br \/>\nJede_r bringt ein Gericht mit und alle genie\u00dfen die leckere Vielfalt. Bitte vegan, damit alle mitessen k\u00f6nnen.<br \/>\n&nbsp;<br \/>\n<strong>14:00-17:30 Initiativentreffen<\/strong><br \/>\n<strong>System Change is for Everybody!<br \/>\n+ Pr\u00e4sentation von steiermark.gemeinsam.jetzt, der neuen Plattform f\u00fcr gesellschaftlichen Wandel<\/strong><br \/>\nEin breites Spektrum an Initiativen, die sich f\u00fcr eine positive Ver\u00e4nderung der Gesellschaft einsetzen, stellt sich vor und tauscht sich aus. Zus\u00e4tzlich gibt es eine Kurzpr\u00e4sentation der spannenden neuen Plattform steiermark.gemeinsam.jetzt. Nach einem anschlie\u00dfenden Input zum Thema Klimagerechtigkeit wird gemeinsam dar\u00fcber nachgedacht, in welchem Verh\u00e4ltnis die sich versch\u00e4rfende Klimakrise zur eigenen T\u00e4tigkeit steht und wie der Einsatz gegen sie verst\u00e4rkt werden kann. Herzlich eingeladen sind auch alle, die noch nicht aktiv sind und die Initiativen kennenlernen m\u00f6chten!<br \/>\n&nbsp;<br \/>\n<strong>18:00 Film &amp; Gespr\u00e4ch \/ Austrian premiere! <\/strong><br \/>\n<strong><a href=\"http:\/\/crossroads-festival.org\/de\/film\/movement\">Movement<\/a><\/strong><br \/>\nNL, 2015, 83 min, English OV<br \/>\n+ Gespr\u00e4ch mit dem Protagonisten Nathan Niedermeier (via Videostream) und Grazer Vertreter*innen von System Change not Climate Change<\/p>\n<p><strong>20:00 Gemeinsames Abendessen<\/strong><br \/>\n&nbsp;<br \/>\n<strong>21:00 Film \/ European premiere!<\/strong><br \/>\n<strong><a href=\"http:\/\/crossroads-festival.org\/de\/film\/black-hole\">Black Hole<\/a><\/strong><br \/>\nAU, 2015, 104 min, English OV<\/p>\n<p><strong>Im Anschluss und zwischen den Screenings: Filmbeisl im Saloon<\/strong><br \/>\nRaum zum Unterhalten \u00fcber die Filme in gem\u00fctlicher Atmosph\u00e4re (Saloon, 1. Stock)<\/p>\n<hr \/>\n<p><a name=\"fr126\"><\/a><strong>Sonntag 10.4. &#8211; System Change, not Climate Change<br \/>\n<\/strong><\/p>\n<p><strong>13:00 Workshop<br \/>\n<a href=\"http:\/\/crossroads-festival.org\/de\/programm\/future-games-for-system-change\">Future Games for System Change \u2013 Theatrale Werkzeuge f\u00fcr den sozialen, \u00f6kologischen und politischen Wandel<\/a><\/strong><\/p>\n<p><strong>16:00 Info-Veranstaltung &amp; Mobi-Treffen<\/strong><br \/>\n<a href=\"https:\/\/crossroads-festival.org\/de\/programm\/ende-gelaende\"><strong> Ende Gel\u00e4nde!<br \/>\nZiviler Ungehorsam gegen den Klimakollaps<\/strong><\/a><\/p>\n<p><strong>17:00 Gemeinsames Essen<\/strong><br \/>\n<strong> Potluck<\/strong><br \/>\nJede_r bringt ein Gericht mit und alle genie\u00dfen die leckere Vielfalt. Bitte vegan, damit alle mitessen k\u00f6nnen.<strong><br \/>\n<\/strong><\/p>\n<p><strong>18:00 Film &amp; Q&amp;A \/ Austrian premiere!<\/strong><br \/>\n<strong><a href=\"http:\/\/crossroads-festival.org\/de\/film\/pipelines-power-and-democracy\">Pipelines, Power and Democracy <\/a><\/strong><br \/>\nCA, 2015, 90 min, French OV with English subtitles<br \/>\n+ Q&amp;A with protagonist Alyssa Symons-B\u00e9langer \u2013 via Videostream<\/p>\n<p><strong>20:30 Abschlussfilm &amp; Gespr\u00e4ch<\/strong><br \/>\n<strong><a href=\"http:\/\/crossroads-festival.org\/de\/film\/bikes-vs-cars\">Bikes vs Cars<\/a><\/strong><br \/>\nSE, 2015, 88 min, OF mit Deutschen Untertiteln<br \/>\n+ Gespr\u00e4ch mit David Horvath (Radaktivist) und Brigitte Schicho (ARGUS Steiermark)<\/p>\n<p><strong>Im Anschluss und zwischen den Screenings: Filmbeisl im Saloon<\/strong><br \/>\nRaum zum Unterhalten \u00fcber die Filme in gem\u00fctlicher Atmosph\u00e4re (Saloon, 1. Stock)<\/p>\n<hr \/>\n<p><div class='printomatic pom-default ' id='id7629'  data-print_target='article'><\/div><\/p>\n<div class=\"shariff shariff-align-flex-start shariff-widget-align-flex-start\"><ul class=\"shariff-buttons theme-default orientation-horizontal buttonsize-medium\"><li class=\"shariff-button facebook shariff-nocustomcolor\" style=\"background-color:#4273c8\"><a href=\"https:\/\/www.facebook.com\/sharer\/sharer.php?u=https%3A%2F%2Fcrossroads-festival.org%2Fde%2Fprogramm%2Fuebersicht2016\" title=\"Share on Facebook\" aria-label=\"Share on Facebook\" role=\"button\" rel=\"nofollow\" class=\"shariff-link\" style=\"; background-color:#3b5998; color:#fff\" target=\"_blank\"><span class=\"shariff-icon\" style=\"\"><svg width=\"32px\" height=\"20px\" xmlns=\"http:\/\/www.w3.org\/2000\/svg\" viewBox=\"0 0 18 32\"><path fill=\"#3b5998\" d=\"M17.1 0.2v4.7h-2.8q-1.5 0-2.1 0.6t-0.5 1.9v3.4h5.2l-0.7 5.3h-4.5v13.6h-5.5v-13.6h-4.5v-5.3h4.5v-3.9q0-3.3 1.9-5.2t5-1.8q2.6 0 4.1 0.2z\"\/><\/svg><\/span><span class=\"shariff-text\">share<\/span>&nbsp;<\/a><\/li><li class=\"shariff-button mailto shariff-nocustomcolor\" style=\"background-color:#a8a8a8\"><a href=\"mailto:?body=https%3A%2F%2Fcrossroads-festival.org%2Fde%2Fprogramm%2Fuebersicht2016&subject=%C3%9Cbersicht%202016\" title=\"Send by email\" aria-label=\"Send by email\" role=\"button\" rel=\"noopener nofollow\" class=\"shariff-link\" style=\"; background-color:#999; color:#fff\"><span class=\"shariff-icon\" style=\"\"><svg width=\"32px\" height=\"20px\" xmlns=\"http:\/\/www.w3.org\/2000\/svg\" viewBox=\"0 0 32 32\"><path fill=\"#999\" d=\"M32 12.7v14.2q0 1.2-0.8 2t-2 0.9h-26.3q-1.2 0-2-0.9t-0.8-2v-14.2q0.8 0.9 1.8 1.6 6.5 4.4 8.9 6.1 1 0.8 1.6 1.2t1.7 0.9 2 0.4h0.1q0.9 0 2-0.4t1.7-0.9 1.6-1.2q3-2.2 8.9-6.1 1-0.7 1.8-1.6zM32 7.4q0 1.4-0.9 2.7t-2.2 2.2q-6.7 4.7-8.4 5.8-0.2 0.1-0.7 0.5t-1 0.7-0.9 0.6-1.1 0.5-0.9 0.2h-0.1q-0.4 0-0.9-0.2t-1.1-0.5-0.9-0.6-1-0.7-0.7-0.5q-1.6-1.1-4.7-3.2t-3.6-2.6q-1.1-0.7-2.1-2t-1-2.5q0-1.4 0.7-2.3t2.1-0.9h26.3q1.2 0 2 0.8t0.9 2z\"\/><\/svg><\/span><span class=\"shariff-text\">email<\/span>&nbsp;<\/a><\/li><\/ul><\/div>","protected":false},"excerpt":{"rendered":"<p>PROGRAMM-\u00dcBERSICHT 2016 *Alle Filmvorf\u00fchrungen, Vortr\u00e4ge und Diskussionen finden im Erdgeschoss statt. Der Saloon im ersten Stock steht w\u00e4hrend des gesamten Festivals als offener Raum f\u00fcr Austausch, Vernetzung und zum gemeinsamen T\u00e4tig-Sein zur Verf\u00fcgung.* Freitag 1.4. Samstag 2.4. Sonntag 3.4. Montag 4.4. Dienstag 5 .4. &nbsp; Mittwoch 6.4. Donnerstag 7.4. Freitag 8.4. Samstag 9.4. Sonntag 10.4. &hellip; <a href=\"https:\/\/crossroads-festival.org\/de\/programm\/uebersicht2016\" class=\"more-link\"><span class=\"screen-reader-text\">\u00dcbersicht 2016<\/span> weiterlesen <span class=\"meta-nav\">&rarr;<\/span><\/a><\/p>\n","protected":false},"author":1,"featured_media":0,"parent":43,"menu_order":0,"comment_status":"open","ping_status":"open","template":"","meta":{"_acf_changed":false,"spay_email":"","footnotes":""},"class_list":["post-542","page","type-page","status-publish","hentry"],"acf":[],"jetpack_shortlink":"https:\/\/wp.me\/P8yz7o-8K","_links":{"self":[{"href":"https:\/\/crossroads-festival.org\/de\/wp-json\/wp\/v2\/pages\/542"}],"collection":[{"href":"https:\/\/crossroads-festival.org\/de\/wp-json\/wp\/v2\/pages"}],"about":[{"href":"https:\/\/crossroads-festival.org\/de\/wp-json\/wp\/v2\/types\/page"}],"author":[{"embeddable":true,"href":"https:\/\/crossroads-festival.org\/de\/wp-json\/wp\/v2\/users\/1"}],"replies":[{"embeddable":true,"href":"https:\/\/crossroads-festival.org\/de\/wp-json\/wp\/v2\/comments?post=542"}],"version-history":[{"count":69,"href":"https:\/\/crossroads-festival.org\/de\/wp-json\/wp\/v2\/pages\/542\/revisions"}],"predecessor-version":[{"id":802,"href":"https:\/\/crossroads-festival.org\/de\/wp-json\/wp\/v2\/pages\/542\/revisions\/802"}],"up":[{"embeddable":true,"href":"https:\/\/crossroads-festival.org\/de\/wp-json\/wp\/v2\/pages\/43"}],"wp:attachment":[{"href":"https:\/\/crossroads-festival.org\/de\/wp-json\/wp\/v2\/media?parent=542"}],"curies":[{"name":"wp","href":"https:\/\/api.w.org\/{rel}","templated":true}]}}