{"id":49,"date":"2015-03-22T19:32:35","date_gmt":"2015-03-22T19:32:35","guid":{"rendered":"http:\/\/crossroads-festival.org\/test2015\/?page_id=49"},"modified":"2024-10-10T15:27:19","modified_gmt":"2024-10-10T15:27:19","slug":"support","status":"publish","type":"page","link":"https:\/\/crossroads-festival.org\/de\/support","title":{"rendered":"Support!"},"content":{"rendered":"<p><\/p>\n<p><strong>Bitte hilf mit bei der Finanzierung des Crossroads Festivals. Viele kleine<strong> Beitr\u00e4ge machen einen gro\u00dfen Unterschied.<\/strong><\/strong> <\/p>\n<p>\u00dcberweisungen mit Betreff \u201eCrossroads 2024\u201c bitte via IBAN: AT902081500042036764 BIC: STSPAT2GXXX. Wir danken herzlichst! <\/p>\n<p>&#8212; <br \/>\n<strong>Mitarbeit: <\/strong>Als Festival mit einem sehr bescheidenen Budget ist Crossroads auf die Unterst\u00fctzung zahlreicher ehrenamtlicher Mitarbeiter:innen angewiesen. Solltest du Lust haben, dich zu beteiligen, schreib uns bitte ein <a href=\"mailto:office@crossroads-festival.org\">Email<\/a>. Wir bedanken uns herzlichst bei allen bereits aktiven Supporter:innen und Mitgestalter:innen und freuen uns auf weitere.<\/p>\n<p>&#8212; <br \/>\n<strong>Kooperationen<\/strong>: Ein integraler Bestandteil des Konzepts von Crossroads ist es, mit vielen Organisationen und Initiativen zusammenzuarbeiten, um Synergien zu nutzen und gemeinsam mehr zu bewegen. Die Liste unsere&nbsp; Kooperationspartner:innen findet sich <a href=\"https:\/\/crossroads-festival.org\/de\/partnerinnen\">hier<\/a>. Wenn auch ihr mit dabei sein m\u00f6chtet, schreibt uns bitte ein <a href=\"mailto:office@crossroads-festival.org\">Email<\/a>. <\/p>\n<p>&#8212; <br \/>\n<strong>Sponsoring:<\/strong> Wenn dein Unternehmen die Ziele von Crossroads teilt oder du eines kennst, das das tut, und du uns unterst\u00fctzen m\u00f6chtest, freuen wir uns \u00fcber ein <a href=\"mailto:office@crossroads-festival.org\">Email<\/a>. <\/p>\n<p>&#8212; <br \/>\n<strong>\u00dcbersetzer:innen gesucht<\/strong> Wir m\u00f6chten 2023 noch mehr Filme deutsch untertiteln, damit sie nicht nur im Rahmen des Festivals, sondern auch dar\u00fcber hinaus einem breiteren Publikum zug\u00e4nglich gemacht werden k\u00f6nnen. Solltest du Lust haben, dich an der \u00dcbersetzung (v.a. englisch&gt;deutsch) zu beteiligen, schreib uns bitte ein <a href=\"mailto:office@crossroads-festival.org\">Email<\/a>.<\/p>\n<p><\/p>\n<div class=\"shariff shariff-align-flex-start shariff-widget-align-flex-start\"><ul class=\"shariff-buttons theme-default orientation-horizontal buttonsize-medium\"><li class=\"shariff-button facebook shariff-nocustomcolor\" style=\"background-color:#4273c8\"><a href=\"https:\/\/www.facebook.com\/sharer\/sharer.php?u=https%3A%2F%2Fcrossroads-festival.org%2Fde%2Fsupport\" title=\"Share on Facebook\" aria-label=\"Share on Facebook\" role=\"button\" rel=\"nofollow\" class=\"shariff-link\" style=\"; background-color:#3b5998; color:#fff\" target=\"_blank\"><span class=\"shariff-icon\" style=\"\"><svg width=\"32px\" height=\"20px\" xmlns=\"http:\/\/www.w3.org\/2000\/svg\" viewBox=\"0 0 18 32\"><path fill=\"#3b5998\" d=\"M17.1 0.2v4.7h-2.8q-1.5 0-2.1 0.6t-0.5 1.9v3.4h5.2l-0.7 5.3h-4.5v13.6h-5.5v-13.6h-4.5v-5.3h4.5v-3.9q0-3.3 1.9-5.2t5-1.8q2.6 0 4.1 0.2z\"\/><\/svg><\/span><span class=\"shariff-text\">share<\/span>&nbsp;<\/a><\/li><li class=\"shariff-button mailto shariff-nocustomcolor\" style=\"background-color:#a8a8a8\"><a href=\"mailto:?body=https%3A%2F%2Fcrossroads-festival.org%2Fde%2Fsupport&subject=Support%21\" title=\"Send by email\" aria-label=\"Send by email\" role=\"button\" rel=\"noopener nofollow\" class=\"shariff-link\" style=\"; background-color:#999; color:#fff\"><span class=\"shariff-icon\" style=\"\"><svg width=\"32px\" height=\"20px\" xmlns=\"http:\/\/www.w3.org\/2000\/svg\" viewBox=\"0 0 32 32\"><path fill=\"#999\" d=\"M32 12.7v14.2q0 1.2-0.8 2t-2 0.9h-26.3q-1.2 0-2-0.9t-0.8-2v-14.2q0.8 0.9 1.8 1.6 6.5 4.4 8.9 6.1 1 0.8 1.6 1.2t1.7 0.9 2 0.4h0.1q0.9 0 2-0.4t1.7-0.9 1.6-1.2q3-2.2 8.9-6.1 1-0.7 1.8-1.6zM32 7.4q0 1.4-0.9 2.7t-2.2 2.2q-6.7 4.7-8.4 5.8-0.2 0.1-0.7 0.5t-1 0.7-0.9 0.6-1.1 0.5-0.9 0.2h-0.1q-0.4 0-0.9-0.2t-1.1-0.5-0.9-0.6-1-0.7-0.7-0.5q-1.6-1.1-4.7-3.2t-3.6-2.6q-1.1-0.7-2.1-2t-1-2.5q0-1.4 0.7-2.3t2.1-0.9h26.3q1.2 0 2 0.8t0.9 2z\"\/><\/svg><\/span><span class=\"shariff-text\">email<\/span>&nbsp;<\/a><\/li><\/ul><\/div>","protected":false},"excerpt":{"rendered":"<p>Bitte hilf mit bei der Finanzierung des Crossroads Festivals. Viele kleine Beitr\u00e4ge machen einen gro\u00dfen Unterschied. \u00dcberweisungen mit Betreff \u201eCrossroads 2024\u201c bitte via IBAN: AT902081500042036764 BIC: STSPAT2GXXX. Wir danken herzlichst! &#8212; Mitarbeit: Als Festival mit einem sehr bescheidenen Budget ist Crossroads auf die Unterst\u00fctzung zahlreicher ehrenamtlicher Mitarbeiter:innen angewiesen. Solltest du Lust haben, dich zu beteiligen, &hellip; <a href=\"https:\/\/crossroads-festival.org\/de\/support\" class=\"more-link\"><span class=\"screen-reader-text\">Support!<\/span> weiterlesen <span class=\"meta-nav\">&rarr;<\/span><\/a><\/p>\n","protected":false},"author":1,"featured_media":0,"parent":0,"menu_order":0,"comment_status":"open","ping_status":"open","template":"","meta":{"_acf_changed":false,"spay_email":"","footnotes":""},"class_list":["post-49","page","type-page","status-publish","hentry"],"acf":[],"jetpack_shortlink":"https:\/\/wp.me\/P8yz7o-N","_links":{"self":[{"href":"https:\/\/crossroads-festival.org\/de\/wp-json\/wp\/v2\/pages\/49"}],"collection":[{"href":"https:\/\/crossroads-festival.org\/de\/wp-json\/wp\/v2\/pages"}],"about":[{"href":"https:\/\/crossroads-festival.org\/de\/wp-json\/wp\/v2\/types\/page"}],"author":[{"embeddable":true,"href":"https:\/\/crossroads-festival.org\/de\/wp-json\/wp\/v2\/users\/1"}],"replies":[{"embeddable":true,"href":"https:\/\/crossroads-festival.org\/de\/wp-json\/wp\/v2\/comments?post=49"}],"version-history":[{"count":26,"href":"https:\/\/crossroads-festival.org\/de\/wp-json\/wp\/v2\/pages\/49\/revisions"}],"predecessor-version":[{"id":3238,"href":"https:\/\/crossroads-festival.org\/de\/wp-json\/wp\/v2\/pages\/49\/revisions\/3238"}],"wp:attachment":[{"href":"https:\/\/crossroads-festival.org\/de\/wp-json\/wp\/v2\/media?parent=49"}],"curies":[{"name":"wp","href":"https:\/\/api.w.org\/{rel}","templated":true}]}}