{"id":3552,"date":"2025-10-19T12:34:56","date_gmt":"2025-10-19T12:34:56","guid":{"rendered":"https:\/\/crossroads-festival.org\/de\/?page_id=3552"},"modified":"2025-10-29T11:25:12","modified_gmt":"2025-10-29T11:25:12","slug":"how-to-be-an-ally","status":"publish","type":"page","link":"https:\/\/crossroads-festival.org\/de\/verbuendet-sein","title":{"rendered":"Intersektionales Verb\u00fcndetsein &#8211; Rassismus und Sexismus gemeinsam denken."},"content":{"rendered":"<p><\/p>\n<p><img loading=\"lazy\" decoding=\"async\" class=\"aligncenter size-full wp-image-3648\" src=\"https:\/\/crossroads-festival.org\/wp-content\/uploads\/thecakeescape-scaled.jpg\" alt=\"\" width=\"2560\" height=\"1709\" srcset=\"https:\/\/crossroads-festival.org\/wp-content\/uploads\/thecakeescape-scaled.jpg 2560w, https:\/\/crossroads-festival.org\/wp-content\/uploads\/thecakeescape-300x200.jpg 300w, https:\/\/crossroads-festival.org\/wp-content\/uploads\/thecakeescape-1024x683.jpg 1024w, https:\/\/crossroads-festival.org\/wp-content\/uploads\/thecakeescape-768x513.jpg 768w, https:\/\/crossroads-festival.org\/wp-content\/uploads\/thecakeescape-1536x1025.jpg 1536w, https:\/\/crossroads-festival.org\/wp-content\/uploads\/thecakeescape-2048x1367.jpg 2048w\" sizes=\"(max-width: 2560px) 100vw, 2560px\" \/><br \/>\n<strong>FR 7.11. \/ 15:00-17:00 \/ Awareness Workshop \/ Heimatsaal, Paulustorgasse 13a (1. Stock)<\/strong><\/p>\n<p><strong>Intersektionales Verb\u00fcndetsein<br \/>\n&#8211; Rassismus und Sexismus gemeinsam denken. <\/p>\n<p>Ein Raum f\u00fcr Perspektivenwechsel &amp; Privilegiencheck<\/strong><\/p>\n<p><strong>Mit Adjanie Kamucote von THE CAKE ESCAPE<br \/>\n<\/strong><br \/>\nDie Teilnehmer*innen erwartet ein interaktiver Workshop anhand der Awareness Poster von THE CAKE ESCAPE bei dem der Frage nachgegangen wird, wie sich Rassismus und Sexismus \u00fcberschneiden und warum Feminismus IMMER intersektional gedacht werden muss. Es gibt Raum f\u00fcr Selbstreflexion, Perspektivenwechsel, Austausch und Diskussion.&nbsp;<\/p>\n<p>***<br \/>\nBegleitend kann man von 3. bis 12.11.2025 die Ausstellung der Awareness Poster im Heimatsaal sehen.<\/p>\n<p>***<br \/>\n<strong>THE CAKE ESCAPE<\/strong> <br \/>\nist ein Kollektiv, das sich um die f\u00fcnf Charaktere Zola, Gigi, Nima, Luca und Y\u00f9n formiert. Das Kollektiv vereint K\u00fcnstler*innen, T\u00e4nzer*innen, Musiker*innen und Expert*innen mit dem gemeinsamen Ziel, sich f\u00fcr Diversit\u00e4t und Gleichstellung einzusetzen.<br \/>\n<a href=\"https:\/\/thecakeescape.com\" target=\"_blank\" rel=\"noopener\">https:\/\/thecakeescape.com<\/a><\/p>\n<p><\/p>\n<div class=\"shariff shariff-align-flex-start shariff-widget-align-flex-start\"><ul class=\"shariff-buttons theme-default orientation-horizontal buttonsize-medium\"><li class=\"shariff-button facebook shariff-nocustomcolor\" style=\"background-color:#4273c8\"><a href=\"https:\/\/www.facebook.com\/sharer\/sharer.php?u=https%3A%2F%2Fcrossroads-festival.org%2Fde%2Fverbuendet-sein\" title=\"Share on Facebook\" aria-label=\"Share on Facebook\" role=\"button\" rel=\"nofollow\" class=\"shariff-link\" style=\"; background-color:#3b5998; color:#fff\" target=\"_blank\"><span class=\"shariff-icon\" style=\"\"><svg width=\"32px\" height=\"20px\" xmlns=\"http:\/\/www.w3.org\/2000\/svg\" viewBox=\"0 0 18 32\"><path fill=\"#3b5998\" d=\"M17.1 0.2v4.7h-2.8q-1.5 0-2.1 0.6t-0.5 1.9v3.4h5.2l-0.7 5.3h-4.5v13.6h-5.5v-13.6h-4.5v-5.3h4.5v-3.9q0-3.3 1.9-5.2t5-1.8q2.6 0 4.1 0.2z\"\/><\/svg><\/span><span class=\"shariff-text\">share<\/span>&nbsp;<\/a><\/li><li class=\"shariff-button mailto shariff-nocustomcolor\" style=\"background-color:#a8a8a8\"><a href=\"mailto:?body=https%3A%2F%2Fcrossroads-festival.org%2Fde%2Fverbuendet-sein&subject=Intersektionales%20Verb%C3%BCndetsein%20%E2%80%93%20Rassismus%20und%20Sexismus%20gemeinsam%20denken.\" title=\"Send by email\" aria-label=\"Send by email\" role=\"button\" rel=\"noopener nofollow\" class=\"shariff-link\" style=\"; background-color:#999; color:#fff\"><span class=\"shariff-icon\" style=\"\"><svg width=\"32px\" height=\"20px\" xmlns=\"http:\/\/www.w3.org\/2000\/svg\" viewBox=\"0 0 32 32\"><path fill=\"#999\" d=\"M32 12.7v14.2q0 1.2-0.8 2t-2 0.9h-26.3q-1.2 0-2-0.9t-0.8-2v-14.2q0.8 0.9 1.8 1.6 6.5 4.4 8.9 6.1 1 0.8 1.6 1.2t1.7 0.9 2 0.4h0.1q0.9 0 2-0.4t1.7-0.9 1.6-1.2q3-2.2 8.9-6.1 1-0.7 1.8-1.6zM32 7.4q0 1.4-0.9 2.7t-2.2 2.2q-6.7 4.7-8.4 5.8-0.2 0.1-0.7 0.5t-1 0.7-0.9 0.6-1.1 0.5-0.9 0.2h-0.1q-0.4 0-0.9-0.2t-1.1-0.5-0.9-0.6-1-0.7-0.7-0.5q-1.6-1.1-4.7-3.2t-3.6-2.6q-1.1-0.7-2.1-2t-1-2.5q0-1.4 0.7-2.3t2.1-0.9h26.3q1.2 0 2 0.8t0.9 2z\"\/><\/svg><\/span><span class=\"shariff-text\">email<\/span>&nbsp;<\/a><\/li><\/ul><\/div>","protected":false},"excerpt":{"rendered":"<p>FR 7.11. \/ 15:00-17:00 \/ Awareness Workshop \/ Heimatsaal, Paulustorgasse 13a (1. Stock) Intersektionales Verb\u00fcndetsein &#8211; Rassismus und Sexismus gemeinsam denken. Ein Raum f\u00fcr Perspektivenwechsel &amp; Privilegiencheck Mit Adjanie Kamucote von THE CAKE ESCAPE Die Teilnehmer*innen erwartet ein interaktiver Workshop anhand der Awareness Poster von THE CAKE ESCAPE bei dem der Frage nachgegangen wird, wie &hellip; <a href=\"https:\/\/crossroads-festival.org\/de\/verbuendet-sein\" class=\"more-link\"><span class=\"screen-reader-text\">Intersektionales Verb\u00fcndetsein &#8211; Rassismus und Sexismus gemeinsam denken.<\/span> weiterlesen <span class=\"meta-nav\">&rarr;<\/span><\/a><\/p>\n","protected":false},"author":1,"featured_media":0,"parent":0,"menu_order":0,"comment_status":"closed","ping_status":"closed","template":"","meta":{"_acf_changed":false,"spay_email":"","footnotes":""},"class_list":["post-3552","page","type-page","status-publish","hentry"],"acf":[],"jetpack_shortlink":"https:\/\/wp.me\/P8yz7o-Vi","_links":{"self":[{"href":"https:\/\/crossroads-festival.org\/de\/wp-json\/wp\/v2\/pages\/3552"}],"collection":[{"href":"https:\/\/crossroads-festival.org\/de\/wp-json\/wp\/v2\/pages"}],"about":[{"href":"https:\/\/crossroads-festival.org\/de\/wp-json\/wp\/v2\/types\/page"}],"author":[{"embeddable":true,"href":"https:\/\/crossroads-festival.org\/de\/wp-json\/wp\/v2\/users\/1"}],"replies":[{"embeddable":true,"href":"https:\/\/crossroads-festival.org\/de\/wp-json\/wp\/v2\/comments?post=3552"}],"version-history":[{"count":9,"href":"https:\/\/crossroads-festival.org\/de\/wp-json\/wp\/v2\/pages\/3552\/revisions"}],"predecessor-version":[{"id":3652,"href":"https:\/\/crossroads-festival.org\/de\/wp-json\/wp\/v2\/pages\/3552\/revisions\/3652"}],"wp:attachment":[{"href":"https:\/\/crossroads-festival.org\/de\/wp-json\/wp\/v2\/media?parent=3552"}],"curies":[{"name":"wp","href":"https:\/\/api.w.org\/{rel}","templated":true}]}}