{"id":3528,"date":"2025-10-16T13:42:18","date_gmt":"2025-10-16T13:42:18","guid":{"rendered":"https:\/\/crossroads-festival.org\/de\/?page_id=3528"},"modified":"2026-02-19T15:05:20","modified_gmt":"2026-02-19T15:05:20","slug":"3528-2","status":"publish","type":"page","link":"https:\/\/crossroads-festival.org\/de\/simply_the_best","title":{"rendered":"Simply The Best &#8211; Tolle Obstsorten finden und pflanzen"},"content":{"rendered":"<p><\/p>\n<p><img decoding=\"async\" src=\"https:\/\/2022.crossroads-festival.org\/crossroads-festival.org\/wp-content\/uploads\/eleagnus.jpg\" \/><\/p>\n<p><strong>MO 10.11. \/ 15:00-17:00 \/ Workshop \/ Skill Share \/ Attemsgarten, Mozartgasse 14<\/p>\n<p>Simply The Best &#8211; Tolle Obstsorten finden und pflanzen<\/p>\n<p>Mit Josef Obermoser (Awesome Tomatoes, Die Z\u00f6delei, Crossroads) &amp; Christoph Pross (Die Z\u00f6delei, Seed Kollektiv)<br \/>\n<\/strong><br \/>\nWelche coolen Frucht- und Nussgeh\u00f6lze gibt es f\u00fcr unsere G\u00e4rten? Welche sind angesichts der gegenw\u00e4rtigen und zu erwartenden klimatischen Ver\u00e4nderungen am vielversprechendsten?<\/p>\n<p>Was sind die besten Sorten? Welche Standorte passen am besten f\u00fcr welche Arten?&nbsp;<\/p>\n<p>Wir zeigen euch den neuen Attemsgarten, und danach gehen wir diese Fragen gemeinsam mit euch durch.&nbsp;<\/p>\n<p><strong>SORTENTIPPS&nbsp;<\/p>\n<p><\/strong>Basierend auf eigenen Erfahrungen sowie Sortentests und Empfehlungen von Kolleg*innen:<\/p>\n<p>Edelkastanien: Jeannette, &nbsp;Ecker 3, S\u00e4mlinge von guten C. Mollissima Eltern oder Hybriden mit Mollissima Genetik. Eingeschr\u00e4nkte Empfehlung (weil zu geringe Resistenz gegen den Rindenkrebs): Bouche de Betizac, Marigoule<br \/>\nBezugsquellen: <a href=\"https:\/\/www.kastanienbaumschule.at\">https:\/\/www.kastanienbaumschule.at<\/a> \/ <a href=\"https:\/\/schreiber-baum.at\">https:\/\/schreiber-baum.at<\/a> \/ <a href=\"https:\/\/www.kastanienkultur.de\">https:\/\/www.kastanienkultur.de<\/a><\/p>\n<p>Haseln\u00fcsse: Hallesche Riesen &amp; Katalonski<br \/>\nBezugsquellen: <a href=\"https:\/\/schreiber-baum.at\">https:\/\/schreiber-baum.at<\/a> \/ <a href=\"https:\/\/www.kastanienkultur.de\">https:\/\/www.kastanienkultur.de<\/a><\/p>\n<p>\u00c4pfel (robust und lecker): Discovery, Alkmene, Holsteiner Cox, Boskoop, Roter Bellefleur (sehr sp\u00e4te Bl\u00fcte), Winterglockenapfel<br \/>\nQuelle: <a href=\"https:\/\/shop.ritthalers.de\">https:\/\/shop.ritthalers.de<\/a> \/ <a href=\"https:\/\/www.treewise.de\">https:\/\/www.treewise.de<\/a><\/p>\n<p>Kakis: Dar Sofiyivky, Sosnovskaja, Early Jewel, Geneva Red, H63A, H-120, Mikatani Gosho, Saijo<br \/>\nBezugsquellen: <a href=\"https:\/\/www.pawpawschule.de\">https:\/\/www.pawpawschule.de<\/a> \/ <a href=\"https:\/\/demoerbeiboom.be\">https:\/\/demoerbeiboom.be<\/a><\/p>\n<p>Maulbeeren: Gerardi Dwarf, Illinois Everbearing, Capsrum, Portugal<br \/>\nBezugsquellen: <a href=\"https:\/\/www.botanik-wug.de\">https:\/\/www.botanik-wug.de<\/a>&nbsp;\/ <a href=\"https:\/\/kornelkirsche.eu\">https:\/\/kornelkirsche.eu<\/a><\/p>\n<p>Pfirsiche: Jayhaven, Harnas (beide sehr tolerant bez\u00fcglich Kr\u00e4uselkrankheit)<br \/>\nBezugsquellen: <a href=\"https:\/\/www.tutifruti.at\">https:\/\/www.tutifruti.at<\/a> , <a href=\"https:\/\/shop.biobaumschule.at\">https:\/\/shop.biobaumschule.at<\/a><\/p>\n<p>Aprikosen: Mia, Congat (beide wenig Monilia anf\u00e4llig), Bergeval (besonders sp\u00e4tfrostfest) Jemensch sollte Mia und Congat mit Bergeval kreuzen und S\u00e4mlinge finden, die sowohl tough bez\u00fcglich Sp\u00e4tfr\u00f6sten als auch robust gegen Monilia sind.&nbsp;<br \/>\nQuelle: <a href=\"https:\/\/schreiber-baum.at\">https:\/\/schreiber-baum.at<\/a><\/p>\n<p>Goumis: Daiougoumi (alias Chorus), T7\/2, Sweet Scarlet + seid gespannt auf die <a href=\"https:\/\/www.youtube.com\/@Sweet_Berry_Jesus\/videos\" target=\"_blank\" rel=\"noopener\">neuen Sorten<\/a>, an denen <a href=\"https:\/\/www.youtube.com\/@Sweet_Berry_Jesus\/videos\" target=\"_blank\" rel=\"noopener\">Andreas Motschiunig<\/a> arbeitet.&nbsp;<br \/>\nBezugsquelle: <a href=\"https:\/\/kornelkirsche.eu\">https:\/\/kornelkirsche.eu<\/a><\/p>\n<p>Sp\u00e4te P\u00fcnktchenbeeren: Fortunella, Amber, Amoroso<br \/>\nBezugsquellen: <a href=\"https:\/\/kornelkirsche.eu\">https:\/\/kornelkirsche.eu<\/a> \/ <a href=\"https:\/\/www.tutifruti.at\">https:\/\/www.tutifruti.at<\/a><\/p>\n<p>Kornelkirschen (gro\u00dffr\u00fcchtig f\u00fcr Frischverzehr und Verarbeitung): Swietlana, Dublany, Egzoticznyj, Alosza, Szafer, Elegantnyj, Swietlaczok, Bolestraszycki&nbsp;<br \/>\nBezugsquellen: <a href=\"https:\/\/www.cornus.pl\">https:\/\/www.cornus.pl&nbsp;<\/a>\/ <a href=\"https:\/\/www.tutifruti.at\">https:\/\/www.tutifruti.at<\/a><\/p>\n<p>Felsenbirne: Ballerina<br \/>\nBezugsquelle: <a href=\"https:\/\/kornelkirsche.eu\">https:\/\/kornelkirsche.eu<\/a><\/p>\n<p>Zitronenquitten: Tamara, Maxym, Northern Lemon<br \/>\nBezugsquelle: <a href=\"https:\/\/kornelkirsche.eu\">https:\/\/kornelkirsche.eu<\/a><\/p>\n<p>Maibeeren: Vostorg, Aurora, Boreal Beast, Giant\u00b4s Heart, Blue Treasure<br \/>\nBezugsquellen: <a href=\"https:\/\/www.heidelbeergarten.at\">https:\/\/www.heidelbeergarten.at<\/a> \/ <a href=\"https:\/\/www.tutifruti.at\">https:\/\/www.tutifruti.at<\/a><\/p>\n<p>Stachelbeere: Nesluchovskij&nbsp;<br \/>\nBezugsquelle: <a href=\"https:\/\/www.tutifruti.at\">https:\/\/www.tutifruti.at<\/a><\/p>\n<p>Schwarze Johannisbeere: Noiroma<br \/>\nBezugsquelle: <a href=\"https:\/\/www.lubera.com\">https:\/\/www.lubera.com<\/a><\/p>\n<p>Jostabeere: Jodeli<br \/>\nBezugsquelle: <a href=\"https:\/\/www.lubera.com\">https:\/\/www.lubera.com<\/a><\/p>\n<p>Feigen mit tollen, regenfesteren Fr\u00fcchten: 2 x tragend: Green Michurinksa, Moro da Caneva (alias Fico Secco, alias Nerino), Verdino del Nord \/ 1 x tragend: Campani\u00e8re, Celeste, Texas BA-1<br \/>\nBezugsquellen f\u00fcr Steckh\u00f6lzer: <a href=\"https:\/\/www.instagram.com\/achillesfeigen\/\">https:\/\/www.instagram.com\/achillesfeigen <\/a>\/ <a href=\"https:\/\/www.igiardinidipomona.it\/en\/\">https:\/\/www.igiardinidipomona.it\/en\/<\/a><\/p>\n<p>Loquat: Piera<br \/>\nBezugsquelle: <a href=\"https:\/\/www.lubera.com\">https:\/\/www.lubera.com<\/a><\/p>\n<p>Ananasguaven: K\u0101k\u0101riki, Kaiteri, Anatoki, <span class=\"x193iq5w xeuugli x13faqbe x1vvkbs x1xmvt09 x1lliihq x1s928wv xhkezso x1gmr53x x1cpjm7i x1fgarty x1943h6x xudqn12 x3x7a5m x6prxxf xvq8zen xo1l8bm xzsf02u x1yc453h\" dir=\"auto\">Takaka<\/span>, Pounamou, Unique, Gemini<br \/>\nBezugsquellen: <a href=\"https:\/\/www.mesarbustes.fr\">https:\/\/www.mesarbustes.fr<\/a> \/ <a href=\"https:\/\/palmi.bg\/en\">https:\/\/palmi.bg\/en<\/a>&nbsp;\/ <a href=\"https:\/\/venditapiccolifrutti.it\/en\">https:\/\/venditapiccolifrutti.it\/en<\/a><\/p>\n<p>Paw Paws: Prima 1216, Shenandoah, Allegheny, KSU Benson, KSU Attwood, VE-21, Rebeccas Gold<br \/>\nBezugsquellen: <a href=\"https:\/\/www.pawpawschule.de\">https:\/\/www.pawpawschule.de<\/a> \/ <a href=\"https:\/\/asiminafruit.eu\">https:\/\/asiminafruit.eu <\/a>\/ <a href=\"https:\/\/venditapiccolifrutti.it\/en\">https:\/\/venditapiccolifrutti.it\/en<\/a><\/p>\n<p>***<br \/>\n<strong>Foto:<\/strong> Goumi: sehr lecker, ertragreich, gesund, tough, trockenheitstolerant, Stickstofffixer und Bienenmagnet. \/ kornelkirsche.eu<\/p>\n<p><\/p>\n<div class=\"shariff shariff-align-flex-start shariff-widget-align-flex-start\"><ul class=\"shariff-buttons theme-default orientation-horizontal buttonsize-medium\"><li class=\"shariff-button facebook shariff-nocustomcolor\" style=\"background-color:#4273c8\"><a href=\"https:\/\/www.facebook.com\/sharer\/sharer.php?u=https%3A%2F%2Fcrossroads-festival.org%2Fde%2Fsimply_the_best\" title=\"Share on Facebook\" aria-label=\"Share on Facebook\" role=\"button\" rel=\"nofollow\" class=\"shariff-link\" style=\"; background-color:#3b5998; color:#fff\" target=\"_blank\"><span class=\"shariff-icon\" style=\"\"><svg width=\"32px\" height=\"20px\" xmlns=\"http:\/\/www.w3.org\/2000\/svg\" viewBox=\"0 0 18 32\"><path fill=\"#3b5998\" d=\"M17.1 0.2v4.7h-2.8q-1.5 0-2.1 0.6t-0.5 1.9v3.4h5.2l-0.7 5.3h-4.5v13.6h-5.5v-13.6h-4.5v-5.3h4.5v-3.9q0-3.3 1.9-5.2t5-1.8q2.6 0 4.1 0.2z\"\/><\/svg><\/span><span class=\"shariff-text\">share<\/span>&nbsp;<\/a><\/li><li class=\"shariff-button mailto shariff-nocustomcolor\" style=\"background-color:#a8a8a8\"><a href=\"mailto:?body=https%3A%2F%2Fcrossroads-festival.org%2Fde%2Fsimply_the_best&subject=Simply%20The%20Best%20%E2%80%93%20Tolle%20Obstsorten%20finden%20und%20pflanzen\" title=\"Send by email\" aria-label=\"Send by email\" role=\"button\" rel=\"noopener nofollow\" class=\"shariff-link\" style=\"; background-color:#999; color:#fff\"><span class=\"shariff-icon\" style=\"\"><svg width=\"32px\" height=\"20px\" xmlns=\"http:\/\/www.w3.org\/2000\/svg\" viewBox=\"0 0 32 32\"><path fill=\"#999\" d=\"M32 12.7v14.2q0 1.2-0.8 2t-2 0.9h-26.3q-1.2 0-2-0.9t-0.8-2v-14.2q0.8 0.9 1.8 1.6 6.5 4.4 8.9 6.1 1 0.8 1.6 1.2t1.7 0.9 2 0.4h0.1q0.9 0 2-0.4t1.7-0.9 1.6-1.2q3-2.2 8.9-6.1 1-0.7 1.8-1.6zM32 7.4q0 1.4-0.9 2.7t-2.2 2.2q-6.7 4.7-8.4 5.8-0.2 0.1-0.7 0.5t-1 0.7-0.9 0.6-1.1 0.5-0.9 0.2h-0.1q-0.4 0-0.9-0.2t-1.1-0.5-0.9-0.6-1-0.7-0.7-0.5q-1.6-1.1-4.7-3.2t-3.6-2.6q-1.1-0.7-2.1-2t-1-2.5q0-1.4 0.7-2.3t2.1-0.9h26.3q1.2 0 2 0.8t0.9 2z\"\/><\/svg><\/span><span class=\"shariff-text\">email<\/span>&nbsp;<\/a><\/li><\/ul><\/div>","protected":false},"excerpt":{"rendered":"<p>MO 10.11. \/ 15:00-17:00 \/ Workshop \/ Skill Share \/ Attemsgarten, Mozartgasse 14 Simply The Best &#8211; Tolle Obstsorten finden und pflanzen Mit Josef Obermoser (Awesome Tomatoes, Die Z\u00f6delei, Crossroads) &amp; Christoph Pross (Die Z\u00f6delei, Seed Kollektiv) Welche coolen Frucht- und Nussgeh\u00f6lze gibt es f\u00fcr unsere G\u00e4rten? Welche sind angesichts der gegenw\u00e4rtigen und zu erwartenden &hellip; <a href=\"https:\/\/crossroads-festival.org\/de\/simply_the_best\" class=\"more-link\"><span class=\"screen-reader-text\">Simply The Best &#8211; Tolle Obstsorten finden und pflanzen<\/span> weiterlesen <span class=\"meta-nav\">&rarr;<\/span><\/a><\/p>\n","protected":false},"author":1,"featured_media":0,"parent":0,"menu_order":0,"comment_status":"closed","ping_status":"closed","template":"","meta":{"_acf_changed":false,"spay_email":"","footnotes":""},"class_list":["post-3528","page","type-page","status-publish","hentry"],"acf":[],"jetpack_shortlink":"https:\/\/wp.me\/P8yz7o-UU","_links":{"self":[{"href":"https:\/\/crossroads-festival.org\/de\/wp-json\/wp\/v2\/pages\/3528"}],"collection":[{"href":"https:\/\/crossroads-festival.org\/de\/wp-json\/wp\/v2\/pages"}],"about":[{"href":"https:\/\/crossroads-festival.org\/de\/wp-json\/wp\/v2\/types\/page"}],"author":[{"embeddable":true,"href":"https:\/\/crossroads-festival.org\/de\/wp-json\/wp\/v2\/users\/1"}],"replies":[{"embeddable":true,"href":"https:\/\/crossroads-festival.org\/de\/wp-json\/wp\/v2\/comments?post=3528"}],"version-history":[{"count":37,"href":"https:\/\/crossroads-festival.org\/de\/wp-json\/wp\/v2\/pages\/3528\/revisions"}],"predecessor-version":[{"id":3789,"href":"https:\/\/crossroads-festival.org\/de\/wp-json\/wp\/v2\/pages\/3528\/revisions\/3789"}],"wp:attachment":[{"href":"https:\/\/crossroads-festival.org\/de\/wp-json\/wp\/v2\/media?parent=3528"}],"curies":[{"name":"wp","href":"https:\/\/api.w.org\/{rel}","templated":true}]}}