{"id":3329,"date":"2025-09-20T13:51:14","date_gmt":"2025-09-20T13:51:14","guid":{"rendered":"https:\/\/crossroads-festival.org\/de\/programm-2022-neu-copy-copy-copy"},"modified":"2025-11-14T08:56:40","modified_gmt":"2025-11-14T08:56:40","slug":"programm-2022-neu-copy-copy-copy","status":"publish","type":"page","link":"https:\/\/crossroads-festival.org\/de\/programm-2025","title":{"rendered":"Programm 2025"},"content":{"rendered":"<p><\/p>\n<div id=\"progheader\">\n<h2 id=\"head\"><strong>PROGRAMM 2025<\/strong><\/h2>\n<div id=\"print\"><div class='printomatic pom-default ' id='id7529'  data-print_target='article'><\/div><\/div>\n<\/div>\n<hr \/>\n<div id=\"dayoverview\" style=\"line-height: 1.8em;\">\n<div id=\"day\"><a href=\"#mo0311\">Montag 3.11.<\/a><\/div>\n<div id=\"day\"><a href=\"#di0411\">Dienstag 4.11.<\/a><\/div>\n<div id=\"day\"><a href=\"#mi0511\">Mittwoch 5.11.<\/a><\/div>\n<div id=\"day\"><a href=\"#do0611\">Donnerstag 6.11.<\/a><\/div>\n<div id=\"day\"><a href=\"#fr0711\">Freitag 7.11.<\/a><\/div>\n<div id=\"day\"><a href=\"#sa0811\">Samstag 8.11.<\/a><\/div>\n<div id=\"day\"><a href=\"#so0911\">Sonntag 9.11.<\/a><\/div>\n<div id=\"day\"><a href=\"#mo1011\">Montag 10.11.<\/a><\/div>\n<div id=\"day\"><a href=\"#di1111\">Dienstag 11.11.<\/a><\/div>\n<div id=\"day\"><a href=\"#mi1211\">Mittwoch 12.11.<\/a><\/div>\n<\/div>\n<hr \/>\n<h3><a name=\"mo0311\"><\/a><strong>Montag 3.11. &#8211; Er\u00f6ffnung<\/strong><\/h3>\n<p><strong>18:30 \/ Heimatsaal, Paulustorgasse 13a (1. Stock)<\/p>\n<p>Begr\u00fc\u00dfung<br \/>\nTamara Ussner (Radio Helsinki, Von Unten), Spektral Retten &amp; das Festival Team<\/p>\n<p>Er\u00f6ffnungsfilm<\/strong><br \/>\n<a href=\"https:\/\/crossroads-festival.org\/de\/film\/we-were-dangerous\" target=\"_blank\" rel=\"noopener\"><strong>We Were Dangerous<\/strong><\/a><br \/>\nNZ, 2024, 82 min, English<\/p>\n<p><strong>20:30 Wonderful free veganic Food von Das Liebig + Spektral Retten Soli Bar<\/p>\n<p>*** Ausstellung: Awareness Poster von THE CAKE ESCAPE ***<\/strong><\/p>\n<hr \/>\n<h3><a name=\"di0411\"><\/a>Dienstag 4.11.<strong> &#8211; Earth Defenders<\/strong><\/h3>\n<p><strong>11:00-16:30 Bike Repair &amp; Infostand \/ KF-Uni, Wiese zwischen Bibliothek und Physik Institut<\/strong><br \/>\n<strong><a href=\"https:\/\/www.instagram.com\/queerfem__bikekitchen_graz\/\" target=\"_blank\" rel=\"noopener\">Queer Feminist Bike Kitchen Graz<\/a> x <a href=\"https:\/\/crossroads-festival.org\" target=\"_blank\" rel=\"noopener\">Crossroads<\/a><\/strong><\/p>\n<p><strong>11:00-16:30 Queer-feministisches Basteln \/ KF-Uni, Wiese zwischen Bibliothek und Physik Institut<\/strong><br \/>\n<strong><a href=\"https:\/\/qufo.org\/\" target=\"_blank\" rel=\"noopener\">QuFO<\/a> x <a href=\"https:\/\/crossroads-festival.org\" target=\"_blank\" rel=\"noopener\">Crossroads<\/a><\/strong><\/p>\n<p><strong>18:00 Film + Gespr\u00e4ch \/ Heimatsaal, Paulustorgasse 13a (1. Stock)<\/strong><br \/>\n<a href=\"https:\/\/crossroads-festival.org\/de\/film\/wolken-ueber-luetzerath\" target=\"_blank\" rel=\"noopener\"><strong>Wolken \u00fcber L\u00fctzerath<\/strong><\/a> <br \/>\nDE, 2025, 110 min, Deutsch<br \/>\n+ Gespr\u00e4ch \u00fcber Lektionen aus der Klimabewegung und was wir jetzt tun k\u00f6nnen mit Menschen von Fridays for Future, ehemaligen Aktivist*innen von System Change, not Climate Change und Letzte Generation und dem Kollaps Caf\u00e9 Graz<\/p>\n<p><strong>21:00 Film + Q&amp;A \/ Heimatsaal, Paulustorgasse 13a (1. Stock)<\/strong><br \/>\n<a href=\"https:\/\/crossroads-festival.org\/de\/film\/fairy-creek\" target=\"_blank\" rel=\"noopener\"><strong>Fairy Creek<\/strong><\/a><br \/>\nCA, 2024, 86 min, English<br \/>\n+ Q&amp;A with filmmaker Jen Muranetz<\/p>\n<p><strong>*** Leckeres, warmes, veganes Futter zwischen den Filmen + Spektral Retten Soli Bar ***<\/strong><\/p>\n<hr \/>\n<h3><strong><a name=\"mi0511\"><\/a>Mittwoch 5.11. &#8211; Earth Defenders<\/strong><\/h3>\n<p><strong>18:00 Film + Gespr\u00e4ch \/ Heimatsaal, Paulustorgasse 13a (1. Stock)<\/strong><br \/>\n<a href=\"https:\/\/crossroads-festival.org\/de\/film\/von-kindern-und-baeumen\" target=\"_blank\" rel=\"noopener\"><strong>Von Kindern und B\u00e4umen &#8211; Ein Jahr in der Waldschule<\/strong><\/a><br \/>\nCH, 2024, 89 min, Deutsche Untertitel<br \/>\n+ Gespr\u00e4ch mit Valentina Giannachi (Lehrerin im naturspielwald, der im Film portr\u00e4tiert wird)<\/p>\n<p><strong>20:30 Film \/ Heimatsaal, Paulustorgasse 13a (1. Stock)<\/strong><br \/>\n<a href=\"https:\/\/crossroads-festival.org\/de\/film\/i-am-the-river-the-river-is-me\" target=\"_blank\" rel=\"noopener\"><strong>I Am The River, The River Is Me<\/strong><\/a> <br \/>\nNZ, 2024, 88 min, Englisch und M\u0101ori mit deutschen Untertiteln<\/p>\n<p><strong>*** Leckeres, warmes, veganes Futter zwischen den Filmen \/ gekocht von Guter Grund + Spektral Retten Soli Bar ***<\/strong><\/p>\n<hr \/>\n<h3><a name=\"do0611\"><\/a><strong>Donnerstag&nbsp; 6.11. &#8211; Stadt f\u00fcr Alle! \/ Animal Liberation<\/strong><\/h3>\n<p><strong>18:00 Film + Gespr\u00e4ch \/ Heimatsaal, Paulustorgasse 13a (1. Stock)<\/strong><br \/>\n<a href=\"https:\/\/crossroads-festival.org\/de\/film\/urban-disobedience-toolkit\" target=\"_blank\" rel=\"noopener\"><strong>Urban Disobedience Toolkit<\/strong><\/a><br \/>\nCZ, 2025, 88 min, Czech with English subtitles<br \/>\n+ Gespr\u00e4ch \u00fcber Recht auf Stadt \/ Graz f\u00fcr Alle mit Margarethe Makovec (&lt; rotor &gt;), Irina Karamarcovic (Migrant:innenbeirat der Stadt Graz), Lain Iwakura (Forum Stadtpark, Institute for Sonic Welfare) und Magdalena Vith (Raum 117, Knots &amp; Pots)<\/p>\n<p><strong>21:00 Film + Gespr\u00e4ch \/ Heimatsaal, Paulustorgasse 13a (1. Stock)<\/strong><br \/>\n<a href=\"https:\/\/crossroads-festival.org\/de\/film\/forever-home\" target=\"_blank\" rel=\"noopener\"><strong>Forever Home<\/strong><\/a> <br \/>\nUS, 2025, 56 min, English<br \/>\n+ Gespr\u00e4ch mit Katharina Steindl-Prem (Kuh und Du. Lebenshof f\u00fcr Rinder)<\/p>\n<p><strong>*** Leckeres, warmes, veganes Futter zwischen den Filmen \/ gekocht vom Alternativreferat der \u00d6H Uni Graz + Spektral Retten Soli Bar ***<\/strong><\/p>\n<hr \/>\n<h3><a name=\"fr0711\"><\/a><strong>Freitag 7.11. &#8211; Queer Feminist Rebellions<\/strong><\/h3>\n<p><strong>15:00-17:00 Workshop \/ Heimatsaal, Paulustorgasse 13a (1. Stock)<\/strong><br \/>\n<strong><a href=\"https:\/\/crossroads-festival.org\/de\/verbuendet-sein\" target=\"_blank\" rel=\"noopener\">Intersektionales Verb\u00fcndetsein &#8211; Rassismus und Sexismus gemeinsam denken.<\/a> <br \/>\n<a href=\"https:\/\/crossroads-festival.org\/de\/verbuendet-sein\" target=\"_blank\" rel=\"noopener\">Ein Raum f\u00fcr Perspektivenwechsel &amp; Privilegiencheck<\/a><\/strong><br \/>\nMit Adjanie Kamucote von THE CAKE ESCAPE<\/p>\n<p><strong>18:00 Film + Q&amp;A + Gespr\u00e4ch \/ Heimatsaal, Paulustorgasse 13a (1. Stock)<\/strong><br \/>\n<a href=\"https:\/\/crossroads-festival.org\/de\/film\/just-kids\" target=\"_blank\" rel=\"noopener\"><strong>Just Kids<\/strong><\/a> <br \/>\nUS, 2025, 93 min, English&nbsp;<br \/>\n+ Q&amp;A with 2x Emmy winning director Gianna Toboni<br \/>\n+ Gespr\u00e4ch mit Menschen von QuFO und t*Kr\u00e4nzchen<\/p>\n<p><strong>20:00 Gemeinsames Abendessen \/ Heimatsaal, Paulustorgasse 13a (1. Stock)<br \/>\nAntira Aktivisti kochen f\u00fcr uns \/ vegan \/ freiwillige Beitr\u00e4ge gehen an eine antirassistische Initiative<\/strong><\/p>\n<p><strong>21:00 Film + Q&amp;A \/ Heimatsaal, Paulustorgasse 13a (1. Stock)<\/strong><br \/>\n<a href=\"https:\/\/crossroads-festival.org\/de\/film\/dreamers\" target=\"_blank\" rel=\"noopener\"><strong>Dreamers<\/strong><\/a><br \/>\nUK, 2025, 78 min, Englisch mit deutschen Untertiteln<br \/>\n+ Q&amp;A with lead actresses Ronke Adekoluejo and Ann Akinjirin<\/p>\n<hr \/>\n<h3><strong><a name=\"sa0811\"><\/a>Samstag 8.11. &#8211; Queer Feminist Rebellions<\/strong><\/h3>\n<p><strong>10:00-12:00 Workshop \/ Spektral, Lendkai 45<\/strong><br \/>\n<a href=\"https:\/\/crossroads-festival.org\/de\/zivilcourage\" target=\"_blank\" rel=\"noopener\"><strong>Bevor es passiert <br \/>\nZivilcourage gegen patriarchale Gewalt<\/strong><\/a><br \/>\nMit Petra Leschanz<\/p>\n<p><strong>12:30-14:00 Buchpr\u00e4sentation (Weltpremiere) &amp; Austausch \/ Spektral, Lendkai 45<\/strong><br \/>\n<a href=\"https:\/\/wirzwei-imdickicht.com\/\" target=\"_blank\" rel=\"noopener\"><strong>Wir zwei gegen den Rest der Welt <br \/>\nPartnergewalt im Dickicht zwischen Patriarchat und Rassismus<\/strong><\/a><br \/>\nMit Laura Grossmann<\/p>\n<p><strong>13:00-17:30 Kleidertausch \/ Heimatsaal, Paulustorgasse 13a (1. Stock)<\/strong><br \/>\n<a href=\"https:\/\/crossroads-festival.org\/de\/empty_closet_kleidertausch\" target=\"_blank\" rel=\"noopener\"><strong>Empty your Closet<\/strong><\/a><br \/>\nBy Empty Closet<\/p>\n<p><strong>13:00-17:30 Rad Reparatur Session \/ Vor dem Heimatsaal, Paulustorgasse 13a<\/strong><br \/>\n<strong><a href=\"https:\/\/crossroads-festival.org\/de\/queer_feminist_bike_kitchen\" target=\"_blank\" rel=\"noopener\">DIY und mackerfrei<\/a><br \/>\n<\/strong>By Queer Feminist Bike Kitchen Graz<\/p>\n<p><strong>15:00-17:00 Speed Friending \/ Heimatsaal (Paulustorgasse 13a, 1. Stock)<\/strong><br \/>\n<a href=\"https:\/\/crossroads-festival.org\/de\/all-these-awesome-people\" target=\"_blank\" rel=\"noopener\"><strong>All These Awesome People! <\/strong><strong><br \/>\nFind new Friends &amp; Compa\u00f1eras<\/strong><\/a><\/p>\n<p><strong>18:00 Film + Q&amp;A \/ Heimatsaal, Paulustorgasse 13a (1. Stock)<\/strong><br \/>\n<a href=\"https:\/\/crossroads-festival.org\/de\/film\/comparsa\" target=\"_blank\" rel=\"noopener\"><strong>Comparsa<\/strong><\/a> <br \/>\nGT\/US, 2025, 79 min, Spanish with English subtitles<br \/>\n+ Q&amp;A with protagonist Lesli Canela P\u00e9rez and producer Anna Hadingham<\/p>\n<p><strong>20:30 Film \/ Heimatsaal, Paulustorgasse 13a (1. Stock)<\/strong><br \/>\n<a href=\"https:\/\/crossroads-festival.org\/de\/film\/this-is-ballroom\" target=\"_blank\" rel=\"noopener\"><strong>This is Ballroom<\/strong><\/a> <br \/>\nBR, 2024, 92 min, Portuguese with English subtitles<\/p>\n<p><strong>22:30 Soliparty \/ Raum 117, Waagner-Biro Stra\u00dfe 117<\/strong><br \/>\n<a href=\"https:\/\/crossroads-festival.org\/de\/spektralize-spektral-soliparty\" target=\"_blank\" rel=\"noopener\"><strong>Spektralize!<br \/>\nSpektral wird bleiben!<\/strong><\/a><br \/>\nLive: <a href=\"https:\/\/www.youtube.com\/watch?v=wMJkfawug_s\" target=\"_blank\" rel=\"noopener\">Keyhan<\/a> (Wien), DJs: <a href=\"https:\/\/soundcloud.com\/julia-caballera\" target=\"_blank\" rel=\"noopener\">Julia Caballera<\/a> (<span id=\"L1\">I&#8217;m in Love with &#8211; Kollektiv)<\/span>, <a href=\"https:\/\/soundcloud.com\/sophie-so-6\" target=\"_blank\" rel=\"noopener\">Sowie<\/a> b2b <a href=\"https:\/\/linktr.ee\/pulpktchn\" target=\"_blank\" rel=\"noopener\">Pulp Kitchen<\/a> (Greynote), <a href=\"https:\/\/soundcloud.com\/uzasnamusika\" target=\"_blank\" rel=\"noopener\">U\u017eas!<\/a> (Flausch), <a href=\"https:\/\/www.instagram.com\/jade_anima\/\" target=\"_blank\" rel=\"noopener\">Jade Anima<\/a> (Flausch) + Gratis Glitzer f\u00fcr Alle! (<a href=\"https:\/\/www.instagram.com\/ravenbogen\/\" target=\"_blank\" rel=\"noopener\">Ravenbogen<\/a> &amp; <a href=\"https:\/\/qufo.org\/\" target=\"_blank\" rel=\"noopener\">QuFO<\/a>)<br \/>\nSichere gemeinsame Fahrt zur Party: Treffpunkt um 22:45 im Heimatsaal bei der Spektral Solibar. Keyhan stage time: 23:30<\/p>\n<p><strong>*** Leckeres, warmes, veganes Futter zwischen den Filmen <br \/>\n<\/strong>gekocht von Superstar Chef, crazy Fruit Nut, Goumi Z\u00fcchter und dem regierenden Grazer Kn\u00f6delk\u00f6nig Andreas Motschiunig \/ Spenden gehen an das FUG Projekt Schulgarteln<strong><br \/>\n+ Spektral Retten Soli Bar<\/strong><\/p>\n<hr \/>\n<h3><a name=\"so0911\"><\/a><strong>Sonntag 9.11. &#8211;<\/strong><\/h3>\n<h3><strong>Queer Feminist Rebellions<\/strong> \/<\/h3>\n<h3><strong>Mental Health Matters<\/strong><\/h3>\n<p><strong>11:00-16:00 Brunch \/ Spektral, Lendkai 45&nbsp;<br \/>\n<a href=\"https:\/\/crossroads-festival.org\/de\/queer-vegan-potluck-brunch\" target=\"_blank\" rel=\"noopener\">Queer Vegan Potluck Brunch<\/a><\/strong><br \/>\nMit QuFO &amp; Friends<\/p>\n<p><strong>11:00-16:00 Bastel Session \/ Spektral, Lendkai 45<\/strong><br \/>\n<a href=\"https:\/\/crossroads-festival.org\/de\/queer-feministisches-craften\" target=\"_blank\" rel=\"noopener\"><strong>Queer-feministisches Craften<\/strong><\/a><br \/>\nMit QuFO<\/p>\n<p><strong>12:30-14:30 Workshop \/ FENCO &amp; friends, Reitschulgasse 10<\/strong><br \/>\n<a href=\"https:\/\/crossroads-festival.org\/de\/caring-masculinities\" target=\"_blank\" rel=\"noopener\"><strong>Caring Masculinities <br \/>\nWie M\u00e4nner zu Gendergerechtigkeit beitragen k\u00f6nnen<\/strong><\/a><br \/>\nMit Alex Moschitz<\/p>\n<p><strong> 15:00-17:00 Workshop \/ FENCO &amp; friends, Reitschulgasse 10<\/strong><br \/>\n<strong><em>!!! SORRY, WG KRANKHEIT ABGESAGT (Neuer Termin folgt):<\/em> <\/strong><a href=\"https:\/\/crossroads-festival.org\/de\/trans-allyship\" target=\"_blank\" rel=\"noopener\"><strong>Verb\u00fcndet Euch! <br \/>\nTrans Allyship in Zeiten politischer Verfolgung<\/strong><\/a><em><strong> &#8211; <\/strong><strong>Du m\u00f6chtest bzgl des neuen Termins informiert werden? Schreib bitte an office[at]crossroads-festival.org.<\/strong><\/em><br \/>\nVon und mit T~Kr\u00e4nzchen<\/p>\n<p><strong>18:30 Film \/ Heimatsaal, Paulustorgasse 13a (1. Stock)<\/strong><br \/>\n<a href=\"https:\/\/crossroads-festival.org\/de\/film\/cant-feel-nothing\" target=\"_blank\" rel=\"noopener\"><strong>Can\u00b4t Feel Nothing<\/strong><\/a> <br \/>\nDK, 2024, 81 min, English<\/p>\n<p><strong>20:30 Gemeinsames Abendessen<br \/>\n<a href=\"https:\/\/oikosgraz.org\/\" target=\"_blank\" rel=\"noopener\">Oikos Graz<\/a> kochen f\u00fcr uns \/ vegan \/ freiwilliger Beitrag<br \/>\n<\/strong><\/p>\n<hr \/>\n<h3><a name=\"mo1011\"><\/a><strong>Montag 10.11. &#8211; Harvesting Hope<\/strong><\/h3>\n<p><strong>15:00-17:00 Workshop \/ Skill Share \/ Attemsgarten, Mozartgasse 14<\/strong><br \/>\n<a href=\"https:\/\/crossroads-festival.org\/de\/simply_the_best\" target=\"_blank\" rel=\"noopener\"><strong>Simply The Best <br \/>\nTolle Obstsorten finden und pflanzen<\/strong><\/a><br \/>\nMit Josef Obermoser (Awesome Tomatoes, Die Z\u00f6delei, Crossroads) &amp; Christoph Pross (Die Z\u00f6delei, Seed Kollektiv)<\/p>\n<p><strong>18:00 Film + Gespr\u00e4ch \/ Heimatsaal, Paulustorgasse 13a (1. Stock)<\/strong><br \/>\n<a href=\"https:\/\/crossroads-festival.org\/de\/film\/rooted\" target=\"_blank\" rel=\"noopener\"><strong>Rooted<\/strong><\/a><br \/>\nUS, 2024, 95 min, English<br \/>\n+ Gespr\u00e4ch \u00fcber Urban Farming und zukunftsweisende Lebensmittelversorgung f\u00fcr Graz mit Ulli Klein (KLEINeFARM \/ angefragt), Johanna Steinhauszer (Unser Bauerngarten), David Steinwender (Forum Urbanes G\u00e4rtnern), Andrea Breithuber (miteinander.mohoga)<\/p>\n<p><strong>20:30 Film + Q&amp;A \/ Heimatsaal, Paulustorgasse 13a (1. Stock)<\/strong><br \/>\n<a href=\"https:\/\/crossroads-festival.org\/de\/film\/tea-creek\" target=\"_blank\" rel=\"noopener\"><strong>Tea Creek<\/strong><\/a><br \/>\nCA, 2024, 73 min, English<br \/>\n+ Q&amp;A with protagonist Jacob Beaton<\/p>\n<p><strong>*** Leckeres, warmes, veganes Futter zwischen den Filmen. K\u00f6chinnen: Die Z\u00f6delei &amp; Gartenzwerge Geidorf + Spektral Retten Soli Bar ***<\/strong><\/p>\n<hr \/>\n<h3><a name=\"di1111\"><\/a><strong>Dienstag 11.11. &#8211; Fighting For Democracy<\/strong><strong><br \/>\n<\/strong><\/h3>\n<p><strong>15:00-17:00 Workshop \/ Radio Helsinki, Sch\u00f6naugasse 8<\/strong><br \/>\n<a href=\"https:\/\/crossroads-festival.org\/de\/radio-als-widerstaendige-praxis\" target=\"_blank\" rel=\"noopener\"><strong>Radio als widerst\u00e4ndige Praxis<\/strong><\/a><br \/>\nMit Tamara Ussner (Radio Helsinki, Von Unten)<\/p>\n<p><strong>18:00 Film + Q&amp;A \/ Heimatsaal, Paulustorgasse 13a (1. Stock)<\/strong><br \/>\n<a href=\"https:\/\/crossroads-festival.org\/de\/film\/i-hope-this-helps\" target=\"_blank\" rel=\"noopener\"><strong>I Hope This Helps!<\/strong><\/a> <br \/>\nUS, 2024, 52 min, English<br \/>\n+ Q&amp;A with filmmaker Daniel Freed<\/p>\n<p><strong>20:30 Film \/ Heimatsaal, Paulustorgasse 13a (1. Stock)<\/strong><br \/>\n<a href=\"https:\/\/crossroads-festival.org\/de\/film\/mr-nobody-against-putin\" target=\"_blank\" rel=\"noopener\"><strong>Mr. Nobody Against Putin<\/strong><\/a><br \/>\nCZ\/DK, 2025, 90 min, Russian with English subtitles<\/p>\n<p><strong>*** Leckeres, warmes, veganes Futter zwischen den Filmen. Unsere K\u00f6chin: Erika + Spektral Retten Soli Bar ***<\/strong><\/p>\n<hr \/>\n<h3><a name=\"mi1211\"><\/a><strong>Mittwoch 12.11. &#8211; Fighting For Democracy<\/strong><\/h3>\n<p><strong>19:00 Film \/ Auditorium, Joanneumsviertel 1, Zugang Kalchberggasse<\/strong><br \/>\n<a href=\"https:\/\/crossroads-festival.org\/de\/film\/kein-land-fuer-niemand\" target=\"_blank\" rel=\"noopener\"><strong>Kein Land f\u00fcr Niemand<\/strong><\/a> <br \/>\nDE, 2025, 106 min, Deutsch<\/p>\n<hr \/>\n<div class='printomatic pom-default ' id='id7023'  data-print_target='article'><\/div>\n<p>&nbsp;<\/p>\n<p><\/p>\n<div class=\"shariff shariff-align-flex-start shariff-widget-align-flex-start\"><ul class=\"shariff-buttons theme-default orientation-horizontal buttonsize-medium\"><li class=\"shariff-button facebook shariff-nocustomcolor\" style=\"background-color:#4273c8\"><a href=\"https:\/\/www.facebook.com\/sharer\/sharer.php?u=https%3A%2F%2Fcrossroads-festival.org%2Fde%2Fprogramm-2025\" title=\"Share on Facebook\" aria-label=\"Share on Facebook\" role=\"button\" rel=\"nofollow\" class=\"shariff-link\" style=\"; background-color:#3b5998; color:#fff\" target=\"_blank\"><span class=\"shariff-icon\" style=\"\"><svg width=\"32px\" height=\"20px\" xmlns=\"http:\/\/www.w3.org\/2000\/svg\" viewBox=\"0 0 18 32\"><path fill=\"#3b5998\" d=\"M17.1 0.2v4.7h-2.8q-1.5 0-2.1 0.6t-0.5 1.9v3.4h5.2l-0.7 5.3h-4.5v13.6h-5.5v-13.6h-4.5v-5.3h4.5v-3.9q0-3.3 1.9-5.2t5-1.8q2.6 0 4.1 0.2z\"\/><\/svg><\/span><span class=\"shariff-text\">share<\/span>&nbsp;<\/a><\/li><li class=\"shariff-button mailto shariff-nocustomcolor\" style=\"background-color:#a8a8a8\"><a href=\"mailto:?body=https%3A%2F%2Fcrossroads-festival.org%2Fde%2Fprogramm-2025&subject=Programm%202025\" title=\"Send by email\" aria-label=\"Send by email\" role=\"button\" rel=\"noopener nofollow\" class=\"shariff-link\" style=\"; background-color:#999; color:#fff\"><span class=\"shariff-icon\" style=\"\"><svg width=\"32px\" height=\"20px\" xmlns=\"http:\/\/www.w3.org\/2000\/svg\" viewBox=\"0 0 32 32\"><path fill=\"#999\" d=\"M32 12.7v14.2q0 1.2-0.8 2t-2 0.9h-26.3q-1.2 0-2-0.9t-0.8-2v-14.2q0.8 0.9 1.8 1.6 6.5 4.4 8.9 6.1 1 0.8 1.6 1.2t1.7 0.9 2 0.4h0.1q0.9 0 2-0.4t1.7-0.9 1.6-1.2q3-2.2 8.9-6.1 1-0.7 1.8-1.6zM32 7.4q0 1.4-0.9 2.7t-2.2 2.2q-6.7 4.7-8.4 5.8-0.2 0.1-0.7 0.5t-1 0.7-0.9 0.6-1.1 0.5-0.9 0.2h-0.1q-0.4 0-0.9-0.2t-1.1-0.5-0.9-0.6-1-0.7-0.7-0.5q-1.6-1.1-4.7-3.2t-3.6-2.6q-1.1-0.7-2.1-2t-1-2.5q0-1.4 0.7-2.3t2.1-0.9h26.3q1.2 0 2 0.8t0.9 2z\"\/><\/svg><\/span><span class=\"shariff-text\">email<\/span>&nbsp;<\/a><\/li><\/ul><\/div>","protected":false},"excerpt":{"rendered":"<p>PROGRAMM 2025 Montag 3.11. Dienstag 4.11. Mittwoch 5.11. Donnerstag 6.11. Freitag 7.11. Samstag 8.11. Sonntag 9.11. Montag 10.11. Dienstag 11.11. Mittwoch 12.11. Montag 3.11. &#8211; Er\u00f6ffnung 18:30 \/ Heimatsaal, Paulustorgasse 13a (1. Stock) Begr\u00fc\u00dfung Tamara Ussner (Radio Helsinki, Von Unten), Spektral Retten &amp; das Festival Team Er\u00f6ffnungsfilm We Were Dangerous NZ, 2024, 82 min, English &hellip; <a href=\"https:\/\/crossroads-festival.org\/de\/programm-2025\" class=\"more-link\"><span class=\"screen-reader-text\">Programm 2025<\/span> weiterlesen <span class=\"meta-nav\">&rarr;<\/span><\/a><\/p>\n","protected":false},"author":1,"featured_media":0,"parent":0,"menu_order":0,"comment_status":"closed","ping_status":"closed","template":"","meta":{"_acf_changed":false,"spay_email":"","footnotes":""},"class_list":["post-3329","page","type-page","status-publish","hentry"],"acf":[],"jetpack_shortlink":"https:\/\/wp.me\/P8yz7o-RH","_links":{"self":[{"href":"https:\/\/crossroads-festival.org\/de\/wp-json\/wp\/v2\/pages\/3329"}],"collection":[{"href":"https:\/\/crossroads-festival.org\/de\/wp-json\/wp\/v2\/pages"}],"about":[{"href":"https:\/\/crossroads-festival.org\/de\/wp-json\/wp\/v2\/types\/page"}],"author":[{"embeddable":true,"href":"https:\/\/crossroads-festival.org\/de\/wp-json\/wp\/v2\/users\/1"}],"replies":[{"embeddable":true,"href":"https:\/\/crossroads-festival.org\/de\/wp-json\/wp\/v2\/comments?post=3329"}],"version-history":[{"count":119,"href":"https:\/\/crossroads-festival.org\/de\/wp-json\/wp\/v2\/pages\/3329\/revisions"}],"predecessor-version":[{"id":3750,"href":"https:\/\/crossroads-festival.org\/de\/wp-json\/wp\/v2\/pages\/3329\/revisions\/3750"}],"wp:attachment":[{"href":"https:\/\/crossroads-festival.org\/de\/wp-json\/wp\/v2\/media?parent=3329"}],"curies":[{"name":"wp","href":"https:\/\/api.w.org\/{rel}","templated":true}]}}