{"id":32,"date":"2015-03-22T18:35:40","date_gmt":"2015-03-22T18:35:40","guid":{"rendered":"http:\/\/crossroads-festival.org\/test2015\/?page_id=32"},"modified":"2022-03-25T07:56:25","modified_gmt":"2022-03-25T07:56:25","slug":"about","status":"publish","type":"page","link":"https:\/\/crossroads-festival.org\/de\/festival\/about","title":{"rendered":"About"},"content":{"rendered":"<p><\/p>\n<p><strong>CROSSROADS<\/strong><br \/>\n<strong>Festival f\u00fcr Dokumentarfilm und Diskurs<\/strong><\/p>\n<p>Das Crossroads Festival l\u00e4dt zur Auseinandersetzung mit entscheidenden Entwicklungen der Gegenwart ein. Neben aktuellen Herausforderungen macht die Auswahl spannender neuer Dokumentarfilme Menschen, Initiativen und Bewegungen sichtbar, die sich f\u00fcr den Erhalt unserer Lebensgrundlagen und sozialen Errungenschaften einsetzen und ein gutes Leben f\u00fcr Alle erm\u00f6glichen wollen. Mit beeindruckenden Bildern werden inspirierende Geschichten erz\u00e4hlt, die Handlungsm\u00f6glichkeiten aufzeigen und Mut machen.<\/p>\n<p>Die meisten bei Crossroads zu sehenden Filme feiern im Rahmen des Festivals ihre \u00d6sterreich- oder Europapremieren. Viele wurden mit verschiedensten Preisen ausgezeichnet. Gespr\u00e4che im Anschluss an die Vorf\u00fchrungen erm\u00f6glichen es, sich mit Filmemacher:innen und Protagonist:innen auszutauschen und die von den Filmen behandelten Themen zu diskutieren. Zus\u00e4tzliche Vortr\u00e4ge, Debatten und Workshops vervollst\u00e4ndigen das Programm.<\/p>\n<p>Kuratiert und organisiert wird das Festival von einem Team um Josef Obermoser, dem langj\u00e4hrigen Co-Kurator des Elevate Festivals und ehemaligen Beauftragten f\u00fcr die Sparte Gesellschaftspolitik des Forum Stadtpark.<\/p>\n<p><\/p>\n<div class=\"shariff shariff-align-flex-start shariff-widget-align-flex-start\"><ul class=\"shariff-buttons theme-default orientation-horizontal buttonsize-medium\"><li class=\"shariff-button facebook shariff-nocustomcolor\" style=\"background-color:#4273c8\"><a href=\"https:\/\/www.facebook.com\/sharer\/sharer.php?u=https%3A%2F%2Fcrossroads-festival.org%2Fde%2Ffestival%2Fabout\" title=\"Share on Facebook\" aria-label=\"Share on Facebook\" role=\"button\" rel=\"nofollow\" class=\"shariff-link\" style=\"; background-color:#3b5998; color:#fff\" target=\"_blank\"><span class=\"shariff-icon\" style=\"\"><svg width=\"32px\" height=\"20px\" xmlns=\"http:\/\/www.w3.org\/2000\/svg\" viewBox=\"0 0 18 32\"><path fill=\"#3b5998\" d=\"M17.1 0.2v4.7h-2.8q-1.5 0-2.1 0.6t-0.5 1.9v3.4h5.2l-0.7 5.3h-4.5v13.6h-5.5v-13.6h-4.5v-5.3h4.5v-3.9q0-3.3 1.9-5.2t5-1.8q2.6 0 4.1 0.2z\"\/><\/svg><\/span><span class=\"shariff-text\">share<\/span>&nbsp;<\/a><\/li><li class=\"shariff-button mailto shariff-nocustomcolor\" style=\"background-color:#a8a8a8\"><a href=\"mailto:?body=https%3A%2F%2Fcrossroads-festival.org%2Fde%2Ffestival%2Fabout&subject=About\" title=\"Send by email\" aria-label=\"Send by email\" role=\"button\" rel=\"noopener nofollow\" class=\"shariff-link\" style=\"; background-color:#999; color:#fff\"><span class=\"shariff-icon\" style=\"\"><svg width=\"32px\" height=\"20px\" xmlns=\"http:\/\/www.w3.org\/2000\/svg\" viewBox=\"0 0 32 32\"><path fill=\"#999\" d=\"M32 12.7v14.2q0 1.2-0.8 2t-2 0.9h-26.3q-1.2 0-2-0.9t-0.8-2v-14.2q0.8 0.9 1.8 1.6 6.5 4.4 8.9 6.1 1 0.8 1.6 1.2t1.7 0.9 2 0.4h0.1q0.9 0 2-0.4t1.7-0.9 1.6-1.2q3-2.2 8.9-6.1 1-0.7 1.8-1.6zM32 7.4q0 1.4-0.9 2.7t-2.2 2.2q-6.7 4.7-8.4 5.8-0.2 0.1-0.7 0.5t-1 0.7-0.9 0.6-1.1 0.5-0.9 0.2h-0.1q-0.4 0-0.9-0.2t-1.1-0.5-0.9-0.6-1-0.7-0.7-0.5q-1.6-1.1-4.7-3.2t-3.6-2.6q-1.1-0.7-2.1-2t-1-2.5q0-1.4 0.7-2.3t2.1-0.9h26.3q1.2 0 2 0.8t0.9 2z\"\/><\/svg><\/span><span class=\"shariff-text\">email<\/span>&nbsp;<\/a><\/li><\/ul><\/div>","protected":false},"excerpt":{"rendered":"<p>CROSSROADS Festival f\u00fcr Dokumentarfilm und Diskurs Das Crossroads Festival l\u00e4dt zur Auseinandersetzung mit entscheidenden Entwicklungen der Gegenwart ein. Neben aktuellen Herausforderungen macht die Auswahl spannender neuer Dokumentarfilme Menschen, Initiativen und Bewegungen sichtbar, die sich f\u00fcr den Erhalt unserer Lebensgrundlagen und sozialen Errungenschaften einsetzen und ein gutes Leben f\u00fcr Alle erm\u00f6glichen wollen. Mit beeindruckenden Bildern werden &hellip; <a href=\"https:\/\/crossroads-festival.org\/de\/festival\/about\" class=\"more-link\"><span class=\"screen-reader-text\">About<\/span> weiterlesen <span class=\"meta-nav\">&rarr;<\/span><\/a><\/p>\n","protected":false},"author":1,"featured_media":0,"parent":28,"menu_order":0,"comment_status":"open","ping_status":"open","template":"","meta":{"_acf_changed":false,"spay_email":"","footnotes":""},"class_list":["post-32","page","type-page","status-publish","hentry"],"acf":[],"jetpack_shortlink":"https:\/\/wp.me\/P8yz7o-w","_links":{"self":[{"href":"https:\/\/crossroads-festival.org\/de\/wp-json\/wp\/v2\/pages\/32"}],"collection":[{"href":"https:\/\/crossroads-festival.org\/de\/wp-json\/wp\/v2\/pages"}],"about":[{"href":"https:\/\/crossroads-festival.org\/de\/wp-json\/wp\/v2\/types\/page"}],"author":[{"embeddable":true,"href":"https:\/\/crossroads-festival.org\/de\/wp-json\/wp\/v2\/users\/1"}],"replies":[{"embeddable":true,"href":"https:\/\/crossroads-festival.org\/de\/wp-json\/wp\/v2\/comments?post=32"}],"version-history":[{"count":31,"href":"https:\/\/crossroads-festival.org\/de\/wp-json\/wp\/v2\/pages\/32\/revisions"}],"predecessor-version":[{"id":2270,"href":"https:\/\/crossroads-festival.org\/de\/wp-json\/wp\/v2\/pages\/32\/revisions\/2270"}],"up":[{"embeddable":true,"href":"https:\/\/crossroads-festival.org\/de\/wp-json\/wp\/v2\/pages\/28"}],"wp:attachment":[{"href":"https:\/\/crossroads-festival.org\/de\/wp-json\/wp\/v2\/media?parent=32"}],"curies":[{"name":"wp","href":"https:\/\/api.w.org\/{rel}","templated":true}]}}