{"id":3090,"date":"2024-09-12T18:14:07","date_gmt":"2024-09-12T18:14:07","guid":{"rendered":"https:\/\/crossroads-festival.org\/de\/programm-2022-neu-copy-copy"},"modified":"2024-11-04T12:28:51","modified_gmt":"2024-11-04T12:28:51","slug":"programm-2022-neu-copy-copy","status":"publish","type":"page","link":"https:\/\/crossroads-festival.org\/de\/programm-2024","title":{"rendered":"Programm 2024"},"content":{"rendered":"<p><\/p>\n<div id=\"progheader\">\n<h2 id=\"head\"><strong>PROGRAMM-\u00dcBERSICHT 2024<br \/>\n<\/strong><\/h2>\n<div id=\"print\"><div class='printomatic pom-default ' id='id8452'  data-print_target='article'><\/div><\/div>\n<\/div>\n<hr \/>\n<div id=\"dayoverview\" style=\"line-height: 1.8em;\">\n<div id=\"day\"><a href=\"#do3110\">Donnerstag 31.10.<\/a><\/div>\n<div id=\"day\"><a href=\"#fr0111\">Freitag 1.11.<\/a><\/div>\n<div id=\"day\"><a href=\"#sa0211\">Samstag 2.11.<\/a><\/div>\n<div id=\"day\"><a href=\"#so0311\">Sonntag 3.11.<\/a><\/div>\n<div id=\"day\"><a href=\"#mo0411\">Montag 4.11.<\/a><\/div>\n<div id=\"day\"><a href=\"#di0511\">Dienstag 5.11.<\/a><\/div>\n<div id=\"day\"><a href=\"#mi0611\">Mittwoch 6.11.<\/a><\/div>\n<div id=\"day\"><a href=\"#do0711\">Donnerstag 7.11.<\/a><\/div>\n<div id=\"day\"><a href=\"#fr0811\">Freitag 8.11.<\/a><\/div>\n<div id=\"day\"><a href=\"#sa0911\">Samstag 9.11.<\/a><\/div>\n<\/div>\n<hr \/>\n<h3><a name=\"do3110\"><\/a><strong>Donnerstag 31.10. &#8211; Er\u00f6ffnung &#8211; Defending Democracy<br \/>\n<\/strong><\/h3>\n<p><strong>19:00 Er\u00f6ffnungsfilm + Gespr\u00e4ch \/ Forum Stadtpark, Stadtpark 1<\/strong><br \/>\n<a href=\"https:\/\/crossroads-festival.org\/de\/film\/democracy-noir\" target=\"_blank\" rel=\"noopener\"><strong>Democracy Noir<\/strong><\/a><br \/>\nDK\/US\/DE\/HU, 2024, 90 min, English and Hungarian with English subtitles<br \/>\n+ Gespr\u00e4ch mit Elke Kahr (B\u00fcrgermeisterin), Ifeoma Moira Ikea (AntiRa Stammtisch Graz), Joe Niedermayer (RosaLila PantherInnen) und Lisa R\u00fccker (Aktivistin, ehem. Politikerin) &#8211; dar\u00fcber wie wir dem Rechtsruck entgegenwirken k\u00f6nnen und wie Graz eine f\u00fcr alle Menschen sichere Stadt der Solidarit\u00e4t werden kann<\/p>\n<hr \/>\n<h3><a name=\"fr0111\"><\/a>Freitag 1.11<strong>. &#8211; Just Collapse \/ Prepping Together<br \/>\n<\/strong><\/h3>\n<p><strong>19:00 Film + Gespr\u00e4ch \/ Forum Stadtpark, Stadtpark 1<\/strong><br \/>\n<a href=\"https:\/\/crossroads-festival.org\/de\/film\/once-you-know\" target=\"_blank\" rel=\"noopener\"><strong>Once You Know<\/strong><\/a><br \/>\nFR, 2020, 104 min, Englisch und Franz\u00f6sisch mit deutschen Untertiteln<br \/>\n+ Gespr\u00e4ch mit Norbert Prinz (Mitbegr\u00fcnder des Klima-Kollaps-Cafe und Vertreter der Kollapspsychologie \/ via Videostream)<\/p>\n<hr \/>\n<h3><strong><a name=\"sa0211\"><\/a>Samstag 2.11. &#8211; Green City Lives<br \/>\n<\/strong><\/h3>\n<p><strong>13:00-17:30 Kleidertausch \/ Forum Stadtpark, Stadtpark 1 (1. Stock)<br \/>\n<a href=\"https:\/\/crossroads-festival.org\/de\/kleidertausch\" target=\"_blank\" rel=\"noopener\">Kleidertausch \/ Clothing Swap<\/a><br \/>\n<\/strong>In Kooperation mit Oikos Graz<strong><\/p>\n<p><\/strong><strong>18:00 Film + Gespr\u00e4ch \/ Forum Stadtpark, Stadtpark 1<\/strong><br \/>\n<a href=\"https:\/\/crossroads-festival.org\/de\/film\/green-city-life\" target=\"_blank\" rel=\"noopener\"><strong>Green City Life<\/strong><\/a><br \/>\nFR, 2023, 85 min, French, Spanish, German with English subtitles<br \/>\n+ Gespr\u00e4ch mit David Steinwender (Forum Urbanes G\u00e4rtnern, ACT), Emily (Fridays For Future) und Franziska Schruth (Stadtgr\u00fcnbegeisterte) \u00fcber spannende Ver\u00e4nderungsideen und -m\u00f6glichkeiten in Graz<\/p>\n<p><strong>20:00-21:00 Gemeinsames Abendessen \/ Forum Stadtpark, Stadtpark 1 (1. Stock)<br \/>\nDas Freiraumfest kocht f\u00fcr euch<br \/>\n<\/strong><\/p>\n<p><strong>21:00 Film + Gespr\u00e4ch \/ Forum Stadtpark, Stadtpark 1<\/strong><br \/>\n<strong><a href=\"https:\/\/crossroads-festival.org\/de\/film\/low-tech\" target=\"_blank\" rel=\"noopener\">Low-Tech (Builders of the next World)<\/a><br \/>\n<\/strong>FR\/BE, 2023, 93 min, French with English subtitles<br \/>\n+ Gespr\u00e4ch mit Menschen der offenen Gemeinschafts-Werkstatt Traumwerk und des Repair Caf\u00e9 Graz<\/p>\n<hr \/>\n<h3><a name=\"so0311\"><\/a><strong>Sonntag&nbsp; 3.11. &#8211; Harvesting Hope<br \/>\n<\/strong><\/h3>\n<p><strong>13:00-15:00 Workshop \/ Forum Stadtpark, Stadtpark 1 (1.Stock)<br \/>\n<a href=\"https:\/\/crossroads-festival.org\/de\/vielfalt-saen\" target=\"_blank\" rel=\"noopener\">Vielfalt s\u00e4en, Gemeinschaft ernten<\/a> <br \/>\n<a href=\"https:\/\/crossroads-festival.org\/de\/vielfalt-saen\" target=\"_blank\" rel=\"noopener\">Essbarschaften als vielf\u00e4ltige Lebensr\u00e4ume f\u00fcr Mensch und Natur<\/a><br \/>\n<\/strong>Mit Sandra Karner (IFZ) &amp; David Steinwender (IFZ)<strong><\/p>\n<p><\/strong><strong>16:00-17:30 Netzwerktreffen \/ Forum Stadtpark, Stadtpark 1 (1.Stock)<br \/>\n<a href=\"https:\/\/crossroads-festival.org\/de\/essbare-stadt\" target=\"_blank\" rel=\"noopener\">&#8222;Essbare Stadt&#8220; und Gemeinschaftsg\u00e4rten in Graz und Umgebung<\/a><\/strong><br \/>\nGehosted von Forum Urbanes G\u00e4rtnern (Zentralgartenb\u00fcro)<\/p>\n<p><strong>18:00 Film + Gespr\u00e4ch \/ Forum Stadtpark, Stadtpark 1<\/strong><br \/>\n<a href=\"https:\/\/crossroads-festival.org\/de\/film\/das-kombinat\" target=\"_blank\" rel=\"noopener\"><strong>Das Kombinat<\/strong><\/a><br \/>\nDE, 2023, 90 min, Deutsch<br \/>\n+ Gespr\u00e4ch mit Ulli Klein (Biob\u00e4uerin &amp; Tomatenz\u00fcchterin \/ KLEINeFARM) &amp; Arjuna Gratt (Solawi Ernteschwung) <\/p>\n<p><strong>20:00-21:00 Gemeinsames Abendessen \/ Forum Stadtpark, Stadtpark 1 (1. Stock)<br \/>\nAndreas Motschiunig kocht f\u00fcr euch mit Z\u00f6delei-Gem\u00fcse<br \/>\n<\/strong><\/p>\n<p><strong>21:00 Film \/ Forum Stadtpark, Stadtpark 1<\/strong><br \/>\n<a href=\"https:\/\/crossroads-festival.org\/de\/film\/holy-shit\" target=\"_blank\" rel=\"noopener\"><strong>Holy Shit<\/strong><\/a><br \/>\nDE\/SW, 2023, 85 min, deutsche Fassung<\/p>\n<hr \/>\n<h3><a name=\"mo0411\"><\/a><strong>Montag 4.11. &#8211; Programmfrei <\/strong><strong><br \/>\n<\/strong><\/h3>\n<hr \/>\n<h3><strong><a name=\"di0511\"><\/a>Dienstag 5.11. &#8211; <\/strong><strong>People Power<\/strong><\/h3>\n<p><strong>19:00 Film + Gespr\u00e4ch \/ Heimatsaal im Volkskundemuseum (Paulustorgasse 13a, 1. Stock)<br \/>\n<a href=\"https:\/\/crossroads-festival.org\/de\/film\/union\" target=\"_blank\" rel=\"noopener\">Union<\/a><\/strong><br \/>\nUS, 2023, 102 min, English<br \/>\n+ Gespr\u00e4ch mit Werner Rochlitz (Regionalsekret\u00e4r N\u00d6, Gewerkschaft GPA) &amp; Sebastian Nestorov (Betriebsratsvorsitzender Amazon \u00d6sterreich)<\/p>\n<hr \/>\n<h3><a name=\"mi0611\"><\/a><strong>Mittwoch 6.11. &#8211; Earth Protectors<br \/>\n<\/strong><\/h3>\n<p><strong>18:00 Film + Q&amp;A \/ Heimatsaal im Volkskundemuseum (Paulustorgasse 13a, 1. Stock)<\/strong><br \/>\n<a href=\"https:\/\/crossroads-festival.org\/de\/film\/once-upon-a-time-in-a-forest\" target=\"_blank\" rel=\"noopener\"><strong>Once Upon a Time in a Forest<\/strong><\/a> <br \/>\nFI, 2024, 93 min, Finnish with English subtitles<br \/>\n+ Q&amp;A with film subject Ida Korhonen (Forest ecologist and environmental activist)<\/p>\n<p><strong>20:30 Film \/ Heimatsaal im Volkskundemuseum (Paulustorgasse 13a, 1. Stock)<\/strong><br \/>\n<a href=\"https:\/\/crossroads-festival.org\/de\/film\/yintah\" target=\"_blank\" rel=\"noopener\"><strong>Yintah<\/strong><\/a><br \/>\nWet\u2019suwet\u2019en\/CA, 2024, 125 min, English, Witsuwit&#8217;en with English subtitles<\/p>\n<hr \/>\n<h3><a name=\"do0711\"><\/a><strong>Donnerstag 7.11. &#8211; (neuro)diversity is beautiful!<br \/>\n<\/strong><\/h3>\n<p><strong>18:00 Film + Q&amp;A \/ Heimatsaal im Volkskundemuseum (Paulustorgasse 13a, 1. Stock)<\/strong><br \/>\n<a href=\"https:\/\/crossroads-festival.org\/de\/film\/neurotypes\" target=\"_blank\" rel=\"noopener\"><strong>Neurotypes<\/strong><\/a> <br \/>\nFI, 2024, 76 min, Finnish with English subtitles<br \/>\n+ Q&amp;A with protagonists Aida &amp; Johanna<\/p>\n<p><strong>20:30 Film + Q&amp;A \/ Heimatsaal im Volkskundemuseum (Paulustorgasse 13a, 1. Stock) <br \/>\n<a href=\"https:\/\/crossroads-festival.org\/de\/film\/fighting-demons-with-dragons\" target=\"_blank\" rel=\"noopener\">Fighting Demons with Dragons<\/a><br \/>\n<\/strong>DK, 2024, 90 min, Danish with English subtitles<br \/>\n+ Q&amp;A with protagonist Ask<\/p>\n<hr \/>\n<h3><a name=\"fr0811\"><\/a><strong>Freitag 8.11. &#8211; Feminism in Action <\/strong><strong><br \/>\n<\/strong><\/h3>\n<p><strong>18:00 Film + Gespr\u00e4ch \/ Heimatsaal im Volkskundemuseum (Paulustorgasse 13a, 1. Stock)<\/strong><br \/>\n<a href=\"https:\/\/crossroads-festival.org\/de\/film\/summer-qamp\" target=\"_blank\" rel=\"noopener\"><strong>Summer Qamp<\/strong><\/a> <br \/>\nCA, 2023, 80 min, English<br \/>\n+ Gespr\u00e4ch mit Menschen von T-Kr\u00e4nzchen und QuFO &#8211; Queer Feministische Organisation&nbsp;<\/p>\n<p><strong>20:30 Film + Q&amp;A \/ Heimatsaal im Volkskundemuseum (Paulustorgasse 13a, 1. Stock)<\/strong><br \/>\n<a href=\"https:\/\/crossroads-festival.org\/de\/film\/the-day-iceland-stood-still\" target=\"_blank\" rel=\"noopener\"><strong>The Day Iceland Stood Still<\/strong><\/a><br \/>\nIS, 2024, 70 min, Icelandic with English subtitles, English<br \/>\n+ Q&amp;A with producer and strike participant Hrafnhildur Gunnarsd\u00f3ttir<\/p>\n<hr \/>\n<h3><a name=\"sa0911\"><\/a><strong>Samstag 9.11. &#8211; Feminism in Action<\/strong><\/h3>\n<p><strong>11:30-13:30 Workshop \/ Ort: Spektral, Lendkai 45<\/strong><br \/>\n<strong><a href=\"https:\/\/crossroads-festival.org\/de\/nichts-darf-man-mehr-sagen\" target=\"_blank\" rel=\"noopener\">&#8222;Nichts darf man mehr sagen!&#8220;<\/a> <br \/>\n<a href=\"https:\/\/crossroads-festival.org\/de\/nichts-darf-man-mehr-sagen\" target=\"_blank\" rel=\"noopener\">Respektvolle R\u00e4ume f\u00fcr trans*inter*nb-Personen schaffen<\/a><br \/>\n<\/strong>Von und mit T-Kr\u00e4nzchen<strong><\/p>\n<p>14:00-18:00 Bastel Session \/ Ort: Spektral, Lendkai 45<br \/>\n<a href=\"https:\/\/crossroads-festival.org\/de\/queer-feministisches-craften\" target=\"_blank\" rel=\"noopener\">Queer-feministisches Craften<\/a> <br \/>\n<\/strong>Von und mit QuFO<strong><br \/>\n<\/strong><\/p>\n<p><strong>19:00 Abschlussfilm \/ Heimatsaal im Volkskundemuseum (Paulustorgasse 13a, 1. Stock)<\/strong><br \/>\n<a href=\"https:\/\/crossroads-festival.org\/de\/film\/sisterqueens\" target=\"_blank\" rel=\"noopener\"><strong>Sisterqueens<\/strong><\/a> <br \/>\nDE, 2024, 97 min, Deutsche Originalversion<\/p>\n<hr \/>\n<div class='printomatic pom-default ' id='id9680'  data-print_target='article'><\/div>\n<p>&nbsp;<\/p>\n<p><\/p>\n<div class=\"shariff shariff-align-flex-start shariff-widget-align-flex-start\"><ul class=\"shariff-buttons theme-default orientation-horizontal buttonsize-medium\"><li class=\"shariff-button facebook shariff-nocustomcolor\" style=\"background-color:#4273c8\"><a href=\"https:\/\/www.facebook.com\/sharer\/sharer.php?u=https%3A%2F%2Fcrossroads-festival.org%2Fde%2Fprogramm-2024\" title=\"Share on Facebook\" aria-label=\"Share on Facebook\" role=\"button\" rel=\"nofollow\" class=\"shariff-link\" style=\"; background-color:#3b5998; color:#fff\" target=\"_blank\"><span class=\"shariff-icon\" style=\"\"><svg width=\"32px\" height=\"20px\" xmlns=\"http:\/\/www.w3.org\/2000\/svg\" viewBox=\"0 0 18 32\"><path fill=\"#3b5998\" d=\"M17.1 0.2v4.7h-2.8q-1.5 0-2.1 0.6t-0.5 1.9v3.4h5.2l-0.7 5.3h-4.5v13.6h-5.5v-13.6h-4.5v-5.3h4.5v-3.9q0-3.3 1.9-5.2t5-1.8q2.6 0 4.1 0.2z\"\/><\/svg><\/span><span class=\"shariff-text\">share<\/span>&nbsp;<\/a><\/li><li class=\"shariff-button mailto shariff-nocustomcolor\" style=\"background-color:#a8a8a8\"><a href=\"mailto:?body=https%3A%2F%2Fcrossroads-festival.org%2Fde%2Fprogramm-2024&subject=Programm%202024\" title=\"Send by email\" aria-label=\"Send by email\" role=\"button\" rel=\"noopener nofollow\" class=\"shariff-link\" style=\"; background-color:#999; color:#fff\"><span class=\"shariff-icon\" style=\"\"><svg width=\"32px\" height=\"20px\" xmlns=\"http:\/\/www.w3.org\/2000\/svg\" viewBox=\"0 0 32 32\"><path fill=\"#999\" d=\"M32 12.7v14.2q0 1.2-0.8 2t-2 0.9h-26.3q-1.2 0-2-0.9t-0.8-2v-14.2q0.8 0.9 1.8 1.6 6.5 4.4 8.9 6.1 1 0.8 1.6 1.2t1.7 0.9 2 0.4h0.1q0.9 0 2-0.4t1.7-0.9 1.6-1.2q3-2.2 8.9-6.1 1-0.7 1.8-1.6zM32 7.4q0 1.4-0.9 2.7t-2.2 2.2q-6.7 4.7-8.4 5.8-0.2 0.1-0.7 0.5t-1 0.7-0.9 0.6-1.1 0.5-0.9 0.2h-0.1q-0.4 0-0.9-0.2t-1.1-0.5-0.9-0.6-1-0.7-0.7-0.5q-1.6-1.1-4.7-3.2t-3.6-2.6q-1.1-0.7-2.1-2t-1-2.5q0-1.4 0.7-2.3t2.1-0.9h26.3q1.2 0 2 0.8t0.9 2z\"\/><\/svg><\/span><span class=\"shariff-text\">email<\/span>&nbsp;<\/a><\/li><\/ul><\/div>","protected":false},"excerpt":{"rendered":"<p>PROGRAMM-\u00dcBERSICHT 2024 Donnerstag 31.10. Freitag 1.11. Samstag 2.11. Sonntag 3.11. Montag 4.11. Dienstag 5.11. Mittwoch 6.11. Donnerstag 7.11. Freitag 8.11. Samstag 9.11. Donnerstag 31.10. &#8211; Er\u00f6ffnung &#8211; Defending Democracy 19:00 Er\u00f6ffnungsfilm + Gespr\u00e4ch \/ Forum Stadtpark, Stadtpark 1 Democracy Noir DK\/US\/DE\/HU, 2024, 90 min, English and Hungarian with English subtitles + Gespr\u00e4ch mit Elke Kahr &hellip; <a href=\"https:\/\/crossroads-festival.org\/de\/programm-2024\" class=\"more-link\"><span class=\"screen-reader-text\">Programm 2024<\/span> weiterlesen <span class=\"meta-nav\">&rarr;<\/span><\/a><\/p>\n","protected":false},"author":1,"featured_media":0,"parent":0,"menu_order":0,"comment_status":"closed","ping_status":"closed","template":"","meta":{"_acf_changed":false,"spay_email":"","footnotes":""},"class_list":["post-3090","page","type-page","status-publish","hentry"],"acf":[],"jetpack_shortlink":"https:\/\/wp.me\/P8yz7o-NQ","_links":{"self":[{"href":"https:\/\/crossroads-festival.org\/de\/wp-json\/wp\/v2\/pages\/3090"}],"collection":[{"href":"https:\/\/crossroads-festival.org\/de\/wp-json\/wp\/v2\/pages"}],"about":[{"href":"https:\/\/crossroads-festival.org\/de\/wp-json\/wp\/v2\/types\/page"}],"author":[{"embeddable":true,"href":"https:\/\/crossroads-festival.org\/de\/wp-json\/wp\/v2\/users\/1"}],"replies":[{"embeddable":true,"href":"https:\/\/crossroads-festival.org\/de\/wp-json\/wp\/v2\/comments?post=3090"}],"version-history":[{"count":70,"href":"https:\/\/crossroads-festival.org\/de\/wp-json\/wp\/v2\/pages\/3090\/revisions"}],"predecessor-version":[{"id":3308,"href":"https:\/\/crossroads-festival.org\/de\/wp-json\/wp\/v2\/pages\/3090\/revisions\/3308"}],"wp:attachment":[{"href":"https:\/\/crossroads-festival.org\/de\/wp-json\/wp\/v2\/media?parent=3090"}],"curies":[{"name":"wp","href":"https:\/\/api.w.org\/{rel}","templated":true}]}}