{"id":3013,"date":"2023-05-16T19:21:52","date_gmt":"2023-05-16T19:21:52","guid":{"rendered":"https:\/\/crossroads-festival.org\/de\/tolle-gaerten-vielfaeltiges-gemuese-leckere-fruechte-copy"},"modified":"2023-05-27T06:01:26","modified_gmt":"2023-05-27T06:01:26","slug":"tolle-gaerten-vielfaeltiges-gemuese-leckere-fruechte-copy","status":"publish","type":"page","link":"https:\/\/crossroads-festival.org\/de\/urban-gardening-radtour-2023","title":{"rendered":"Auf zur Z\u00f6delei!"},"content":{"rendered":"<p><\/p>\n<p><strong>Urban Gardening Radausflug \/ SO 4.6. \/ Start: 11:00 \/ Treffpunkt: Green Campus, TU Graz, Stremayrgasse&nbsp; 16, Ecke Kopernikusgasse<\/p>\n<p>Auf zur Z\u00f6delei! <br \/>\nDer neue Experimentiergarten im Norden von Graz &amp; botanische Highlights und Leckereien am Weg<\/p>\n<p>Reiseleitung: Andreas Motschiunig (Botaniker &amp; Fruit Nut \/ Forum Urbanes G\u00e4rtnern, Die Z\u00f6delei)<\/strong><\/p>\n<p><img decoding=\"async\" src=\"https:\/\/crossroads-festival.org\/wp-content\/uploads\/eleagnus.jpg\" \/><\/p>\n<p>Wir schwingen uns auf unsere R\u00e4der und am Weg zu unserem Reiseziel <a href=\"https:\/\/www.zentralgartenbuero.org\/zoedelei\" target=\"_blank\" rel=\"noopener\">Die Z\u00f6delei<\/a>, dem neuen gemeinschaftlichen Experimentiergarten in Graz-Weinz\u00f6dl, finden wir mit Andreas coole Fruchtgeh\u00f6lze und erkunden spannende Pflanzungen. In der Z\u00f6delei, in der heuer \u00fcber hundert Gem\u00fcsesorten getestet werden, um die Samen der besten kostenfrei an alle Interessierten weitergeben zu k\u00f6nnen, bekommen wir eine Gartenf\u00fchrung und k\u00f6nnen auch gleich ein bisschen mitgarteln und\/oder spannende Workshops besuchen , wenn wir m\u00f6chten. Es kann nach Lust und Laune gechillt werden und abends gibt\u00b4s ein Lagerfeuer. <\/p>\n<p>Nat\u00fcrlich gibt\u00b4s auch leckeres veganes Essen f\u00fcr uns. <strong><br \/>\n<\/strong><\/p>\n<p><strong>Workshop: K\u00f6stliche Beeren f\u00fcr alle!&nbsp;<\/strong> <br \/>\nBeerenstr\u00e4ucher werten den Garten auf und versorgen uns mit reichlich Vitaminen. Welche Geh\u00f6lze sich eignen, welche tollen, bei uns noch selten angebauten Arten (wie etwa Goumibeeren oder Haskaps) du entdecken kannst, und wie sie zu pflegen und zu vermehren sind, erf\u00e4hrst du beim&nbsp; Workshop. <\/p>\n<p><strong>Workshops von Colorful Greens: Anlegen eines Bl\u00fchstreifens f\u00fcr unsere mehr-als-zweibeinigen Mitbewohner*innen &amp; Fermentieren von Gem\u00fcse. Weitere Infos folgen.<\/strong><\/p>\n<p>Teilnahme kostenlos. Die Z\u00f6delei freut sich \u00fcber Unkostenbeitr\u00e4ge. Verpflegung gibt es f\u00fcr freie Spenden. <\/p>\n<p>***<br \/>\nFoto: Eleagnus Multiflora (Reichbl\u00fctige \u00d6lweide oder Goumibeere), sehr lecker, fixiert Stickstoff und wird von Bienen geliebt \/ kornelkirsche.eu<\/p>\n<p><\/p>\n<div class=\"shariff shariff-align-flex-start shariff-widget-align-flex-start\"><ul class=\"shariff-buttons theme-default orientation-horizontal buttonsize-medium\"><li class=\"shariff-button facebook shariff-nocustomcolor\" style=\"background-color:#4273c8\"><a href=\"https:\/\/www.facebook.com\/sharer\/sharer.php?u=https%3A%2F%2Fcrossroads-festival.org%2Fde%2Furban-gardening-radtour-2023\" title=\"Share on Facebook\" aria-label=\"Share on Facebook\" role=\"button\" rel=\"nofollow\" class=\"shariff-link\" style=\"; background-color:#3b5998; color:#fff\" target=\"_blank\"><span class=\"shariff-icon\" style=\"\"><svg width=\"32px\" height=\"20px\" xmlns=\"http:\/\/www.w3.org\/2000\/svg\" viewBox=\"0 0 18 32\"><path fill=\"#3b5998\" d=\"M17.1 0.2v4.7h-2.8q-1.5 0-2.1 0.6t-0.5 1.9v3.4h5.2l-0.7 5.3h-4.5v13.6h-5.5v-13.6h-4.5v-5.3h4.5v-3.9q0-3.3 1.9-5.2t5-1.8q2.6 0 4.1 0.2z\"\/><\/svg><\/span><span class=\"shariff-text\">share<\/span>&nbsp;<\/a><\/li><li class=\"shariff-button mailto shariff-nocustomcolor\" style=\"background-color:#a8a8a8\"><a href=\"mailto:?body=https%3A%2F%2Fcrossroads-festival.org%2Fde%2Furban-gardening-radtour-2023&subject=Auf%20zur%20Z%C3%B6delei%21\" title=\"Send by email\" aria-label=\"Send by email\" role=\"button\" rel=\"noopener nofollow\" class=\"shariff-link\" style=\"; background-color:#999; color:#fff\"><span class=\"shariff-icon\" style=\"\"><svg width=\"32px\" height=\"20px\" xmlns=\"http:\/\/www.w3.org\/2000\/svg\" viewBox=\"0 0 32 32\"><path fill=\"#999\" d=\"M32 12.7v14.2q0 1.2-0.8 2t-2 0.9h-26.3q-1.2 0-2-0.9t-0.8-2v-14.2q0.8 0.9 1.8 1.6 6.5 4.4 8.9 6.1 1 0.8 1.6 1.2t1.7 0.9 2 0.4h0.1q0.9 0 2-0.4t1.7-0.9 1.6-1.2q3-2.2 8.9-6.1 1-0.7 1.8-1.6zM32 7.4q0 1.4-0.9 2.7t-2.2 2.2q-6.7 4.7-8.4 5.8-0.2 0.1-0.7 0.5t-1 0.7-0.9 0.6-1.1 0.5-0.9 0.2h-0.1q-0.4 0-0.9-0.2t-1.1-0.5-0.9-0.6-1-0.7-0.7-0.5q-1.6-1.1-4.7-3.2t-3.6-2.6q-1.1-0.7-2.1-2t-1-2.5q0-1.4 0.7-2.3t2.1-0.9h26.3q1.2 0 2 0.8t0.9 2z\"\/><\/svg><\/span><span class=\"shariff-text\">email<\/span>&nbsp;<\/a><\/li><\/ul><\/div>","protected":false},"excerpt":{"rendered":"<p>Urban Gardening Radausflug \/ SO 4.6. \/ Start: 11:00 \/ Treffpunkt: Green Campus, TU Graz, Stremayrgasse&nbsp; 16, Ecke Kopernikusgasse Auf zur Z\u00f6delei! Der neue Experimentiergarten im Norden von Graz &amp; botanische Highlights und Leckereien am Weg Reiseleitung: Andreas Motschiunig (Botaniker &amp; Fruit Nut \/ Forum Urbanes G\u00e4rtnern, Die Z\u00f6delei) Wir schwingen uns auf unsere R\u00e4der &hellip; <a href=\"https:\/\/crossroads-festival.org\/de\/urban-gardening-radtour-2023\" class=\"more-link\"><span class=\"screen-reader-text\">Auf zur Z\u00f6delei!<\/span> weiterlesen <span class=\"meta-nav\">&rarr;<\/span><\/a><\/p>\n","protected":false},"author":1,"featured_media":0,"parent":0,"menu_order":0,"comment_status":"closed","ping_status":"closed","template":"","meta":{"_acf_changed":false,"spay_email":"","footnotes":""},"class_list":["post-3013","page","type-page","status-publish","hentry"],"acf":[],"jetpack_shortlink":"https:\/\/wp.me\/P8yz7o-MB","_links":{"self":[{"href":"https:\/\/crossroads-festival.org\/de\/wp-json\/wp\/v2\/pages\/3013"}],"collection":[{"href":"https:\/\/crossroads-festival.org\/de\/wp-json\/wp\/v2\/pages"}],"about":[{"href":"https:\/\/crossroads-festival.org\/de\/wp-json\/wp\/v2\/types\/page"}],"author":[{"embeddable":true,"href":"https:\/\/crossroads-festival.org\/de\/wp-json\/wp\/v2\/users\/1"}],"replies":[{"embeddable":true,"href":"https:\/\/crossroads-festival.org\/de\/wp-json\/wp\/v2\/comments?post=3013"}],"version-history":[{"count":14,"href":"https:\/\/crossroads-festival.org\/de\/wp-json\/wp\/v2\/pages\/3013\/revisions"}],"predecessor-version":[{"id":3062,"href":"https:\/\/crossroads-festival.org\/de\/wp-json\/wp\/v2\/pages\/3013\/revisions\/3062"}],"wp:attachment":[{"href":"https:\/\/crossroads-festival.org\/de\/wp-json\/wp\/v2\/media?parent=3013"}],"curies":[{"name":"wp","href":"https:\/\/api.w.org\/{rel}","templated":true}]}}