{"id":2838,"date":"2023-04-18T16:58:31","date_gmt":"2023-04-18T16:58:31","guid":{"rendered":"https:\/\/crossroads-festival.org\/de\/programm-2022-neu-copy"},"modified":"2024-09-15T16:04:32","modified_gmt":"2024-09-15T16:04:32","slug":"programm-2022-neu-copy","status":"publish","type":"page","link":"https:\/\/crossroads-festival.org\/de\/programm-2023","title":{"rendered":"Programm 2023"},"content":{"rendered":"<p><\/p>\n<div id=\"progheader\">\n<h2 id=\"head\"><strong>PROGRAMM-\u00dcBERSICHT 2023<br \/>\n<\/strong><\/h2>\n<p><!--\n\n\n\n\n\n\n\n\n\n\n\n\n\n\n\n\n\n\n\n\n\n\n\n\n\n\n\n\n\n\n\n\n\n\n\n\n\n\n\n\n\n\n\n\n\n\n\n\n\n\n\n\n\n<div id=\"print\">[print-me]<\/div>\n\n\n\n\n<div id=\"pdf\"><a href=\"\/wp-content\/uploads\/15_programm_A4.pdf\" target=\"_blank\" rel=\"noopener noreferrer\"><img decoding=\"async\" src=\"\/wp-content\/uploads\/pdf.png\" alt=\"\" \/><\/a><\/div>\n\n\n<\/div>\n\n\n\n\n\n\n\n\n\n\n\n\n\n\n\n\n\n\n\n\n\n\n\n\n\n\n\n\n\n\n\n\n\n\n\n\n\n\n\n\n\n\n\n\n\n\n\n\n\n\n\n\n\n--><\/p>\n<hr \/>\n<div id=\"dayoverview\" style=\"line-height: 1.8em;\">\n<div id=\"day\"><a href=\"#do2505\">Donnerstag 25.5.<\/a><\/div>\n<div id=\"day\"><a href=\"#fr2605\">Freitag 26.5.<\/a><\/div>\n<div id=\"day\"><a href=\"#sa2705\">Samstag 27.5.<\/a><\/div>\n<div id=\"day\"><a href=\"#so2805\">Sonntag 28.5.<\/a><\/div>\n<div id=\"day\"><a href=\"#mo2905\">Montag 29.5.<\/a><\/div>\n<div id=\"day\"><a href=\"#di3005\">Dienstag 30.5.<\/a><\/div>\n<div id=\"day\"><a href=\"#mi3105\">Mittwoch 31.5.<\/a><\/div>\n<div id=\"day\"><a href=\"#do0106\">Donnerstag 1.6.<\/a><\/div>\n<div id=\"day\"><a href=\"#fr0206\">Freitag 2.6.<\/a><\/div>\n<div id=\"day\"><a href=\"#sa0306\">Samstag 3.6.<\/a><\/div>\n<div id=\"day\"><a href=\"#so0406\">Sonntag 4.6.<\/a><\/div>\n<\/div>\n<hr \/>\n<h3><a name=\"do2505\"><\/a><strong>Donnerstag 25.5. &#8211; Er\u00f6ffnung &#8211; Harvesting Hope<br \/>\n<\/strong><\/h3>\n<p><strong>19:00 Er\u00f6ffnungsfilm + Gespr\u00e4ch \/ Forum Stadtpark, Stadtpark 1<\/strong><br \/>\n<a href=\"https:\/\/crossroads-festival.org\/de\/film\/the-last-seed\" target=\"_blank\" rel=\"noopener\"><strong>The Last Seed<\/strong><\/a><br \/>\nDE, 2022, 98 min, OF mit deutschen Untertiteln<\/p>\n<p>+ Q&amp;A with film subject Refiloe Joala (via Videostream)&nbsp;<\/p>\n<p>+ Podiumsgespr\u00e4ch mit Magdalena Prieler (Arche Noah Referentin f\u00fcr Saatgutpolitik), Anna Ambrosch (Jaklhof, Verein Samenkorn aus B\u00e4uer*innenhand) und Andreas Motschiunig (Grazer Saatgutfest, Forum Urbanes G\u00e4rtnern, Die Z\u00f6delei) \u00fcber aktuelle Bedrohungen unseres Saatguts und wie wir es befreien k\u00f6nnen<\/p>\n<p>+ Jungpflanzen-Verschenk-Aktion<br \/>\nWir haben Gem\u00fcsepflanzen von befreundeten B\u00e4uer*innen und G\u00e4rtner*innen f\u00fcr euch &#8211; alle von samenfesten Sorten, von denen ihr Saatgut weitergeben k\u00f6nnt.<\/p>\n<hr \/>\n<h3><a name=\"fr2605\"><\/a>Freitag <strong>26.5. &#8211; Feminism for Everybody<br \/>\n<\/strong><\/h3>\n<p><strong>13:00-16:00 &amp; 17:00-20:30 Workshop \/ Radio Helsinki, Sch\u00f6naugasse 8 &amp; Forum Stadtpark, Stadtpark 1<br \/>\n<a href=\"https:\/\/helsinki.at\/mitmachen\/crossroads-festival-meets-radio-helsinki-workshop\/\" target=\"_blank\" rel=\"noopener\">Radio is for everyone &#8211; including you!<\/a><br \/>\n<\/strong>Hosted by Radio Re:volt<strong><\/p>\n<p><\/strong><strong>18:00 Film + Q&amp;A \/ Forum Stadtpark, Stadtpark 1<\/strong><br \/>\n<a href=\"https:\/\/crossroads-festival.org\/de\/film\/sieben-winter-in-teheran\" target=\"_blank\" rel=\"noopener\"><strong>Sieben Winter in Teheran<\/strong><\/a> <br \/>\nDE\/FR, 2023, 96 min, Farsi mit deutschen Untertiteln<br \/>\n+ Q&amp;A with subject Shole Pakravan (via Videostream)&nbsp;<\/p>\n<p><strong>20:30 Film + Gespr\u00e4ch \/ Forum Stadtpark, Stadtpark 1<br \/>\n<a href=\"https:\/\/crossroads-festival.org\/de\/film\/wie-wir-wollen\">Wie Wir Wollen<\/a><br \/>\n<\/strong>DE, 2021, 98 min, Deutsch<br \/>\n+ Gespr\u00e4ch mit Regisseurin Sara Dutch (via Videostream)&nbsp;<\/p>\n<p><strong>Danach und zwischen den Vorf\u00fchrungen: Leckeres veganes Essen (K\u00fcfa) &amp; Filmbeisl im Saloon (1. Stock)<\/strong><\/p>\n<hr \/>\n<h3><strong><a name=\"sa2705\"><\/a>Samstag 27.5. &#8211; Feminism for Everybody<br \/>\n<\/strong><\/h3>\n<p><strong>18:00 Film \/ Forum Stadtpark, Stadtpark 1<\/strong><br \/>\n<a href=\"https:\/\/crossroads-festival.org\/de\/film\/blooming-on-the-asphalt\" target=\"_blank\" rel=\"noopener\"><strong>Blooming on the Asphalt<\/strong><\/a><br \/>\nBR, 2022, 79 min, Portuguese with English subtitles<\/p>\n<p><strong>20:30 Film + Gespr\u00e4ch \/ Forum Stadtpark, Stadtpark 1<\/strong><br \/>\n<strong><a href=\"https:\/\/crossroads-festival.org\/de\/film\/mama-bears\" target=\"_blank\" rel=\"noopener\">Mama Bears<\/a><br \/>\n<\/strong>US, 2022, 90 min, English OV<br \/>\n+ Gespr\u00e4ch mit Brigitte (queere Seelsorgerin)<\/p>\n<p><strong>Danach und zwischen den Vorf\u00fchrungen: Leckeres veganes Essen (gekocht von Die Z\u00f6delei, der experimentelle Solidargarten in Graz\/Weinz\u00f6dl) &amp; Filmbeisl im Saloon (1. Stock) <\/p>\n<p>Tipp: Ab 23:00 Soliparty \/ SUb, Kaiser-Franz-Josef-Kai 66<br \/>\nSoliPArtyGegenGrenzen &#8211; f\u00fcr PeopleOnTheMove<br \/>\n<\/strong>DJs, Cocktailbar, Essen &amp; Merch<strong><br \/>\n<\/strong><\/p>\n<hr \/>\n<h3><a name=\"so2805\"><\/a><strong>Sonntag&nbsp; 28.5. &#8211; People Power<\/strong><\/h3>\n<p><strong>16:30-18:30 Workshop \/ Forum Stadtpark, Stadtpark 1<br \/>\n<a href=\"https:\/\/crossroads-festival.org\/de\/keine-selbstverstaendlichkeit-2023\">(Keine) Selbstverst\u00e4ndlichkeit. Von cis Privilegien und trans Rechten.<\/a><\/strong><br \/>\nVon und mit T-Kr\u00e4nzchen<\/p>\n<p><strong>19:00 Film + Gespr\u00e4ch \/ Forum Stadtpark, Stadtpark 1<\/strong><br \/>\n<a href=\"https:\/\/crossroads-festival.org\/de\/film\/rise-up\" target=\"_blank\" rel=\"noopener\"><strong>Rise Up<\/strong><\/a><br \/>\nDE, 2022, 98 min, OF mit deutschen Untertiteln<br \/>\n+ Gespr\u00e4ch mit Ayse (Patika &#8211; Migrantische Selbstorganisation), Vivien Breinbauer (Klima- und Tierrechtsaktivistin) und Menschen von Fridays For Future und Erde Brennt Graz<\/p>\n<p><strong>Danach: Leckeres gemeinsames Essen, gekocht von der Solidarit\u00e4tsinitiative f\u00fcr Erdbebenopfer (in der T\u00fcrkei und Nordsyrien), im Saloon (1. Stock)<\/strong><\/p>\n<hr \/>\n<h3><a name=\"mo2905\"><\/a><strong>Montag 29.5. &#8211; Programmfrei <\/strong><strong><br \/>\n<\/strong><\/h3>\n<hr \/>\n<h3><strong><a name=\"di3005\"><\/a>Dienstag 30.5. &#8211; Earth Defenders \/ Indigenous Resistance<\/strong><strong><br \/>\n<\/strong><\/h3>\n<p><strong>18:00 Film + Q&amp;A \/ Heimatsaal im Volkskundemuseum (Paulustorgasse 13a, 1. Stock)<br \/>\n<a href=\"https:\/\/crossroads-festival.org\/de\/film\/powerlands\" target=\"_blank\" rel=\"noopener\">Powerlands<\/a><\/strong> <br \/>\nUS, 2022, 75 min, English subtitles<br \/>\n+ Q&amp;A with filmmaker Ivey Camille Manybeads Tso (via Videostream)&nbsp;<\/p>\n<p><strong>20:30 Film \/ Heimatsaal im Volkskundemuseum (Paulustorgasse 13a, 1. Stock)<\/strong><br \/>\n<a href=\"https:\/\/crossroads-festival.org\/de\/film\/rahcan-ellas-riot\" target=\"_blank\" rel=\"noopener\"><strong>Rah\u010dan &#8211; Ella\u00b4s Riot<\/strong><\/a><br \/>\nNO, 2022, 75 min, Sami and Norwegian with English subtitles<\/p>\n<hr \/>\n<h3><a name=\"mi3105\"><\/a><strong>Mittwoch 31.5. &#8211; Earth Defenders \/ Climate Justice Now!<br \/>\n<\/strong><\/h3>\n<p><strong>18:00 Film + Gesp\u00e4ch \/ Heimatsaal im Volkskundemuseum (Paulustorgasse 13a, 1. Stock)<\/strong><br \/>\n<a href=\"https:\/\/crossroads-festival.org\/de\/film\/the-oil-machine\" target=\"_blank\" rel=\"noopener\"><strong>The Oil Machine<\/strong><\/a> <br \/>\nUK, 2022, 82 min, English OV<br \/>\n+ Gespr\u00e4ch mit Fridays For Future und Tristan Schachner (MoVe iT, Plattform 1,5 Graz)<\/p>\n<p><strong>20:30 Film + Gespr\u00e4ch \/ Heimatsaal im Volkskundemuseum (Paulustorgasse 13a, 1. Stock)<\/strong><br \/>\n<a href=\"https:\/\/crossroads-festival.org\/de\/film\/49-problems-and-my-future-is-one\" target=\"_blank\" rel=\"noopener\"><strong>49 Problems (and my future is one)<\/strong><\/a><br \/>\nDE, 2022, 86 min, Deutsche Originalfassung<br \/>\n+ Gespr\u00e4ch mit Ella selbst. Wir freuen uns \u00fcber den spontanen Besuch in Graz.<\/p>\n<hr \/>\n<h3><a name=\"do0106\"><\/a><strong>Donnerstag 1.6. &#8211; Animals &lt; &gt; Humans<br \/>\n<\/strong><\/h3>\n<p><strong>16:00-17:30 Workshop \/ Schubertnest (Harrachgasse 21, Erdgescho\u00df) <br \/>\n<a href=\"https:\/\/crossroads-festival.org\/de\/pflanzen-essen-zukunft-retten-2023\">Pflanzen essen, Zukunft retten! Was wir gegen den Klimakiller Tierproduktion tun k\u00f6nnen<\/a><\/strong>&nbsp; <br \/>\nMit Vivien Breinbauer &amp; Richard Wiesenegger (Graz Animal Save)<\/p>\n<p><strong>18:00 Film + Gespr\u00e4ch \/ Heimatsaal im Volkskundemuseum (Paulustorgasse 13a, 1. Stock)<\/strong><br \/>\n<a href=\"https:\/\/crossroads-festival.org\/de\/film\/new-pigs-on-the-block\" target=\"_blank\" rel=\"noopener\"><strong>New Pigs on the Block<\/strong><\/a> <br \/>\nNL, 2022, 70 min, Pig and Dutch with English subtitles<br \/>\n+ Gespr\u00e4ch mit Lena Remich &amp; David Richter (Verein gegen Tierfabriken)<\/p>\n<p><strong>20:30 Film + Q&amp;A \/ Heimatsaal im Volkskundemuseum (Paulustorgasse 13a, 1. Stock)<\/strong><br \/>\n<a href=\"https:\/\/crossroads-festival.org\/de\/film\/just-animals\" target=\"_blank\" rel=\"noopener\"><strong>Just Animals<\/strong><\/a> <br \/>\nFI, 2022, 82 min, Finnish with English subtitles<br \/>\n+ Q&amp;A with subject and filmmaker Saila Kivel\u00e4 (via Videostream)<\/p>\n<hr \/>\n<h3><a name=\"fr0206\"><\/a><strong>Freitag 2.6. &#8211; Harvesting Hope <\/p>\n<p>In Kooperation mit Transition Graz und der Ny\u00e9l\u00e9ni Fr\u00fchjahrskonferenz f\u00fcr Ern\u00e4hrungssouver\u00e4nit\u00e4t<\/strong><strong><br \/>\n<\/strong><\/h3>\n<p><strong>9:00-14:00 Symposium \/ Meerscheinschl\u00f6ssl, Mozartgasse 3 (EG)<\/strong><br \/>\n<a href=\"https:\/\/cityofcollaboration.org\/2023\/04\/09\/programm-des-symposiums\/\" target=\"_blank\" rel=\"noopener\"><strong>Chancen f\u00fcr einen Grazer Ern\u00e4hrungsrat<\/strong><\/a><\/p>\n<p><strong>12:00 Mittagessen und Postermesse \/ Meerscheinschl\u00f6ssl, Mozartgasse 3 (EG)<\/strong><br \/>\n<strong>Aktuelle L\u00f6sungsans\u00e4tze: \u201eErn\u00e4hrungsdemokratie&#8220;, \u201eSozial-inklusive Nahversorgung\u201c, &#8222;Ern\u00e4hrungsssicherheit gemeinsam gestalten\u201c<\/strong><\/p>\n<p><strong>14:30-16:30 Exkursion \/ Treffpunkte: 14:30 Meerscheinschl\u00f6ssl, Mozartgasse 3, 15:00 Landwirtschaftliche Fachschule Grottenhof, Krottendorfer Str. 110<\/strong><br \/>\n<strong><a href=\"https:\/\/www.solako.at\" target=\"_blank\" rel=\"noopener\">SoLaKo &#8211; Solidarische Landwirtschaftskooperative<\/a><\/strong><strong><br \/>\n<\/strong><\/p>\n<p><strong>19:00 Gemeinsames Abendessen \/ Das Liebig, Liebiggasse 2<\/p>\n<p>20:00-22:30 Jungpflanzen-Schenk-Aktion \/ Karl-Franzens-Uni (Resowi-Zentrum: H\u00f6rsaal 15.05, Universit\u00e4tsstra\u00dfe 15)<br \/>\n<\/strong>Bringt eure Pflanzen, die noch ein gutes Beetpl\u00e4tzchen suchen, zum Verschenken mit, oder lasst euch beschenken.&nbsp; Wir werden eine gro\u00dfe Vielfalt spannender Arten und Sorten haben. <strong><br \/>\n<\/strong><\/p>\n<p><strong>20:30 Film + Gespr\u00e4ch \/ Karl-Franzens-Uni (Resowi-Zentrum: H\u00f6rsaal 15.05, Universit\u00e4tsstra\u00dfe 15)<\/strong><br \/>\n<a href=\"https:\/\/crossroads-festival.org\/de\/film\/die-stangenbohnenpartei\" target=\"_blank\" rel=\"noopener\"><strong>Die Stangenbohnenpartei<\/strong><\/a><br \/>\nDE, 2022, 90 min, Deutsche Originalfassung<br \/>\n+ Gespr\u00e4ch mit Menschen der Z\u00f6delei (neuer solidarischer Experimentiergarten mit viel Beetfl\u00e4che im Norden von Graz, bei dem noch weitere Menschen mitmachen k\u00f6nnen)<\/p>\n<hr \/>\n<h3><a name=\"sa0306\"><\/a><strong>Samstag 3.6. &#8211; Harvesting Hope<\/p>\n<p>In Kooperation mit der Ny\u00e9l\u00e9ni Fr\u00fchjahrskonferenz f\u00fcr Ern\u00e4hrungssouver\u00e4nit\u00e4t<\/strong><\/h3>\n<p><strong>9:30-13:00 Parallelworkshops \/ Meerscheinschl\u00f6ssl, Mozartgasse 3 (EG)<\/strong><\/p>\n<p><strong>Systemische Klimakrisen und Landwirtschaft: Das Manifest von La Via Campesina und 13 Schritte, die jetzt wichtig sind<\/strong><br \/>\nMit Isabella Lang und Franziskus Forster (\u00d6BV &#8211; Via Campesina Austria)<\/p>\n<p><strong>Wem geh\u00f6rt das Saatgut ? Saatgutsouver\u00e4nit\u00e4t oder Supermarkt?<\/strong><br \/>\nMit Florian Walter und Barbara Hable (Initiative Unverbl\u00fcmt)<\/p>\n<p><strong>Krieg und Krisen als Ausrede: Wie stoppen wir das EU-Mercosur und andere Handelsabkommen?<\/strong><br \/>\nMit Theresa Kofler (Anders Handeln)<\/p>\n<p><strong>\u00d6sterreichische und argentinische B\u00e4uer:innen f\u00fcr eine zukunftsf\u00e4hige Landwirtschaft<\/strong><br \/>\nMit Christina Gmeindl und Margareta Moser (Welthaus Graz)<\/p>\n<p><strong>Gemeinschaftsg\u00e4rten und essbare St\u00e4dte &#8211; Erfahrungsaustausch und Vernetzung f\u00fcr Initiativen<\/strong><br \/>\nMit Cordula F\u00f6tsch (Gartenpolylog)<\/p>\n<p><strong>13:00-14:00 Gemeinsames Mittagessen \/ schubertNEST, Vorklinik Uni Graz, Harrachgasse 2 (EG)<br \/>\n<\/strong><\/p>\n<p><strong>14:00-18:00 Exkursion<\/strong><br \/>\n<strong><a href=\"https:\/\/www.jaklhof.at\" target=\"_blank\" rel=\"noopener\">GeLaWi Jaklhof (Gemeinschaftsgetragene Landwirtschaft)<\/a> &amp; <a href=\"https:\/\/unserbauerngarten.at\" target=\"_blank\" rel=\"noopener\">Unser Bauerngarten<\/a><br \/>\n<\/strong>Treffpunkt: Karl-Franzens-Uni, Bushaltestelle Uni ReSoWi. Route: Buslinie 58 nach St. Leonhard und weiter bis Berliner Ring-West zu Unser Bauengarten (Hochfeldweg 23) \/ Buslinie 82 ab St. Leonhard bis Schmied K\u00f6nig und 1,9 km Fu\u00dfmarsch zum Jaklhof 1, 8010 Kainbach bei Graz. <\/p>\n<p><strong>18:30-19:30 Abendessen (K\u00fcche f\u00fcr Alle) mit Vortrag \/ Spektral, Lendkai 45<\/strong><br \/>\n<strong>Kleinb\u00e4uerlicher Widerstand gegen Atomm\u00fclldeponie und Enteignung in Frankreich &#8211; Aktivist*innen erz\u00e4hlen<\/strong><\/p>\n<hr \/>\n<h3><a name=\"so0406\"><\/a><strong>Sonntag 4.6. &#8211; Harvesting Hope <\/p>\n<p><\/strong><strong>In Kooperation mit der Ny\u00e9l\u00e9ni Fr\u00fchjahrskonferenz f\u00fcr Ern\u00e4hrungssouver\u00e4nit\u00e4t<\/strong><\/h3>\n<p><strong>11:00 Urban Gardening Radausflug &#8211; inkl. Workshops, leckeres Essen, Lagerfeuer, etc \/ Treffpunkt: Green Campus, TU Graz, Stremayrgasse&nbsp; 16, Ecke Kopernikusgasse<\/strong><br \/>\n<strong><a href=\"https:\/\/crossroads-festival.org\/de\/urban-gardening-radtour-2023\">Auf zur Z\u00f6delei! <\/a><br \/>\n<a href=\"https:\/\/crossroads-festival.org\/de\/urban-gardening-radtour-2023\">Der neue Experimentiergarten im Norden von Graz &amp; botanische Highlights und Leckereien am Weg<\/a><br \/>\n<\/strong>Reiseleitung: Andreas Motschiunig (Botaniker &amp; Fruit Nut \/ Forum Urbanes G\u00e4rtnern, Die Z\u00f6delei)<strong><br \/>\n<\/strong><\/p>\n<hr \/>\n<div class='printomatic pom-default ' id='id2642'  data-print_target='article'><\/div>\n<p>&nbsp;<\/p>\n<\/div>\n<p><\/p>\n<div class=\"shariff shariff-align-flex-start shariff-widget-align-flex-start\"><ul class=\"shariff-buttons theme-default orientation-horizontal buttonsize-medium\"><li class=\"shariff-button facebook shariff-nocustomcolor\" style=\"background-color:#4273c8\"><a href=\"https:\/\/www.facebook.com\/sharer\/sharer.php?u=https%3A%2F%2Fcrossroads-festival.org%2Fde%2Fprogramm-2023\" title=\"Share on Facebook\" aria-label=\"Share on Facebook\" role=\"button\" rel=\"nofollow\" class=\"shariff-link\" style=\"; background-color:#3b5998; color:#fff\" target=\"_blank\"><span class=\"shariff-icon\" style=\"\"><svg width=\"32px\" height=\"20px\" xmlns=\"http:\/\/www.w3.org\/2000\/svg\" viewBox=\"0 0 18 32\"><path fill=\"#3b5998\" d=\"M17.1 0.2v4.7h-2.8q-1.5 0-2.1 0.6t-0.5 1.9v3.4h5.2l-0.7 5.3h-4.5v13.6h-5.5v-13.6h-4.5v-5.3h4.5v-3.9q0-3.3 1.9-5.2t5-1.8q2.6 0 4.1 0.2z\"\/><\/svg><\/span><span class=\"shariff-text\">share<\/span>&nbsp;<\/a><\/li><li class=\"shariff-button mailto shariff-nocustomcolor\" style=\"background-color:#a8a8a8\"><a href=\"mailto:?body=https%3A%2F%2Fcrossroads-festival.org%2Fde%2Fprogramm-2023&subject=Programm%202023\" title=\"Send by email\" aria-label=\"Send by email\" role=\"button\" rel=\"noopener nofollow\" class=\"shariff-link\" style=\"; background-color:#999; color:#fff\"><span class=\"shariff-icon\" style=\"\"><svg width=\"32px\" height=\"20px\" xmlns=\"http:\/\/www.w3.org\/2000\/svg\" viewBox=\"0 0 32 32\"><path fill=\"#999\" d=\"M32 12.7v14.2q0 1.2-0.8 2t-2 0.9h-26.3q-1.2 0-2-0.9t-0.8-2v-14.2q0.8 0.9 1.8 1.6 6.5 4.4 8.9 6.1 1 0.8 1.6 1.2t1.7 0.9 2 0.4h0.1q0.9 0 2-0.4t1.7-0.9 1.6-1.2q3-2.2 8.9-6.1 1-0.7 1.8-1.6zM32 7.4q0 1.4-0.9 2.7t-2.2 2.2q-6.7 4.7-8.4 5.8-0.2 0.1-0.7 0.5t-1 0.7-0.9 0.6-1.1 0.5-0.9 0.2h-0.1q-0.4 0-0.9-0.2t-1.1-0.5-0.9-0.6-1-0.7-0.7-0.5q-1.6-1.1-4.7-3.2t-3.6-2.6q-1.1-0.7-2.1-2t-1-2.5q0-1.4 0.7-2.3t2.1-0.9h26.3q1.2 0 2 0.8t0.9 2z\"\/><\/svg><\/span><span class=\"shariff-text\">email<\/span>&nbsp;<\/a><\/li><\/ul><\/div>","protected":false},"excerpt":{"rendered":"<p>PROGRAMM-\u00dcBERSICHT 2023 Donnerstag 25.5. Freitag 26.5. Samstag 27.5. Sonntag 28.5. Montag 29.5. Dienstag 30.5. Mittwoch 31.5. Donnerstag 1.6. Freitag 2.6. Samstag 3.6. Sonntag 4.6. Donnerstag 25.5. &#8211; Er\u00f6ffnung &#8211; Harvesting Hope 19:00 Er\u00f6ffnungsfilm + Gespr\u00e4ch \/ Forum Stadtpark, Stadtpark 1 The Last Seed DE, 2022, 98 min, OF mit deutschen Untertiteln + Q&amp;A with film &hellip; <a href=\"https:\/\/crossroads-festival.org\/de\/programm-2023\" class=\"more-link\"><span class=\"screen-reader-text\">Programm 2023<\/span> weiterlesen <span class=\"meta-nav\">&rarr;<\/span><\/a><\/p>\n","protected":false},"author":1,"featured_media":0,"parent":0,"menu_order":0,"comment_status":"closed","ping_status":"closed","template":"","meta":{"_acf_changed":false,"spay_email":"","footnotes":""},"class_list":["post-2838","page","type-page","status-publish","hentry"],"acf":[],"jetpack_shortlink":"https:\/\/wp.me\/P8yz7o-JM","_links":{"self":[{"href":"https:\/\/crossroads-festival.org\/de\/wp-json\/wp\/v2\/pages\/2838"}],"collection":[{"href":"https:\/\/crossroads-festival.org\/de\/wp-json\/wp\/v2\/pages"}],"about":[{"href":"https:\/\/crossroads-festival.org\/de\/wp-json\/wp\/v2\/types\/page"}],"author":[{"embeddable":true,"href":"https:\/\/crossroads-festival.org\/de\/wp-json\/wp\/v2\/users\/1"}],"replies":[{"embeddable":true,"href":"https:\/\/crossroads-festival.org\/de\/wp-json\/wp\/v2\/comments?post=2838"}],"version-history":[{"count":71,"href":"https:\/\/crossroads-festival.org\/de\/wp-json\/wp\/v2\/pages\/2838\/revisions"}],"predecessor-version":[{"id":3078,"href":"https:\/\/crossroads-festival.org\/de\/wp-json\/wp\/v2\/pages\/2838\/revisions\/3078"}],"wp:attachment":[{"href":"https:\/\/crossroads-festival.org\/de\/wp-json\/wp\/v2\/media?parent=2838"}],"curies":[{"name":"wp","href":"https:\/\/api.w.org\/{rel}","templated":true}]}}