{"id":2742,"date":"2022-06-08T07:09:04","date_gmt":"2022-06-08T07:09:04","guid":{"rendered":"https:\/\/crossroads-festival.org\/de\/?page_id=2742"},"modified":"2022-06-09T10:30:15","modified_gmt":"2022-06-09T10:30:15","slug":"all-refugees-are-welcome","status":"publish","type":"page","link":"https:\/\/crossroads-festival.org\/de\/all-refugees-are-welcome","title":{"rendered":"All Refugees are Welcome!"},"content":{"rendered":"<p><\/p>\n<p><strong>All Refugees are Welcome!<\/strong><\/p>\n<p><strong>feldstellen* und Worldcaf\u00e9 zum World Refugee Day <\/strong><\/p>\n<p><strong>MO 20.6. \/ 16:00-17:30 \/ Karl-Franzens-Uni (\u00fcberdachter Bereich vor der Hauptbibliothek, Universit\u00e4tsplatz 3a)&nbsp;<\/p>\n<p><\/strong><img decoding=\"async\" src=\"https:\/\/crossroads-festival.org\/wp-content\/uploads\/feld-scaled.jpg\" \/><\/p>\n<p>Pandemie und Krieg haben die Themen Flucht und Asyl aus den Medien verdr\u00e4ngt. F\u00fcr die betroffenen Menschen bedeutet das, dass die Menschenrechtsverletzungen an den EU-Grenzen immer weniger beachtet werden. Zudem wurden durch den Krieg in der Ukraine zwei Klassen von Refugees geschaffen, die unterschiedlich behandelt werden. Wir sagen: Menschenrechte und Solidarit\u00e4t m\u00fcssen f\u00fcr alle gelten. <\/p>\n<p><strong>feldstellen*<\/strong> ist eine k\u00fcnstlerische Intervention, eine soziale Plastik. In einem Netz von gleichseitigen Dreiecken, die an den Kreuzungspunkten mit Friedenssymbolen markiert sind, stellen sich Menschen. So entsteht ein Feld, dessen Wirkkraft und Bedeutung kurz angeleitet wird. Wir stehen in Stille f\u00fcr all jene, die an den Grenzen Europas abprallen. Wir stehen f\u00fcr eine friedliche solidarische Gesellschaft, die sich f\u00fcr die unbedingte Einhaltung der Menschenrechte einsetzt. F\u00fcr ein gutes Leben f\u00fcr alle. <\/p>\n<p>Beim <strong>Worldcaf\u00e9<\/strong> gibt es mehrere Stationen, an denen die Teilnehmenden Informationen zu verschiedenen Aspekten der Themen Flucht und Asyl bekommen k\u00f6nnen. Die Stationen werden gestaltet von <a href=\"https:\/\/www.facebook.com\/KATIBFarsiBibliothek\/\" target=\"_blank\" rel=\"noopener\">Katib Farsi Bibliothek, <\/a><a href=\"https:\/\/mosaik-blog.at\/push-back-alarm-austria-asyl\/\" target=\"_blank\" rel=\"noopener\">Pushback Alarm Austria<\/a> und anderen Initiativen.<\/p>\n<p><\/p>\n<div class=\"shariff shariff-align-flex-start shariff-widget-align-flex-start\"><ul class=\"shariff-buttons theme-default orientation-horizontal buttonsize-medium\"><li class=\"shariff-button facebook shariff-nocustomcolor\" style=\"background-color:#4273c8\"><a href=\"https:\/\/www.facebook.com\/sharer\/sharer.php?u=https%3A%2F%2Fcrossroads-festival.org%2Fde%2Fall-refugees-are-welcome\" title=\"Share on Facebook\" aria-label=\"Share on Facebook\" role=\"button\" rel=\"nofollow\" class=\"shariff-link\" style=\"; background-color:#3b5998; color:#fff\" target=\"_blank\"><span class=\"shariff-icon\" style=\"\"><svg width=\"32px\" height=\"20px\" xmlns=\"http:\/\/www.w3.org\/2000\/svg\" viewBox=\"0 0 18 32\"><path fill=\"#3b5998\" d=\"M17.1 0.2v4.7h-2.8q-1.5 0-2.1 0.6t-0.5 1.9v3.4h5.2l-0.7 5.3h-4.5v13.6h-5.5v-13.6h-4.5v-5.3h4.5v-3.9q0-3.3 1.9-5.2t5-1.8q2.6 0 4.1 0.2z\"\/><\/svg><\/span><span class=\"shariff-text\">share<\/span>&nbsp;<\/a><\/li><li class=\"shariff-button mailto shariff-nocustomcolor\" style=\"background-color:#a8a8a8\"><a href=\"mailto:?body=https%3A%2F%2Fcrossroads-festival.org%2Fde%2Fall-refugees-are-welcome&subject=All%20Refugees%20are%20Welcome%21\" title=\"Send by email\" aria-label=\"Send by email\" role=\"button\" rel=\"noopener nofollow\" class=\"shariff-link\" style=\"; background-color:#999; color:#fff\"><span class=\"shariff-icon\" style=\"\"><svg width=\"32px\" height=\"20px\" xmlns=\"http:\/\/www.w3.org\/2000\/svg\" viewBox=\"0 0 32 32\"><path fill=\"#999\" d=\"M32 12.7v14.2q0 1.2-0.8 2t-2 0.9h-26.3q-1.2 0-2-0.9t-0.8-2v-14.2q0.8 0.9 1.8 1.6 6.5 4.4 8.9 6.1 1 0.8 1.6 1.2t1.7 0.9 2 0.4h0.1q0.9 0 2-0.4t1.7-0.9 1.6-1.2q3-2.2 8.9-6.1 1-0.7 1.8-1.6zM32 7.4q0 1.4-0.9 2.7t-2.2 2.2q-6.7 4.7-8.4 5.8-0.2 0.1-0.7 0.5t-1 0.7-0.9 0.6-1.1 0.5-0.9 0.2h-0.1q-0.4 0-0.9-0.2t-1.1-0.5-0.9-0.6-1-0.7-0.7-0.5q-1.6-1.1-4.7-3.2t-3.6-2.6q-1.1-0.7-2.1-2t-1-2.5q0-1.4 0.7-2.3t2.1-0.9h26.3q1.2 0 2 0.8t0.9 2z\"\/><\/svg><\/span><span class=\"shariff-text\">email<\/span>&nbsp;<\/a><\/li><\/ul><\/div>","protected":false},"excerpt":{"rendered":"<p>All Refugees are Welcome! feldstellen* und Worldcaf\u00e9 zum World Refugee Day MO 20.6. \/ 16:00-17:30 \/ Karl-Franzens-Uni (\u00fcberdachter Bereich vor der Hauptbibliothek, Universit\u00e4tsplatz 3a)&nbsp; Pandemie und Krieg haben die Themen Flucht und Asyl aus den Medien verdr\u00e4ngt. F\u00fcr die betroffenen Menschen bedeutet das, dass die Menschenrechtsverletzungen an den EU-Grenzen immer weniger beachtet werden. Zudem wurden &hellip; <a href=\"https:\/\/crossroads-festival.org\/de\/all-refugees-are-welcome\" class=\"more-link\"><span class=\"screen-reader-text\">All Refugees are Welcome!<\/span> weiterlesen <span class=\"meta-nav\">&rarr;<\/span><\/a><\/p>\n","protected":false},"author":1,"featured_media":0,"parent":0,"menu_order":0,"comment_status":"closed","ping_status":"closed","template":"","meta":{"_acf_changed":false,"spay_email":"","footnotes":""},"class_list":["post-2742","page","type-page","status-publish","hentry"],"acf":[],"jetpack_shortlink":"https:\/\/wp.me\/P8yz7o-Ie","_links":{"self":[{"href":"https:\/\/crossroads-festival.org\/de\/wp-json\/wp\/v2\/pages\/2742"}],"collection":[{"href":"https:\/\/crossroads-festival.org\/de\/wp-json\/wp\/v2\/pages"}],"about":[{"href":"https:\/\/crossroads-festival.org\/de\/wp-json\/wp\/v2\/types\/page"}],"author":[{"embeddable":true,"href":"https:\/\/crossroads-festival.org\/de\/wp-json\/wp\/v2\/users\/1"}],"replies":[{"embeddable":true,"href":"https:\/\/crossroads-festival.org\/de\/wp-json\/wp\/v2\/comments?post=2742"}],"version-history":[{"count":7,"href":"https:\/\/crossroads-festival.org\/de\/wp-json\/wp\/v2\/pages\/2742\/revisions"}],"predecessor-version":[{"id":2757,"href":"https:\/\/crossroads-festival.org\/de\/wp-json\/wp\/v2\/pages\/2742\/revisions\/2757"}],"wp:attachment":[{"href":"https:\/\/crossroads-festival.org\/de\/wp-json\/wp\/v2\/media?parent=2742"}],"curies":[{"name":"wp","href":"https:\/\/api.w.org\/{rel}","templated":true}]}}