{"id":2705,"date":"2022-06-03T19:25:53","date_gmt":"2022-06-03T19:25:53","guid":{"rendered":"https:\/\/crossroads-festival.org\/de\/?page_id=2705"},"modified":"2022-06-06T10:33:37","modified_gmt":"2022-06-06T10:33:37","slug":"caretraum","status":"publish","type":"page","link":"https:\/\/crossroads-festival.org\/de\/caretraum","title":{"rendered":"Care(t)raum"},"content":{"rendered":"<p><\/p>\n<p><strong>Care(t)raum<\/strong><\/p>\n<p><strong>SA 18.6. \/ 12:30-14:30 Workshop \/ Attemsgarten (Attemsgasse 25, Hinterhof) &#8211; bei Regen im Schubertnest (Harrachgasse 21, Erdgescho\u00df)<\/strong><\/p>\n<p><strong>Von und mit Mehr f\u00fcr Care! <\/p>\n<p><img decoding=\"async\" src=\"https:\/\/crossroads-festival.org\/wp-content\/uploads\/caretraum-scaled.jpg\" \/><br \/>\n<\/strong><\/p>\n<p>Care-T\u00e4tigkeiten sind alle T\u00e4tigkeiten, die dazu dienen unsere sozialen und \u00f6kologischen Lebensgrundlagen zu erhalten oder zu verbessern. In der Corona-Krise wurden genau diese T\u00e4tigkeiten, die meist von Frauen geleistet werden, als \u201esystemrelevant\u201c erkannt. Trotzdem sind sie schlecht bezahlt und die Arbeitsbedingungen oft schlecht. Ein Gro\u00dfteil davon wird \u00fcberhaupt unbezahlt erledigt und bleibt damit in unserem herk\u00f6mmlichen Wirtschaftsverst\u00e4ndnis unsichtbar. Dabei ist Care die Grundlage alles Lebens und damit auch aller anderen wirtschaftlichen T\u00e4tigkeiten. <\/p>\n<p>Ein Care(t)raum ist ein gesch\u00fctzter Raum, in dem wir respektvoll miteinander umgehen und daf\u00fcr sorgen, dass es uns selbst und den anderen gut geht, dass sich alle angenommen und wertgesch\u00e4tzt f\u00fchlen. Dort wollen wir unsere Care-Situation reflektieren und Ideen spinnen f\u00fcr Schritte und Aktivit\u00e4ten, mit denen wir unseren Tr\u00e4umen von einer Gesellschaft, in der Care im Zentrum steht, n\u00e4her kommen k\u00f6nnen. In dem Workshop erfahrt ihr auch mehr \u00fcber die Ziele und Aktivit\u00e4ten von <a href=\"https:\/\/mehr-fuer-care.at\" target=\"_blank\" rel=\"noopener\">Mehr f\u00fcr Care<\/a>.<\/p>\n<p><\/p>\n<div class=\"shariff shariff-align-flex-start shariff-widget-align-flex-start\"><ul class=\"shariff-buttons theme-default orientation-horizontal buttonsize-medium\"><li class=\"shariff-button facebook shariff-nocustomcolor\" style=\"background-color:#4273c8\"><a href=\"https:\/\/www.facebook.com\/sharer\/sharer.php?u=https%3A%2F%2Fcrossroads-festival.org%2Fde%2Fcaretraum\" title=\"Share on Facebook\" aria-label=\"Share on Facebook\" role=\"button\" rel=\"nofollow\" class=\"shariff-link\" style=\"; background-color:#3b5998; color:#fff\" target=\"_blank\"><span class=\"shariff-icon\" style=\"\"><svg width=\"32px\" height=\"20px\" xmlns=\"http:\/\/www.w3.org\/2000\/svg\" viewBox=\"0 0 18 32\"><path fill=\"#3b5998\" d=\"M17.1 0.2v4.7h-2.8q-1.5 0-2.1 0.6t-0.5 1.9v3.4h5.2l-0.7 5.3h-4.5v13.6h-5.5v-13.6h-4.5v-5.3h4.5v-3.9q0-3.3 1.9-5.2t5-1.8q2.6 0 4.1 0.2z\"\/><\/svg><\/span><span class=\"shariff-text\">share<\/span>&nbsp;<\/a><\/li><li class=\"shariff-button mailto shariff-nocustomcolor\" style=\"background-color:#a8a8a8\"><a href=\"mailto:?body=https%3A%2F%2Fcrossroads-festival.org%2Fde%2Fcaretraum&subject=Care%28t%29raum\" title=\"Send by email\" aria-label=\"Send by email\" role=\"button\" rel=\"noopener nofollow\" class=\"shariff-link\" style=\"; background-color:#999; color:#fff\"><span class=\"shariff-icon\" style=\"\"><svg width=\"32px\" height=\"20px\" xmlns=\"http:\/\/www.w3.org\/2000\/svg\" viewBox=\"0 0 32 32\"><path fill=\"#999\" d=\"M32 12.7v14.2q0 1.2-0.8 2t-2 0.9h-26.3q-1.2 0-2-0.9t-0.8-2v-14.2q0.8 0.9 1.8 1.6 6.5 4.4 8.9 6.1 1 0.8 1.6 1.2t1.7 0.9 2 0.4h0.1q0.9 0 2-0.4t1.7-0.9 1.6-1.2q3-2.2 8.9-6.1 1-0.7 1.8-1.6zM32 7.4q0 1.4-0.9 2.7t-2.2 2.2q-6.7 4.7-8.4 5.8-0.2 0.1-0.7 0.5t-1 0.7-0.9 0.6-1.1 0.5-0.9 0.2h-0.1q-0.4 0-0.9-0.2t-1.1-0.5-0.9-0.6-1-0.7-0.7-0.5q-1.6-1.1-4.7-3.2t-3.6-2.6q-1.1-0.7-2.1-2t-1-2.5q0-1.4 0.7-2.3t2.1-0.9h26.3q1.2 0 2 0.8t0.9 2z\"\/><\/svg><\/span><span class=\"shariff-text\">email<\/span>&nbsp;<\/a><\/li><\/ul><\/div>","protected":false},"excerpt":{"rendered":"<p>Care(t)raum SA 18.6. \/ 12:30-14:30 Workshop \/ Attemsgarten (Attemsgasse 25, Hinterhof) &#8211; bei Regen im Schubertnest (Harrachgasse 21, Erdgescho\u00df) Von und mit Mehr f\u00fcr Care! Care-T\u00e4tigkeiten sind alle T\u00e4tigkeiten, die dazu dienen unsere sozialen und \u00f6kologischen Lebensgrundlagen zu erhalten oder zu verbessern. In der Corona-Krise wurden genau diese T\u00e4tigkeiten, die meist von Frauen geleistet werden, &hellip; <a href=\"https:\/\/crossroads-festival.org\/de\/caretraum\" class=\"more-link\"><span class=\"screen-reader-text\">Care(t)raum<\/span> weiterlesen <span class=\"meta-nav\">&rarr;<\/span><\/a><\/p>\n","protected":false},"author":1,"featured_media":0,"parent":0,"menu_order":0,"comment_status":"closed","ping_status":"closed","template":"","meta":{"_acf_changed":false,"spay_email":"","footnotes":""},"class_list":["post-2705","page","type-page","status-publish","hentry"],"acf":[],"jetpack_shortlink":"https:\/\/wp.me\/P8yz7o-HD","_links":{"self":[{"href":"https:\/\/crossroads-festival.org\/de\/wp-json\/wp\/v2\/pages\/2705"}],"collection":[{"href":"https:\/\/crossroads-festival.org\/de\/wp-json\/wp\/v2\/pages"}],"about":[{"href":"https:\/\/crossroads-festival.org\/de\/wp-json\/wp\/v2\/types\/page"}],"author":[{"embeddable":true,"href":"https:\/\/crossroads-festival.org\/de\/wp-json\/wp\/v2\/users\/1"}],"replies":[{"embeddable":true,"href":"https:\/\/crossroads-festival.org\/de\/wp-json\/wp\/v2\/comments?post=2705"}],"version-history":[{"count":4,"href":"https:\/\/crossroads-festival.org\/de\/wp-json\/wp\/v2\/pages\/2705\/revisions"}],"predecessor-version":[{"id":2728,"href":"https:\/\/crossroads-festival.org\/de\/wp-json\/wp\/v2\/pages\/2705\/revisions\/2728"}],"wp:attachment":[{"href":"https:\/\/crossroads-festival.org\/de\/wp-json\/wp\/v2\/media?parent=2705"}],"curies":[{"name":"wp","href":"https:\/\/api.w.org\/{rel}","templated":true}]}}