{"id":2680,"date":"2022-06-03T06:47:47","date_gmt":"2022-06-03T06:47:47","guid":{"rendered":"https:\/\/crossroads-festival.org\/de\/?page_id=2680"},"modified":"2022-06-03T06:49:49","modified_gmt":"2022-06-03T06:49:49","slug":"heat-or-eat","status":"publish","type":"page","link":"https:\/\/crossroads-festival.org\/de\/heat-or-eat","title":{"rendered":"Heat or Eat!"},"content":{"rendered":"<p><\/p>\n<p><strong>Heat or Eat!<\/strong><br \/>\n<strong>Energiedemokratie gegen Energiearmut und Abh\u00e4ngigkeit von autorit\u00e4ren Regimen<\/p>\n<p>FR 10.6. \/ 12:00-13:30 \/ Workshop\/ Schubertnest (Uni Graz, Vorklinik, Harrachgasse 21, Erdgescho\u00df)<br \/>\n<\/strong><br \/>\n<strong>Mit Joshy Schwarz (System Change, not Climate Change!)<\/p>\n<p><\/strong><img decoding=\"async\" src=\"https:\/\/crossroads-festival.org\/wp-content\/uploads\/heatoreat.jpg\" \/><\/p>\n<p>&#8222;Heat or eat!&#8220; &#8211; unter diesem Slogan wurde beispielsweise in Gro\u00dfbritannien schon viel \u00fcber die Thematik Energiearmut geredet. Bei uns ist dieses Thema erst seit dem Energiepreisanstieg in letzter Zeit in den Nachrichten pr\u00e4sent. Was ist dieses neue Ph\u00e4nomen? Wie steht es um g\u00e4ngige Ma\u00dfnahmen gegen Energiearmut und sind diese zielf\u00fchrend oder m\u00fcssen wir auf einem systemkritischeren Level ansetzen?<\/p>\n<p>Die Antwort der Klimagerechtigkeitsbewegung auf Energiearmut ist Energiedemokratie. Was k\u00f6nnen wir uns unter Energiedemokratie vorstellen und wie k\u00f6nnen wir das Energiesystem wieder in den H\u00e4nde der B\u00fcrger:innen bringen? Vor allem im Hinblick auf die Klimakrise und den Invasionskrieg von Russland gegen die Ukraine ist es essenziell, unser Energiesystem schnell und nachhaltig zu ver\u00e4ndern. Was k\u00f6nnen Energiegemeinschaften dazu beitragen?<\/p>\n<p>Ein Einf\u00fchrungsworkshop.<\/p>\n<p><\/p>\n<div class=\"shariff shariff-align-flex-start shariff-widget-align-flex-start\"><ul class=\"shariff-buttons theme-default orientation-horizontal buttonsize-medium\"><li class=\"shariff-button facebook shariff-nocustomcolor\" style=\"background-color:#4273c8\"><a href=\"https:\/\/www.facebook.com\/sharer\/sharer.php?u=https%3A%2F%2Fcrossroads-festival.org%2Fde%2Fheat-or-eat\" title=\"Share on Facebook\" aria-label=\"Share on Facebook\" role=\"button\" rel=\"nofollow\" class=\"shariff-link\" style=\"; background-color:#3b5998; color:#fff\" target=\"_blank\"><span class=\"shariff-icon\" style=\"\"><svg width=\"32px\" height=\"20px\" xmlns=\"http:\/\/www.w3.org\/2000\/svg\" viewBox=\"0 0 18 32\"><path fill=\"#3b5998\" d=\"M17.1 0.2v4.7h-2.8q-1.5 0-2.1 0.6t-0.5 1.9v3.4h5.2l-0.7 5.3h-4.5v13.6h-5.5v-13.6h-4.5v-5.3h4.5v-3.9q0-3.3 1.9-5.2t5-1.8q2.6 0 4.1 0.2z\"\/><\/svg><\/span><span class=\"shariff-text\">share<\/span>&nbsp;<\/a><\/li><li class=\"shariff-button mailto shariff-nocustomcolor\" style=\"background-color:#a8a8a8\"><a href=\"mailto:?body=https%3A%2F%2Fcrossroads-festival.org%2Fde%2Fheat-or-eat&subject=Heat%20or%20Eat%21\" title=\"Send by email\" aria-label=\"Send by email\" role=\"button\" rel=\"noopener nofollow\" class=\"shariff-link\" style=\"; background-color:#999; color:#fff\"><span class=\"shariff-icon\" style=\"\"><svg width=\"32px\" height=\"20px\" xmlns=\"http:\/\/www.w3.org\/2000\/svg\" viewBox=\"0 0 32 32\"><path fill=\"#999\" d=\"M32 12.7v14.2q0 1.2-0.8 2t-2 0.9h-26.3q-1.2 0-2-0.9t-0.8-2v-14.2q0.8 0.9 1.8 1.6 6.5 4.4 8.9 6.1 1 0.8 1.6 1.2t1.7 0.9 2 0.4h0.1q0.9 0 2-0.4t1.7-0.9 1.6-1.2q3-2.2 8.9-6.1 1-0.7 1.8-1.6zM32 7.4q0 1.4-0.9 2.7t-2.2 2.2q-6.7 4.7-8.4 5.8-0.2 0.1-0.7 0.5t-1 0.7-0.9 0.6-1.1 0.5-0.9 0.2h-0.1q-0.4 0-0.9-0.2t-1.1-0.5-0.9-0.6-1-0.7-0.7-0.5q-1.6-1.1-4.7-3.2t-3.6-2.6q-1.1-0.7-2.1-2t-1-2.5q0-1.4 0.7-2.3t2.1-0.9h26.3q1.2 0 2 0.8t0.9 2z\"\/><\/svg><\/span><span class=\"shariff-text\">email<\/span>&nbsp;<\/a><\/li><\/ul><\/div>","protected":false},"excerpt":{"rendered":"<p>Heat or Eat! Energiedemokratie gegen Energiearmut und Abh\u00e4ngigkeit von autorit\u00e4ren Regimen FR 10.6. \/ 12:00-13:30 \/ Workshop\/ Schubertnest (Uni Graz, Vorklinik, Harrachgasse 21, Erdgescho\u00df) Mit Joshy Schwarz (System Change, not Climate Change!) &#8222;Heat or eat!&#8220; &#8211; unter diesem Slogan wurde beispielsweise in Gro\u00dfbritannien schon viel \u00fcber die Thematik Energiearmut geredet. Bei uns ist dieses Thema &hellip; <a href=\"https:\/\/crossroads-festival.org\/de\/heat-or-eat\" class=\"more-link\"><span class=\"screen-reader-text\">Heat or Eat!<\/span> weiterlesen <span class=\"meta-nav\">&rarr;<\/span><\/a><\/p>\n","protected":false},"author":1,"featured_media":0,"parent":0,"menu_order":0,"comment_status":"closed","ping_status":"closed","template":"","meta":{"_acf_changed":false,"spay_email":"","footnotes":""},"class_list":["post-2680","page","type-page","status-publish","hentry"],"acf":[],"jetpack_shortlink":"https:\/\/wp.me\/P8yz7o-He","_links":{"self":[{"href":"https:\/\/crossroads-festival.org\/de\/wp-json\/wp\/v2\/pages\/2680"}],"collection":[{"href":"https:\/\/crossroads-festival.org\/de\/wp-json\/wp\/v2\/pages"}],"about":[{"href":"https:\/\/crossroads-festival.org\/de\/wp-json\/wp\/v2\/types\/page"}],"author":[{"embeddable":true,"href":"https:\/\/crossroads-festival.org\/de\/wp-json\/wp\/v2\/users\/1"}],"replies":[{"embeddable":true,"href":"https:\/\/crossroads-festival.org\/de\/wp-json\/wp\/v2\/comments?post=2680"}],"version-history":[{"count":2,"href":"https:\/\/crossroads-festival.org\/de\/wp-json\/wp\/v2\/pages\/2680\/revisions"}],"predecessor-version":[{"id":2683,"href":"https:\/\/crossroads-festival.org\/de\/wp-json\/wp\/v2\/pages\/2680\/revisions\/2683"}],"wp:attachment":[{"href":"https:\/\/crossroads-festival.org\/de\/wp-json\/wp\/v2\/media?parent=2680"}],"curies":[{"name":"wp","href":"https:\/\/api.w.org\/{rel}","templated":true}]}}