{"id":2634,"date":"2022-05-28T14:08:48","date_gmt":"2022-05-28T14:08:48","guid":{"rendered":"https:\/\/crossroads-festival.org\/de\/?page_id=2634"},"modified":"2022-06-12T06:08:20","modified_gmt":"2022-06-12T06:08:20","slug":"kritik-an-maennlichkeiten-organisieren","status":"publish","type":"page","link":"https:\/\/crossroads-festival.org\/de\/kritik-an-maennlichkeiten-organisieren","title":{"rendered":"Kritik an M\u00e4nnlichkeiten organisieren"},"content":{"rendered":"<p><\/p>\n<p><strong>Kritik an (eigenen) M\u00e4nnlichkeiten organisieren <\/strong><\/p>\n<p><strong>SO 19.6. \/ 14:00-16:00 \/ Workhop\/ Schubertnest (Uni Graz, Vorklinik, Harrachgasse 21, Erdgescho\u00df) <\/strong><\/p>\n<p><strong>Von und mit Zerprivilegt<\/strong><\/p>\n<p>Du m\u00f6chtest dich mit eigenen m\u00e4nnlichen Verhaltensweisen oder der anderer Menschen kritisch auseinandersetzen? Du wei\u00dft nicht, wo du da anfangen sollst und mit wem? Gibt es auch eine M\u00f6glichkeit, neben pro-feministischer Reflexion, dass ich mich aktivistisch beteilige? <\/p>\n<p>Ganz egal ob du cis-Mann bist oder nicht, dich bereits viel oder gar nicht mit (eigener) M\u00e4nnlichkeit besch\u00e4ftigt hast &#8211; dieser Workshop will dich mit Anderen zusammenbringen, die sich die gleichen Fragen stellen wie du. Du wirst schrittweise zu konkreten M\u00f6glichkeiten der Selbstorganisation herangef\u00fchrt, und wir schauen uns gemeinsam an, welche (pro-)feministischen Strukturen und Ans\u00e4tze es auch f\u00fcr cis-M\u00e4nner bereits in Graz gibt. <\/p>\n<p>Angesichts von Gewalt und Unterdr\u00fcckung in Passivit\u00e4t und Sprachlosigkeit zu verharren, bedeutet das Patriarchat zu unterst\u00fctzen. Begegne deinen Unsicherheiten, lerne mit Kritik umzugehen, mach dich verletzlich! Jetzt gibt es keine Ausrede mehr.<\/p>\n<p><\/p>\n<div class=\"shariff shariff-align-flex-start shariff-widget-align-flex-start\"><ul class=\"shariff-buttons theme-default orientation-horizontal buttonsize-medium\"><li class=\"shariff-button facebook shariff-nocustomcolor\" style=\"background-color:#4273c8\"><a href=\"https:\/\/www.facebook.com\/sharer\/sharer.php?u=https%3A%2F%2Fcrossroads-festival.org%2Fde%2Fkritik-an-maennlichkeiten-organisieren\" title=\"Share on Facebook\" aria-label=\"Share on Facebook\" role=\"button\" rel=\"nofollow\" class=\"shariff-link\" style=\"; background-color:#3b5998; color:#fff\" target=\"_blank\"><span class=\"shariff-icon\" style=\"\"><svg width=\"32px\" height=\"20px\" xmlns=\"http:\/\/www.w3.org\/2000\/svg\" viewBox=\"0 0 18 32\"><path fill=\"#3b5998\" d=\"M17.1 0.2v4.7h-2.8q-1.5 0-2.1 0.6t-0.5 1.9v3.4h5.2l-0.7 5.3h-4.5v13.6h-5.5v-13.6h-4.5v-5.3h4.5v-3.9q0-3.3 1.9-5.2t5-1.8q2.6 0 4.1 0.2z\"\/><\/svg><\/span><span class=\"shariff-text\">share<\/span>&nbsp;<\/a><\/li><li class=\"shariff-button mailto shariff-nocustomcolor\" style=\"background-color:#a8a8a8\"><a href=\"mailto:?body=https%3A%2F%2Fcrossroads-festival.org%2Fde%2Fkritik-an-maennlichkeiten-organisieren&subject=Kritik%20an%20M%C3%A4nnlichkeiten%20organisieren\" title=\"Send by email\" aria-label=\"Send by email\" role=\"button\" rel=\"noopener nofollow\" class=\"shariff-link\" style=\"; background-color:#999; color:#fff\"><span class=\"shariff-icon\" style=\"\"><svg width=\"32px\" height=\"20px\" xmlns=\"http:\/\/www.w3.org\/2000\/svg\" viewBox=\"0 0 32 32\"><path fill=\"#999\" d=\"M32 12.7v14.2q0 1.2-0.8 2t-2 0.9h-26.3q-1.2 0-2-0.9t-0.8-2v-14.2q0.8 0.9 1.8 1.6 6.5 4.4 8.9 6.1 1 0.8 1.6 1.2t1.7 0.9 2 0.4h0.1q0.9 0 2-0.4t1.7-0.9 1.6-1.2q3-2.2 8.9-6.1 1-0.7 1.8-1.6zM32 7.4q0 1.4-0.9 2.7t-2.2 2.2q-6.7 4.7-8.4 5.8-0.2 0.1-0.7 0.5t-1 0.7-0.9 0.6-1.1 0.5-0.9 0.2h-0.1q-0.4 0-0.9-0.2t-1.1-0.5-0.9-0.6-1-0.7-0.7-0.5q-1.6-1.1-4.7-3.2t-3.6-2.6q-1.1-0.7-2.1-2t-1-2.5q0-1.4 0.7-2.3t2.1-0.9h26.3q1.2 0 2 0.8t0.9 2z\"\/><\/svg><\/span><span class=\"shariff-text\">email<\/span>&nbsp;<\/a><\/li><\/ul><\/div>","protected":false},"excerpt":{"rendered":"<p>Kritik an (eigenen) M\u00e4nnlichkeiten organisieren SO 19.6. \/ 14:00-16:00 \/ Workhop\/ Schubertnest (Uni Graz, Vorklinik, Harrachgasse 21, Erdgescho\u00df) Von und mit Zerprivilegt Du m\u00f6chtest dich mit eigenen m\u00e4nnlichen Verhaltensweisen oder der anderer Menschen kritisch auseinandersetzen? Du wei\u00dft nicht, wo du da anfangen sollst und mit wem? Gibt es auch eine M\u00f6glichkeit, neben pro-feministischer Reflexion, dass &hellip; <a href=\"https:\/\/crossroads-festival.org\/de\/kritik-an-maennlichkeiten-organisieren\" class=\"more-link\"><span class=\"screen-reader-text\">Kritik an M\u00e4nnlichkeiten organisieren<\/span> weiterlesen <span class=\"meta-nav\">&rarr;<\/span><\/a><\/p>\n","protected":false},"author":1,"featured_media":0,"parent":0,"menu_order":0,"comment_status":"closed","ping_status":"closed","template":"","meta":{"_acf_changed":false,"spay_email":"","footnotes":""},"class_list":["post-2634","page","type-page","status-publish","hentry"],"acf":[],"jetpack_shortlink":"https:\/\/wp.me\/P8yz7o-Gu","_links":{"self":[{"href":"https:\/\/crossroads-festival.org\/de\/wp-json\/wp\/v2\/pages\/2634"}],"collection":[{"href":"https:\/\/crossroads-festival.org\/de\/wp-json\/wp\/v2\/pages"}],"about":[{"href":"https:\/\/crossroads-festival.org\/de\/wp-json\/wp\/v2\/types\/page"}],"author":[{"embeddable":true,"href":"https:\/\/crossroads-festival.org\/de\/wp-json\/wp\/v2\/users\/1"}],"replies":[{"embeddable":true,"href":"https:\/\/crossroads-festival.org\/de\/wp-json\/wp\/v2\/comments?post=2634"}],"version-history":[{"count":7,"href":"https:\/\/crossroads-festival.org\/de\/wp-json\/wp\/v2\/pages\/2634\/revisions"}],"predecessor-version":[{"id":2762,"href":"https:\/\/crossroads-festival.org\/de\/wp-json\/wp\/v2\/pages\/2634\/revisions\/2762"}],"wp:attachment":[{"href":"https:\/\/crossroads-festival.org\/de\/wp-json\/wp\/v2\/media?parent=2634"}],"curies":[{"name":"wp","href":"https:\/\/api.w.org\/{rel}","templated":true}]}}