{"id":2218,"date":"2019-11-01T12:06:37","date_gmt":"2019-11-01T12:06:37","guid":{"rendered":"https:\/\/crossroads-festival.org\/de\/fuer-eine-solidarische-zukunft-copy-copy-copy-7-copy"},"modified":"2019-11-01T14:52:28","modified_gmt":"2019-11-01T14:52:28","slug":"fuer-eine-solidarische-zukunft-copy-copy-copy-7-copy","status":"publish","type":"page","link":"https:\/\/crossroads-festival.org\/de\/solidaritaet-statt-festung","title":{"rendered":"Solidarit\u00e4t statt Festung Europa Fluchtursachen bek\u00e4mpfen, nicht Menschen auf der Flucht"},"content":{"rendered":"<p><\/p>\n<p style=\"text-align: left;\"><strong>Solidarit\u00e4t statt Festung Europa<\/strong><br \/>\n<strong>Fluchtursachen bek\u00e4mpfen, nicht Menschen auf der Flucht<\/p>\n<p>FR 1.11. \/ 18:30-20:00 \/ Forum Stadtpark \/ Podiumsgespr\u00e4ch<\/p>\n<p>Mit Florian Stadler (Seenotretter, Head of mission der Iuventa), Filimon Mebrhatom (Gefl\u00fcchteter Teenager und Aktivist aus Eritrea), Doro Blancke (Fairness Asyl, Gib mir Deine Hand), Matthias Monroy (Zeitschrift B\u00fcrgerrechte &amp;Polizei\/CILIP), Alexander Behr (Afrique Europe Interact) und Evelyn Schalk (Seebr\u00fccke Graz)<\/strong><\/p>\n<p><img decoding=\"async\" src=\"https:\/\/crossroads-festival.org\/wp-content\/uploads\/3.jpg\" \/><\/p>\n<p>Als Auftakt unseres Schwerpunkts &#8222;Soldarit\u00e4t statt Festung Europa&#8220; werden wir mit einer Reihe spannender G\u00e4ste u.a. folgende Fragen besprechen:<\/p>\n<p>Was sind die wichtigsten Fluchtursachen und wie werden sie sich in Zukunft entwickeln? Was spielt sich in den Herkunftsl\u00e4ndern ab?<\/p>\n<p>Wer ist verantwortlich daf\u00fcr, dass Menschen fl\u00fcchten m\u00fcssen?&nbsp; Wer sind die Akteur*innen, die Menschen w\u00e4hrend der Flucht das Leben schwer oder unertr\u00e4glich machen und daf\u00fcr verantwortlich sind, dass so viele sterben? Wie agieren sie?<\/p>\n<p>Warum gibt es keine sicheren Fluchtwege? Warum betreiben die europ\u00e4ischen Regierungen eine Politik der Abschottung und des Festungsbaus statt einer der Solidarit\u00e4t und des Willkommenheissens?<\/p>\n<p>Was kann der Festung Europa entgegengesetzt werden? Was kann aus der Geschichte sozialer Bewegungen und aus historischen Niederlagen und Erfolgen gelernt werden?<\/p>\n<p>Wie kann eine gr\u00f6\u00dfere und m\u00e4chtigere antirassistische Bewegung augebaut werden? Wie kann st\u00e4rker mit Bewegungen wie beispielsweise der Klimagerechtigkeitsbewegung und feministischen Bewegungen zusammengearbeitet werden, um grundegende, alle Gesellschaftbereiche umfassende Ver\u00e4nderungen voranzutreiben?<\/p>\n<p><\/p>\n<div class=\"shariff shariff-align-flex-start shariff-widget-align-flex-start\"><ul class=\"shariff-buttons theme-default orientation-horizontal buttonsize-medium\"><li class=\"shariff-button facebook shariff-nocustomcolor\" style=\"background-color:#4273c8\"><a href=\"https:\/\/www.facebook.com\/sharer\/sharer.php?u=https%3A%2F%2Fcrossroads-festival.org%2Fde%2Fsolidaritaet-statt-festung\" title=\"Share on Facebook\" aria-label=\"Share on Facebook\" role=\"button\" rel=\"nofollow\" class=\"shariff-link\" style=\"; background-color:#3b5998; color:#fff\" target=\"_blank\"><span class=\"shariff-icon\" style=\"\"><svg width=\"32px\" height=\"20px\" xmlns=\"http:\/\/www.w3.org\/2000\/svg\" viewBox=\"0 0 18 32\"><path fill=\"#3b5998\" d=\"M17.1 0.2v4.7h-2.8q-1.5 0-2.1 0.6t-0.5 1.9v3.4h5.2l-0.7 5.3h-4.5v13.6h-5.5v-13.6h-4.5v-5.3h4.5v-3.9q0-3.3 1.9-5.2t5-1.8q2.6 0 4.1 0.2z\"\/><\/svg><\/span><span class=\"shariff-text\">share<\/span>&nbsp;<\/a><\/li><li class=\"shariff-button mailto shariff-nocustomcolor\" style=\"background-color:#a8a8a8\"><a href=\"mailto:?body=https%3A%2F%2Fcrossroads-festival.org%2Fde%2Fsolidaritaet-statt-festung&subject=Solidarit%C3%A4t%20statt%20Festung%20Europa%20Fluchtursachen%20bek%C3%A4mpfen%2C%20nicht%20Menschen%20auf%20der%20Flucht\" title=\"Send by email\" aria-label=\"Send by email\" role=\"button\" rel=\"noopener nofollow\" class=\"shariff-link\" style=\"; background-color:#999; color:#fff\"><span class=\"shariff-icon\" style=\"\"><svg width=\"32px\" height=\"20px\" xmlns=\"http:\/\/www.w3.org\/2000\/svg\" viewBox=\"0 0 32 32\"><path fill=\"#999\" d=\"M32 12.7v14.2q0 1.2-0.8 2t-2 0.9h-26.3q-1.2 0-2-0.9t-0.8-2v-14.2q0.8 0.9 1.8 1.6 6.5 4.4 8.9 6.1 1 0.8 1.6 1.2t1.7 0.9 2 0.4h0.1q0.9 0 2-0.4t1.7-0.9 1.6-1.2q3-2.2 8.9-6.1 1-0.7 1.8-1.6zM32 7.4q0 1.4-0.9 2.7t-2.2 2.2q-6.7 4.7-8.4 5.8-0.2 0.1-0.7 0.5t-1 0.7-0.9 0.6-1.1 0.5-0.9 0.2h-0.1q-0.4 0-0.9-0.2t-1.1-0.5-0.9-0.6-1-0.7-0.7-0.5q-1.6-1.1-4.7-3.2t-3.6-2.6q-1.1-0.7-2.1-2t-1-2.5q0-1.4 0.7-2.3t2.1-0.9h26.3q1.2 0 2 0.8t0.9 2z\"\/><\/svg><\/span><span class=\"shariff-text\">email<\/span>&nbsp;<\/a><\/li><\/ul><\/div>","protected":false},"excerpt":{"rendered":"<p>Solidarit\u00e4t statt Festung Europa Fluchtursachen bek\u00e4mpfen, nicht Menschen auf der Flucht FR 1.11. \/ 18:30-20:00 \/ Forum Stadtpark \/ Podiumsgespr\u00e4ch Mit Florian Stadler (Seenotretter, Head of mission der Iuventa), Filimon Mebrhatom (Gefl\u00fcchteter Teenager und Aktivist aus Eritrea), Doro Blancke (Fairness Asyl, Gib mir Deine Hand), Matthias Monroy (Zeitschrift B\u00fcrgerrechte &amp;Polizei\/CILIP), Alexander Behr (Afrique Europe Interact) &hellip; <a href=\"https:\/\/crossroads-festival.org\/de\/solidaritaet-statt-festung\" class=\"more-link\"><span class=\"screen-reader-text\">Solidarit\u00e4t statt Festung Europa Fluchtursachen bek\u00e4mpfen, nicht Menschen auf der Flucht<\/span> weiterlesen <span class=\"meta-nav\">&rarr;<\/span><\/a><\/p>\n","protected":false},"author":1,"featured_media":0,"parent":0,"menu_order":0,"comment_status":"closed","ping_status":"closed","template":"","meta":{"_acf_changed":false,"spay_email":"","footnotes":""},"class_list":["post-2218","page","type-page","status-publish","hentry"],"acf":[],"jetpack_shortlink":"https:\/\/wp.me\/P8yz7o-zM","_links":{"self":[{"href":"https:\/\/crossroads-festival.org\/de\/wp-json\/wp\/v2\/pages\/2218"}],"collection":[{"href":"https:\/\/crossroads-festival.org\/de\/wp-json\/wp\/v2\/pages"}],"about":[{"href":"https:\/\/crossroads-festival.org\/de\/wp-json\/wp\/v2\/types\/page"}],"author":[{"embeddable":true,"href":"https:\/\/crossroads-festival.org\/de\/wp-json\/wp\/v2\/users\/1"}],"replies":[{"embeddable":true,"href":"https:\/\/crossroads-festival.org\/de\/wp-json\/wp\/v2\/comments?post=2218"}],"version-history":[{"count":3,"href":"https:\/\/crossroads-festival.org\/de\/wp-json\/wp\/v2\/pages\/2218\/revisions"}],"predecessor-version":[{"id":2222,"href":"https:\/\/crossroads-festival.org\/de\/wp-json\/wp\/v2\/pages\/2218\/revisions\/2222"}],"wp:attachment":[{"href":"https:\/\/crossroads-festival.org\/de\/wp-json\/wp\/v2\/media?parent=2218"}],"curies":[{"name":"wp","href":"https:\/\/api.w.org\/{rel}","templated":true}]}}