{"id":2138,"date":"2019-10-16T14:40:01","date_gmt":"2019-10-16T14:40:01","guid":{"rendered":"https:\/\/crossroads-festival.org\/de\/fuer-eine-solidarische-zukunft-copy-copy-copy-9-copy-3"},"modified":"2019-10-18T12:37:05","modified_gmt":"2019-10-18T12:37:05","slug":"fuer-eine-solidarische-zukunft-copy-copy-copy-9-copy-3","status":"publish","type":"page","link":"https:\/\/crossroads-festival.org\/de\/gerechte-uebergaenge-gestalten","title":{"rendered":"Gerechte \u00dcberg\u00e4nge gestalten Der Umbau der \u00f6sterreichischen Autozulieferindustrie (und die Rolle der Gewerkschaften)"},"content":{"rendered":"<p><\/p>\n<p><strong>Gerechte \u00dcberg\u00e4nge gestalten<br \/>\nDer Umbau der \u00f6sterreichischen Autozulieferindustrie (und die Rolle der Gewerkschaften)<\/p>\n<p>SO 27.10. \/ 11:30-12:30 \/ Forum Stadtpark \/ Vortrag und Gespr\u00e4ch<\/p>\n<p>Von und mit Heinz H\u00f6gelsberger (Institut f\u00fcr Politikwissenschaft, Uni Wien)<\/strong><\/p>\n<p><img decoding=\"async\" src=\"https:\/\/crossroads-festival.org\/wp-content\/uploads\/magna.jpg\" \/><\/p>\n<p>Von den zw\u00f6lf gr\u00f6\u00dften Unternehmen der Welt sind neun \u00d6l- oder Autokonzerne. Sie bestimmen die Weltpolitik und wollen maximale Profite. Das erkl\u00e4rt, warum sich beim Klimaschutz bislang so wenig getan hat. Die Klimaerhitzung ist also so etwas wie globaler Klassenkampf von oben nach unten. \u00c4rmere Menschen verursachen weniger CO2-Emissionen als die Reichen, leiden aber mehr unter den Folgen der Klimakrise.<\/p>\n<p>Trotzdem werden Umweltpolitik und Fragen sozialer Gerechtigkeit in \u00d6sterreich selten gemeinsam thematisiert. Gewerkschaften und Umweltsch\u00fctzer*innen hatten seit den Auseinandersetzungen um das Atomkraftwerk Zwentendorf und das Wasserkraftwerk Hainburg \u00fcber lange Zeit keine gute Gespr\u00e4chsbasis und konnten dadurch die Gemeinsamkeiten ihrer Anliegen nicht erkennen.<\/p>\n<p>Im Vortrag analysiert Heinz H\u00f6gelsberger die Strukturen und Zukunftstauglichkeit der \u00f6sterreichischen Autozulieferindustrie. Untersucht wird zudem die Rolle und Positionierung von Gewerkschaften und Betriebsr\u00e4t*innen zu einer allf\u00e4lligen Mobilit\u00e4tswende. Im Gespr\u00e4ch wollen wir ausloten, wie gerechte \u00dcberg\u00e4nge in eine zukunftsf\u00e4hige Industrie und Gesellschaft gestaltet werden k\u00f6nnen, die niemanden zur\u00fccklassen und die Lebensqualit\u00e4t aller steigern k\u00f6nnen.<\/p>\n<p><\/p>\n<div class=\"shariff shariff-align-flex-start shariff-widget-align-flex-start\"><ul class=\"shariff-buttons theme-default orientation-horizontal buttonsize-medium\"><li class=\"shariff-button facebook shariff-nocustomcolor\" style=\"background-color:#4273c8\"><a href=\"https:\/\/www.facebook.com\/sharer\/sharer.php?u=https%3A%2F%2Fcrossroads-festival.org%2Fde%2Fgerechte-uebergaenge-gestalten\" title=\"Share on Facebook\" aria-label=\"Share on Facebook\" role=\"button\" rel=\"nofollow\" class=\"shariff-link\" style=\"; background-color:#3b5998; color:#fff\" target=\"_blank\"><span class=\"shariff-icon\" style=\"\"><svg width=\"32px\" height=\"20px\" xmlns=\"http:\/\/www.w3.org\/2000\/svg\" viewBox=\"0 0 18 32\"><path fill=\"#3b5998\" d=\"M17.1 0.2v4.7h-2.8q-1.5 0-2.1 0.6t-0.5 1.9v3.4h5.2l-0.7 5.3h-4.5v13.6h-5.5v-13.6h-4.5v-5.3h4.5v-3.9q0-3.3 1.9-5.2t5-1.8q2.6 0 4.1 0.2z\"\/><\/svg><\/span><span class=\"shariff-text\">share<\/span>&nbsp;<\/a><\/li><li class=\"shariff-button mailto shariff-nocustomcolor\" style=\"background-color:#a8a8a8\"><a href=\"mailto:?body=https%3A%2F%2Fcrossroads-festival.org%2Fde%2Fgerechte-uebergaenge-gestalten&subject=Gerechte%20%C3%9Cberg%C3%A4nge%20gestalten%20Der%20Umbau%20der%20%C3%B6sterreichischen%20Autozulieferindustrie%20%28und%20die%20Rolle%20der%20Gewerkschaften%29\" title=\"Send by email\" aria-label=\"Send by email\" role=\"button\" rel=\"noopener nofollow\" class=\"shariff-link\" style=\"; background-color:#999; color:#fff\"><span class=\"shariff-icon\" style=\"\"><svg width=\"32px\" height=\"20px\" xmlns=\"http:\/\/www.w3.org\/2000\/svg\" viewBox=\"0 0 32 32\"><path fill=\"#999\" d=\"M32 12.7v14.2q0 1.2-0.8 2t-2 0.9h-26.3q-1.2 0-2-0.9t-0.8-2v-14.2q0.8 0.9 1.8 1.6 6.5 4.4 8.9 6.1 1 0.8 1.6 1.2t1.7 0.9 2 0.4h0.1q0.9 0 2-0.4t1.7-0.9 1.6-1.2q3-2.2 8.9-6.1 1-0.7 1.8-1.6zM32 7.4q0 1.4-0.9 2.7t-2.2 2.2q-6.7 4.7-8.4 5.8-0.2 0.1-0.7 0.5t-1 0.7-0.9 0.6-1.1 0.5-0.9 0.2h-0.1q-0.4 0-0.9-0.2t-1.1-0.5-0.9-0.6-1-0.7-0.7-0.5q-1.6-1.1-4.7-3.2t-3.6-2.6q-1.1-0.7-2.1-2t-1-2.5q0-1.4 0.7-2.3t2.1-0.9h26.3q1.2 0 2 0.8t0.9 2z\"\/><\/svg><\/span><span class=\"shariff-text\">email<\/span>&nbsp;<\/a><\/li><\/ul><\/div>","protected":false},"excerpt":{"rendered":"<p>Gerechte \u00dcberg\u00e4nge gestalten Der Umbau der \u00f6sterreichischen Autozulieferindustrie (und die Rolle der Gewerkschaften) SO 27.10. \/ 11:30-12:30 \/ Forum Stadtpark \/ Vortrag und Gespr\u00e4ch Von und mit Heinz H\u00f6gelsberger (Institut f\u00fcr Politikwissenschaft, Uni Wien) Von den zw\u00f6lf gr\u00f6\u00dften Unternehmen der Welt sind neun \u00d6l- oder Autokonzerne. Sie bestimmen die Weltpolitik und wollen maximale Profite. Das &hellip; <a href=\"https:\/\/crossroads-festival.org\/de\/gerechte-uebergaenge-gestalten\" class=\"more-link\"><span class=\"screen-reader-text\">Gerechte \u00dcberg\u00e4nge gestalten Der Umbau der \u00f6sterreichischen Autozulieferindustrie (und die Rolle der Gewerkschaften)<\/span> weiterlesen <span class=\"meta-nav\">&rarr;<\/span><\/a><\/p>\n","protected":false},"author":1,"featured_media":0,"parent":0,"menu_order":0,"comment_status":"closed","ping_status":"closed","template":"","meta":{"_acf_changed":false,"spay_email":"","footnotes":""},"class_list":["post-2138","page","type-page","status-publish","hentry"],"acf":[],"jetpack_shortlink":"https:\/\/wp.me\/P8yz7o-yu","_links":{"self":[{"href":"https:\/\/crossroads-festival.org\/de\/wp-json\/wp\/v2\/pages\/2138"}],"collection":[{"href":"https:\/\/crossroads-festival.org\/de\/wp-json\/wp\/v2\/pages"}],"about":[{"href":"https:\/\/crossroads-festival.org\/de\/wp-json\/wp\/v2\/types\/page"}],"author":[{"embeddable":true,"href":"https:\/\/crossroads-festival.org\/de\/wp-json\/wp\/v2\/users\/1"}],"replies":[{"embeddable":true,"href":"https:\/\/crossroads-festival.org\/de\/wp-json\/wp\/v2\/comments?post=2138"}],"version-history":[{"count":2,"href":"https:\/\/crossroads-festival.org\/de\/wp-json\/wp\/v2\/pages\/2138\/revisions"}],"predecessor-version":[{"id":2167,"href":"https:\/\/crossroads-festival.org\/de\/wp-json\/wp\/v2\/pages\/2138\/revisions\/2167"}],"wp:attachment":[{"href":"https:\/\/crossroads-festival.org\/de\/wp-json\/wp\/v2\/media?parent=2138"}],"curies":[{"name":"wp","href":"https:\/\/api.w.org\/{rel}","templated":true}]}}