{"id":2137,"date":"2019-10-16T14:39:50","date_gmt":"2019-10-16T14:39:50","guid":{"rendered":"https:\/\/crossroads-festival.org\/de\/fuer-eine-solidarische-zukunft-copy-copy-copy-9-copy-2"},"modified":"2019-10-16T14:54:27","modified_gmt":"2019-10-16T14:54:27","slug":"fuer-eine-solidarische-zukunft-copy-copy-copy-9-copy-2","status":"publish","type":"page","link":"https:\/\/crossroads-festival.org\/de\/climate-refugees","title":{"rendered":"Climate Refugees Fluchtursachen bek\u00e4mpfen statt Menschen auf der Flucht"},"content":{"rendered":"<p><\/p>\n<p><strong>Climate Refugees<br \/>\nFluchtursachen bek\u00e4mpfen statt Menschen auf der Flucht<\/p>\n<p>SO 27.10. \/ 10:00-11:30 \/ Forum Stadtpark \/ Workhop<\/p>\n<p>Mit Brigitte Kratzwald (Sozialwissenschaftlerin und Aktivistin, commons.at)<\/strong><\/p>\n<p><img decoding=\"async\" src=\"https:\/\/crossroads-festival.org\/wp-content\/uploads\/3.jpg\" \/><\/p>\n<p>60 Millionen Menschen befinden sich laut Statistik der UNO weltweit auf der Flucht. Die Fluchtursachen sind vielf\u00e4ltig. Die Klimaerhitzung spielt dabei eine wichtige Rolle, die in den n\u00e4chsten Jahren noch zunehmen wird. Das gilt umso mehr, weil die Klimaverschlechterung andere Fluchtgr\u00fcnde, wie Hunger und Armut verst\u00e4rkt oder selbst zu bewaffneten Konflikten f\u00fchrt. Der Kampf gegen die Klimakrise stellt also einen wesentlichen Faktor f\u00fcr die Bek\u00e4mpfung von Fluchtursachen dar, ein Argument, das im internationalen Diskurs, auch innerhalb der Klimabewegung, noch zu wenig thematisiert wird. Im Workshop wollen wir die Zusammenh\u00e4nge anhand einiger Beispiele nachvollziehen und dar\u00fcber nachdenken, wie hier Synergien aus den K\u00e4mpfen verschiedener Bewegungen entstehen k\u00f6nnen.<\/p>\n<p><\/p>\n<div class=\"shariff shariff-align-flex-start shariff-widget-align-flex-start\"><ul class=\"shariff-buttons theme-default orientation-horizontal buttonsize-medium\"><li class=\"shariff-button facebook shariff-nocustomcolor\" style=\"background-color:#4273c8\"><a href=\"https:\/\/www.facebook.com\/sharer\/sharer.php?u=https%3A%2F%2Fcrossroads-festival.org%2Fde%2Fclimate-refugees\" title=\"Share on Facebook\" aria-label=\"Share on Facebook\" role=\"button\" rel=\"nofollow\" class=\"shariff-link\" style=\"; background-color:#3b5998; color:#fff\" target=\"_blank\"><span class=\"shariff-icon\" style=\"\"><svg width=\"32px\" height=\"20px\" xmlns=\"http:\/\/www.w3.org\/2000\/svg\" viewBox=\"0 0 18 32\"><path fill=\"#3b5998\" d=\"M17.1 0.2v4.7h-2.8q-1.5 0-2.1 0.6t-0.5 1.9v3.4h5.2l-0.7 5.3h-4.5v13.6h-5.5v-13.6h-4.5v-5.3h4.5v-3.9q0-3.3 1.9-5.2t5-1.8q2.6 0 4.1 0.2z\"\/><\/svg><\/span><span class=\"shariff-text\">share<\/span>&nbsp;<\/a><\/li><li class=\"shariff-button mailto shariff-nocustomcolor\" style=\"background-color:#a8a8a8\"><a href=\"mailto:?body=https%3A%2F%2Fcrossroads-festival.org%2Fde%2Fclimate-refugees&subject=Climate%20Refugees%20Fluchtursachen%20bek%C3%A4mpfen%20statt%20Menschen%20auf%20der%20Flucht\" title=\"Send by email\" aria-label=\"Send by email\" role=\"button\" rel=\"noopener nofollow\" class=\"shariff-link\" style=\"; background-color:#999; color:#fff\"><span class=\"shariff-icon\" style=\"\"><svg width=\"32px\" height=\"20px\" xmlns=\"http:\/\/www.w3.org\/2000\/svg\" viewBox=\"0 0 32 32\"><path fill=\"#999\" d=\"M32 12.7v14.2q0 1.2-0.8 2t-2 0.9h-26.3q-1.2 0-2-0.9t-0.8-2v-14.2q0.8 0.9 1.8 1.6 6.5 4.4 8.9 6.1 1 0.8 1.6 1.2t1.7 0.9 2 0.4h0.1q0.9 0 2-0.4t1.7-0.9 1.6-1.2q3-2.2 8.9-6.1 1-0.7 1.8-1.6zM32 7.4q0 1.4-0.9 2.7t-2.2 2.2q-6.7 4.7-8.4 5.8-0.2 0.1-0.7 0.5t-1 0.7-0.9 0.6-1.1 0.5-0.9 0.2h-0.1q-0.4 0-0.9-0.2t-1.1-0.5-0.9-0.6-1-0.7-0.7-0.5q-1.6-1.1-4.7-3.2t-3.6-2.6q-1.1-0.7-2.1-2t-1-2.5q0-1.4 0.7-2.3t2.1-0.9h26.3q1.2 0 2 0.8t0.9 2z\"\/><\/svg><\/span><span class=\"shariff-text\">email<\/span>&nbsp;<\/a><\/li><\/ul><\/div>","protected":false},"excerpt":{"rendered":"<p>Climate Refugees Fluchtursachen bek\u00e4mpfen statt Menschen auf der Flucht SO 27.10. \/ 10:00-11:30 \/ Forum Stadtpark \/ Workhop Mit Brigitte Kratzwald (Sozialwissenschaftlerin und Aktivistin, commons.at) 60 Millionen Menschen befinden sich laut Statistik der UNO weltweit auf der Flucht. Die Fluchtursachen sind vielf\u00e4ltig. Die Klimaerhitzung spielt dabei eine wichtige Rolle, die in den n\u00e4chsten Jahren noch &hellip; <a href=\"https:\/\/crossroads-festival.org\/de\/climate-refugees\" class=\"more-link\"><span class=\"screen-reader-text\">Climate Refugees Fluchtursachen bek\u00e4mpfen statt Menschen auf der Flucht<\/span> weiterlesen <span class=\"meta-nav\">&rarr;<\/span><\/a><\/p>\n","protected":false},"author":1,"featured_media":0,"parent":0,"menu_order":0,"comment_status":"closed","ping_status":"closed","template":"","meta":{"_acf_changed":false,"spay_email":"","footnotes":""},"class_list":["post-2137","page","type-page","status-publish","hentry"],"acf":[],"jetpack_shortlink":"https:\/\/wp.me\/P8yz7o-yt","_links":{"self":[{"href":"https:\/\/crossroads-festival.org\/de\/wp-json\/wp\/v2\/pages\/2137"}],"collection":[{"href":"https:\/\/crossroads-festival.org\/de\/wp-json\/wp\/v2\/pages"}],"about":[{"href":"https:\/\/crossroads-festival.org\/de\/wp-json\/wp\/v2\/types\/page"}],"author":[{"embeddable":true,"href":"https:\/\/crossroads-festival.org\/de\/wp-json\/wp\/v2\/users\/1"}],"replies":[{"embeddable":true,"href":"https:\/\/crossroads-festival.org\/de\/wp-json\/wp\/v2\/comments?post=2137"}],"version-history":[{"count":1,"href":"https:\/\/crossroads-festival.org\/de\/wp-json\/wp\/v2\/pages\/2137\/revisions"}],"predecessor-version":[{"id":2146,"href":"https:\/\/crossroads-festival.org\/de\/wp-json\/wp\/v2\/pages\/2137\/revisions\/2146"}],"wp:attachment":[{"href":"https:\/\/crossroads-festival.org\/de\/wp-json\/wp\/v2\/media?parent=2137"}],"curies":[{"name":"wp","href":"https:\/\/api.w.org\/{rel}","templated":true}]}}