{"id":2131,"date":"2019-10-16T11:44:12","date_gmt":"2019-10-16T11:44:12","guid":{"rendered":"https:\/\/crossroads-festival.org\/de\/fuer-eine-solidarische-zukunft-copy-copy-copy-9"},"modified":"2019-10-16T12:13:20","modified_gmt":"2019-10-16T12:13:20","slug":"fuer-eine-solidarische-zukunft-copy-copy-copy-9","status":"publish","type":"page","link":"https:\/\/crossroads-festival.org\/de\/verkehrswende-statt-weltende","title":{"rendered":"Verkehrswende statt Weltende! Gratis \u00d6ffis und Radhighways statt neue Autobahnen und Billigfl\u00fcge?"},"content":{"rendered":"<p><\/p>\n<p><strong>Verkehrswende statt Weltende!<br \/>\nGratis \u00d6ffis und Radhighways statt neue Autobahnen und Billigfl\u00fcge?<\/p>\n<p>SA 26.10. \/ 19:00-20:30 \/ Forum Stadtpark \/ Podiumsgespr\u00e4ch<\/p>\n<p>Mit Heinz H\u00f6gelsberger &amp; Mathias Krams (Institut f\u00fcr Politikwissenschaft, Uni Wien), Tina Velo (Sand im Getriebe \/ via Videostream), Mira Kapfinger (System Change not Climate Change), Leo K\u00fchberger (FORUM STADTPARK) und Christian Kozina (MoVe iT)<\/strong><\/p>\n<p><img decoding=\"async\" src=\"https:\/\/crossroads-festival.org\/wp-content\/uploads\/yeah.jpg\" \/><\/p>\n<p>Wenn wir das v\u00f6llige Eskalieren der Klimakrise noch verhindern wollen, m\u00fcssen wir unsere Anstrengungen auf die schlimmsten Klimakiller fokussieren. Der Verkehrssektor ist in vielen Staaten, auch hierzulande, Problemfeld Nummer eins. Seine Emissionen sind in den letzten Jahren sogar weiter erheblich gestiegen &#8211; in \u00d6sterreich seit 1990 um unglaubliche 70%! Woran liegt das und welche \u00f6konomischen und politischen Kr\u00e4fte sind daf\u00fcr verantwortlich?<\/p>\n<p>Warum wollen Regierungen immer noch weitere Autobahnen und riesige Flughafeninfrastrukturen bauen, obwohl doch jede*r wei\u00df, dass stattdessen alle Mittel und Ressourcen in den schnellen und massiven Ausbau von \u00d6ffis und f\u00fcr Verbesserungen f\u00fcr Fu\u00dfg\u00e4nger*innen und Radfahrer*innen verwendet werden m\u00fcssten? Wie kann es sein, dass Milliarden unserer Steuergelder f\u00fcr die Zerst\u00f6rung unserer Lebensgrundlagen verwendet werden sollen statt f\u00fcr die Erm\u00f6glichung einer lebenswerten Gegenwart und Zukunft f\u00fcr uns Alle?<\/p>\n<p>Fest steht, dass wir eine sofortige und tiefgreifende Verkehrswende brauchen. Welche Ans\u00e4tze und positiven Vorzeigeprojekte es daf\u00fcr gibt und was es br\u00e4uchte, um sie voranzutreiben, werden wir im Rahmen dieses Podiumsgespr\u00e4chs debattierten. Wir wollen den Fokus dabei vor allem auch auf konkrete Handlungsm\u00f6glichkeiten richten und diskutieren, mit welchen Strategien, Taktiken und Aktionsformen wir erfolgreich sein k\u00f6nnten.<\/p>\n<p><\/p>\n<div class=\"shariff shariff-align-flex-start shariff-widget-align-flex-start\"><ul class=\"shariff-buttons theme-default orientation-horizontal buttonsize-medium\"><li class=\"shariff-button facebook shariff-nocustomcolor\" style=\"background-color:#4273c8\"><a href=\"https:\/\/www.facebook.com\/sharer\/sharer.php?u=https%3A%2F%2Fcrossroads-festival.org%2Fde%2Fverkehrswende-statt-weltende\" title=\"Share on Facebook\" aria-label=\"Share on Facebook\" role=\"button\" rel=\"nofollow\" class=\"shariff-link\" style=\"; background-color:#3b5998; color:#fff\" target=\"_blank\"><span class=\"shariff-icon\" style=\"\"><svg width=\"32px\" height=\"20px\" xmlns=\"http:\/\/www.w3.org\/2000\/svg\" viewBox=\"0 0 18 32\"><path fill=\"#3b5998\" d=\"M17.1 0.2v4.7h-2.8q-1.5 0-2.1 0.6t-0.5 1.9v3.4h5.2l-0.7 5.3h-4.5v13.6h-5.5v-13.6h-4.5v-5.3h4.5v-3.9q0-3.3 1.9-5.2t5-1.8q2.6 0 4.1 0.2z\"\/><\/svg><\/span><span class=\"shariff-text\">share<\/span>&nbsp;<\/a><\/li><li class=\"shariff-button mailto shariff-nocustomcolor\" style=\"background-color:#a8a8a8\"><a href=\"mailto:?body=https%3A%2F%2Fcrossroads-festival.org%2Fde%2Fverkehrswende-statt-weltende&subject=Verkehrswende%20statt%20Weltende%21%20Gratis%20%C3%96ffis%20und%20Radhighways%20statt%20neue%20Autobahnen%20und%20Billigfl%C3%BCge%3F\" title=\"Send by email\" aria-label=\"Send by email\" role=\"button\" rel=\"noopener nofollow\" class=\"shariff-link\" style=\"; background-color:#999; color:#fff\"><span class=\"shariff-icon\" style=\"\"><svg width=\"32px\" height=\"20px\" xmlns=\"http:\/\/www.w3.org\/2000\/svg\" viewBox=\"0 0 32 32\"><path fill=\"#999\" d=\"M32 12.7v14.2q0 1.2-0.8 2t-2 0.9h-26.3q-1.2 0-2-0.9t-0.8-2v-14.2q0.8 0.9 1.8 1.6 6.5 4.4 8.9 6.1 1 0.8 1.6 1.2t1.7 0.9 2 0.4h0.1q0.9 0 2-0.4t1.7-0.9 1.6-1.2q3-2.2 8.9-6.1 1-0.7 1.8-1.6zM32 7.4q0 1.4-0.9 2.7t-2.2 2.2q-6.7 4.7-8.4 5.8-0.2 0.1-0.7 0.5t-1 0.7-0.9 0.6-1.1 0.5-0.9 0.2h-0.1q-0.4 0-0.9-0.2t-1.1-0.5-0.9-0.6-1-0.7-0.7-0.5q-1.6-1.1-4.7-3.2t-3.6-2.6q-1.1-0.7-2.1-2t-1-2.5q0-1.4 0.7-2.3t2.1-0.9h26.3q1.2 0 2 0.8t0.9 2z\"\/><\/svg><\/span><span class=\"shariff-text\">email<\/span>&nbsp;<\/a><\/li><\/ul><\/div>","protected":false},"excerpt":{"rendered":"<p>Verkehrswende statt Weltende! Gratis \u00d6ffis und Radhighways statt neue Autobahnen und Billigfl\u00fcge? SA 26.10. \/ 19:00-20:30 \/ Forum Stadtpark \/ Podiumsgespr\u00e4ch Mit Heinz H\u00f6gelsberger &amp; Mathias Krams (Institut f\u00fcr Politikwissenschaft, Uni Wien), Tina Velo (Sand im Getriebe \/ via Videostream), Mira Kapfinger (System Change not Climate Change), Leo K\u00fchberger (FORUM STADTPARK) und Christian Kozina (MoVe &hellip; <a href=\"https:\/\/crossroads-festival.org\/de\/verkehrswende-statt-weltende\" class=\"more-link\"><span class=\"screen-reader-text\">Verkehrswende statt Weltende! Gratis \u00d6ffis und Radhighways statt neue Autobahnen und Billigfl\u00fcge?<\/span> weiterlesen <span class=\"meta-nav\">&rarr;<\/span><\/a><\/p>\n","protected":false},"author":1,"featured_media":0,"parent":0,"menu_order":0,"comment_status":"closed","ping_status":"closed","template":"","meta":{"_acf_changed":false,"spay_email":"","footnotes":""},"class_list":["post-2131","page","type-page","status-publish","hentry"],"acf":[],"jetpack_shortlink":"https:\/\/wp.me\/P8yz7o-yn","_links":{"self":[{"href":"https:\/\/crossroads-festival.org\/de\/wp-json\/wp\/v2\/pages\/2131"}],"collection":[{"href":"https:\/\/crossroads-festival.org\/de\/wp-json\/wp\/v2\/pages"}],"about":[{"href":"https:\/\/crossroads-festival.org\/de\/wp-json\/wp\/v2\/types\/page"}],"author":[{"embeddable":true,"href":"https:\/\/crossroads-festival.org\/de\/wp-json\/wp\/v2\/users\/1"}],"replies":[{"embeddable":true,"href":"https:\/\/crossroads-festival.org\/de\/wp-json\/wp\/v2\/comments?post=2131"}],"version-history":[{"count":2,"href":"https:\/\/crossroads-festival.org\/de\/wp-json\/wp\/v2\/pages\/2131\/revisions"}],"predecessor-version":[{"id":2135,"href":"https:\/\/crossroads-festival.org\/de\/wp-json\/wp\/v2\/pages\/2131\/revisions\/2135"}],"wp:attachment":[{"href":"https:\/\/crossroads-festival.org\/de\/wp-json\/wp\/v2\/media?parent=2131"}],"curies":[{"name":"wp","href":"https:\/\/api.w.org\/{rel}","templated":true}]}}