{"id":2122,"date":"2019-10-16T10:33:05","date_gmt":"2019-10-16T10:33:05","guid":{"rendered":"https:\/\/crossroads-festival.org\/de\/fuer-eine-solidarische-zukunft-copy-copy-copy-8"},"modified":"2019-10-16T10:43:34","modified_gmt":"2019-10-16T10:43:34","slug":"fuer-eine-solidarische-zukunft-copy-copy-copy-8","status":"publish","type":"page","link":"https:\/\/crossroads-festival.org\/de\/soziale-bewegungen-veraendern-die-welt","title":{"rendered":"Das Gute kommt von Unten Wie Soziale Bewegungen die Welt ver\u00e4nder(te)n"},"content":{"rendered":"<p><\/p>\n<p><strong>Das Gute kommt von Unten<br \/>\nWie Soziale Bewegungen die Welt ver\u00e4nder(te)n<\/p>\n<p>SA 26.10. \/ 14:00-15:00 \/ Forum Stadtpark \/ Vortrag + Gespr\u00e4ch<\/p>\n<p>Von und mit Leo K\u00fchberger (Historiker)<\/strong><\/p>\n<p><img decoding=\"async\" src=\"https:\/\/crossroads-festival.org\/wp-content\/uploads\/wimminpower.jpg\" \/><\/p>\n<p>Alle wichtigen positiven gesellschaftlichen Ver\u00e4nderungen wurden von m\u00e4chtigen sozialen Massenbewegungen erstritten. Die Herrschenden machen nur Zugest\u00e4nde, wenn erhebliche Teile der Bev\u00f6lkerung massiv daf\u00fcr k\u00e4mpfen. Ohne den unerm\u00fcdlichen Einsatz von Millionen mutiger Menschen g\u00e4be es heute immer noch keine Frauen*rechte, keine Menschenrechte, keine Krankenversicherung, keinen Urlaub, keine Pensionen. Ohne Umweltbewegung g\u00e4be es auch in \u00d6sterreich Atomkraftwerke und an vielen Orten wohl kaum noch trinkbares Wasser oder fruchtbaren Boden. <\/p>\n<p>Wie schafften es historische und gegenw\u00e4rtige Soziale Bewegungen, Erfolge zu erringen? Was kann die Klimagerechtigkeitsbewegung von ihnen lernen?<\/p>\n<p>Der Historiker und Bewegungsexperte Leo K\u00fchberger wird uns spannende geschichtliche Einblicke bieten und wir werden uns mit ihm \u00fcber erfolgversprechende Strategien, Taktiken und Aktionsformen unterhalten, die uns in den kommenden Wochen und Monaten voranbringen k\u00f6nnten.<\/p>\n<p><\/p>\n<div class=\"shariff shariff-align-flex-start shariff-widget-align-flex-start\"><ul class=\"shariff-buttons theme-default orientation-horizontal buttonsize-medium\"><li class=\"shariff-button facebook shariff-nocustomcolor\" style=\"background-color:#4273c8\"><a href=\"https:\/\/www.facebook.com\/sharer\/sharer.php?u=https%3A%2F%2Fcrossroads-festival.org%2Fde%2Fsoziale-bewegungen-veraendern-die-welt\" title=\"Share on Facebook\" aria-label=\"Share on Facebook\" role=\"button\" rel=\"nofollow\" class=\"shariff-link\" style=\"; background-color:#3b5998; color:#fff\" target=\"_blank\"><span class=\"shariff-icon\" style=\"\"><svg width=\"32px\" height=\"20px\" xmlns=\"http:\/\/www.w3.org\/2000\/svg\" viewBox=\"0 0 18 32\"><path fill=\"#3b5998\" d=\"M17.1 0.2v4.7h-2.8q-1.5 0-2.1 0.6t-0.5 1.9v3.4h5.2l-0.7 5.3h-4.5v13.6h-5.5v-13.6h-4.5v-5.3h4.5v-3.9q0-3.3 1.9-5.2t5-1.8q2.6 0 4.1 0.2z\"\/><\/svg><\/span><span class=\"shariff-text\">share<\/span>&nbsp;<\/a><\/li><li class=\"shariff-button mailto shariff-nocustomcolor\" style=\"background-color:#a8a8a8\"><a href=\"mailto:?body=https%3A%2F%2Fcrossroads-festival.org%2Fde%2Fsoziale-bewegungen-veraendern-die-welt&subject=Das%20Gute%20kommt%20von%20Unten%20Wie%20Soziale%20Bewegungen%20die%20Welt%20ver%C3%A4nder%28te%29n\" title=\"Send by email\" aria-label=\"Send by email\" role=\"button\" rel=\"noopener nofollow\" class=\"shariff-link\" style=\"; background-color:#999; color:#fff\"><span class=\"shariff-icon\" style=\"\"><svg width=\"32px\" height=\"20px\" xmlns=\"http:\/\/www.w3.org\/2000\/svg\" viewBox=\"0 0 32 32\"><path fill=\"#999\" d=\"M32 12.7v14.2q0 1.2-0.8 2t-2 0.9h-26.3q-1.2 0-2-0.9t-0.8-2v-14.2q0.8 0.9 1.8 1.6 6.5 4.4 8.9 6.1 1 0.8 1.6 1.2t1.7 0.9 2 0.4h0.1q0.9 0 2-0.4t1.7-0.9 1.6-1.2q3-2.2 8.9-6.1 1-0.7 1.8-1.6zM32 7.4q0 1.4-0.9 2.7t-2.2 2.2q-6.7 4.7-8.4 5.8-0.2 0.1-0.7 0.5t-1 0.7-0.9 0.6-1.1 0.5-0.9 0.2h-0.1q-0.4 0-0.9-0.2t-1.1-0.5-0.9-0.6-1-0.7-0.7-0.5q-1.6-1.1-4.7-3.2t-3.6-2.6q-1.1-0.7-2.1-2t-1-2.5q0-1.4 0.7-2.3t2.1-0.9h26.3q1.2 0 2 0.8t0.9 2z\"\/><\/svg><\/span><span class=\"shariff-text\">email<\/span>&nbsp;<\/a><\/li><\/ul><\/div>","protected":false},"excerpt":{"rendered":"<p>Das Gute kommt von Unten Wie Soziale Bewegungen die Welt ver\u00e4nder(te)n SA 26.10. \/ 14:00-15:00 \/ Forum Stadtpark \/ Vortrag + Gespr\u00e4ch Von und mit Leo K\u00fchberger (Historiker) Alle wichtigen positiven gesellschaftlichen Ver\u00e4nderungen wurden von m\u00e4chtigen sozialen Massenbewegungen erstritten. Die Herrschenden machen nur Zugest\u00e4nde, wenn erhebliche Teile der Bev\u00f6lkerung massiv daf\u00fcr k\u00e4mpfen. Ohne den unerm\u00fcdlichen &hellip; <a href=\"https:\/\/crossroads-festival.org\/de\/soziale-bewegungen-veraendern-die-welt\" class=\"more-link\"><span class=\"screen-reader-text\">Das Gute kommt von Unten Wie Soziale Bewegungen die Welt ver\u00e4nder(te)n<\/span> weiterlesen <span class=\"meta-nav\">&rarr;<\/span><\/a><\/p>\n","protected":false},"author":1,"featured_media":0,"parent":0,"menu_order":0,"comment_status":"closed","ping_status":"closed","template":"","meta":{"_acf_changed":false,"spay_email":"","footnotes":""},"class_list":["post-2122","page","type-page","status-publish","hentry"],"acf":[],"jetpack_shortlink":"https:\/\/wp.me\/P8yz7o-ye","_links":{"self":[{"href":"https:\/\/crossroads-festival.org\/de\/wp-json\/wp\/v2\/pages\/2122"}],"collection":[{"href":"https:\/\/crossroads-festival.org\/de\/wp-json\/wp\/v2\/pages"}],"about":[{"href":"https:\/\/crossroads-festival.org\/de\/wp-json\/wp\/v2\/types\/page"}],"author":[{"embeddable":true,"href":"https:\/\/crossroads-festival.org\/de\/wp-json\/wp\/v2\/users\/1"}],"replies":[{"embeddable":true,"href":"https:\/\/crossroads-festival.org\/de\/wp-json\/wp\/v2\/comments?post=2122"}],"version-history":[{"count":1,"href":"https:\/\/crossroads-festival.org\/de\/wp-json\/wp\/v2\/pages\/2122\/revisions"}],"predecessor-version":[{"id":2125,"href":"https:\/\/crossroads-festival.org\/de\/wp-json\/wp\/v2\/pages\/2122\/revisions\/2125"}],"wp:attachment":[{"href":"https:\/\/crossroads-festival.org\/de\/wp-json\/wp\/v2\/media?parent=2122"}],"curies":[{"name":"wp","href":"https:\/\/api.w.org\/{rel}","templated":true}]}}