{"id":2121,"date":"2019-10-16T10:32:57","date_gmt":"2019-10-16T10:32:57","guid":{"rendered":"https:\/\/crossroads-festival.org\/de\/fuer-eine-solidarische-zukunft-copy-copy-copy-7"},"modified":"2019-10-16T10:48:22","modified_gmt":"2019-10-16T10:48:22","slug":"fuer-eine-solidarische-zukunft-copy-copy-copy-7","status":"publish","type":"page","link":"https:\/\/crossroads-festival.org\/de\/erfolge-und-niederlagen-der-oesterreichischen-umweltbewegung","title":{"rendered":"Der gro\u00dfe Sieg von Hainburg &#8211; und was dann? Was kann von den Erfolgen und Niederlagen der \u00f6sterreichischen Umweltbewegung gelernt werden?"},"content":{"rendered":"<p><\/p>\n<p><strong>Der gro\u00dfe Sieg von Hainburg &#8211; und was dann?<br \/>\nWas kann von den Erfolgen und Niederlagen der \u00f6sterreichischen Umweltbewegung gelernt werden?<\/p>\n<p>SA 26.10. \/ 15:00-16:00 \/ Forum Stadtpark \/ Podiumsgespr\u00e4ch<\/p>\n<p>Mit Wolfgang Rehm (Hainburg-Aktivist der ersten Stunde)<\/strong><\/p>\n<p><img decoding=\"async\" src=\"https:\/\/crossroads-festival.org\/wp-content\/uploads\/Hainburg.jpg\" \/><\/p>\n<p>Die drohende Vernichtung der Hainburger Flussauen durch den Bau eines Wasserkraftwerks f\u00fchrte Mitte der 1980er Jahre zu einer der wichtigsten umwelt- und gesellschaftspolitischen Auseinandersetzungen der \u00f6sterreichischen Geschichte. Zehntausende Menschen engagierten sich gegen das Zerst\u00f6rungsprojekt und starteten eine der bisher gr\u00f6\u00dften sozialen Bewegungen dieses Landes. Mit Mut, kreativen Ideen, Durchhalteverm\u00f6gen und durch die Besetzung der Au bewirkten sie nicht nur einen Baustopp, sondern auch die Gr\u00fcndung eines Nationalparks in den Donauauen. <\/p>\n<p>Das war gemeinsam mit der erfolgreichen Volksabstimmung gegen die Inbetriebnahme des Atomkraftwerks Zwentendorf der gr\u00f6\u00dfte Sieg der Umweltbewegung gegen die Macht- und Profitinteressen von Politik und Industrie.<\/p>\n<p>Was kam nach Hainburg? Welche Siege und Niederlagen pr\u00e4gten die weitere Entwicklung der Umweltbewegung? Was kann die Klimagerechtigkeitsbewegung f\u00fcr die heutigen Auseinandersetzungen im Kampf f\u00fcr eine lebenswerte Zukunft davon lernen? Der Hainburg-Aktivist der ersten Stunde Wolfgang Rehm teilt seinen reichen Erfahrungsschatz mit uns und steht f\u00fcr eure Fragen zur Verf\u00fcgung.<\/p>\n<p><\/p>\n<div class=\"shariff shariff-align-flex-start shariff-widget-align-flex-start\"><ul class=\"shariff-buttons theme-default orientation-horizontal buttonsize-medium\"><li class=\"shariff-button facebook shariff-nocustomcolor\" style=\"background-color:#4273c8\"><a href=\"https:\/\/www.facebook.com\/sharer\/sharer.php?u=https%3A%2F%2Fcrossroads-festival.org%2Fde%2Ferfolge-und-niederlagen-der-oesterreichischen-umweltbewegung\" title=\"Share on Facebook\" aria-label=\"Share on Facebook\" role=\"button\" rel=\"nofollow\" class=\"shariff-link\" style=\"; background-color:#3b5998; color:#fff\" target=\"_blank\"><span class=\"shariff-icon\" style=\"\"><svg width=\"32px\" height=\"20px\" xmlns=\"http:\/\/www.w3.org\/2000\/svg\" viewBox=\"0 0 18 32\"><path fill=\"#3b5998\" d=\"M17.1 0.2v4.7h-2.8q-1.5 0-2.1 0.6t-0.5 1.9v3.4h5.2l-0.7 5.3h-4.5v13.6h-5.5v-13.6h-4.5v-5.3h4.5v-3.9q0-3.3 1.9-5.2t5-1.8q2.6 0 4.1 0.2z\"\/><\/svg><\/span><span class=\"shariff-text\">share<\/span>&nbsp;<\/a><\/li><li class=\"shariff-button mailto shariff-nocustomcolor\" style=\"background-color:#a8a8a8\"><a href=\"mailto:?body=https%3A%2F%2Fcrossroads-festival.org%2Fde%2Ferfolge-und-niederlagen-der-oesterreichischen-umweltbewegung&subject=Der%20gro%C3%9Fe%20Sieg%20von%20Hainburg%20%E2%80%93%20und%20was%20dann%3F%20Was%20kann%20von%20den%20Erfolgen%20und%20Niederlagen%20der%20%C3%B6sterreichischen%20Umweltbewegung%20gelernt%20werden%3F\" title=\"Send by email\" aria-label=\"Send by email\" role=\"button\" rel=\"noopener nofollow\" class=\"shariff-link\" style=\"; background-color:#999; color:#fff\"><span class=\"shariff-icon\" style=\"\"><svg width=\"32px\" height=\"20px\" xmlns=\"http:\/\/www.w3.org\/2000\/svg\" viewBox=\"0 0 32 32\"><path fill=\"#999\" d=\"M32 12.7v14.2q0 1.2-0.8 2t-2 0.9h-26.3q-1.2 0-2-0.9t-0.8-2v-14.2q0.8 0.9 1.8 1.6 6.5 4.4 8.9 6.1 1 0.8 1.6 1.2t1.7 0.9 2 0.4h0.1q0.9 0 2-0.4t1.7-0.9 1.6-1.2q3-2.2 8.9-6.1 1-0.7 1.8-1.6zM32 7.4q0 1.4-0.9 2.7t-2.2 2.2q-6.7 4.7-8.4 5.8-0.2 0.1-0.7 0.5t-1 0.7-0.9 0.6-1.1 0.5-0.9 0.2h-0.1q-0.4 0-0.9-0.2t-1.1-0.5-0.9-0.6-1-0.7-0.7-0.5q-1.6-1.1-4.7-3.2t-3.6-2.6q-1.1-0.7-2.1-2t-1-2.5q0-1.4 0.7-2.3t2.1-0.9h26.3q1.2 0 2 0.8t0.9 2z\"\/><\/svg><\/span><span class=\"shariff-text\">email<\/span>&nbsp;<\/a><\/li><\/ul><\/div>","protected":false},"excerpt":{"rendered":"<p>Der gro\u00dfe Sieg von Hainburg &#8211; und was dann? Was kann von den Erfolgen und Niederlagen der \u00f6sterreichischen Umweltbewegung gelernt werden? SA 26.10. \/ 15:00-16:00 \/ Forum Stadtpark \/ Podiumsgespr\u00e4ch Mit Wolfgang Rehm (Hainburg-Aktivist der ersten Stunde) Die drohende Vernichtung der Hainburger Flussauen durch den Bau eines Wasserkraftwerks f\u00fchrte Mitte der 1980er Jahre zu einer &hellip; <a href=\"https:\/\/crossroads-festival.org\/de\/erfolge-und-niederlagen-der-oesterreichischen-umweltbewegung\" class=\"more-link\"><span class=\"screen-reader-text\">Der gro\u00dfe Sieg von Hainburg &#8211; und was dann? Was kann von den Erfolgen und Niederlagen der \u00f6sterreichischen Umweltbewegung gelernt werden?<\/span> weiterlesen <span class=\"meta-nav\">&rarr;<\/span><\/a><\/p>\n","protected":false},"author":1,"featured_media":0,"parent":0,"menu_order":0,"comment_status":"closed","ping_status":"closed","template":"","meta":{"_acf_changed":false,"spay_email":"","footnotes":""},"class_list":["post-2121","page","type-page","status-publish","hentry"],"acf":[],"jetpack_shortlink":"https:\/\/wp.me\/P8yz7o-yd","_links":{"self":[{"href":"https:\/\/crossroads-festival.org\/de\/wp-json\/wp\/v2\/pages\/2121"}],"collection":[{"href":"https:\/\/crossroads-festival.org\/de\/wp-json\/wp\/v2\/pages"}],"about":[{"href":"https:\/\/crossroads-festival.org\/de\/wp-json\/wp\/v2\/types\/page"}],"author":[{"embeddable":true,"href":"https:\/\/crossroads-festival.org\/de\/wp-json\/wp\/v2\/users\/1"}],"replies":[{"embeddable":true,"href":"https:\/\/crossroads-festival.org\/de\/wp-json\/wp\/v2\/comments?post=2121"}],"version-history":[{"count":1,"href":"https:\/\/crossroads-festival.org\/de\/wp-json\/wp\/v2\/pages\/2121\/revisions"}],"predecessor-version":[{"id":2126,"href":"https:\/\/crossroads-festival.org\/de\/wp-json\/wp\/v2\/pages\/2121\/revisions\/2126"}],"wp:attachment":[{"href":"https:\/\/crossroads-festival.org\/de\/wp-json\/wp\/v2\/media?parent=2121"}],"curies":[{"name":"wp","href":"https:\/\/api.w.org\/{rel}","templated":true}]}}