{"id":2104,"date":"2019-10-16T09:37:06","date_gmt":"2019-10-16T09:37:06","guid":{"rendered":"https:\/\/crossroads-festival.org\/de\/fuer-eine-solidarische-zukunft-copy-copy-copy-6"},"modified":"2019-10-16T09:53:41","modified_gmt":"2019-10-16T09:53:41","slug":"fuer-eine-solidarische-zukunft-copy-copy-copy-6","status":"publish","type":"page","link":"https:\/\/crossroads-festival.org\/de\/anders-handeln-statt-klima-wandeln","title":{"rendered":"Anders handeln statt Klima wandeln Wie Mercosur und andere Abkommen unsere Zukunft bedrohen und was wir dagegen tun k\u00f6nnen"},"content":{"rendered":"<p><\/p>\n<p><strong>Anders handeln statt Klima wandeln<br \/>\nWie Mercosur und andere Abkommen unsere Zukunft bedrohen und was wir dagegen tun k\u00f6nnen<\/p>\n<p>SA 26.10. \/ 10:00-11:30 \/ Forum Stadtpark \/ Workshop<\/p>\n<p>Mit Uschi Bauer (Anders Handeln)<\/strong><\/p>\n<p><img decoding=\"async\" src=\"https:\/\/crossroads-festival.org\/wp-content\/uploads\/Anders-Handeln-Beitragsbild-Facebook-1200x630-2.jpg\" \/><\/p>\n<p>Der Regenwald brennt, das Polareis schmilzt und die ganze Welt schaut hin. Das ist ein Fortschritt zu 2018, damals sah sie noch weg. Dank Fridays For Future ist das Klimathema in den Medien und damit in aller Munde. Damit r\u00fccken auch die Handelsabkommen, die die EU im Geheimen verhandelt, wieder in den Blick der \u00d6ffentlichkeit. Das Handelsabkommen mit den Mercosurstaaten Brasilien, Argentinien, Paraguay und Uruguay soll vor allem der deutschen Autoindustrie Vorteile verschaffen. Sie sollen ihre Autos m\u00f6glichst zollfrei verkaufen k\u00f6nnen. Im Gegenzug will die EU vermehrt Fleisch und Soja sowie Agrotreibstoffe auf dem europ\u00e4ischen Markt zulassen.<\/p>\n<p>Wer hat die Vorteile, wer leidet unter diesem Abkommen? Sollten wir nicht den Individualverkehr verringern und weniger Fleisch essen? Wie schaffen es die Konzerne, den Klimaschutz auszuhebeln und Menschenrechte einfach nicht zu beachten? Welche Strukturen helfen dabei und m\u00fcssen bek\u00e4mpft werden? Die Zivilgesellschaft hat viele M\u00f6glichkeiten. Das Erste ist sich zu informieren. Wissen ist Macht und der erste Schritt in eine selbstbestimmte Zukunft.<\/p>\n<p><\/p>\n<div class=\"shariff shariff-align-flex-start shariff-widget-align-flex-start\"><ul class=\"shariff-buttons theme-default orientation-horizontal buttonsize-medium\"><li class=\"shariff-button facebook shariff-nocustomcolor\" style=\"background-color:#4273c8\"><a href=\"https:\/\/www.facebook.com\/sharer\/sharer.php?u=https%3A%2F%2Fcrossroads-festival.org%2Fde%2Fanders-handeln-statt-klima-wandeln\" title=\"Share on Facebook\" aria-label=\"Share on Facebook\" role=\"button\" rel=\"nofollow\" class=\"shariff-link\" style=\"; background-color:#3b5998; color:#fff\" target=\"_blank\"><span class=\"shariff-icon\" style=\"\"><svg width=\"32px\" height=\"20px\" xmlns=\"http:\/\/www.w3.org\/2000\/svg\" viewBox=\"0 0 18 32\"><path fill=\"#3b5998\" d=\"M17.1 0.2v4.7h-2.8q-1.5 0-2.1 0.6t-0.5 1.9v3.4h5.2l-0.7 5.3h-4.5v13.6h-5.5v-13.6h-4.5v-5.3h4.5v-3.9q0-3.3 1.9-5.2t5-1.8q2.6 0 4.1 0.2z\"\/><\/svg><\/span><span class=\"shariff-text\">share<\/span>&nbsp;<\/a><\/li><li class=\"shariff-button mailto shariff-nocustomcolor\" style=\"background-color:#a8a8a8\"><a href=\"mailto:?body=https%3A%2F%2Fcrossroads-festival.org%2Fde%2Fanders-handeln-statt-klima-wandeln&subject=Anders%20handeln%20statt%20Klima%20wandeln%20Wie%20Mercosur%20und%20andere%20Abkommen%20unsere%20Zukunft%20bedrohen%20und%20was%20wir%20dagegen%20tun%20k%C3%B6nnen\" title=\"Send by email\" aria-label=\"Send by email\" role=\"button\" rel=\"noopener nofollow\" class=\"shariff-link\" style=\"; background-color:#999; color:#fff\"><span class=\"shariff-icon\" style=\"\"><svg width=\"32px\" height=\"20px\" xmlns=\"http:\/\/www.w3.org\/2000\/svg\" viewBox=\"0 0 32 32\"><path fill=\"#999\" d=\"M32 12.7v14.2q0 1.2-0.8 2t-2 0.9h-26.3q-1.2 0-2-0.9t-0.8-2v-14.2q0.8 0.9 1.8 1.6 6.5 4.4 8.9 6.1 1 0.8 1.6 1.2t1.7 0.9 2 0.4h0.1q0.9 0 2-0.4t1.7-0.9 1.6-1.2q3-2.2 8.9-6.1 1-0.7 1.8-1.6zM32 7.4q0 1.4-0.9 2.7t-2.2 2.2q-6.7 4.7-8.4 5.8-0.2 0.1-0.7 0.5t-1 0.7-0.9 0.6-1.1 0.5-0.9 0.2h-0.1q-0.4 0-0.9-0.2t-1.1-0.5-0.9-0.6-1-0.7-0.7-0.5q-1.6-1.1-4.7-3.2t-3.6-2.6q-1.1-0.7-2.1-2t-1-2.5q0-1.4 0.7-2.3t2.1-0.9h26.3q1.2 0 2 0.8t0.9 2z\"\/><\/svg><\/span><span class=\"shariff-text\">email<\/span>&nbsp;<\/a><\/li><\/ul><\/div>","protected":false},"excerpt":{"rendered":"<p>Anders handeln statt Klima wandeln Wie Mercosur und andere Abkommen unsere Zukunft bedrohen und was wir dagegen tun k\u00f6nnen SA 26.10. \/ 10:00-11:30 \/ Forum Stadtpark \/ Workshop Mit Uschi Bauer (Anders Handeln) Der Regenwald brennt, das Polareis schmilzt und die ganze Welt schaut hin. Das ist ein Fortschritt zu 2018, damals sah sie noch &hellip; <a href=\"https:\/\/crossroads-festival.org\/de\/anders-handeln-statt-klima-wandeln\" class=\"more-link\"><span class=\"screen-reader-text\">Anders handeln statt Klima wandeln Wie Mercosur und andere Abkommen unsere Zukunft bedrohen und was wir dagegen tun k\u00f6nnen<\/span> weiterlesen <span class=\"meta-nav\">&rarr;<\/span><\/a><\/p>\n","protected":false},"author":1,"featured_media":0,"parent":0,"menu_order":0,"comment_status":"closed","ping_status":"closed","template":"","meta":{"_acf_changed":false,"spay_email":"","footnotes":""},"class_list":["post-2104","page","type-page","status-publish","hentry"],"acf":[],"jetpack_shortlink":"https:\/\/wp.me\/P8yz7o-xW","_links":{"self":[{"href":"https:\/\/crossroads-festival.org\/de\/wp-json\/wp\/v2\/pages\/2104"}],"collection":[{"href":"https:\/\/crossroads-festival.org\/de\/wp-json\/wp\/v2\/pages"}],"about":[{"href":"https:\/\/crossroads-festival.org\/de\/wp-json\/wp\/v2\/types\/page"}],"author":[{"embeddable":true,"href":"https:\/\/crossroads-festival.org\/de\/wp-json\/wp\/v2\/users\/1"}],"replies":[{"embeddable":true,"href":"https:\/\/crossroads-festival.org\/de\/wp-json\/wp\/v2\/comments?post=2104"}],"version-history":[{"count":2,"href":"https:\/\/crossroads-festival.org\/de\/wp-json\/wp\/v2\/pages\/2104\/revisions"}],"predecessor-version":[{"id":2108,"href":"https:\/\/crossroads-festival.org\/de\/wp-json\/wp\/v2\/pages\/2104\/revisions\/2108"}],"wp:attachment":[{"href":"https:\/\/crossroads-festival.org\/de\/wp-json\/wp\/v2\/media?parent=2104"}],"curies":[{"name":"wp","href":"https:\/\/api.w.org\/{rel}","templated":true}]}}