{"id":2102,"date":"2019-10-16T09:36:54","date_gmt":"2019-10-16T09:36:54","guid":{"rendered":"https:\/\/crossroads-festival.org\/de\/fuer-eine-solidarische-zukunft-copy-copy-copy-4"},"modified":"2019-10-16T10:31:11","modified_gmt":"2019-10-16T10:31:11","slug":"fuer-eine-solidarische-zukunft-copy-copy-copy-4","status":"publish","type":"page","link":"https:\/\/crossroads-festival.org\/de\/warum-uns-co2-steuern-nicht-retten-werden","title":{"rendered":"Warum C02-Steuern (und M\u00e4rkte) uns nicht retten werden und ein Systemwandel n\u00f6tig ist"},"content":{"rendered":"<p><\/p>\n<p><strong>Warum C02-Steuern (und M\u00e4rkte) uns nicht retten werden&#8230;<br \/>\n&#8230;und ein Systemwandel n\u00f6tig ist<\/p>\n<p>SA 26.10. \/ 11:30-13:00 \/ Forum Stadtpark \/ Workshop<\/p>\n<p>Mit Manuel Grebenjak (Kollektiv Periskop)<\/strong><\/p>\n<p><img decoding=\"async\" src=\"https:\/\/crossroads-festival.org\/wp-content\/uploads\/2019-02-01T121932Z_701051435_RC1344B22260_RTRMADP_3_GERMANY-ENERGY-COAL.jpg\" \/><\/p>\n<p>CO2-Steuern oder \u00f6kosoziale Steuerreformen werden derzeit von unterschiedlichsten Akteur*innen als das wichtigste Klimaschutzinstrument propagiert. Manuel Grebenjak wird erl\u00e4utern, warum es viel zu kurz greift, auf marktkonforme L\u00f6sungen zu setzen und es m\u00f6glicherweise ein historischer Fehler sein k\u00f6nnte, diesen Kurs beizubehalten.<\/p>\n<p>Im Workshop werden wir uns mit den verschiedenen Dimensionen der Kritik an CO2-Preisen besch\u00e4ftigen und diskutieren, welche tiefgreifenderen Ver\u00e4nderungen es dar\u00fcber hinaus br\u00e4uchte, um eine lebenswerte Gegenwart und Zukunft f\u00fcr alle zu erm\u00f6glichen. <\/p>\n<p>Aktueller Lesetipp: <a href=\"https:\/\/www.derstandard.at\/story\/2000107349261\/warum-co2-steuern-kein-wundermittel-gegen-die-klimakrise-sind?\">Warum CO2-Steuern kein Wundermittel gegen die Klimakrise sind<\/a> (der Standard, 2.9.2019, von Manuel Grebenjak)<\/p>\n<p><\/p>\n<div class=\"shariff shariff-align-flex-start shariff-widget-align-flex-start\"><ul class=\"shariff-buttons theme-default orientation-horizontal buttonsize-medium\"><li class=\"shariff-button facebook shariff-nocustomcolor\" style=\"background-color:#4273c8\"><a href=\"https:\/\/www.facebook.com\/sharer\/sharer.php?u=https%3A%2F%2Fcrossroads-festival.org%2Fde%2Fwarum-uns-co2-steuern-nicht-retten-werden\" title=\"Share on Facebook\" aria-label=\"Share on Facebook\" role=\"button\" rel=\"nofollow\" class=\"shariff-link\" style=\"; background-color:#3b5998; color:#fff\" target=\"_blank\"><span class=\"shariff-icon\" style=\"\"><svg width=\"32px\" height=\"20px\" xmlns=\"http:\/\/www.w3.org\/2000\/svg\" viewBox=\"0 0 18 32\"><path fill=\"#3b5998\" d=\"M17.1 0.2v4.7h-2.8q-1.5 0-2.1 0.6t-0.5 1.9v3.4h5.2l-0.7 5.3h-4.5v13.6h-5.5v-13.6h-4.5v-5.3h4.5v-3.9q0-3.3 1.9-5.2t5-1.8q2.6 0 4.1 0.2z\"\/><\/svg><\/span><span class=\"shariff-text\">share<\/span>&nbsp;<\/a><\/li><li class=\"shariff-button mailto shariff-nocustomcolor\" style=\"background-color:#a8a8a8\"><a href=\"mailto:?body=https%3A%2F%2Fcrossroads-festival.org%2Fde%2Fwarum-uns-co2-steuern-nicht-retten-werden&subject=Warum%20C02-Steuern%20%28und%20M%C3%A4rkte%29%20uns%20nicht%20retten%20werden%20und%20ein%20Systemwandel%20n%C3%B6tig%20ist\" title=\"Send by email\" aria-label=\"Send by email\" role=\"button\" rel=\"noopener nofollow\" class=\"shariff-link\" style=\"; background-color:#999; color:#fff\"><span class=\"shariff-icon\" style=\"\"><svg width=\"32px\" height=\"20px\" xmlns=\"http:\/\/www.w3.org\/2000\/svg\" viewBox=\"0 0 32 32\"><path fill=\"#999\" d=\"M32 12.7v14.2q0 1.2-0.8 2t-2 0.9h-26.3q-1.2 0-2-0.9t-0.8-2v-14.2q0.8 0.9 1.8 1.6 6.5 4.4 8.9 6.1 1 0.8 1.6 1.2t1.7 0.9 2 0.4h0.1q0.9 0 2-0.4t1.7-0.9 1.6-1.2q3-2.2 8.9-6.1 1-0.7 1.8-1.6zM32 7.4q0 1.4-0.9 2.7t-2.2 2.2q-6.7 4.7-8.4 5.8-0.2 0.1-0.7 0.5t-1 0.7-0.9 0.6-1.1 0.5-0.9 0.2h-0.1q-0.4 0-0.9-0.2t-1.1-0.5-0.9-0.6-1-0.7-0.7-0.5q-1.6-1.1-4.7-3.2t-3.6-2.6q-1.1-0.7-2.1-2t-1-2.5q0-1.4 0.7-2.3t2.1-0.9h26.3q1.2 0 2 0.8t0.9 2z\"\/><\/svg><\/span><span class=\"shariff-text\">email<\/span>&nbsp;<\/a><\/li><\/ul><\/div>","protected":false},"excerpt":{"rendered":"<p>Warum C02-Steuern (und M\u00e4rkte) uns nicht retten werden&#8230; &#8230;und ein Systemwandel n\u00f6tig ist SA 26.10. \/ 11:30-13:00 \/ Forum Stadtpark \/ Workshop Mit Manuel Grebenjak (Kollektiv Periskop) CO2-Steuern oder \u00f6kosoziale Steuerreformen werden derzeit von unterschiedlichsten Akteur*innen als das wichtigste Klimaschutzinstrument propagiert. Manuel Grebenjak wird erl\u00e4utern, warum es viel zu kurz greift, auf marktkonforme L\u00f6sungen zu &hellip; <a href=\"https:\/\/crossroads-festival.org\/de\/warum-uns-co2-steuern-nicht-retten-werden\" class=\"more-link\"><span class=\"screen-reader-text\">Warum C02-Steuern (und M\u00e4rkte) uns nicht retten werden und ein Systemwandel n\u00f6tig ist<\/span> weiterlesen <span class=\"meta-nav\">&rarr;<\/span><\/a><\/p>\n","protected":false},"author":1,"featured_media":0,"parent":0,"menu_order":0,"comment_status":"closed","ping_status":"closed","template":"","meta":{"_acf_changed":false,"spay_email":"","footnotes":""},"class_list":["post-2102","page","type-page","status-publish","hentry"],"acf":[],"jetpack_shortlink":"https:\/\/wp.me\/P8yz7o-xU","_links":{"self":[{"href":"https:\/\/crossroads-festival.org\/de\/wp-json\/wp\/v2\/pages\/2102"}],"collection":[{"href":"https:\/\/crossroads-festival.org\/de\/wp-json\/wp\/v2\/pages"}],"about":[{"href":"https:\/\/crossroads-festival.org\/de\/wp-json\/wp\/v2\/types\/page"}],"author":[{"embeddable":true,"href":"https:\/\/crossroads-festival.org\/de\/wp-json\/wp\/v2\/users\/1"}],"replies":[{"embeddable":true,"href":"https:\/\/crossroads-festival.org\/de\/wp-json\/wp\/v2\/comments?post=2102"}],"version-history":[{"count":1,"href":"https:\/\/crossroads-festival.org\/de\/wp-json\/wp\/v2\/pages\/2102\/revisions"}],"predecessor-version":[{"id":2119,"href":"https:\/\/crossroads-festival.org\/de\/wp-json\/wp\/v2\/pages\/2102\/revisions\/2119"}],"wp:attachment":[{"href":"https:\/\/crossroads-festival.org\/de\/wp-json\/wp\/v2\/media?parent=2102"}],"curies":[{"name":"wp","href":"https:\/\/api.w.org\/{rel}","templated":true}]}}