{"id":2101,"date":"2019-10-16T09:36:49","date_gmt":"2019-10-16T09:36:49","guid":{"rendered":"https:\/\/crossroads-festival.org\/de\/fuer-eine-solidarische-zukunft-copy-copy-copy-3"},"modified":"2019-10-23T13:36:39","modified_gmt":"2019-10-23T13:36:39","slug":"fuer-eine-solidarische-zukunft-copy-copy-copy-3","status":"publish","type":"page","link":"https:\/\/crossroads-festival.org\/de\/klimademokratie","title":{"rendered":"Klimademokratie!? Wie k\u00f6nnen wir das politische System ver\u00e4ndern, um den Klimakollaps zu verhindern?"},"content":{"rendered":"<p><\/p>\n<p><strong>Klimademokratie!?<br \/>\nWie k\u00f6nnen wir das politische System ver\u00e4ndern, um den Klimakollaps zu verhindern? <\/p>\n<p>SA 26.10. \/ 16:30-18:00 \/ Forum Stadtpark \/ Podiumsgespr\u00e4ch<\/p>\n<p>Mit Rupert Read (Sprecher von Extinction Rebellion, University of East Anglia \/ via Videostream) und Brigitte Kratzwald (Sozialwissenschaftlerin, commons.at)<\/strong><\/p>\n<p><img decoding=\"async\" src=\"https:\/\/crossroads-festival.org\/wp-content\/uploads\/DPA_bfunk_dpa_5F9D0A004E8AF7A6-7efe520ec50d2693.jpg\" \/><\/p>\n<p>Greta Thunberg und viele Millionen weitere Klimabewegte sind davon \u00fcberzeugt, dass es grundlegende Ver\u00e4nderungen unseres politischen Systems braucht, um endlich die schnellen und tiefgreifenden Ma\u00dfnahmen gegen die Klimakrise auf Schiene bringen zu k\u00f6nnen, die n\u00f6tig sind um deren v\u00f6lliges Eskalieren zu verhindern. Das aktuelle repr\u00e4sentativ-demokratische System ist offenkundig ungeeignet daf\u00fcr. Neben diversen anderen Unzul\u00e4nglichkeiten erm\u00f6glicht es massiven Einfluss der schlimmsten Klimakillerkonzerne auf politische Entscheidungen und verunm\u00f6glicht so die notwendigen Transformationen. Dass die Treibhausgase nach 30 Jahren katastrophaler oder nicht vorhandener Klimapolitik immer noch steigen, sollte Beweis genug daf\u00fcr sein. <\/p>\n<p>Mit welchen Ideen und konkreten Ans\u00e4tzen l\u00e4sst sich die liberale Demokratie ver\u00e4ndern? Wie k\u00f6nnen wir unsere Gesellschaften so demokratisieren, dass die Vielen (auch Kinder und Jugendliche) \u00fcber deren Gestaltung entscheiden, nicht mehr eine kleine Minderheit, die Wirtschaftswachstum, Konzernprofite und den Erhalt ihrer Macht \u00fcber alles stellt?<\/p>\n<p>Was sind B\u00fcrger*innenr\u00e4te und B\u00fcrger*innenversammlungen und warum erscheinen sie so vielversprechend, um den unsere Zukunft vernichtenden Status Quo zu \u00fcberwinden? Wie k\u00f6nnten wir diese und \u00e4hnliche Ans\u00e4tze auch hierzulande vorantreiben? Dar\u00fcber unterhalten wir uns mit Rupert Read, einem der prominentesten Sprecher von Extinction Rebellion, der das System als ehemaliger Politiker der Gr\u00fcnen auch von innen bestens kennengelernt hat sowie mit der Sozialwissenschaftlerin und Demokratieexpertin Brigitte Kratzwald und euch allen.<\/p>\n<p><\/p>\n<div class=\"shariff shariff-align-flex-start shariff-widget-align-flex-start\"><ul class=\"shariff-buttons theme-default orientation-horizontal buttonsize-medium\"><li class=\"shariff-button facebook shariff-nocustomcolor\" style=\"background-color:#4273c8\"><a href=\"https:\/\/www.facebook.com\/sharer\/sharer.php?u=https%3A%2F%2Fcrossroads-festival.org%2Fde%2Fklimademokratie\" title=\"Share on Facebook\" aria-label=\"Share on Facebook\" role=\"button\" rel=\"nofollow\" class=\"shariff-link\" style=\"; background-color:#3b5998; color:#fff\" target=\"_blank\"><span class=\"shariff-icon\" style=\"\"><svg width=\"32px\" height=\"20px\" xmlns=\"http:\/\/www.w3.org\/2000\/svg\" viewBox=\"0 0 18 32\"><path fill=\"#3b5998\" d=\"M17.1 0.2v4.7h-2.8q-1.5 0-2.1 0.6t-0.5 1.9v3.4h5.2l-0.7 5.3h-4.5v13.6h-5.5v-13.6h-4.5v-5.3h4.5v-3.9q0-3.3 1.9-5.2t5-1.8q2.6 0 4.1 0.2z\"\/><\/svg><\/span><span class=\"shariff-text\">share<\/span>&nbsp;<\/a><\/li><li class=\"shariff-button mailto shariff-nocustomcolor\" style=\"background-color:#a8a8a8\"><a href=\"mailto:?body=https%3A%2F%2Fcrossroads-festival.org%2Fde%2Fklimademokratie&subject=Klimademokratie%21%3F%20Wie%20k%C3%B6nnen%20wir%20das%20politische%20System%20ver%C3%A4ndern%2C%20um%20den%20Klimakollaps%20zu%20verhindern%3F\" title=\"Send by email\" aria-label=\"Send by email\" role=\"button\" rel=\"noopener nofollow\" class=\"shariff-link\" style=\"; background-color:#999; color:#fff\"><span class=\"shariff-icon\" style=\"\"><svg width=\"32px\" height=\"20px\" xmlns=\"http:\/\/www.w3.org\/2000\/svg\" viewBox=\"0 0 32 32\"><path fill=\"#999\" d=\"M32 12.7v14.2q0 1.2-0.8 2t-2 0.9h-26.3q-1.2 0-2-0.9t-0.8-2v-14.2q0.8 0.9 1.8 1.6 6.5 4.4 8.9 6.1 1 0.8 1.6 1.2t1.7 0.9 2 0.4h0.1q0.9 0 2-0.4t1.7-0.9 1.6-1.2q3-2.2 8.9-6.1 1-0.7 1.8-1.6zM32 7.4q0 1.4-0.9 2.7t-2.2 2.2q-6.7 4.7-8.4 5.8-0.2 0.1-0.7 0.5t-1 0.7-0.9 0.6-1.1 0.5-0.9 0.2h-0.1q-0.4 0-0.9-0.2t-1.1-0.5-0.9-0.6-1-0.7-0.7-0.5q-1.6-1.1-4.7-3.2t-3.6-2.6q-1.1-0.7-2.1-2t-1-2.5q0-1.4 0.7-2.3t2.1-0.9h26.3q1.2 0 2 0.8t0.9 2z\"\/><\/svg><\/span><span class=\"shariff-text\">email<\/span>&nbsp;<\/a><\/li><\/ul><\/div>","protected":false},"excerpt":{"rendered":"<p>Klimademokratie!? Wie k\u00f6nnen wir das politische System ver\u00e4ndern, um den Klimakollaps zu verhindern? SA 26.10. \/ 16:30-18:00 \/ Forum Stadtpark \/ Podiumsgespr\u00e4ch Mit Rupert Read (Sprecher von Extinction Rebellion, University of East Anglia \/ via Videostream) und Brigitte Kratzwald (Sozialwissenschaftlerin, commons.at) Greta Thunberg und viele Millionen weitere Klimabewegte sind davon \u00fcberzeugt, dass es grundlegende Ver\u00e4nderungen &hellip; <a href=\"https:\/\/crossroads-festival.org\/de\/klimademokratie\" class=\"more-link\"><span class=\"screen-reader-text\">Klimademokratie!? Wie k\u00f6nnen wir das politische System ver\u00e4ndern, um den Klimakollaps zu verhindern?<\/span> weiterlesen <span class=\"meta-nav\">&rarr;<\/span><\/a><\/p>\n","protected":false},"author":1,"featured_media":0,"parent":0,"menu_order":0,"comment_status":"closed","ping_status":"closed","template":"","meta":{"_acf_changed":false,"spay_email":"","footnotes":""},"class_list":["post-2101","page","type-page","status-publish","hentry"],"acf":[],"jetpack_shortlink":"https:\/\/wp.me\/P8yz7o-xT","_links":{"self":[{"href":"https:\/\/crossroads-festival.org\/de\/wp-json\/wp\/v2\/pages\/2101"}],"collection":[{"href":"https:\/\/crossroads-festival.org\/de\/wp-json\/wp\/v2\/pages"}],"about":[{"href":"https:\/\/crossroads-festival.org\/de\/wp-json\/wp\/v2\/types\/page"}],"author":[{"embeddable":true,"href":"https:\/\/crossroads-festival.org\/de\/wp-json\/wp\/v2\/users\/1"}],"replies":[{"embeddable":true,"href":"https:\/\/crossroads-festival.org\/de\/wp-json\/wp\/v2\/comments?post=2101"}],"version-history":[{"count":4,"href":"https:\/\/crossroads-festival.org\/de\/wp-json\/wp\/v2\/pages\/2101\/revisions"}],"predecessor-version":[{"id":2188,"href":"https:\/\/crossroads-festival.org\/de\/wp-json\/wp\/v2\/pages\/2101\/revisions\/2188"}],"wp:attachment":[{"href":"https:\/\/crossroads-festival.org\/de\/wp-json\/wp\/v2\/media?parent=2101"}],"curies":[{"name":"wp","href":"https:\/\/api.w.org\/{rel}","templated":true}]}}