{"id":2100,"date":"2019-10-16T09:36:38","date_gmt":"2019-10-16T09:36:38","guid":{"rendered":"https:\/\/crossroads-festival.org\/de\/fuer-eine-solidarische-zukunft-copy-copy-copy-2"},"modified":"2019-10-16T10:05:41","modified_gmt":"2019-10-16T10:05:41","slug":"fuer-eine-solidarische-zukunft-copy-copy-copy-2","status":"publish","type":"page","link":"https:\/\/crossroads-festival.org\/de\/workshop-klima-psychologie","title":{"rendered":"Warum wir uns systematisch Irren Psychologische Einblicke in unseren Umgang mit der Klimakrise"},"content":{"rendered":"<p><\/p>\n<p><strong>Warum wir uns systematisch Irren<br \/>\nPsychologische Einblicke in unseren Umgang mit der Klimakrise<\/p>\n<p>SA 26.10. \/ 10:00-11:30 \/ Forum Stadtpark (im Saloon im ersten Stock) \/ Workshop <\/p>\n<p>Mit Sara Felber (Studentin der Psychologie an der KF-Uni Graz)<\/strong><\/p>\n<p><img decoding=\"async\" src=\"https:\/\/crossroads-festival.org\/wp-content\/uploads\/lie.jpg\" \/><\/p>\n<p>Es ist schon lange kein Geheimnis mehr, dass die Klimakrise jede*n etwas angeht und drastische Ver\u00e4nderung sofort stattfinden m\u00fcssen, um die drohende apokalyptische Zukunft noch abwenden zu k\u00f6nnen. Dennoch gibt es Menschen, auch wichtige Entscheidungstr\u00e4ger*innen, die nach wie vor die Faktenlage ablehnen und die globale Erhitzung verleugnen oder alternative Erkl\u00e4rungsmodelle verbreiten.<\/p>\n<p>Warum leugnen Menschen die Klimakrise? Wie kann man \u00fcber die dramatischen Folgen des Nichtstuns Bescheid wissen, aber dennoch nichts am eigenen Verhalten \u00e4ndern? Und warum gibt es Klimawissenschaftler*innen, die Verhaltens\u00e4nderungen predigen aber selbst nicht durchf\u00fchren?<\/p>\n<p>Dieser Workshop m\u00f6chte Mechanismen unseres Verhaltens aufschl\u00fcsseln und greifbarer machen. Das erworbene Wissen kann zu Werkzeugen umgewandelt werden, um sich selbst und andere im Alltag zu verstehen und Handlungen hinterfragen zu k\u00f6nnen, um nachhaltige Verhaltens\u00e4nderungen im privaten und im \u00f6ffentlichen Bereich m\u00f6glich zu machen.<\/p>\n<p><\/p>\n<div class=\"shariff shariff-align-flex-start shariff-widget-align-flex-start\"><ul class=\"shariff-buttons theme-default orientation-horizontal buttonsize-medium\"><li class=\"shariff-button facebook shariff-nocustomcolor\" style=\"background-color:#4273c8\"><a href=\"https:\/\/www.facebook.com\/sharer\/sharer.php?u=https%3A%2F%2Fcrossroads-festival.org%2Fde%2Fworkshop-klima-psychologie\" title=\"Share on Facebook\" aria-label=\"Share on Facebook\" role=\"button\" rel=\"nofollow\" class=\"shariff-link\" style=\"; background-color:#3b5998; color:#fff\" target=\"_blank\"><span class=\"shariff-icon\" style=\"\"><svg width=\"32px\" height=\"20px\" xmlns=\"http:\/\/www.w3.org\/2000\/svg\" viewBox=\"0 0 18 32\"><path fill=\"#3b5998\" d=\"M17.1 0.2v4.7h-2.8q-1.5 0-2.1 0.6t-0.5 1.9v3.4h5.2l-0.7 5.3h-4.5v13.6h-5.5v-13.6h-4.5v-5.3h4.5v-3.9q0-3.3 1.9-5.2t5-1.8q2.6 0 4.1 0.2z\"\/><\/svg><\/span><span class=\"shariff-text\">share<\/span>&nbsp;<\/a><\/li><li class=\"shariff-button mailto shariff-nocustomcolor\" style=\"background-color:#a8a8a8\"><a href=\"mailto:?body=https%3A%2F%2Fcrossroads-festival.org%2Fde%2Fworkshop-klima-psychologie&subject=Warum%20wir%20uns%20systematisch%20Irren%20Psychologische%20Einblicke%20in%20unseren%20Umgang%20mit%20der%20Klimakrise\" title=\"Send by email\" aria-label=\"Send by email\" role=\"button\" rel=\"noopener nofollow\" class=\"shariff-link\" style=\"; background-color:#999; color:#fff\"><span class=\"shariff-icon\" style=\"\"><svg width=\"32px\" height=\"20px\" xmlns=\"http:\/\/www.w3.org\/2000\/svg\" viewBox=\"0 0 32 32\"><path fill=\"#999\" d=\"M32 12.7v14.2q0 1.2-0.8 2t-2 0.9h-26.3q-1.2 0-2-0.9t-0.8-2v-14.2q0.8 0.9 1.8 1.6 6.5 4.4 8.9 6.1 1 0.8 1.6 1.2t1.7 0.9 2 0.4h0.1q0.9 0 2-0.4t1.7-0.9 1.6-1.2q3-2.2 8.9-6.1 1-0.7 1.8-1.6zM32 7.4q0 1.4-0.9 2.7t-2.2 2.2q-6.7 4.7-8.4 5.8-0.2 0.1-0.7 0.5t-1 0.7-0.9 0.6-1.1 0.5-0.9 0.2h-0.1q-0.4 0-0.9-0.2t-1.1-0.5-0.9-0.6-1-0.7-0.7-0.5q-1.6-1.1-4.7-3.2t-3.6-2.6q-1.1-0.7-2.1-2t-1-2.5q0-1.4 0.7-2.3t2.1-0.9h26.3q1.2 0 2 0.8t0.9 2z\"\/><\/svg><\/span><span class=\"shariff-text\">email<\/span>&nbsp;<\/a><\/li><\/ul><\/div>","protected":false},"excerpt":{"rendered":"<p>Warum wir uns systematisch Irren Psychologische Einblicke in unseren Umgang mit der Klimakrise SA 26.10. \/ 10:00-11:30 \/ Forum Stadtpark (im Saloon im ersten Stock) \/ Workshop Mit Sara Felber (Studentin der Psychologie an der KF-Uni Graz) Es ist schon lange kein Geheimnis mehr, dass die Klimakrise jede*n etwas angeht und drastische Ver\u00e4nderung sofort stattfinden &hellip; <a href=\"https:\/\/crossroads-festival.org\/de\/workshop-klima-psychologie\" class=\"more-link\"><span class=\"screen-reader-text\">Warum wir uns systematisch Irren Psychologische Einblicke in unseren Umgang mit der Klimakrise<\/span> weiterlesen <span class=\"meta-nav\">&rarr;<\/span><\/a><\/p>\n","protected":false},"author":1,"featured_media":0,"parent":0,"menu_order":0,"comment_status":"closed","ping_status":"closed","template":"","meta":{"_acf_changed":false,"spay_email":"","footnotes":""},"class_list":["post-2100","page","type-page","status-publish","hentry"],"acf":[],"jetpack_shortlink":"https:\/\/wp.me\/P8yz7o-xS","_links":{"self":[{"href":"https:\/\/crossroads-festival.org\/de\/wp-json\/wp\/v2\/pages\/2100"}],"collection":[{"href":"https:\/\/crossroads-festival.org\/de\/wp-json\/wp\/v2\/pages"}],"about":[{"href":"https:\/\/crossroads-festival.org\/de\/wp-json\/wp\/v2\/types\/page"}],"author":[{"embeddable":true,"href":"https:\/\/crossroads-festival.org\/de\/wp-json\/wp\/v2\/users\/1"}],"replies":[{"embeddable":true,"href":"https:\/\/crossroads-festival.org\/de\/wp-json\/wp\/v2\/comments?post=2100"}],"version-history":[{"count":2,"href":"https:\/\/crossroads-festival.org\/de\/wp-json\/wp\/v2\/pages\/2100\/revisions"}],"predecessor-version":[{"id":2112,"href":"https:\/\/crossroads-festival.org\/de\/wp-json\/wp\/v2\/pages\/2100\/revisions\/2112"}],"wp:attachment":[{"href":"https:\/\/crossroads-festival.org\/de\/wp-json\/wp\/v2\/media?parent=2100"}],"curies":[{"name":"wp","href":"https:\/\/api.w.org\/{rel}","templated":true}]}}