{"id":2087,"date":"2019-10-15T11:27:33","date_gmt":"2019-10-15T11:27:33","guid":{"rendered":"https:\/\/crossroads-festival.org\/de\/fuer-eine-solidarische-zukunft-copy-copy-copy"},"modified":"2019-10-18T10:17:15","modified_gmt":"2019-10-18T10:17:15","slug":"fuer-eine-solidarische-zukunft-copy-copy-copy","status":"publish","type":"page","link":"https:\/\/crossroads-festival.org\/de\/klimakiller-oesterreich","title":{"rendered":"Klimakiller \u00d6sterreich. Was l\u00e4uft falsch, was ist zu tun?"},"content":{"rendered":"<p><\/p>\n<p><strong>Klimakiller \u00d6sterreich. Was l\u00e4uft falsch, was ist zu tun?<\/p>\n<p>FR 25.10. \/ 18:00-19:30 \/ Forum Stadtpark \/ Podiumsgespr\u00e4ch<\/p>\n<p>Mit Katharina Rogenhofer (Klimavolksbegehren), Philipp Chmel (Workers For Future), Adam Pawloff (Greenpeace), Mira Kapfinger (System Change, not Climate Change) und Christian Zeller (Professor f\u00fcr Wirtschaftsgeographie, Uni Salzburg)<\/strong><\/p>\n<p><img decoding=\"async\" src=\"https:\/\/crossroads-festival.org\/wp-content\/uploads\/wien_maymaybe.jpg\" \/><\/p>\n<p>\u00d6sterreichische Regierungen versuchten sich jahrzehntelang als Vorreiter*innen in Sachen Umwelt- und Klimaschutz zu inszenieren, doch seit einigen Monaten ist der \u00fcberwiegenden Mehrheit der Bev\u00f6lkerung klar, dass dies alles andere als der Fall ist. Es ist ein Riesenskandal, dass s\u00e4mtliche, selbst die bescheidensten, Klimaziele verfehlt wurden und \u00d6sterreich am besten Weg ist, Strafzahlungen in Milliardenh\u00f6he in Kauf zu nehmen, wenn nicht endlich eine Trendwende eingeleitet wird. <\/p>\n<p>Wie k\u00f6nnte eine solche Wende gelingen? Welche Ma\u00dfnahmen w\u00e4ren n\u00f6tig, um auf einen 1,5- Grad-Kurs zu kommen? Wie wollen die verschiedenen Akteur*innen der Klimagerechtigkeitsbewegung darauf hinarbeiten? In welchen Punkten unterscheidet sich ihre Problemanalyse und ihr Verst\u00e4ndnis davon, wie die n\u00f6tigen gesellschaftlichen Ver\u00e4nderungen erreicht werden k\u00f6nnen? Was sind Gemeinsamkeiten, und wie kann zusammen Druck gemacht werden? Wie k\u00f6nnen wir die Vielfalt der Bewegung zu unserer St\u00e4rke machen? <\/p>\n<p>Welche Aktionen und Taktiken k\u00f6nnten in den n\u00e4chsten Monaten zu Erfolgen f\u00fchren? Wie k\u00f6nnen sich neue Menschen in die Klimagerechtigkeitsbewegung einbringen, um sie noch st\u00e4rker zu machen?<\/p>\n<p><\/p>\n<div class=\"shariff shariff-align-flex-start shariff-widget-align-flex-start\"><ul class=\"shariff-buttons theme-default orientation-horizontal buttonsize-medium\"><li class=\"shariff-button facebook shariff-nocustomcolor\" style=\"background-color:#4273c8\"><a href=\"https:\/\/www.facebook.com\/sharer\/sharer.php?u=https%3A%2F%2Fcrossroads-festival.org%2Fde%2Fklimakiller-oesterreich\" title=\"Share on Facebook\" aria-label=\"Share on Facebook\" role=\"button\" rel=\"nofollow\" class=\"shariff-link\" style=\"; background-color:#3b5998; color:#fff\" target=\"_blank\"><span class=\"shariff-icon\" style=\"\"><svg width=\"32px\" height=\"20px\" xmlns=\"http:\/\/www.w3.org\/2000\/svg\" viewBox=\"0 0 18 32\"><path fill=\"#3b5998\" d=\"M17.1 0.2v4.7h-2.8q-1.5 0-2.1 0.6t-0.5 1.9v3.4h5.2l-0.7 5.3h-4.5v13.6h-5.5v-13.6h-4.5v-5.3h4.5v-3.9q0-3.3 1.9-5.2t5-1.8q2.6 0 4.1 0.2z\"\/><\/svg><\/span><span class=\"shariff-text\">share<\/span>&nbsp;<\/a><\/li><li class=\"shariff-button mailto shariff-nocustomcolor\" style=\"background-color:#a8a8a8\"><a href=\"mailto:?body=https%3A%2F%2Fcrossroads-festival.org%2Fde%2Fklimakiller-oesterreich&subject=Klimakiller%20%C3%96sterreich.%20Was%20l%C3%A4uft%20falsch%2C%20was%20ist%20zu%20tun%3F\" title=\"Send by email\" aria-label=\"Send by email\" role=\"button\" rel=\"noopener nofollow\" class=\"shariff-link\" style=\"; background-color:#999; color:#fff\"><span class=\"shariff-icon\" style=\"\"><svg width=\"32px\" height=\"20px\" xmlns=\"http:\/\/www.w3.org\/2000\/svg\" viewBox=\"0 0 32 32\"><path fill=\"#999\" d=\"M32 12.7v14.2q0 1.2-0.8 2t-2 0.9h-26.3q-1.2 0-2-0.9t-0.8-2v-14.2q0.8 0.9 1.8 1.6 6.5 4.4 8.9 6.1 1 0.8 1.6 1.2t1.7 0.9 2 0.4h0.1q0.9 0 2-0.4t1.7-0.9 1.6-1.2q3-2.2 8.9-6.1 1-0.7 1.8-1.6zM32 7.4q0 1.4-0.9 2.7t-2.2 2.2q-6.7 4.7-8.4 5.8-0.2 0.1-0.7 0.5t-1 0.7-0.9 0.6-1.1 0.5-0.9 0.2h-0.1q-0.4 0-0.9-0.2t-1.1-0.5-0.9-0.6-1-0.7-0.7-0.5q-1.6-1.1-4.7-3.2t-3.6-2.6q-1.1-0.7-2.1-2t-1-2.5q0-1.4 0.7-2.3t2.1-0.9h26.3q1.2 0 2 0.8t0.9 2z\"\/><\/svg><\/span><span class=\"shariff-text\">email<\/span>&nbsp;<\/a><\/li><\/ul><\/div>","protected":false},"excerpt":{"rendered":"<p>Klimakiller \u00d6sterreich. Was l\u00e4uft falsch, was ist zu tun? FR 25.10. \/ 18:00-19:30 \/ Forum Stadtpark \/ Podiumsgespr\u00e4ch Mit Katharina Rogenhofer (Klimavolksbegehren), Philipp Chmel (Workers For Future), Adam Pawloff (Greenpeace), Mira Kapfinger (System Change, not Climate Change) und Christian Zeller (Professor f\u00fcr Wirtschaftsgeographie, Uni Salzburg) \u00d6sterreichische Regierungen versuchten sich jahrzehntelang als Vorreiter*innen in Sachen Umwelt- &hellip; <a href=\"https:\/\/crossroads-festival.org\/de\/klimakiller-oesterreich\" class=\"more-link\"><span class=\"screen-reader-text\">Klimakiller \u00d6sterreich. Was l\u00e4uft falsch, was ist zu tun?<\/span> weiterlesen <span class=\"meta-nav\">&rarr;<\/span><\/a><\/p>\n","protected":false},"author":1,"featured_media":0,"parent":0,"menu_order":0,"comment_status":"closed","ping_status":"closed","template":"","meta":{"_acf_changed":false,"spay_email":"","footnotes":""},"class_list":["post-2087","page","type-page","status-publish","hentry"],"acf":[],"jetpack_shortlink":"https:\/\/wp.me\/P8yz7o-xF","_links":{"self":[{"href":"https:\/\/crossroads-festival.org\/de\/wp-json\/wp\/v2\/pages\/2087"}],"collection":[{"href":"https:\/\/crossroads-festival.org\/de\/wp-json\/wp\/v2\/pages"}],"about":[{"href":"https:\/\/crossroads-festival.org\/de\/wp-json\/wp\/v2\/types\/page"}],"author":[{"embeddable":true,"href":"https:\/\/crossroads-festival.org\/de\/wp-json\/wp\/v2\/users\/1"}],"replies":[{"embeddable":true,"href":"https:\/\/crossroads-festival.org\/de\/wp-json\/wp\/v2\/comments?post=2087"}],"version-history":[{"count":6,"href":"https:\/\/crossroads-festival.org\/de\/wp-json\/wp\/v2\/pages\/2087\/revisions"}],"predecessor-version":[{"id":2165,"href":"https:\/\/crossroads-festival.org\/de\/wp-json\/wp\/v2\/pages\/2087\/revisions\/2165"}],"wp:attachment":[{"href":"https:\/\/crossroads-festival.org\/de\/wp-json\/wp\/v2\/media?parent=2087"}],"curies":[{"name":"wp","href":"https:\/\/api.w.org\/{rel}","templated":true}]}}