{"id":2069,"date":"2019-10-15T09:51:25","date_gmt":"2019-10-15T09:51:25","guid":{"rendered":"https:\/\/crossroads-festival.org\/de\/fuer-eine-solidarische-zukunft-copy"},"modified":"2019-10-24T10:13:59","modified_gmt":"2019-10-24T10:13:59","slug":"fuer-eine-solidarische-zukunft-copy","status":"publish","type":"page","link":"https:\/\/crossroads-festival.org\/de\/breakdown","title":{"rendered":"Breakdown!? (Wie) k\u00f6nnen wir die Klimakatastrophe noch verhindern?"},"content":{"rendered":"<p><\/p>\n<p><strong>Breakdown!? <br \/>\n(Wie) k\u00f6nnen wir die Klimakatastrophe noch verhindern?<\/p>\n<p>DO 24.10. \/ 18:00-20:00 \/ Forum Stadtpark \/ Podiumsgespr\u00e4che<\/p>\n<p><\/strong>Mit <strong>Daiara Tukano<\/strong> (Indigene Aktivistin aus dem Amazonas \/ via Videostream), <strong>Ugochi Oluigbo<\/strong> (Umweltournalistin aus Nigeria \/ via Videostream), <strong>Andrea &amp; Omar<\/strong> (Fridays For Future Treviso und Vicenza), <strong>Sina Reisch<\/strong> (Sprecherin von Ende Gel\u00e4nde \/ via Videostream), <strong>Lena Schilling<\/strong> (Fridays For Future Vienna), <strong>Lucia Steinwender<\/strong> (System Change, not Climate Change!), <strong>Manuel Deso Bediencia<\/strong> (ClimAcci\u00f3, By 2020 We Rise Up) und <strong>Franziskus Forster<\/strong> (Farmers For Future, La Via Campesina)<\/p>\n<p><img decoding=\"async\" src=\"https:\/\/crossroads-festival.org\/wp-content\/uploads\/bueno.jpg\" \/><\/p>\n<p>2019 und 2020 sind entscheidende Jahre, wenn wir die (\u00fcber)lebenswichtige Klimawende vielleicht noch schaffen wollen. Im Rahmen mehrerer Gespr\u00e4ch mit verschiedensten spannenden Aktivist*innen und Denker*innen aus dem globalen S\u00fcden und aus Europa wollen wir herausfinden, welche Ans\u00e4tze, Strategien und konkreten Ma\u00dfnahmen dabei vielversprechend sein k\u00f6nnten. <\/p>\n<p>Was kann die derzeit rasant wachsende globale Klimagerechtigkeitsbewegung von anderen (historischen und gegenw\u00e4rtigen) sozialen Bewegungen lernen? Was k\u00f6nnen wir alle in den n\u00e4chsten Wochen und Monaten dazu beitragen, dass die Chance auf eine lebenswerte Zukunft auf der Erde f\u00fcr alle Menschen erhalten bleibt? <\/p>\n<p>Bereits am 29.11. wird &#8211; ausgehend von der Jugend &#8211; der n\u00e4chste globale Klimastreik stattfinden, und wieder werden sich viele Millionen Menschen an aller Welt beteiligen. Wie k\u00f6nnen wir den Streik zu einem Erfolg machen, welche weiteren Aktionen finden statt und was k\u00f6nnen wir 2020 in Angriff nehmen?<\/p>\n<p><\/p>\n<div class=\"shariff shariff-align-flex-start shariff-widget-align-flex-start\"><ul class=\"shariff-buttons theme-default orientation-horizontal buttonsize-medium\"><li class=\"shariff-button facebook shariff-nocustomcolor\" style=\"background-color:#4273c8\"><a href=\"https:\/\/www.facebook.com\/sharer\/sharer.php?u=https%3A%2F%2Fcrossroads-festival.org%2Fde%2Fbreakdown\" title=\"Share on Facebook\" aria-label=\"Share on Facebook\" role=\"button\" rel=\"nofollow\" class=\"shariff-link\" style=\"; background-color:#3b5998; color:#fff\" target=\"_blank\"><span class=\"shariff-icon\" style=\"\"><svg width=\"32px\" height=\"20px\" xmlns=\"http:\/\/www.w3.org\/2000\/svg\" viewBox=\"0 0 18 32\"><path fill=\"#3b5998\" d=\"M17.1 0.2v4.7h-2.8q-1.5 0-2.1 0.6t-0.5 1.9v3.4h5.2l-0.7 5.3h-4.5v13.6h-5.5v-13.6h-4.5v-5.3h4.5v-3.9q0-3.3 1.9-5.2t5-1.8q2.6 0 4.1 0.2z\"\/><\/svg><\/span><span class=\"shariff-text\">share<\/span>&nbsp;<\/a><\/li><li class=\"shariff-button mailto shariff-nocustomcolor\" style=\"background-color:#a8a8a8\"><a href=\"mailto:?body=https%3A%2F%2Fcrossroads-festival.org%2Fde%2Fbreakdown&subject=Breakdown%21%3F%20%28Wie%29%20k%C3%B6nnen%20wir%20die%20Klimakatastrophe%20noch%20verhindern%3F\" title=\"Send by email\" aria-label=\"Send by email\" role=\"button\" rel=\"noopener nofollow\" class=\"shariff-link\" style=\"; background-color:#999; color:#fff\"><span class=\"shariff-icon\" style=\"\"><svg width=\"32px\" height=\"20px\" xmlns=\"http:\/\/www.w3.org\/2000\/svg\" viewBox=\"0 0 32 32\"><path fill=\"#999\" d=\"M32 12.7v14.2q0 1.2-0.8 2t-2 0.9h-26.3q-1.2 0-2-0.9t-0.8-2v-14.2q0.8 0.9 1.8 1.6 6.5 4.4 8.9 6.1 1 0.8 1.6 1.2t1.7 0.9 2 0.4h0.1q0.9 0 2-0.4t1.7-0.9 1.6-1.2q3-2.2 8.9-6.1 1-0.7 1.8-1.6zM32 7.4q0 1.4-0.9 2.7t-2.2 2.2q-6.7 4.7-8.4 5.8-0.2 0.1-0.7 0.5t-1 0.7-0.9 0.6-1.1 0.5-0.9 0.2h-0.1q-0.4 0-0.9-0.2t-1.1-0.5-0.9-0.6-1-0.7-0.7-0.5q-1.6-1.1-4.7-3.2t-3.6-2.6q-1.1-0.7-2.1-2t-1-2.5q0-1.4 0.7-2.3t2.1-0.9h26.3q1.2 0 2 0.8t0.9 2z\"\/><\/svg><\/span><span class=\"shariff-text\">email<\/span>&nbsp;<\/a><\/li><\/ul><\/div>","protected":false},"excerpt":{"rendered":"<p>Breakdown!? (Wie) k\u00f6nnen wir die Klimakatastrophe noch verhindern? DO 24.10. \/ 18:00-20:00 \/ Forum Stadtpark \/ Podiumsgespr\u00e4che Mit Daiara Tukano (Indigene Aktivistin aus dem Amazonas \/ via Videostream), Ugochi Oluigbo (Umweltournalistin aus Nigeria \/ via Videostream), Andrea &amp; Omar (Fridays For Future Treviso und Vicenza), Sina Reisch (Sprecherin von Ende Gel\u00e4nde \/ via Videostream), Lena &hellip; <a href=\"https:\/\/crossroads-festival.org\/de\/breakdown\" class=\"more-link\"><span class=\"screen-reader-text\">Breakdown!? (Wie) k\u00f6nnen wir die Klimakatastrophe noch verhindern?<\/span> weiterlesen <span class=\"meta-nav\">&rarr;<\/span><\/a><\/p>\n","protected":false},"author":1,"featured_media":0,"parent":0,"menu_order":0,"comment_status":"closed","ping_status":"closed","template":"","meta":{"_acf_changed":false,"spay_email":"","footnotes":""},"class_list":["post-2069","page","type-page","status-publish","hentry"],"acf":[],"jetpack_shortlink":"https:\/\/wp.me\/P8yz7o-xn","_links":{"self":[{"href":"https:\/\/crossroads-festival.org\/de\/wp-json\/wp\/v2\/pages\/2069"}],"collection":[{"href":"https:\/\/crossroads-festival.org\/de\/wp-json\/wp\/v2\/pages"}],"about":[{"href":"https:\/\/crossroads-festival.org\/de\/wp-json\/wp\/v2\/types\/page"}],"author":[{"embeddable":true,"href":"https:\/\/crossroads-festival.org\/de\/wp-json\/wp\/v2\/users\/1"}],"replies":[{"embeddable":true,"href":"https:\/\/crossroads-festival.org\/de\/wp-json\/wp\/v2\/comments?post=2069"}],"version-history":[{"count":8,"href":"https:\/\/crossroads-festival.org\/de\/wp-json\/wp\/v2\/pages\/2069\/revisions"}],"predecessor-version":[{"id":2203,"href":"https:\/\/crossroads-festival.org\/de\/wp-json\/wp\/v2\/pages\/2069\/revisions\/2203"}],"wp:attachment":[{"href":"https:\/\/crossroads-festival.org\/de\/wp-json\/wp\/v2\/media?parent=2069"}],"curies":[{"name":"wp","href":"https:\/\/api.w.org\/{rel}","templated":true}]}}