{"id":20,"date":"2015-03-22T13:48:32","date_gmt":"2015-03-22T13:48:32","guid":{"rendered":"http:\/\/crossroads-festival.org\/test2015\/?page_id=20"},"modified":"2025-10-26T17:38:21","modified_gmt":"2025-10-26T17:38:21","slug":"home","status":"publish","type":"page","link":"https:\/\/crossroads-festival.org\/de\/","title":{"rendered":"Home"},"content":{"rendered":"<p><\/p>\n<div id=\"metaslider-id-3448\" style=\"max-width: 750px; margin: 0 auto;\" class=\"ml-slider-3-91-0 metaslider metaslider-responsive metaslider-3448 ml-slider ms-theme-default\" role=\"region\" aria-roledescription=\"Slideshow\" aria-label=\"2025slideshow\">\n    <div id=\"metaslider_container_3448\">\n        <ul id='metaslider_3448' class='rslides'>\n            <li aria-roledescription='slide' aria-labelledby='slide-0'><img loading=\"lazy\" decoding=\"async\" src=\"https:\/\/crossroads-festival.org\/wp-content\/uploads\/Dreamers_750.jpg\" height=\"422\" width=\"750\" alt=\"\" class=\"slider-3448 slide-3474\" title=\"Dreamers_750\" \/><\/li>\n            <li style='display: none;' aria-roledescription='slide' aria-labelledby='slide-1'><img loading=\"lazy\" decoding=\"async\" src=\"https:\/\/crossroads-festival.org\/wp-content\/uploads\/Cant_Feel_Nothing_750.jpg\" height=\"422\" width=\"750\" alt=\"\" class=\"slider-3448 slide-3472\" title=\"Cant_Feel_Nothing_750\" \/><\/li>\n            <li style='display: none;' aria-roledescription='slide' aria-labelledby='slide-2'><img loading=\"lazy\" decoding=\"async\" src=\"https:\/\/crossroads-festival.org\/wp-content\/uploads\/Just_Kids_750.jpg\" height=\"422\" width=\"750\" alt=\"\" class=\"slider-3448 slide-3480\" title=\"Just_Kids_750\" \/><\/li>\n            <li style='display: none;' aria-roledescription='slide' aria-labelledby='slide-3'><img loading=\"lazy\" decoding=\"async\" src=\"https:\/\/crossroads-festival.org\/wp-content\/uploads\/This_Is_Ballroom_750.jpg\" height=\"422\" width=\"750\" alt=\"\" class=\"slider-3448 slide-3485\" title=\"This_Is_Ballroom_750\" \/><\/li>\n            <li style='display: none;' aria-roledescription='slide' aria-labelledby='slide-4'><img loading=\"lazy\" decoding=\"async\" src=\"https:\/\/crossroads-festival.org\/wp-content\/uploads\/Mr_Nobody_Against_Putin_750.jpg\" height=\"422\" width=\"750\" alt=\"\" class=\"slider-3448 slide-3482\" title=\"Mr_Nobody_Against_Putin_750\" \/><\/li>\n            <li style='display: none;' aria-roledescription='slide' aria-labelledby='slide-5'><img loading=\"lazy\" decoding=\"async\" src=\"https:\/\/crossroads-festival.org\/wp-content\/uploads\/Von_Kindern_und_Baeumen_750.jpg\" height=\"422\" width=\"750\" alt=\"\" class=\"slider-3448 slide-3490\" title=\"Von_Kindern_und_Baeumen_750\" \/><\/li>\n            <li style='display: none;' aria-roledescription='slide' aria-labelledby='slide-6'><img loading=\"lazy\" decoding=\"async\" src=\"https:\/\/crossroads-festival.org\/wp-content\/uploads\/comparsa_750.jpg\" height=\"422\" width=\"750\" alt=\"\" class=\"slider-3448 slide-3473\" title=\"comparsa_750\" \/><\/li>\n            <li style='display: none;' aria-roledescription='slide' aria-labelledby='slide-7'><img loading=\"lazy\" decoding=\"async\" src=\"https:\/\/crossroads-festival.org\/wp-content\/uploads\/Von_Kindern_und_Baeumen_3_750.jpg\" height=\"422\" width=\"750\" alt=\"\" class=\"slider-3448 slide-3489\" title=\"Von_Kindern_und_Baeumen_3_750\" \/><\/li>\n            <li style='display: none;' aria-roledescription='slide' aria-labelledby='slide-8'><img loading=\"lazy\" decoding=\"async\" src=\"https:\/\/crossroads-festival.org\/wp-content\/uploads\/I-Hope-This-Helps_-Still-1_750.jpg\" height=\"422\" width=\"750\" alt=\"\" class=\"slider-3448 slide-3478\" title=\"I Hope This Helps_ Still 1_750\" \/><\/li>\n            <li style='display: none;' aria-roledescription='slide' aria-labelledby='slide-9'><img loading=\"lazy\" decoding=\"async\" src=\"https:\/\/crossroads-festival.org\/wp-content\/uploads\/Fairy_Creek_750.jpg\" height=\"422\" width=\"750\" alt=\"\" class=\"slider-3448 slide-3475\" title=\"Fairy_Creek_750\" \/><\/li>\n            <li style='display: none;' aria-roledescription='slide' aria-labelledby='slide-10'><img loading=\"lazy\" decoding=\"async\" src=\"https:\/\/crossroads-festival.org\/wp-content\/uploads\/We_Were_Dangerous_4_750.jpg\" height=\"422\" width=\"750\" alt=\"\" class=\"slider-3448 slide-3488\" title=\"We_Were_Dangerous_4_750\" \/><\/li>\n            <li style='display: none;' aria-roledescription='slide' aria-labelledby='slide-11'><img loading=\"lazy\" decoding=\"async\" src=\"https:\/\/crossroads-festival.org\/wp-content\/uploads\/Urban_Disobedience_Toolkit_750.jpg\" height=\"422\" width=\"750\" alt=\"\" class=\"slider-3448 slide-3487\" title=\"Urban_Disobedience_Toolkit_750\" \/><\/li>\n            <li style='display: none;' aria-roledescription='slide' aria-labelledby='slide-12'><img loading=\"lazy\" decoding=\"async\" src=\"https:\/\/crossroads-festival.org\/wp-content\/uploads\/Wildboy_Still_04_brando_750.jpg\" height=\"422\" width=\"750\" alt=\"\" class=\"slider-3448 slide-3492\" title=\"Wildboy_Still_04_brando_750\" \/><\/li>\n            <li style='display: none;' aria-roledescription='slide' aria-labelledby='slide-13'><img loading=\"lazy\" decoding=\"async\" src=\"https:\/\/crossroads-festival.org\/wp-content\/uploads\/I_Am_The_River_2_750.jpg\" height=\"422\" width=\"750\" alt=\"\" class=\"slider-3448 slide-3479\" title=\"I_Am_The_River_2_750\" \/><\/li>\n            <li style='display: none;' aria-roledescription='slide' aria-labelledby='slide-14'><img loading=\"lazy\" decoding=\"async\" src=\"https:\/\/crossroads-festival.org\/wp-content\/uploads\/Urban_Disobedience_Toolkit_2_750.jpg\" height=\"422\" width=\"750\" alt=\"\" class=\"slider-3448 slide-3486\" title=\"Urban_Disobedience_Toolkit_2_750\" \/><\/li>\n            <li style='display: none;' aria-roledescription='slide' aria-labelledby='slide-15'><img loading=\"lazy\" decoding=\"async\" src=\"https:\/\/crossroads-festival.org\/wp-content\/uploads\/Kein-Land-fuer-Niemand-1_750.jpg\" height=\"422\" width=\"750\" alt=\"\" class=\"slider-3448 slide-3481\" title=\"Kein-Land-fuer-Niemand-1_750\" \/><\/li>\n            <li style='display: none;' aria-roledescription='slide' aria-labelledby='slide-16'><img loading=\"lazy\" decoding=\"async\" src=\"https:\/\/crossroads-festival.org\/wp-content\/uploads\/Rooted_2_750.jpg\" height=\"422\" width=\"750\" alt=\"\" class=\"slider-3448 slide-3483\" title=\"Rooted_2_750\" \/><\/li>\n            <li style='display: none;' aria-roledescription='slide' aria-labelledby='slide-17'><img loading=\"lazy\" decoding=\"async\" src=\"https:\/\/crossroads-festival.org\/wp-content\/uploads\/Tea_Creek_750.jpg\" height=\"422\" width=\"750\" alt=\"\" class=\"slider-3448 slide-3484\" title=\"Tea_Creek_750\" \/><\/li>\n            <li style='display: none;' aria-roledescription='slide' aria-labelledby='slide-18'><img loading=\"lazy\" decoding=\"async\" src=\"https:\/\/crossroads-festival.org\/wp-content\/uploads\/Antifa_Nina_750.jpg\" height=\"422\" width=\"750\" alt=\"\" class=\"slider-3448 slide-3471\" title=\"Antifa_Nina_750\" \/><\/li>\n            <li style='display: none;' aria-roledescription='slide' aria-labelledby='slide-19'><img loading=\"lazy\" decoding=\"async\" src=\"https:\/\/crossroads-festival.org\/wp-content\/uploads\/Wolken_ueber_Luetzerath_750.jpg\" height=\"422\" width=\"750\" alt=\"\" class=\"slider-3448 slide-3503\" title=\"Wolken_ueber_Luetzerath_750\" \/><\/li>\n            <li style='display: none;' aria-roledescription='slide' aria-labelledby='slide-20'><img loading=\"lazy\" decoding=\"async\" src=\"https:\/\/crossroads-festival.org\/wp-content\/uploads\/Forever_Home_Percy_750.jpg\" height=\"422\" width=\"750\" alt=\"\" class=\"slider-3448 slide-3477\" title=\"Forever_Home_Percy_750\" \/><\/li>\n            <li style='display: none;' aria-roledescription='slide' aria-labelledby='slide-21'><img loading=\"lazy\" decoding=\"async\" src=\"https:\/\/crossroads-festival.org\/wp-content\/uploads\/We_Were_Dangerous_750.jpg\" height=\"422\" width=\"750\" alt=\"\" class=\"slider-3448 slide-3491\" title=\"We_Were_Dangerous_750\" \/><\/li>\n            <li style='display: none;' aria-roledescription='slide' aria-labelledby='slide-22'><img loading=\"lazy\" decoding=\"async\" src=\"https:\/\/crossroads-festival.org\/wp-content\/uploads\/Forever_Home_Jonathan_750.jpg\" height=\"422\" width=\"750\" alt=\"\" class=\"slider-3448 slide-3476\" title=\"Forever_Home_Jonathan_750\" \/><\/li>\n        <\/ul>\n        \n    <\/div>\n<\/div>\n<p>Crossroads l\u00e4dt zur Auseinandersetzung mit wichtigen Entwicklungen der Gegenwart ein und erm\u00f6glicht Blicke in die Zukunft. Spannende neue Filme machen va Menschen, Initiativen und Bewegungen sichtbar, die sich f\u00fcr den Erhalt unserer Lebensgrundlagen, f\u00fcr Freiheit, Gerechtigkeit und ein gutes Leben f\u00fcr Alle einsetzen. Mit beeindruckenden Bildern werden inspirierende Geschichten erz\u00e4hlt, die Handlungsm\u00f6glichkeiten aufzeigen und Mut machen.<\/p>\n<p>Viele Filme feiern im Rahmen des Festivals ihre \u00d6sterreichpremieren und wurden mit diversen Preisen ausgezeichnet. Gespr\u00e4che im Anschluss an die Vorf\u00fchrungen erm\u00f6glichen es, sich mit Protagonist*innen, Regisseur*innen und spannenden Denker*innen auszutauschen. Workshops und weitere Diskursformate vervollst\u00e4ndigen das Programm, und wir bieten reichlich Raum f\u00fcr Socializing in angenehmer Atmosph\u00e4re.<\/p>\n<p><strong>Der Eintritt zu allen Veranstaltungen ist frei. Freiwillige Beitr\u00e4ge sind sehr willkommen.<\/strong><strong><\/p>\n<p>Thementage<br \/>\n<\/strong>Earth Defenders (4.-5.11.)<br \/>\nStadt f\u00fcr Alle! (6.11.)<br \/>\nAnimal Liberation (6.11.)<br \/>\nQueer Feminist Rebellions (7.-9.11.)<br \/>\nMental Health Matters (9.11.)<br \/>\nHarvesting Hope (10.11.)<br \/>\nFighting for Democracy (11.-12.11.)<strong><br \/>\n<\/strong><\/p>\n<p><\/p>\n<div class=\"shariff shariff-align-flex-start shariff-widget-align-flex-start\"><ul class=\"shariff-buttons theme-default orientation-horizontal buttonsize-medium\"><li class=\"shariff-button facebook shariff-nocustomcolor\" style=\"background-color:#4273c8\"><a href=\"https:\/\/www.facebook.com\/sharer\/sharer.php?u=https%3A%2F%2Fcrossroads-festival.org%2Fde%2F\" title=\"Share on Facebook\" aria-label=\"Share on Facebook\" role=\"button\" rel=\"nofollow\" class=\"shariff-link\" style=\"; background-color:#3b5998; color:#fff\" target=\"_blank\"><span class=\"shariff-icon\" style=\"\"><svg width=\"32px\" height=\"20px\" xmlns=\"http:\/\/www.w3.org\/2000\/svg\" viewBox=\"0 0 18 32\"><path fill=\"#3b5998\" d=\"M17.1 0.2v4.7h-2.8q-1.5 0-2.1 0.6t-0.5 1.9v3.4h5.2l-0.7 5.3h-4.5v13.6h-5.5v-13.6h-4.5v-5.3h4.5v-3.9q0-3.3 1.9-5.2t5-1.8q2.6 0 4.1 0.2z\"\/><\/svg><\/span><span class=\"shariff-text\">share<\/span>&nbsp;<\/a><\/li><li class=\"shariff-button mailto shariff-nocustomcolor\" style=\"background-color:#a8a8a8\"><a href=\"mailto:?body=https%3A%2F%2Fcrossroads-festival.org%2Fde%2F&subject=Home\" title=\"Send by email\" aria-label=\"Send by email\" role=\"button\" rel=\"noopener nofollow\" class=\"shariff-link\" style=\"; background-color:#999; color:#fff\"><span class=\"shariff-icon\" style=\"\"><svg width=\"32px\" height=\"20px\" xmlns=\"http:\/\/www.w3.org\/2000\/svg\" viewBox=\"0 0 32 32\"><path fill=\"#999\" d=\"M32 12.7v14.2q0 1.2-0.8 2t-2 0.9h-26.3q-1.2 0-2-0.9t-0.8-2v-14.2q0.8 0.9 1.8 1.6 6.5 4.4 8.9 6.1 1 0.8 1.6 1.2t1.7 0.9 2 0.4h0.1q0.9 0 2-0.4t1.7-0.9 1.6-1.2q3-2.2 8.9-6.1 1-0.7 1.8-1.6zM32 7.4q0 1.4-0.9 2.7t-2.2 2.2q-6.7 4.7-8.4 5.8-0.2 0.1-0.7 0.5t-1 0.7-0.9 0.6-1.1 0.5-0.9 0.2h-0.1q-0.4 0-0.9-0.2t-1.1-0.5-0.9-0.6-1-0.7-0.7-0.5q-1.6-1.1-4.7-3.2t-3.6-2.6q-1.1-0.7-2.1-2t-1-2.5q0-1.4 0.7-2.3t2.1-0.9h26.3q1.2 0 2 0.8t0.9 2z\"\/><\/svg><\/span><span class=\"shariff-text\">email<\/span>&nbsp;<\/a><\/li><\/ul><\/div>","protected":false},"excerpt":{"rendered":"<p>Crossroads l\u00e4dt zur Auseinandersetzung mit wichtigen Entwicklungen der Gegenwart ein und erm\u00f6glicht Blicke in die Zukunft. Spannende neue Filme machen va Menschen, Initiativen und Bewegungen sichtbar, die sich f\u00fcr den Erhalt unserer Lebensgrundlagen, f\u00fcr Freiheit, Gerechtigkeit und ein gutes Leben f\u00fcr Alle einsetzen. Mit beeindruckenden Bildern werden inspirierende Geschichten erz\u00e4hlt, die Handlungsm\u00f6glichkeiten aufzeigen und Mut &hellip; <a href=\"https:\/\/crossroads-festival.org\/de\/\" class=\"more-link\"><span class=\"screen-reader-text\">Home<\/span> weiterlesen <span class=\"meta-nav\">&rarr;<\/span><\/a><\/p>\n","protected":false},"author":1,"featured_media":0,"parent":0,"menu_order":0,"comment_status":"open","ping_status":"open","template":"","meta":{"_acf_changed":false,"spay_email":"","footnotes":""},"class_list":["post-20","page","type-page","status-publish","hentry"],"acf":[],"jetpack_shortlink":"https:\/\/wp.me\/P8yz7o-k","_links":{"self":[{"href":"https:\/\/crossroads-festival.org\/de\/wp-json\/wp\/v2\/pages\/20"}],"collection":[{"href":"https:\/\/crossroads-festival.org\/de\/wp-json\/wp\/v2\/pages"}],"about":[{"href":"https:\/\/crossroads-festival.org\/de\/wp-json\/wp\/v2\/types\/page"}],"author":[{"embeddable":true,"href":"https:\/\/crossroads-festival.org\/de\/wp-json\/wp\/v2\/users\/1"}],"replies":[{"embeddable":true,"href":"https:\/\/crossroads-festival.org\/de\/wp-json\/wp\/v2\/comments?post=20"}],"version-history":[{"count":159,"href":"https:\/\/crossroads-festival.org\/de\/wp-json\/wp\/v2\/pages\/20\/revisions"}],"predecessor-version":[{"id":3499,"href":"https:\/\/crossroads-festival.org\/de\/wp-json\/wp\/v2\/pages\/20\/revisions\/3499"}],"wp:attachment":[{"href":"https:\/\/crossroads-festival.org\/de\/wp-json\/wp\/v2\/media?parent=20"}],"curies":[{"name":"wp","href":"https:\/\/api.w.org\/{rel}","templated":true}]}}