{"id":1697,"date":"2019-09-02T18:17:40","date_gmt":"2019-09-02T18:17:40","guid":{"rendered":"https:\/\/crossroads-festival.org\/de\/seebruecke-graz-copy"},"modified":"2020-10-18T15:45:00","modified_gmt":"2020-10-18T15:45:00","slug":"seebruecke-graz-copy","status":"publish","type":"page","link":"https:\/\/crossroads-festival.org\/de\/klimakonferenz","title":{"rendered":"Klimakonferenz"},"content":{"rendered":"<p><\/p>\n<div class=\"\" data-block=\"true\" data-editor=\"e1oin\" data-offset-key=\"4hqeb-0-0\">\n<div class=\"_1mf _1mj\" data-offset-key=\"4hqeb-0-0\"><strong>Wege aus der Klimakrise<\/strong><\/div>\n<\/div>\n<div class=\"\" data-block=\"true\" data-editor=\"e1oin\" data-offset-key=\"av6lr-0-0\">\n<div class=\"_1mf _1mj\" data-offset-key=\"av6lr-0-0\">\n<p><strong>Konferenz f\u00fcr Klimagerechtigkeit und Systemwandel<\/strong><\/p>\n<p><span data-offset-key=\"61t6e-0-0\"><strong>DO 24. bis SO 27.10. 2019 \/ Forum Stadtpark, Graz<\/strong><\/span><\/p>\n<\/div>\n<\/div>\n<p><img decoding=\"async\" src=\"https:\/\/crossroads-festival.org\/wp-content\/uploads\/climatestrike_sa.jpg\" alt=\"https:\/\/crossroads-festival.org\/wp-content\/uploads\/climatestrike_sa.jpg\" \/><\/p>\n<div data-contents=\"true\">\n<div class=\"_1mf _1mj\" data-offset-key=\"av6lr-0-0\">\n<p>Eine globale Bewegung mutiger Menschen versucht 2019 und 2020 die vielleicht letzte Chance zu nutzen, das v\u00f6llige Eskalieren der Klimakrise noch abzuwenden. W\u00e4hrend riesige Waldfl\u00e4chen und kostbare Lebensr\u00e4ume in Flammen stehen, die Eisschmelze in den Polarregionen immer enormere Ausma\u00dfe annimmt und D\u00fcrren, Hitzewellen und \u00dcberflutungen immer mehr Todesopfer fordern, gehen &#8211; angef\u00fchrt von der Jugend &#8211; weltweit Millionen Menschen auf die Stra\u00dfe. Sie wollen Regierungen und Konzerne dazu bringen, endlich die tiefgreifenden gesellschaftlichen Ver\u00e4nderungen in die Wege zu leiten, die n\u00f6tig w\u00e4ren, um eine lebenswerte Zukunft f\u00fcr Alle zu erm\u00f6glichen. Weil jedoch weiterhin Profite vor Menschenleben gestellt werden und es offenbar oberstes Wirtschaftsziel ist, den Zusammenbruch unserer Zivilisation und ein Massenaussterben voranzutreiben, intensiviert die Klimagerechtigkeitsbewegung ihre Proteste.<\/p>\n<\/div>\n<div class=\"\" data-block=\"true\" data-editor=\"e1oin\" data-offset-key=\"21dus-0-0\">\n<div class=\"_1mf _1mj\" data-offset-key=\"21dus-0-0\"><span data-offset-key=\"21dus-0-0\">Was wird in den n\u00e4chsten Monaten passieren? Wie wird sich der Konflikt zwischen Zukunftssch\u00fctzer*innen und Zukunftszerst\u00f6rer*innen entwickeln? Wie k\u00f6nnten Erfolge errungen werden? Wie l\u00e4sst sich der n\u00f6tige grundlegende Wandel der Wirtschaft und aller Gesellschaftsbereiche in Gang bekommen?<\/span><\/div>\n<\/div>\n<div class=\"\" data-block=\"true\" data-editor=\"e1oin\" data-offset-key=\"1mkg3-0-0\">\n<div class=\"_1mf _1mj\" data-offset-key=\"1mkg3-0-0\"><span data-offset-key=\"1mkg3-0-0\">&nbsp;<\/span><\/div>\n<\/div>\n<div class=\"\" data-block=\"true\" data-editor=\"e1oin\" data-offset-key=\"fabif-0-0\">\n<div class=\"_1mf _1mj\" data-offset-key=\"fabif-0-0\"><span data-offset-key=\"fabif-0-0\">Die Wege aus der Klimakrise Konferenz bietet Raum, um diese und viele weitere Fragen zu diskutieren. Zahlreiche neue Filme, Podiumsgespr\u00e4che, Vortr\u00e4ge und Workshops mit spannenden Expert*innen und Aktivist*innen erm\u00f6glichen wichtige Debatten, vermitteln Wissen und sollen Mut machen und f\u00fcr Inspiration sorgen. <\/span><\/div>\n<\/div>\n<div class=\"\" data-block=\"true\" data-editor=\"e1oin\" data-offset-key=\"87r4-0-0\">\n<div class=\"_1mf _1mj\" data-offset-key=\"87r4-0-0\"><span data-offset-key=\"87r4-0-0\">&nbsp;<\/span><\/div>\n<\/div>\n<div class=\"\" data-block=\"true\" data-editor=\"e1oin\" data-offset-key=\"6n0qf-0-0\">\n<div class=\"_1mf _1mj\" data-offset-key=\"6n0qf-0-0\"><span data-offset-key=\"6n0qf-0-0\">Werden wir es noch schaffen, das Ruder herumzureissen? Die weitere Entwicklung der Klimagerechtigkeitsbewegung wird den Ausschlag geben. Ein Blick in die Geschichte zeigt, dass grundlegende gesellschaftliche Ver\u00e4nderungen immer von sozialen Bewegungen ausgehen.<\/span><\/div>\n<\/div>\n<div class=\"\" data-block=\"true\" data-editor=\"e1oin\" data-offset-key=\"b4i3f-0-0\">\n<div class=\"_1mf _1mj\" data-offset-key=\"b4i3f-0-0\"><span data-offset-key=\"b4i3f-0-0\">&nbsp;<\/span><\/div>\n<\/div>\n<div class=\"\" data-block=\"true\" data-editor=\"e1oin\" data-offset-key=\"5c26e-0-0\">\n<div class=\"_1mf _1mj\" data-offset-key=\"5c26e-0-0\"><span data-offset-key=\"5c26e-0-0\"><strong>Teilnehmer*innen:<\/strong> <\/span><\/div>\n<\/div>\n<div class=\"\" data-block=\"true\" data-editor=\"e1oin\" data-offset-key=\"3023j-0-0\">\n<div class=\"_1mf _1mj\" data-offset-key=\"3023j-0-0\"><span data-offset-key=\"3023j-0-0\">Daiara Tukano (Indigene Aktivistin aus dem Amazonas) <br \/>\nRupert Read (Extinction Rebellion spokesperson, University of East Anglia) <br \/>\n<\/span><\/div>\n<\/div>\n<div class=\"\" data-block=\"true\" data-editor=\"e1oin\" data-offset-key=\"bomet-0-0\">\n<div class=\"_1mf _1mj\" data-offset-key=\"bomet-0-0\"><span data-offset-key=\"bomet-0-0\">Ugochi Oluigbo (Umweltjournalistin und -aktivistin aus Nigeria)<\/span><\/div>\n<\/div>\n<div class=\"\" data-block=\"true\" data-editor=\"e1oin\" data-offset-key=\"33jf2-0-0\">\n<div class=\"_1mf _1mj\" data-offset-key=\"33jf2-0-0\"><span data-offset-key=\"33jf2-0-0\">Jana Boltersdorf (Fridays For Future K\u00f6ln) <\/span><\/div>\n<\/div>\n<div class=\"\" data-block=\"true\" data-editor=\"e1oin\" data-offset-key=\"8rta6-0-0\">\n<div class=\"_1mf _1mj\" data-offset-key=\"8rta6-0-0\"><span data-offset-key=\"8rta6-0-0\">Lena Schilling (Fridays For Future Wien)<br \/>\n<\/span><\/div>\n<\/div>\n<div class=\"\" data-block=\"true\" data-editor=\"e1oin\" data-offset-key=\"5glu4-0-0\">\n<div class=\"_1mf _1mj\" data-offset-key=\"5glu4-0-0\"><span data-offset-key=\"5glu4-0-0\">Katharina Rogenhofer (Klimavolksbegehren) <br \/>\nTina Velo (Sand im Getriebe)<br \/>\n<\/span><\/div>\n<\/div>\n<div class=\"\" data-block=\"true\" data-editor=\"e1oin\" data-offset-key=\"d14gu-0-0\">\n<div class=\"_1mf _1mj\" data-offset-key=\"d14gu-0-0\"><span data-offset-key=\"d14gu-0-0\">Lucia Steinwender &amp; Mira Kapfinger (System Change, not Climate Change)<br \/>\nPhilipp Chmel (Workers For Future)<br \/>\n<\/span><\/div>\n<\/div>\n<div class=\"\" data-block=\"true\" data-editor=\"e1oin\" data-offset-key=\"ea457-0-0\">\n<div class=\"_1mf _1mj\" data-offset-key=\"8cgj0-0-0\"><span data-offset-key=\"8cgj0-0-0\">Christian Zeller (Professor f\u00fcr Wirtschaftsgeographie, Uni Salzburg)<br \/>\nFranziskus Forster (Farmers4Future, La Via Campesina)<br \/>\nJohn Jordan (Mitgr\u00fcnder der Climate Games und von Reclaim the Streets \/ La ZAD)<br \/>\nKhali (Free the Soil)<br \/>\n<\/span><\/div>\n<\/div>\n<div class=\"\" data-block=\"true\" data-editor=\"e1oin\" data-offset-key=\"ai461-0-0\">\n<div class=\"_1mf _1mj\" data-offset-key=\"ai461-0-0\"><span data-offset-key=\"ai461-0-0\">Adam Pawloff (Greenpeace) <br \/>\nWolfgang Rehm (Hainburg-Aktivist der ersten Stunde, Virus)<br \/>\n<\/span><\/div>\n<\/div>\n<div class=\"\" data-block=\"true\" data-editor=\"e1oin\" data-offset-key=\"6bmkd-0-0\">\n<div class=\"_1mf _1mj\" data-offset-key=\"6bmkd-0-0\"><span data-offset-key=\"6bmkd-0-0\">Ulli Klein (Biob\u00e4uerin)<\/span><\/div>\n<\/div>\n<div class=\"\" data-block=\"true\" data-editor=\"e1oin\" data-offset-key=\"2co53-0-0\">\n<div class=\"_1mf _1mj\" data-offset-key=\"2co53-0-0\"><span data-offset-key=\"2co53-0-0\">Matthias Schmelzer (Institut f\u00fcr Soziologie, Uni Jena)<\/span><\/div>\n<\/div>\n<div class=\"\" data-block=\"true\" data-editor=\"e1oin\" data-offset-key=\"8q02d-0-0\">\n<div class=\"_1mf _1mj\" data-offset-key=\"8q02d-0-0\"><span data-offset-key=\"8q02d-0-0\">Heinz H\u00f6gelsberger (Institut f\u00fcr Politikwissenschaft, Uni Wien)<\/span><\/div>\n<\/div>\n<div class=\"\" data-block=\"true\" data-editor=\"e1oin\" data-offset-key=\"bdeo8-0-0\">\n<div class=\"_1mf _1mj\" data-offset-key=\"bdeo8-0-0\"><span data-offset-key=\"bdeo8-0-0\">Mathias Krams (Institut f\u00fcr Politikwissenschaft, Uni Wien)<\/span><\/div>\n<\/div>\n<div class=\"\" data-block=\"true\" data-editor=\"e1oin\" data-offset-key=\"e0tve-0-0\">\n<div class=\"_1mf _1mj\" data-offset-key=\"e0tve-0-0\"><span data-offset-key=\"e0tve-0-0\">Brigitte Kratzwald (Sozialwissenschaftlerin, commons.at)<\/span><\/div>\n<\/div>\n<div class=\"\" data-block=\"true\" data-editor=\"e1oin\" data-offset-key=\"8aa7h-0-0\">\n<div class=\"_1mf _1mj\" data-offset-key=\"8aa7h-0-0\"><span data-offset-key=\"8aa7h-0-0\">Leo K\u00fchberger (Historiker)<\/span><\/div>\n<\/div>\n<div class=\"\" data-block=\"true\" data-editor=\"e1oin\" data-offset-key=\"5n3cv-0-0\">\n<div class=\"_1mf _1mj\" data-offset-key=\"5n3cv-0-0\">\n<p><span data-offset-key=\"5n3cv-0-0\">uvm.<\/span><\/p>\n<p><em>*Alle Teilnehmer*innen, die von weit her anreisen m\u00fcssten, werden via Videostream zugeschaltet.<\/em><\/p>\n<\/div>\n<\/div>\n<div class=\"\" data-block=\"true\" data-editor=\"e1oin\" data-offset-key=\"5ba1i-0-0\">\n<div class=\"_1mf _1mj\" data-offset-key=\"f074c-0-0\">\n<p><span data-offset-key=\"f074c-0-0\">Der Eintritt zu allen Veranstaltungen ist frei! Freiwillige Unkostenbeitr\u00e4ge sind sehr willkommen!<\/span><\/p>\n<p>Es gibt eine <a href=\"https:\/\/crossroads-festival.org\/de\/festival\/uebernachtungsboerse\">\u00dcbernachtungsb\u00f6rse<\/a>, die kostenfreie Unterk\u00fcnfte bei netten Grazer*innen vermittelt.<\/p>\n<\/div>\n<\/div>\n<div class=\"\" data-block=\"true\" data-editor=\"e1oin\" data-offset-key=\"59q1e-0-0\">\n<div class=\"_1mf _1mj\" data-offset-key=\"59q1e-0-0\"><span data-offset-key=\"59q1e-0-0\"><strong><a href=\"https:\/\/crossroads-festival.org\/de\/programm2019\">Hier<\/a> geht\u00b4s zum <a href=\"https:\/\/crossroads-festival.org\/de\/programm2019\">Programm<\/a>.<\/strong><br \/>\n<\/span><\/div>\n<\/div>\n<\/div>\n<p><\/p>\n<div class=\"shariff shariff-align-flex-start shariff-widget-align-flex-start\"><ul class=\"shariff-buttons theme-default orientation-horizontal buttonsize-medium\"><li class=\"shariff-button facebook shariff-nocustomcolor\" style=\"background-color:#4273c8\"><a href=\"https:\/\/www.facebook.com\/sharer\/sharer.php?u=https%3A%2F%2Fcrossroads-festival.org%2Fde%2Fklimakonferenz\" title=\"Share on Facebook\" aria-label=\"Share on Facebook\" role=\"button\" rel=\"nofollow\" class=\"shariff-link\" style=\"; background-color:#3b5998; color:#fff\" target=\"_blank\"><span class=\"shariff-icon\" style=\"\"><svg width=\"32px\" height=\"20px\" xmlns=\"http:\/\/www.w3.org\/2000\/svg\" viewBox=\"0 0 18 32\"><path fill=\"#3b5998\" d=\"M17.1 0.2v4.7h-2.8q-1.5 0-2.1 0.6t-0.5 1.9v3.4h5.2l-0.7 5.3h-4.5v13.6h-5.5v-13.6h-4.5v-5.3h4.5v-3.9q0-3.3 1.9-5.2t5-1.8q2.6 0 4.1 0.2z\"\/><\/svg><\/span><span class=\"shariff-text\">share<\/span>&nbsp;<\/a><\/li><li class=\"shariff-button mailto shariff-nocustomcolor\" style=\"background-color:#a8a8a8\"><a href=\"mailto:?body=https%3A%2F%2Fcrossroads-festival.org%2Fde%2Fklimakonferenz&subject=Klimakonferenz\" title=\"Send by email\" aria-label=\"Send by email\" role=\"button\" rel=\"noopener nofollow\" class=\"shariff-link\" style=\"; background-color:#999; color:#fff\"><span class=\"shariff-icon\" style=\"\"><svg width=\"32px\" height=\"20px\" xmlns=\"http:\/\/www.w3.org\/2000\/svg\" viewBox=\"0 0 32 32\"><path fill=\"#999\" d=\"M32 12.7v14.2q0 1.2-0.8 2t-2 0.9h-26.3q-1.2 0-2-0.9t-0.8-2v-14.2q0.8 0.9 1.8 1.6 6.5 4.4 8.9 6.1 1 0.8 1.6 1.2t1.7 0.9 2 0.4h0.1q0.9 0 2-0.4t1.7-0.9 1.6-1.2q3-2.2 8.9-6.1 1-0.7 1.8-1.6zM32 7.4q0 1.4-0.9 2.7t-2.2 2.2q-6.7 4.7-8.4 5.8-0.2 0.1-0.7 0.5t-1 0.7-0.9 0.6-1.1 0.5-0.9 0.2h-0.1q-0.4 0-0.9-0.2t-1.1-0.5-0.9-0.6-1-0.7-0.7-0.5q-1.6-1.1-4.7-3.2t-3.6-2.6q-1.1-0.7-2.1-2t-1-2.5q0-1.4 0.7-2.3t2.1-0.9h26.3q1.2 0 2 0.8t0.9 2z\"\/><\/svg><\/span><span class=\"shariff-text\">email<\/span>&nbsp;<\/a><\/li><\/ul><\/div>","protected":false},"excerpt":{"rendered":"<p>Wege aus der Klimakrise Konferenz f\u00fcr Klimagerechtigkeit und Systemwandel DO 24. bis SO 27.10. 2019 \/ Forum Stadtpark, Graz Eine globale Bewegung mutiger Menschen versucht 2019 und 2020 die vielleicht letzte Chance zu nutzen, das v\u00f6llige Eskalieren der Klimakrise noch abzuwenden. W\u00e4hrend riesige Waldfl\u00e4chen und kostbare Lebensr\u00e4ume in Flammen stehen, die Eisschmelze in den Polarregionen &hellip; <a href=\"https:\/\/crossroads-festival.org\/de\/klimakonferenz\" class=\"more-link\"><span class=\"screen-reader-text\">Klimakonferenz<\/span> weiterlesen <span class=\"meta-nav\">&rarr;<\/span><\/a><\/p>\n","protected":false},"author":1,"featured_media":0,"parent":0,"menu_order":0,"comment_status":"closed","ping_status":"closed","template":"","meta":{"_acf_changed":false,"spay_email":"","footnotes":""},"class_list":["post-1697","page","type-page","status-publish","hentry"],"acf":[],"jetpack_shortlink":"https:\/\/wp.me\/P8yz7o-rn","_links":{"self":[{"href":"https:\/\/crossroads-festival.org\/de\/wp-json\/wp\/v2\/pages\/1697"}],"collection":[{"href":"https:\/\/crossroads-festival.org\/de\/wp-json\/wp\/v2\/pages"}],"about":[{"href":"https:\/\/crossroads-festival.org\/de\/wp-json\/wp\/v2\/types\/page"}],"author":[{"embeddable":true,"href":"https:\/\/crossroads-festival.org\/de\/wp-json\/wp\/v2\/users\/1"}],"replies":[{"embeddable":true,"href":"https:\/\/crossroads-festival.org\/de\/wp-json\/wp\/v2\/comments?post=1697"}],"version-history":[{"count":22,"href":"https:\/\/crossroads-festival.org\/de\/wp-json\/wp\/v2\/pages\/1697\/revisions"}],"predecessor-version":[{"id":2240,"href":"https:\/\/crossroads-festival.org\/de\/wp-json\/wp\/v2\/pages\/1697\/revisions\/2240"}],"wp:attachment":[{"href":"https:\/\/crossroads-festival.org\/de\/wp-json\/wp\/v2\/media?parent=1697"}],"curies":[{"name":"wp","href":"https:\/\/api.w.org\/{rel}","templated":true}]}}