{"id":163,"date":"2015-04-22T18:43:19","date_gmt":"2015-04-22T18:43:19","guid":{"rendered":"http:\/\/crossroads-festival.org\/test2015\/en\/?page_id=163"},"modified":"2015-06-10T10:26:55","modified_gmt":"2015-06-10T10:26:55","slug":"ubersicht-2015","status":"publish","type":"page","link":"https:\/\/crossroads-festival.org\/de\/programm\/uebersicht2015","title":{"rendered":"\u00dcbersicht 2015"},"content":{"rendered":"<p><\/p>\n<div id=\"progheader\">\n<div id=\"head\"><strong>PROGRAMM-\u00dcBERSICHT 2015\u00a0<\/strong><\/div>\n<div id=\"print\"><div class='printomatic pom-default ' id='id2976'  data-print_target='article'><\/div><\/div>\n<div id=\"pdf\"><a href=\"\/wp-content\/uploads\/15_programm_A4.pdf\" target=\"_blank\"><img decoding=\"async\" src=\"\/wp-content\/uploads\/pdf.png\" alt=\"\" \/><\/a><\/div>\n<\/div>\n<hr \/>\n<p><em>*Alle Filmvorf\u00fchrungen, Vortr\u00e4ge und Diskussionen finden im Erdgeschoss statt. Der Saloon im ersten Stock steht w\u00e4hrend des gesamten Festivals als offener Raum f\u00fcr Austausch, Vernetzung und zum gemeinsamen T\u00e4tig-Sein zur Verf\u00fcgung.* <\/em><\/p>\n<hr \/>\n<div id=\"dayoverview\">\n<div id=\"day\"><a href=\"#mi36\">Mittwoch 3.6.<\/a><\/div>\n<div id=\"day\"><a href=\"#do46\">Donnerstag 4.6.<\/a><\/div>\n<div id=\"day\"><a href=\"#fr56\">Freitag 5.6.<\/a><\/div>\n<div id=\"day\"><a href=\"#sa66\">Samstag 6.6.<\/a><\/div>\n<div id=\"daylast\"><a href=\"#so76\">Sonntag 7.6.<\/a><\/div>\n<div id=\"day\"><a href=\"#mo86\">Montag 8.6.<\/a><\/div>\n<div id=\"day\"><a href=\"#di96\">Dienstag 9.6.<\/a><\/div>\n<div id=\"day\"><a href=\"#mi106\">Mittwoch 10.6.<\/a><\/div>\n<div id=\"day\"><a href=\"#do116\">Donnerstag 11.6.<\/a><\/div>\n<div id=\"day\"><a href=\"#fr126\">Freitag 12.6.<\/a><\/div>\n<div id=\"daylast\"><a href=\"#sa136\">Samstag 13.6.<\/a><\/div>\n<\/div>\n<hr \/>\n<p><a name=\"mi36\"><\/a><strong>Mittwoch 3.6. 2015 &#8211; Er\u00f6ffnung \/ Klimakrise<br \/>\n<\/strong><\/p>\n<p><strong>18:30 Opening film \/ Austrian premiere!<\/strong><br \/>\n<strong> <a href=\"http:\/\/crossroads-festival.org\/de\/film\/the-yes-men-are-revolting\">The Yes Men Are Revolting<\/a><br \/>\n<\/strong>US, 2014, 92 min, English OV<\/p>\n<p><strong>20:30 Film &amp; Gespr\u00e4ch \/ Austrian premiere!<\/strong><br \/>\n<a href=\"http:\/\/crossroads-festival.org\/film\/disruption\"><strong> Disruption<\/strong><\/a><br \/>\nUS, 2014, 53 min, English OV<br \/>\n+ Videobotschaft von Bill McKibben (Tr\u00e4ger des Alternativen Nobelpreises, 350.org)<br \/>\n+ Gespr\u00e4ch mit Magdalena Heuwieser (System Change not Climate Change) \u00fcber die wachsende Klimabewegung und die M\u00f6glichkeiten, sich an den wichtigen Protesten anl\u00e4sslich des gro\u00dfen UNO-Klimagipfels in Paris zu beteiligen<strong><br \/>\n<\/strong><\/p>\n<p><strong>Im Anschluss: Filmbeisl im Saloon<\/strong><br \/>\nRaum zum Austausch und Vernetzen in gem\u00fctlicher Atmosph\u00e4re (Saloon, 1. Stock)<\/p>\n<hr \/>\n<p><a name=\"do46\"><\/a><strong>Donnerstag 4.6. &#8211; Klimakrise<br \/>\n<\/strong><\/p>\n<p><strong>13:00 Vortrag &amp; Vernetzungstreffen<\/strong><br \/>\n<strong> Climate Justice Now!<\/strong><br \/>\nInput von Magdalena Heuwieser (System Change not Climate Change) \u00fcber Klimapolitik von oben und von unten und die Notwendigkeit sich einzumischen. Im Anschluss: Treffen zur Vernetzung und Planung von Aktionen rund um den gro\u00dfen UN-Klimagipfel in Paris.<\/p>\n<p><strong>15:30 Workshop<\/strong><br \/>\n<strong> Action!<\/strong><br \/>\nWir planen eine oder mehrere gemeinsame Protestaktion(en) f\u00fcr die n\u00e4chsten Tage und Wochen.<\/p>\n<p><strong>Ab 18:00 Gemeinsames Abendessen<\/strong><br \/>\n<strong> FORUMk\u00fcche<\/strong><br \/>\nVeganes Essen f\u00fcr Alle f\u00fcr einen freiwilligen Unkostenbeitrag. Jeden ersten Donnerstag im Monat im Forum Stadtpark. An den Kocht\u00f6pfen diesmal: Transition Graz<\/p>\n<p><strong>19:00 Film &amp; Gespr\u00e4ch<\/strong><br \/>\n<a href=\"http:\/\/crossroads-festival.org\/film\/cowspiracy-the-sustainability-secret\"><strong> Cowspiracy &#8211; The Sustainability Secret<\/strong><\/a><br \/>\nUS, 2014, 92 min, Englische OF mit Deutschen Untertiteln<br \/>\n+ Gespr\u00e4ch mit Martin Schlatzer (Ern\u00e4hrungs\u00f6kologe)<\/p>\n<p><strong>21:30 Film \/ Continental European premiere!<\/strong><br \/>\n<strong> <a href=\"http:\/\/crossroads-festival.org\/de\/film\/above-all-else\">Above All Else<\/a><br \/>\n<\/strong>US, 2014, 95 min, English OV<strong><br \/>\n<\/strong><\/p>\n<p><strong>Im Anschluss und zwischen den Screenings: Filmbeisl im Saloon<\/strong><br \/>\nRaum zum Unterhalten \u00fcber die Filme in gem\u00fctlicher Atmosph\u00e4re (Saloon, 1. Stock)<\/p>\n<hr \/>\n<p><a name=\"fr56\"><\/a><strong>Freitag 5.6. &#8211; Klimakrise und Energiewende<\/strong><\/p>\n<p><strong>18:30 Film &amp; Gespr\u00e4ch<\/strong><br \/>\n<a href=\"http:\/\/crossroads-festival.org\/film\/macht-energie\"><strong>Macht Energie<\/strong><\/a><br \/>\nAT, 2014, 92 min, Deutsche Fassung<br \/>\n+ Gespr\u00e4ch mit Ernst Schriefl (energieautark consulting gmbh)<\/p>\n<p><strong>21:30 Film &amp; Q&amp;A<\/strong><br \/>\n<a href=\"http:\/\/crossroads-festival.org\/film\/black-ice\"><strong>Black Ice &#8211; The story of the Arctic 30<\/strong><\/a><br \/>\nNL, 2014, 53 min, OF mit deutschen Untertiteln<br \/>\n+Q&amp;A with filmmaker Maarten van Rouveroy<\/p>\n<p><strong>Im Anschluss und zwischen den Screenings: Filmbeisl im Saloon<\/strong><br \/>\nRaum zum Unterhalten \u00fcber die Filme in gem\u00fctlicher Atmosph\u00e4re (Saloon, 1. Stock)<\/p>\n<hr \/>\n<p><a name=\"sa66\"><\/a><strong>Samstag 6.6. &#8211; Zukunftsf\u00e4hige Landwirtschaft und Ern\u00e4hrungssouver\u00e4nit\u00e4t<\/strong><\/p>\n<p><strong>10:30 Vernetzungstreffen<br \/>\nErn\u00e4hrungssouver\u00e4nit\u00e4t und Solidarische Landwirtschaft in der Steiermark<br \/>\n<\/strong>Menschen und Initiativen, die sich f\u00fcr solidarische Landwirtschaft und f\u00fcr die demokratische Gestaltung unseres Ern\u00e4hrungssystems einsetzen, tauschen sich aus. Herzlich eingeladen sind auch alle, die noch nicht aktiv sind und die Initiativen kennenlernen m\u00f6chten!<br \/>\n<strong><br \/>\n12:00 Vortr\u00e4ge &amp; Diskussion<br \/>\nErn\u00e4hrungssouver\u00e4n gegen den Klimawandel<br \/>\n<\/strong>Was hat unsere Ern\u00e4hrung und die Art wie wir unsere Lebensmittel produzieren mit dem Klimawandel zu tun? Welche Ern\u00e4hrungsweisen sind zu empfehlen? Welche Landwirtschaft brauchen wir, um allen Menschen ein gutes Leben zu erm\u00f6glichen?<br \/>\nMit Irmi Salzer (Biob\u00e4uerin \/ La Via Campesina, Ny\u00e9l\u00e9ni) &amp; Martin Schlatzer (Ern\u00e4hrungs\u00f6kologe)<\/p>\n<p><strong>13:30 Gemeinsames Mittagessen<\/strong><br \/>\n<strong> Potluck<\/strong><br \/>\nJede_r bringt ein Gericht mit und alle genie\u00dfen gemeinsam die leckere Vielfalt. Bitte vegan, damit alle mitessen k\u00f6nnen.<\/p>\n<p><strong>14:30-18:00 Jungpflanzen und Saatgut tauschen und schenken<\/strong><br \/>\nBringt eure Pflanzen und euer samenfestes (= sortenrein vermehrbares) Saatgut zum tauschen und verschenken, oder lasst euch beschenken. Gem\u00fcse, Kr\u00e4uter, Heilpflanzen, Blumen, etc.<br \/>\n(Bei Sch\u00f6nwetter vor dem Forum Stadtpark)<\/p>\n<p><strong>18:00 Film &amp; Gespr\u00e4ch \/ \u00d6sterreichpremiere!<\/strong><br \/>\n<a href=\"http:\/\/crossroads-festival.org\/film\/wenn-ein-garten-waechst\"><strong> Wenn ein Garten w\u00e4chst<\/strong><\/a><br \/>\nDE, 2014, 80min, Deutsche Originalfassung<br \/>\n+ Gespr\u00e4ch mit Michael Flechl (Garden Lab Graz, Forum Urbanes G\u00e4rtnern), Lea K\u00f6der (Attemsgarten, Transition Graz), Su Albrecht &amp; Andreas Exner (Bodenfreikauf)<\/p>\n<p><strong>20:00 Gemeinsames Abendessen<\/strong><\/p>\n<p><strong>21:00 Film &amp; Gespr\u00e4ch \/ Austrian premiere!<\/strong><br \/>\n<a href=\"http:\/\/crossroads-festival.org\/film\/inhabit\"><strong> Inhabit: A Permaculture Perspective<\/strong><\/a><br \/>\nUS, 2015, 92 min, English OV<br \/>\n+ Gespr\u00e4ch mit Sandra und Johnny Peham (PermaVitae)<\/p>\n<p><strong>Im Anschluss und zwischen den Screenings: Filmbeisl im Saloon<\/strong><br \/>\nRaum zum Unterhalten \u00fcber die Filme in gem\u00fctlicher Atmosph\u00e4re (Saloon, 1. Stock)<\/p>\n<hr \/>\n<p><a name=\"so76\"><\/a><strong>Sonntag 7.6. &#8211; Zukunftsf\u00e4hige Landwirtschaft und Ern\u00e4hrungssouver\u00e4nit\u00e4t<\/strong><\/p>\n<p><strong>Ab 11:00 Gartentag<\/strong><br \/>\n<strong> Gemeinsamer Ausflug zu Grazer Gemeinschaftsg\u00e4rten<\/strong><br \/>\nDen Gro\u00dfteil des Tages verbringen wir in der Allmende Leech und im Attemsgarten &#8211; mit Workshops, Erfahrungsaustausch, gemeinsamem Essen, Chillen und Spielen. Am Weg zu den G\u00e4rten bestimen und sammeln wir Wild- und Kulturpflanzen mit Michi Flechl (Austrian Biologist Association). 15:00-18:30 Highlight im Attemsgarten: Permakultur-Planungsworkshop mit Johnny Peham (PermaVitae)<\/p>\n<p>Treffpunkt: Forum Stadtpark. Teilnahme kostenfrei!<strong><strong><strong><strong><br \/>\n<\/strong><\/strong><\/strong><\/strong><\/p>\n<hr \/>\n<p><a name=\"mo86\"><\/a><strong>Montag 8.6.<\/strong> &#8211;<strong>\u00a0Brennpunkte der sozial-\u00f6kologischen Krise<\/strong><\/p>\n<p><strong>16:30 Film<br \/>\n<a href=\"http:\/\/crossroads-festival.org\/de\/film\/ecocide-voices-from-paradise\">Ecocide &#8211; Voices From Paradise<\/a><br \/>\n<\/strong>UK, 2014, 58 min, English OV<\/p>\n<p><strong>18:00 Film &amp; Gespr\u00e4ch \/ \u00d6sterreichpremiere!<\/strong><br \/>\n<a href=\"http:\/\/crossroads-festival.org\/film\/la-buena-vida\"><strong> La buena vida &#8211; Das gute Leben<\/strong><\/a><br \/>\nDE\/CH, 2015, 97 min, OF mit deutschen Untertiteln<br \/>\n+ Gespr\u00e4ch mit Ulrich Brand (Professor f\u00fcr Internationale Politik, Universit\u00e4t Wien)<\/p>\n<p><strong>20:30 Film &amp; Q&amp;A \/ European premiere!<\/strong><br \/>\n<a href=\"http:\/\/crossroads-festival.org\/film\/resistencia\"><strong> Resistencia<\/strong><\/a><br \/>\nHN\/US, 2015, 91 min, OV with English subtitles<br \/>\n+ Q&amp;A with filmmaker Jesse Freeston<\/p>\n<p><strong>Im Anschluss und zwischen den Screenings: Filmbeisl im Saloon<\/strong><br \/>\nRaum zum Unterhalten \u00fcber die Filme in gem\u00fctlicher Atmosph\u00e4re (Saloon, 1. Stock)<\/p>\n<hr \/>\n<p><a name=\"di96\"><\/a><strong>Dienstag 9.6. &#8211; Feminism in Action<\/strong><\/p>\n<p><strong>15:00 Workshop<\/strong><br \/>\n<strong> DIY Feminist Creative Workshop<\/strong><br \/>\nWolltest du auch schon immer ein feministisches Shirt haben oder mit eigenen Logos auf deinen Stofftaschen gl\u00e4nzen? Das ist deine Chance zum Selbermachen, Rumbasteln und Ausprobieren! Kleidung als Ausgangsmaterial bitte mitbringen. Hosts: Referat f\u00fcr feministische Politik \u00d6H Uni Graz, Ort: Saloon, 1. Stock<strong><br \/>\n<\/strong><\/p>\n<p><strong>18:00 Film &amp; Q&amp;A<\/strong><br \/>\n<a href=\"http:\/\/crossroads-festival.org\/film\/vessel\"><strong> Vessel<\/strong><\/a><br \/>\nUS, 2014, 88 min, English OV<br \/>\n+ Q&amp;A with protagonist Rebecca Gomperts<\/p>\n<p><strong>20:30 Film &amp; Gespr\u00e4ch \/ \u00d6sterreichpremiere!<\/strong><br \/>\n<a href=\"http:\/\/crossroads-festival.org\/film\/femen-mit-leib-und-seele\"><strong> Femen &#8211; Mit Leib und Seele<\/strong><\/a><br \/>\nCH, 2014, 95 min, OF mit deutschen Untertiteln<br \/>\n+ Gespr\u00e4ch mit Iris Forstenlechner (Referat f\u00fcr feministische Politik der \u00d6H Uni Graz) und Reni Hofm\u00fcller (esc)<\/p>\n<p><strong>Im Anschluss und zwischen den Screenings: Filmbeisl im Saloon<\/strong><br \/>\nRaum zum Unterhalten \u00fcber die Filme in gem\u00fctlicher Atmosph\u00e4re (Saloon, 1. Stock)<\/p>\n<hr \/>\n<p><a name=\"mi106\"><\/a><strong>Mittwoch 10.6. &#8211; Mensch-Tier-Beziehungen<\/strong><\/p>\n<p><strong>13:00 Workshop<br \/>\nVegan Backen<br \/>\n<\/strong>Elli Schneider wird gemeinsam mit den Teilnehmer*innen eine Schoko-Erdbeerschnitte und eine Mandel-Obsttorte backen. Au\u00dferdem k\u00f6nnen Fragen rund ums vegane Backen und Veganismus gestellt werden.<\/p>\n<p><strong>18:00 Film &amp; Gespr\u00e4ch \/ European premiere!<\/strong><br \/>\n<a href=\"http:\/\/crossroads-festival.org\/film\/dogs-on-the-inside\"><strong> Dogs On the Inside<\/strong><\/a><br \/>\nUS, 2014, 67 min, English OV<br \/>\n+ Gespr\u00e4ch mit mit Anna Oblasser-Mirtl (Animal Training Center) und Susanne Richter (Tierrechtsaktivistin \/ VGT)<\/p>\n<p><strong>20:00 Film &amp; Gespr\u00e4ch \/ European premiere!<\/strong><br \/>\n<a href=\"http:\/\/crossroads-festival.org\/film\/life-according-to-ohad\"><strong> Life According to Ohad<\/strong><\/a><br \/>\nIL, 2014, 80 min, OV with English subtitles<br \/>\n+ Gespr\u00e4ch mit Therese Krutzler (Tierschutzlehrerin) und Jakob Seidl (Tierrechtsaktivist)<\/p>\n<p><strong>Im Anschluss und zwischen den Screenings: Filmbeisl im Saloon<\/strong><br \/>\nRaum zum Unterhalten \u00fcber die Filme in gem\u00fctlicher Atmosph\u00e4re (Saloon, 1. Stock)<\/p>\n<hr \/>\n<p><a name=\"do116\"><\/a><strong>Donnerstag 11.6. &#8211; Festung Europa<\/strong><\/p>\n<p><strong>18:00 Film \/ Austrian premiere!<\/strong><br \/>\n<a href=\"http:\/\/crossroads-festival.org\/film\/shipwreck\"><strong> Shipwreck<\/strong><\/a><br \/>\nNL, 2014, 15 min, OV with English subtitles<\/p>\n<p><strong>18:30 Film &amp; Q&amp;A<\/strong><br \/>\n<a href=\"http:\/\/crossroads-festival.org\/film\/evaporating-borders\"><strong> Evaporating Borders<\/strong><\/a><br \/>\nCY\/US, 2014, 73 min, OV with English subtitles<br \/>\n+ Q&amp;A with filmmaker Iva Radivojevic<\/p>\n<p><strong>21:00 Film \/ \u00d6sterreichpremiere!<\/strong><br \/>\n<a href=\"http:\/\/crossroads-festival.org\/film\/insel-36\"><strong> Insel 36<\/strong><\/a><br \/>\nDE, 2014, 65 min, OF mit deutschen Untertiteln<\/p>\n<p><strong>Im Anschluss und zwischen den Screenings: Filmbeisl im Saloon<\/strong><br \/>\nRaum zum Unterhalten \u00fcber die Filme in gem\u00fctlicher Atmosph\u00e4re (Saloon, 1. Stock)<\/p>\n<hr \/>\n<p><a name=\"fr126\"><\/a><strong>Freitag 12.6. &#8211; Wirtschaftskrise, Gegenstrategien, Alternativen<\/strong><\/p>\n<p><strong>18:00 Film \/ \u00d6sterreichpremiere!<\/strong><br \/>\n<a href=\"http:\/\/crossroads-festival.org\/film\/the-price-we-pay\"><strong> The Price We Pay<\/strong><\/a><br \/>\nCA, 2014, 93min, English OV<\/p>\n<p><strong>19:30 Podiumsdiskussion<\/strong><br \/>\n<a href=\"http:\/\/crossroads-festival.org\/programm\/kapitalismus-retten-vs-alternativen-schaffen\"><strong> Kapitalismus retten vs Alternativen schaffen?<\/strong><\/a><br \/>\nMit Mario Matzer (\u00d6konom, Arbeiterkammer Steiermark) &amp; Leo K\u00fchberger (Historiker und Aktivist)<\/p>\n<p><strong>21:00 Film &amp; Pr\u00e4sentationen &amp; Gespr\u00e4ch<\/strong><br \/>\n<a href=\"http:\/\/crossroads-festival.org\/film\/maker\"><strong> Maker<\/strong><\/a><br \/>\nUS, 2014, 65 min, Englische OF mit deutschen Untertiteln<br \/>\n+ Kurzpr\u00e4sentationen der Makerspaces realraum, OLGA (Open BioLab Graz Austria), spektral und Traumwerk<br \/>\n+ Gespr\u00e4ch mit Stefan Meretz (keimform.de) &#8211; via Videostream<\/p>\n<p><strong>Im Anschluss und zwischen den Screenings: Filmbeisl im Saloon<\/strong><br \/>\nRaum zum Unterhalten \u00fcber die Filme in gem\u00fctlicher Atmosph\u00e4re (Saloon, 1. Stock)<\/p>\n<hr \/>\n<p><a name=\"sa136\"><\/a><strong>Samstag 13.6. &#8211; Abschlusstag<\/strong><\/p>\n<p><strong>11:00 Exkursion<\/strong><br \/>\n<strong> Making for Everybody!<\/strong><br \/>\nDie Makerspaces realraum, OLGA (Open BioLab Graz Austria), spektral und Traumwerk zeigen, was bei ihnen alles machbar ist und wie mensch mitmachen kann.<br \/>\n11:00-13:00 <a href=\"http:\/\/spektral.at\">spektral<\/a> und <a href=\"http:\/\/www.traumwerk.in\">Traumwerk<\/a> (Lendkai 45)<br \/>\n13:30-15:30 <a href=\"http:\/\/realraum.at\">realraum<\/a> und <a href=\"http:\/\/realraum.at\/wiki\/doku.php?id=olga:olga\">OLGA<\/a> (Brockmanngasse 15)<strong><br \/>\n<\/strong><\/p>\n<p><strong>16:00 Potluck-Picknick + Feedbackrunde im Park<\/strong><br \/>\nJede_r bringt ein Gericht mit und alle genie\u00dfen gemeinsam die leckere Vielfalt. Bitte vegan, damit alle mitessen k\u00f6nnen. Im Anschluss sind alle herzlich eingeladen, dem Crossroads-Team Feedback zu geben und Ideen f\u00fcr 2016 auszutauschen.<\/p>\n<p><strong>18:30 <strong>Closing film<\/strong> &amp; Gespr\u00e4ch \/ Austrian premiere!<\/strong><br \/>\n<a href=\"http:\/\/crossroads-festival.org\/film\/killswitch\"><strong> Killswitch<\/strong><\/a><br \/>\nUS, 2014, 72 min, English OV<br \/>\n+ Gespr\u00e4ch mit Erich Moechel (Journalist und Autor) \u00fcber die entscheidende Bedeutung des Internets f\u00fcr unsere Bestrebungen, die Welt zum Positiven zu ver\u00e4ndern<\/p>\n<p><strong>21:00 Closing film \/ Austrian premiere!<\/strong><br \/>\n<a href=\"http:\/\/crossroads-festival.org\/film\/a-dangerous-game\"><strong> A Dangerous Game<\/strong><\/a><br \/>\nUK, 2014, 90 min, English OV<\/p>\n<p><strong>23:00 Abschlusskonzert &amp; Party<\/strong><br \/>\n<a href=\"http:\/\/disko404.org\/events\/aiko-aiko-fontarrian-live\/\"><strong>bigMAMA pres. AIKO AIKO<\/strong><\/a> (Album Release Konzert) + fontarrian + disko404 DJs<br \/>\nVVK: 7 \u20ac, AK: 10 \u20ac. F\u00fcr Crossroads-Besucher*innen gibt es 50 Halbpreisgutscheine! Bitte an der Bar (im Foyer) von 16:00 bis 21:00 uhr abholen.<\/p>\n<p><strong>Zwischen den Screenings: Filmbeisl im Saloon<\/strong><br \/>\nRaum zum Unterhalten \u00fcber die Filme in gem\u00fctlicher Atmosph\u00e4re (Saloon, 1. Stock)<\/p>\n<hr \/>\n<p><div class='printomatic pom-default ' id='id9460'  data-print_target='article'><\/div><\/p>\n<div class=\"shariff shariff-align-flex-start shariff-widget-align-flex-start\"><ul class=\"shariff-buttons theme-default orientation-horizontal buttonsize-medium\"><li class=\"shariff-button facebook shariff-nocustomcolor\" style=\"background-color:#4273c8\"><a href=\"https:\/\/www.facebook.com\/sharer\/sharer.php?u=https%3A%2F%2Fcrossroads-festival.org%2Fde%2Fprogramm%2Fuebersicht2015\" title=\"Share on Facebook\" aria-label=\"Share on Facebook\" role=\"button\" rel=\"nofollow\" class=\"shariff-link\" style=\"; background-color:#3b5998; color:#fff\" target=\"_blank\"><span class=\"shariff-icon\" style=\"\"><svg width=\"32px\" height=\"20px\" xmlns=\"http:\/\/www.w3.org\/2000\/svg\" viewBox=\"0 0 18 32\"><path fill=\"#3b5998\" d=\"M17.1 0.2v4.7h-2.8q-1.5 0-2.1 0.6t-0.5 1.9v3.4h5.2l-0.7 5.3h-4.5v13.6h-5.5v-13.6h-4.5v-5.3h4.5v-3.9q0-3.3 1.9-5.2t5-1.8q2.6 0 4.1 0.2z\"\/><\/svg><\/span><span class=\"shariff-text\">share<\/span>&nbsp;<\/a><\/li><li class=\"shariff-button mailto shariff-nocustomcolor\" style=\"background-color:#a8a8a8\"><a href=\"mailto:?body=https%3A%2F%2Fcrossroads-festival.org%2Fde%2Fprogramm%2Fuebersicht2015&subject=%C3%9Cbersicht%202015\" title=\"Send by email\" aria-label=\"Send by email\" role=\"button\" rel=\"noopener nofollow\" class=\"shariff-link\" style=\"; background-color:#999; color:#fff\"><span class=\"shariff-icon\" style=\"\"><svg width=\"32px\" height=\"20px\" xmlns=\"http:\/\/www.w3.org\/2000\/svg\" viewBox=\"0 0 32 32\"><path fill=\"#999\" d=\"M32 12.7v14.2q0 1.2-0.8 2t-2 0.9h-26.3q-1.2 0-2-0.9t-0.8-2v-14.2q0.8 0.9 1.8 1.6 6.5 4.4 8.9 6.1 1 0.8 1.6 1.2t1.7 0.9 2 0.4h0.1q0.9 0 2-0.4t1.7-0.9 1.6-1.2q3-2.2 8.9-6.1 1-0.7 1.8-1.6zM32 7.4q0 1.4-0.9 2.7t-2.2 2.2q-6.7 4.7-8.4 5.8-0.2 0.1-0.7 0.5t-1 0.7-0.9 0.6-1.1 0.5-0.9 0.2h-0.1q-0.4 0-0.9-0.2t-1.1-0.5-0.9-0.6-1-0.7-0.7-0.5q-1.6-1.1-4.7-3.2t-3.6-2.6q-1.1-0.7-2.1-2t-1-2.5q0-1.4 0.7-2.3t2.1-0.9h26.3q1.2 0 2 0.8t0.9 2z\"\/><\/svg><\/span><span class=\"shariff-text\">email<\/span>&nbsp;<\/a><\/li><\/ul><\/div>","protected":false},"excerpt":{"rendered":"<p>PROGRAMM-\u00dcBERSICHT 2015\u00a0 *Alle Filmvorf\u00fchrungen, Vortr\u00e4ge und Diskussionen finden im Erdgeschoss statt. Der Saloon im ersten Stock steht w\u00e4hrend des gesamten Festivals als offener Raum f\u00fcr Austausch, Vernetzung und zum gemeinsamen T\u00e4tig-Sein zur Verf\u00fcgung.* Mittwoch 3.6. Donnerstag 4.6. Freitag 5.6. Samstag 6.6. Sonntag 7.6. Montag 8.6. Dienstag 9.6. Mittwoch 10.6. Donnerstag 11.6. Freitag 12.6. Samstag 13.6. &hellip; <a href=\"https:\/\/crossroads-festival.org\/de\/programm\/uebersicht2015\" class=\"more-link\"><span class=\"screen-reader-text\">\u00dcbersicht 2015<\/span> weiterlesen <span class=\"meta-nav\">&rarr;<\/span><\/a><\/p>\n","protected":false},"author":1,"featured_media":0,"parent":43,"menu_order":0,"comment_status":"open","ping_status":"open","template":"","meta":{"_acf_changed":false,"spay_email":"","footnotes":""},"class_list":["post-163","page","type-page","status-publish","hentry"],"acf":[],"jetpack_shortlink":"https:\/\/wp.me\/P8yz7o-2D","_links":{"self":[{"href":"https:\/\/crossroads-festival.org\/de\/wp-json\/wp\/v2\/pages\/163"}],"collection":[{"href":"https:\/\/crossroads-festival.org\/de\/wp-json\/wp\/v2\/pages"}],"about":[{"href":"https:\/\/crossroads-festival.org\/de\/wp-json\/wp\/v2\/types\/page"}],"author":[{"embeddable":true,"href":"https:\/\/crossroads-festival.org\/de\/wp-json\/wp\/v2\/users\/1"}],"replies":[{"embeddable":true,"href":"https:\/\/crossroads-festival.org\/de\/wp-json\/wp\/v2\/comments?post=163"}],"version-history":[{"count":113,"href":"https:\/\/crossroads-festival.org\/de\/wp-json\/wp\/v2\/pages\/163\/revisions"}],"predecessor-version":[{"id":499,"href":"https:\/\/crossroads-festival.org\/de\/wp-json\/wp\/v2\/pages\/163\/revisions\/499"}],"up":[{"embeddable":true,"href":"https:\/\/crossroads-festival.org\/de\/wp-json\/wp\/v2\/pages\/43"}],"wp:attachment":[{"href":"https:\/\/crossroads-festival.org\/de\/wp-json\/wp\/v2\/media?parent=163"}],"curies":[{"name":"wp","href":"https:\/\/api.w.org\/{rel}","templated":true}]}}