{"id":1598,"date":"2018-10-24T15:59:46","date_gmt":"2018-10-24T15:59:46","guid":{"rendered":"https:\/\/crossroads-festival.org\/de\/?page_id=1598"},"modified":"2018-11-05T15:01:27","modified_gmt":"2018-11-05T15:01:27","slug":"demokratie-ueben","status":"publish","type":"page","link":"https:\/\/crossroads-festival.org\/de\/demokratie-ueben","title":{"rendered":"Demokratie \u00fcben"},"content":{"rendered":"<p><strong><img decoding=\"async\" src=\"https:\/\/crossroads-festival.org\/wp-content\/uploads\/abstimmung.jpg\" \/><\/strong><\/p>\n<p><strong>Demokratie \u00fcben<\/strong><\/p>\n<p><strong>Sonntag 11.11. \/ 15:30-17:30 \/ Forum Stadtpark (1.Stock) \/ Moderation: Christian Kozina (Aktiv-Demokratie)<\/strong><\/p>\n<p>Wir spielen B\u00fcrger*innen-Konvent und suchen L\u00f6sungen f\u00fcr die Probleme der Stadt!<\/p>\n<p>Es gibt Themen, die den Menschen in Graz wichtig sind, es aber trotzdem nicht auf die politische Agenda schaffen. Mit dem Konvent-Format soll sich das \u00e4ndern: \u00dcber <a href=\"http:\/\/www.konvente.at\/graz\" target=\"_blank\" rel=\"noopener\">www.konvente.at\/graz<\/a> wird gerade der erste Grazer B\u00fcrger*innen-Konvent abgehalten. Alle, die dort nicht mitmachen, das Format aber kennenlernen wollen, sind zum &#8222;Demokratie \u00fcben&#8220; beim Crossroads Festival eingeladen:<\/p>\n<p>1. Bringt eure Vorschl\u00e4ge f\u00fcr Themen ein.<br \/>\n2. Wir suchen gemeinsam die spannendesten Themen heraus.<br \/>\n3. Wir sammeln gemeinsam L\u00f6sungsideen f\u00fcr diese Themen.<br \/>\n4. Wir bewerten diese L\u00f6sungsideen mit dem Systemischen Konsensieren.<br \/>\n5. Die L\u00f6sungsideen mit dem geringsten Widerstand sollen umgesetzt werden.<\/p>\n<p>Einfach hinkommen und ausprobieren!<\/p>\n<p>Kontakt: christian.kozina@aktiv-demokratie.at &#8211; <a href=\"https:\/\/aktiv-demokratie.at\" target=\"_blank\" rel=\"noopener\">https:\/\/aktiv-demokratie.at<\/a><\/p>\n<div class=\"shariff shariff-align-flex-start shariff-widget-align-flex-start\"><ul class=\"shariff-buttons theme-default orientation-horizontal buttonsize-medium\"><li class=\"shariff-button facebook shariff-nocustomcolor\" style=\"background-color:#4273c8\"><a href=\"https:\/\/www.facebook.com\/sharer\/sharer.php?u=https%3A%2F%2Fcrossroads-festival.org%2Fde%2Fdemokratie-ueben\" title=\"Share on Facebook\" aria-label=\"Share on Facebook\" role=\"button\" rel=\"nofollow\" class=\"shariff-link\" style=\"; background-color:#3b5998; color:#fff\" target=\"_blank\"><span class=\"shariff-icon\" style=\"\"><svg width=\"32px\" height=\"20px\" xmlns=\"http:\/\/www.w3.org\/2000\/svg\" viewBox=\"0 0 18 32\"><path fill=\"#3b5998\" d=\"M17.1 0.2v4.7h-2.8q-1.5 0-2.1 0.6t-0.5 1.9v3.4h5.2l-0.7 5.3h-4.5v13.6h-5.5v-13.6h-4.5v-5.3h4.5v-3.9q0-3.3 1.9-5.2t5-1.8q2.6 0 4.1 0.2z\"\/><\/svg><\/span><span class=\"shariff-text\">share<\/span>&nbsp;<\/a><\/li><li class=\"shariff-button mailto shariff-nocustomcolor\" style=\"background-color:#a8a8a8\"><a href=\"mailto:?body=https%3A%2F%2Fcrossroads-festival.org%2Fde%2Fdemokratie-ueben&subject=Demokratie%20%C3%BCben\" title=\"Send by email\" aria-label=\"Send by email\" role=\"button\" rel=\"noopener nofollow\" class=\"shariff-link\" style=\"; background-color:#999; color:#fff\"><span class=\"shariff-icon\" style=\"\"><svg width=\"32px\" height=\"20px\" xmlns=\"http:\/\/www.w3.org\/2000\/svg\" viewBox=\"0 0 32 32\"><path fill=\"#999\" d=\"M32 12.7v14.2q0 1.2-0.8 2t-2 0.9h-26.3q-1.2 0-2-0.9t-0.8-2v-14.2q0.8 0.9 1.8 1.6 6.5 4.4 8.9 6.1 1 0.8 1.6 1.2t1.7 0.9 2 0.4h0.1q0.9 0 2-0.4t1.7-0.9 1.6-1.2q3-2.2 8.9-6.1 1-0.7 1.8-1.6zM32 7.4q0 1.4-0.9 2.7t-2.2 2.2q-6.7 4.7-8.4 5.8-0.2 0.1-0.7 0.5t-1 0.7-0.9 0.6-1.1 0.5-0.9 0.2h-0.1q-0.4 0-0.9-0.2t-1.1-0.5-0.9-0.6-1-0.7-0.7-0.5q-1.6-1.1-4.7-3.2t-3.6-2.6q-1.1-0.7-2.1-2t-1-2.5q0-1.4 0.7-2.3t2.1-0.9h26.3q1.2 0 2 0.8t0.9 2z\"\/><\/svg><\/span><span class=\"shariff-text\">email<\/span>&nbsp;<\/a><\/li><\/ul><\/div>","protected":false},"excerpt":{"rendered":"<p>Demokratie \u00fcben Sonntag 11.11. \/ 15:30-17:30 \/ Forum Stadtpark (1.Stock) \/ Moderation: Christian Kozina (Aktiv-Demokratie) Wir spielen B\u00fcrger*innen-Konvent und suchen L\u00f6sungen f\u00fcr die Probleme der Stadt! Es gibt Themen, die den Menschen in Graz wichtig sind, es aber trotzdem nicht auf die politische Agenda schaffen. Mit dem Konvent-Format soll sich das \u00e4ndern: \u00dcber www.konvente.at\/graz wird &hellip; <a href=\"https:\/\/crossroads-festival.org\/de\/demokratie-ueben\" class=\"more-link\"><span class=\"screen-reader-text\">Demokratie \u00fcben<\/span> weiterlesen <span class=\"meta-nav\">&rarr;<\/span><\/a><\/p>\n","protected":false},"author":1,"featured_media":0,"parent":0,"menu_order":0,"comment_status":"closed","ping_status":"closed","template":"","meta":{"_acf_changed":false,"spay_email":"","footnotes":""},"class_list":["post-1598","page","type-page","status-publish","hentry"],"acf":[],"jetpack_shortlink":"https:\/\/wp.me\/P8yz7o-pM","_links":{"self":[{"href":"https:\/\/crossroads-festival.org\/de\/wp-json\/wp\/v2\/pages\/1598"}],"collection":[{"href":"https:\/\/crossroads-festival.org\/de\/wp-json\/wp\/v2\/pages"}],"about":[{"href":"https:\/\/crossroads-festival.org\/de\/wp-json\/wp\/v2\/types\/page"}],"author":[{"embeddable":true,"href":"https:\/\/crossroads-festival.org\/de\/wp-json\/wp\/v2\/users\/1"}],"replies":[{"embeddable":true,"href":"https:\/\/crossroads-festival.org\/de\/wp-json\/wp\/v2\/comments?post=1598"}],"version-history":[{"count":8,"href":"https:\/\/crossroads-festival.org\/de\/wp-json\/wp\/v2\/pages\/1598\/revisions"}],"predecessor-version":[{"id":1632,"href":"https:\/\/crossroads-festival.org\/de\/wp-json\/wp\/v2\/pages\/1598\/revisions\/1632"}],"wp:attachment":[{"href":"https:\/\/crossroads-festival.org\/de\/wp-json\/wp\/v2\/media?parent=1598"}],"curies":[{"name":"wp","href":"https:\/\/api.w.org\/{rel}","templated":true}]}}