{"id":1568,"date":"2018-10-07T18:25:53","date_gmt":"2018-10-07T18:25:53","guid":{"rendered":"https:\/\/crossroads-festival.org\/de\/?page_id=1568"},"modified":"2018-10-09T14:17:18","modified_gmt":"2018-10-09T14:17:18","slug":"radio-selber-machen","status":"publish","type":"page","link":"https:\/\/crossroads-festival.org\/de\/radio-selber-machen","title":{"rendered":"Radio selber machen"},"content":{"rendered":"<p><img decoding=\"async\" src=\"https:\/\/crossroads-festival.org\/wp-content\/uploads\/Helsinki_web.jpeg\" \/><\/p>\n<p><strong>Freie Meinung &#8211; Freie Medien. Radio selber machen! Ein Workshop von Radio Helsinki<\/strong><\/p>\n<p><strong>Samstag 10.11. ab 14:00 im Forum Stadtpark \/ Sonntag 11.11. ab 10:00 im Radio Helsinki<\/strong><\/p>\n<p>M\u00f6chtest Du Dich intensiver mit \u201eumk\u00e4mpfter Demokratie\u201c befassen? Findest Du auch, dass Medien einen wesentlichen Beitrag zur Demokratie leisten? Willst Du selbst aktiv werden und im freien Radio Stimmen und Themen h\u00f6rbar machen, die im medialen Mainstream untergehen? Dann mach mit beim Workshop von Radio Helsinki. Sprich mit Expert*innen, Teilnehmer*innen und Organisator*innen des Crossroads Festivals. Gemeinsam mit erfahrenen Radiomacher*innen lernst Du Interviews zu f\u00fchren und zu schneiden, Aufnahmetechnik und \u201eSchreiben f\u00fcrs H\u00f6ren\u201c. Zum Abschluss senden wir live aus dem Radio Helsinki-Studio.<\/p>\n<p>Beim Radioworkshop lernst Du auch die VON UNTEN-Redaktion kennen. VON UNTEN ist ein kritisches, unabh\u00e4ngiges Nachrichtenmagazin auf Radio Helsinki mit Schwerpunkt auf regionalen Themen. Mit VON UNTEN wollen wir vor allem widerst\u00e4ndigen, und unterrepr\u00e4sentierten Stimmen Geh\u00f6r verschaffen und eine Alternative zu etablierten Nachrichtensendungen anbieten. VON UNTEN besch\u00e4ftigt sich besonders mit politischen Themen. Auch kulturelle Themen haben Platz. Im Raum Graz sind wir auf 92,6 MHz oder via Livestream weltweit zu h\u00f6ren.<\/p>\n<p><strong>Teil 1: Samstag, 10.11. &#8211; Forum Stadtpark, Stadtpark 1<br \/>\n<\/strong>14-17 Uhr: Einf\u00fchrung und Kennenlernen: Freies Radio, Interviewf\u00fchrung, Aufnahmetechnik<br \/>\n17-18 Uhr: Interviews f\u00fchren mit Publikum, Workshopleiter*innen, Organisator*innen<\/p>\n<p><strong>Teil 2: Sonntag, 11.11. &#8211; Radio Helsinki, Sch\u00f6naugasse 8<\/strong><br \/>\n10-13 Uhr: Bearbeiten der Interviews. Digitalschnitt mit Audacity<br \/>\n13-14 Uhr: PAUSE<br \/>\n14-16 Uhr: Sendungsgestaltung<br \/>\n16-17 Uhr: Livesendung<\/p>\n<p>Anmeldung und weitere Infos: office@helsinki.at oder 0316 830 880<\/p>\n<p>https:\/\/helsinki.at<\/p>\n<div class=\"shariff shariff-align-flex-start shariff-widget-align-flex-start\"><ul class=\"shariff-buttons theme-default orientation-horizontal buttonsize-medium\"><li class=\"shariff-button facebook shariff-nocustomcolor\" style=\"background-color:#4273c8\"><a href=\"https:\/\/www.facebook.com\/sharer\/sharer.php?u=https%3A%2F%2Fcrossroads-festival.org%2Fde%2Fradio-selber-machen\" title=\"Share on Facebook\" aria-label=\"Share on Facebook\" role=\"button\" rel=\"nofollow\" class=\"shariff-link\" style=\"; background-color:#3b5998; color:#fff\" target=\"_blank\"><span class=\"shariff-icon\" style=\"\"><svg width=\"32px\" height=\"20px\" xmlns=\"http:\/\/www.w3.org\/2000\/svg\" viewBox=\"0 0 18 32\"><path fill=\"#3b5998\" d=\"M17.1 0.2v4.7h-2.8q-1.5 0-2.1 0.6t-0.5 1.9v3.4h5.2l-0.7 5.3h-4.5v13.6h-5.5v-13.6h-4.5v-5.3h4.5v-3.9q0-3.3 1.9-5.2t5-1.8q2.6 0 4.1 0.2z\"\/><\/svg><\/span><span class=\"shariff-text\">share<\/span>&nbsp;<\/a><\/li><li class=\"shariff-button mailto shariff-nocustomcolor\" style=\"background-color:#a8a8a8\"><a href=\"mailto:?body=https%3A%2F%2Fcrossroads-festival.org%2Fde%2Fradio-selber-machen&subject=Radio%20selber%20machen\" title=\"Send by email\" aria-label=\"Send by email\" role=\"button\" rel=\"noopener nofollow\" class=\"shariff-link\" style=\"; background-color:#999; color:#fff\"><span class=\"shariff-icon\" style=\"\"><svg width=\"32px\" height=\"20px\" xmlns=\"http:\/\/www.w3.org\/2000\/svg\" viewBox=\"0 0 32 32\"><path fill=\"#999\" d=\"M32 12.7v14.2q0 1.2-0.8 2t-2 0.9h-26.3q-1.2 0-2-0.9t-0.8-2v-14.2q0.8 0.9 1.8 1.6 6.5 4.4 8.9 6.1 1 0.8 1.6 1.2t1.7 0.9 2 0.4h0.1q0.9 0 2-0.4t1.7-0.9 1.6-1.2q3-2.2 8.9-6.1 1-0.7 1.8-1.6zM32 7.4q0 1.4-0.9 2.7t-2.2 2.2q-6.7 4.7-8.4 5.8-0.2 0.1-0.7 0.5t-1 0.7-0.9 0.6-1.1 0.5-0.9 0.2h-0.1q-0.4 0-0.9-0.2t-1.1-0.5-0.9-0.6-1-0.7-0.7-0.5q-1.6-1.1-4.7-3.2t-3.6-2.6q-1.1-0.7-2.1-2t-1-2.5q0-1.4 0.7-2.3t2.1-0.9h26.3q1.2 0 2 0.8t0.9 2z\"\/><\/svg><\/span><span class=\"shariff-text\">email<\/span>&nbsp;<\/a><\/li><\/ul><\/div>","protected":false},"excerpt":{"rendered":"<p>Freie Meinung &#8211; Freie Medien. Radio selber machen! Ein Workshop von Radio Helsinki Samstag 10.11. ab 14:00 im Forum Stadtpark \/ Sonntag 11.11. ab 10:00 im Radio Helsinki M\u00f6chtest Du Dich intensiver mit \u201eumk\u00e4mpfter Demokratie\u201c befassen? Findest Du auch, dass Medien einen wesentlichen Beitrag zur Demokratie leisten? Willst Du selbst aktiv werden und im freien &hellip; <a href=\"https:\/\/crossroads-festival.org\/de\/radio-selber-machen\" class=\"more-link\"><span class=\"screen-reader-text\">Radio selber machen<\/span> weiterlesen <span class=\"meta-nav\">&rarr;<\/span><\/a><\/p>\n","protected":false},"author":1,"featured_media":0,"parent":0,"menu_order":0,"comment_status":"closed","ping_status":"closed","template":"","meta":{"_acf_changed":false,"spay_email":"","footnotes":""},"class_list":["post-1568","page","type-page","status-publish","hentry"],"acf":[],"jetpack_shortlink":"https:\/\/wp.me\/P8yz7o-pi","_links":{"self":[{"href":"https:\/\/crossroads-festival.org\/de\/wp-json\/wp\/v2\/pages\/1568"}],"collection":[{"href":"https:\/\/crossroads-festival.org\/de\/wp-json\/wp\/v2\/pages"}],"about":[{"href":"https:\/\/crossroads-festival.org\/de\/wp-json\/wp\/v2\/types\/page"}],"author":[{"embeddable":true,"href":"https:\/\/crossroads-festival.org\/de\/wp-json\/wp\/v2\/users\/1"}],"replies":[{"embeddable":true,"href":"https:\/\/crossroads-festival.org\/de\/wp-json\/wp\/v2\/comments?post=1568"}],"version-history":[{"count":2,"href":"https:\/\/crossroads-festival.org\/de\/wp-json\/wp\/v2\/pages\/1568\/revisions"}],"predecessor-version":[{"id":1580,"href":"https:\/\/crossroads-festival.org\/de\/wp-json\/wp\/v2\/pages\/1568\/revisions\/1580"}],"wp:attachment":[{"href":"https:\/\/crossroads-festival.org\/de\/wp-json\/wp\/v2\/media?parent=1568"}],"curies":[{"name":"wp","href":"https:\/\/api.w.org\/{rel}","templated":true}]}}