{"id":1541,"date":"2018-10-02T13:53:41","date_gmt":"2018-10-02T13:53:41","guid":{"rendered":"https:\/\/crossroads-festival.org\/de\/?page_id=1541"},"modified":"2018-10-07T19:02:00","modified_gmt":"2018-10-07T19:02:00","slug":"empowerment-workshop","status":"publish","type":"page","link":"https:\/\/crossroads-festival.org\/de\/empowerment-workshop","title":{"rendered":"Empowerment-Workshop"},"content":{"rendered":"<p><img decoding=\"async\" src=\"https:\/\/crossroads-festival.org\/wp-content\/uploads\/queerref_ws_web.jpg\" \/><\/p>\n<p><strong>Empowerment-Workshop<\/strong><\/p>\n<p><strong>Freitag 09.11. \/ 15:00-18:00 \/ Forum Stadtpark (1. Stock) \/ Hosted by: queer Referate der \u00d6H Uni Graz, HTU Graz und Med \u00d6H Graz<\/strong><\/p>\n<p>Formuliere deine Forderungen, spitze sie pr\u00e4gnant zu und bring sie schlussendlich zu Papier.<\/p>\n<p>Entwickle mit uns deine Forderungen an Gesellschaft und Politik f\u00fcr den Alltag und\/oder f\u00fcr die n\u00e4chste Demonstration (Weltfrauentag 08. M\u00e4rz 2019; 6. Grazer CSD-Parade 22. Juni 2019)!<\/p>\n<p>Wo siehst du Ungerechtigkeiten und Handlungsbedarf? Teile deine Sichtweise mit, um mit uns gemeinsam die Welt offener und gerechter zu gestalten.<\/p>\n<p>Wir stellen Material und Inspiration zur Verf\u00fcgung und freuen uns auf starke Ansagen!<\/p>\n<p>Deine queer Referate Graz<\/p>\n<div class=\"shariff shariff-align-flex-start shariff-widget-align-flex-start\"><ul class=\"shariff-buttons theme-default orientation-horizontal buttonsize-medium\"><li class=\"shariff-button facebook shariff-nocustomcolor\" style=\"background-color:#4273c8\"><a href=\"https:\/\/www.facebook.com\/sharer\/sharer.php?u=https%3A%2F%2Fcrossroads-festival.org%2Fde%2Fempowerment-workshop\" title=\"Share on Facebook\" aria-label=\"Share on Facebook\" role=\"button\" rel=\"nofollow\" class=\"shariff-link\" style=\"; background-color:#3b5998; color:#fff\" target=\"_blank\"><span class=\"shariff-icon\" style=\"\"><svg width=\"32px\" height=\"20px\" xmlns=\"http:\/\/www.w3.org\/2000\/svg\" viewBox=\"0 0 18 32\"><path fill=\"#3b5998\" d=\"M17.1 0.2v4.7h-2.8q-1.5 0-2.1 0.6t-0.5 1.9v3.4h5.2l-0.7 5.3h-4.5v13.6h-5.5v-13.6h-4.5v-5.3h4.5v-3.9q0-3.3 1.9-5.2t5-1.8q2.6 0 4.1 0.2z\"\/><\/svg><\/span><span class=\"shariff-text\">share<\/span>&nbsp;<\/a><\/li><li class=\"shariff-button mailto shariff-nocustomcolor\" style=\"background-color:#a8a8a8\"><a href=\"mailto:?body=https%3A%2F%2Fcrossroads-festival.org%2Fde%2Fempowerment-workshop&subject=Empowerment-Workshop\" title=\"Send by email\" aria-label=\"Send by email\" role=\"button\" rel=\"noopener nofollow\" class=\"shariff-link\" style=\"; background-color:#999; color:#fff\"><span class=\"shariff-icon\" style=\"\"><svg width=\"32px\" height=\"20px\" xmlns=\"http:\/\/www.w3.org\/2000\/svg\" viewBox=\"0 0 32 32\"><path fill=\"#999\" d=\"M32 12.7v14.2q0 1.2-0.8 2t-2 0.9h-26.3q-1.2 0-2-0.9t-0.8-2v-14.2q0.8 0.9 1.8 1.6 6.5 4.4 8.9 6.1 1 0.8 1.6 1.2t1.7 0.9 2 0.4h0.1q0.9 0 2-0.4t1.7-0.9 1.6-1.2q3-2.2 8.9-6.1 1-0.7 1.8-1.6zM32 7.4q0 1.4-0.9 2.7t-2.2 2.2q-6.7 4.7-8.4 5.8-0.2 0.1-0.7 0.5t-1 0.7-0.9 0.6-1.1 0.5-0.9 0.2h-0.1q-0.4 0-0.9-0.2t-1.1-0.5-0.9-0.6-1-0.7-0.7-0.5q-1.6-1.1-4.7-3.2t-3.6-2.6q-1.1-0.7-2.1-2t-1-2.5q0-1.4 0.7-2.3t2.1-0.9h26.3q1.2 0 2 0.8t0.9 2z\"\/><\/svg><\/span><span class=\"shariff-text\">email<\/span>&nbsp;<\/a><\/li><\/ul><\/div>","protected":false},"excerpt":{"rendered":"<p>Empowerment-Workshop Freitag 09.11. \/ 15:00-18:00 \/ Forum Stadtpark (1. Stock) \/ Hosted by: queer Referate der \u00d6H Uni Graz, HTU Graz und Med \u00d6H Graz Formuliere deine Forderungen, spitze sie pr\u00e4gnant zu und bring sie schlussendlich zu Papier. Entwickle mit uns deine Forderungen an Gesellschaft und Politik f\u00fcr den Alltag und\/oder f\u00fcr die n\u00e4chste Demonstration &hellip; <a href=\"https:\/\/crossroads-festival.org\/de\/empowerment-workshop\" class=\"more-link\"><span class=\"screen-reader-text\">Empowerment-Workshop<\/span> weiterlesen <span class=\"meta-nav\">&rarr;<\/span><\/a><\/p>\n","protected":false},"author":1,"featured_media":0,"parent":0,"menu_order":0,"comment_status":"closed","ping_status":"closed","template":"","meta":{"_acf_changed":false,"spay_email":"","footnotes":""},"class_list":["post-1541","page","type-page","status-publish","hentry"],"acf":[],"jetpack_shortlink":"https:\/\/wp.me\/P8yz7o-oR","_links":{"self":[{"href":"https:\/\/crossroads-festival.org\/de\/wp-json\/wp\/v2\/pages\/1541"}],"collection":[{"href":"https:\/\/crossroads-festival.org\/de\/wp-json\/wp\/v2\/pages"}],"about":[{"href":"https:\/\/crossroads-festival.org\/de\/wp-json\/wp\/v2\/types\/page"}],"author":[{"embeddable":true,"href":"https:\/\/crossroads-festival.org\/de\/wp-json\/wp\/v2\/users\/1"}],"replies":[{"embeddable":true,"href":"https:\/\/crossroads-festival.org\/de\/wp-json\/wp\/v2\/comments?post=1541"}],"version-history":[{"count":3,"href":"https:\/\/crossroads-festival.org\/de\/wp-json\/wp\/v2\/pages\/1541\/revisions"}],"predecessor-version":[{"id":1578,"href":"https:\/\/crossroads-festival.org\/de\/wp-json\/wp\/v2\/pages\/1541\/revisions\/1578"}],"wp:attachment":[{"href":"https:\/\/crossroads-festival.org\/de\/wp-json\/wp\/v2\/media?parent=1541"}],"curies":[{"name":"wp","href":"https:\/\/api.w.org\/{rel}","templated":true}]}}