{"id":1520,"date":"2018-09-25T13:37:41","date_gmt":"2018-09-25T13:37:41","guid":{"rendered":"https:\/\/crossroads-festival.org\/de\/?page_id=1520"},"modified":"2018-10-15T19:14:44","modified_gmt":"2018-10-15T19:14:44","slug":"miteinander-im-forum","status":"publish","type":"page","link":"https:\/\/crossroads-festival.org\/de\/miteinander-im-forum","title":{"rendered":"Miteinander im Forum"},"content":{"rendered":"<p><img loading=\"lazy\" decoding=\"async\" class=\"alignnone size-full wp-image-1586\" src=\"https:\/\/crossroads-festival.org\/wp-content\/uploads\/forumimforum.jpg\" alt=\"\" width=\"654\" height=\"368\" srcset=\"https:\/\/crossroads-festival.org\/wp-content\/uploads\/forumimforum.jpg 654w, https:\/\/crossroads-festival.org\/wp-content\/uploads\/forumimforum-300x169.jpg 300w\" sizes=\"(max-width: 654px) 100vw, 654px\" \/><\/p>\n<p><strong>Miteinander im Forum<\/strong><\/p>\n<p><strong>Donnerstag 01.11. \/ 17:00-19:00 \/ Forum Stadtpark (1. Stock) \/ Hosted by: Gib mir deine Hand<\/strong><\/p>\n<p>Miteinander im Forum l\u00e4dt Euch herzlich ein, im FORUM STADTPARK gem\u00fctliche, gemeinsame Stunden zu verbringen, miteinander ins Gespr\u00e4ch zu kommen, einander besser kennen zu lernen.&nbsp;<\/p>\n<p>Wir freuen uns auf einen gem\u00fctlichen Nachmittag mit Besucher*innen aus Nah und Fern, die hier in Graz an lebendiger Gemeinschaft Interesse haben.<br \/>\n_<\/p>\n<p>Der Verein Gib mir deine Hand steht f\u00fcr unb\u00fcrokratische, menschliche und emotionale Hilfe f\u00fcr Fl\u00fcchtlinge.<\/p>\n<div class=\"shariff shariff-align-flex-start shariff-widget-align-flex-start\"><ul class=\"shariff-buttons theme-default orientation-horizontal buttonsize-medium\"><li class=\"shariff-button facebook shariff-nocustomcolor\" style=\"background-color:#4273c8\"><a href=\"https:\/\/www.facebook.com\/sharer\/sharer.php?u=https%3A%2F%2Fcrossroads-festival.org%2Fde%2Fmiteinander-im-forum\" title=\"Share on Facebook\" aria-label=\"Share on Facebook\" role=\"button\" rel=\"nofollow\" class=\"shariff-link\" style=\"; background-color:#3b5998; color:#fff\" target=\"_blank\"><span class=\"shariff-icon\" style=\"\"><svg width=\"32px\" height=\"20px\" xmlns=\"http:\/\/www.w3.org\/2000\/svg\" viewBox=\"0 0 18 32\"><path fill=\"#3b5998\" d=\"M17.1 0.2v4.7h-2.8q-1.5 0-2.1 0.6t-0.5 1.9v3.4h5.2l-0.7 5.3h-4.5v13.6h-5.5v-13.6h-4.5v-5.3h4.5v-3.9q0-3.3 1.9-5.2t5-1.8q2.6 0 4.1 0.2z\"\/><\/svg><\/span><span class=\"shariff-text\">share<\/span>&nbsp;<\/a><\/li><li class=\"shariff-button mailto shariff-nocustomcolor\" style=\"background-color:#a8a8a8\"><a href=\"mailto:?body=https%3A%2F%2Fcrossroads-festival.org%2Fde%2Fmiteinander-im-forum&subject=Miteinander%20im%20Forum\" title=\"Send by email\" aria-label=\"Send by email\" role=\"button\" rel=\"noopener nofollow\" class=\"shariff-link\" style=\"; background-color:#999; color:#fff\"><span class=\"shariff-icon\" style=\"\"><svg width=\"32px\" height=\"20px\" xmlns=\"http:\/\/www.w3.org\/2000\/svg\" viewBox=\"0 0 32 32\"><path fill=\"#999\" d=\"M32 12.7v14.2q0 1.2-0.8 2t-2 0.9h-26.3q-1.2 0-2-0.9t-0.8-2v-14.2q0.8 0.9 1.8 1.6 6.5 4.4 8.9 6.1 1 0.8 1.6 1.2t1.7 0.9 2 0.4h0.1q0.9 0 2-0.4t1.7-0.9 1.6-1.2q3-2.2 8.9-6.1 1-0.7 1.8-1.6zM32 7.4q0 1.4-0.9 2.7t-2.2 2.2q-6.7 4.7-8.4 5.8-0.2 0.1-0.7 0.5t-1 0.7-0.9 0.6-1.1 0.5-0.9 0.2h-0.1q-0.4 0-0.9-0.2t-1.1-0.5-0.9-0.6-1-0.7-0.7-0.5q-1.6-1.1-4.7-3.2t-3.6-2.6q-1.1-0.7-2.1-2t-1-2.5q0-1.4 0.7-2.3t2.1-0.9h26.3q1.2 0 2 0.8t0.9 2z\"\/><\/svg><\/span><span class=\"shariff-text\">email<\/span>&nbsp;<\/a><\/li><\/ul><\/div>","protected":false},"excerpt":{"rendered":"<p>Miteinander im Forum Donnerstag 01.11. \/ 17:00-19:00 \/ Forum Stadtpark (1. Stock) \/ Hosted by: Gib mir deine Hand Miteinander im Forum l\u00e4dt Euch herzlich ein, im FORUM STADTPARK gem\u00fctliche, gemeinsame Stunden zu verbringen, miteinander ins Gespr\u00e4ch zu kommen, einander besser kennen zu lernen.&nbsp; Wir freuen uns auf einen gem\u00fctlichen Nachmittag mit Besucher*innen aus Nah &hellip; <a href=\"https:\/\/crossroads-festival.org\/de\/miteinander-im-forum\" class=\"more-link\"><span class=\"screen-reader-text\">Miteinander im Forum<\/span> weiterlesen <span class=\"meta-nav\">&rarr;<\/span><\/a><\/p>\n","protected":false},"author":1,"featured_media":0,"parent":0,"menu_order":0,"comment_status":"closed","ping_status":"closed","template":"","meta":{"_acf_changed":false,"spay_email":"","footnotes":""},"class_list":["post-1520","page","type-page","status-publish","hentry"],"acf":[],"jetpack_shortlink":"https:\/\/wp.me\/P8yz7o-ow","_links":{"self":[{"href":"https:\/\/crossroads-festival.org\/de\/wp-json\/wp\/v2\/pages\/1520"}],"collection":[{"href":"https:\/\/crossroads-festival.org\/de\/wp-json\/wp\/v2\/pages"}],"about":[{"href":"https:\/\/crossroads-festival.org\/de\/wp-json\/wp\/v2\/types\/page"}],"author":[{"embeddable":true,"href":"https:\/\/crossroads-festival.org\/de\/wp-json\/wp\/v2\/users\/1"}],"replies":[{"embeddable":true,"href":"https:\/\/crossroads-festival.org\/de\/wp-json\/wp\/v2\/comments?post=1520"}],"version-history":[{"count":7,"href":"https:\/\/crossroads-festival.org\/de\/wp-json\/wp\/v2\/pages\/1520\/revisions"}],"predecessor-version":[{"id":1587,"href":"https:\/\/crossroads-festival.org\/de\/wp-json\/wp\/v2\/pages\/1520\/revisions\/1587"}],"wp:attachment":[{"href":"https:\/\/crossroads-festival.org\/de\/wp-json\/wp\/v2\/media?parent=1520"}],"curies":[{"name":"wp","href":"https:\/\/api.w.org\/{rel}","templated":true}]}}