{"id":1511,"date":"2018-09-24T15:28:19","date_gmt":"2018-09-24T15:28:19","guid":{"rendered":"https:\/\/crossroads-festival.org\/de\/?page_id=1511"},"modified":"2018-10-02T14:07:08","modified_gmt":"2018-10-02T14:07:08","slug":"future-games-for-democracy","status":"publish","type":"page","link":"https:\/\/crossroads-festival.org\/de\/future-games-for-democracy","title":{"rendered":"Future Games for Democracy"},"content":{"rendered":"<p><img decoding=\"async\" src=\"https:\/\/crossroads-festival.org\/wp-content\/uploads\/Interact_2018_web.jpg\" \/><\/p>\n<p><strong>Future Games for Democracy &#8211; Theaterlabor zu aktuellen Herausforderungen<\/strong><\/p>\n<p><strong>Samstag 10.11. \/ 14:00-17:00 \/ Forum Stadtpark \/ Leitung: Silvia Gangl &amp; Martin Vieregg (InterACT)<\/strong><\/p>\n<p>Das Momentum scheint ung\u00fcnstig: Banken und Konzerne werden immer m\u00e4chtiger und auch in \u00d6sterreich setzen sich autorit\u00e4re und wirtschaftsliberale Programme durch. Gleichzeitig gedeihen vieler Orts alternative Lebens- und Wirtschaftsweisen, Selbstvertretungsorganisationen und alternative Netzwerke organisieren sich, neue demokratische Praxen werden erprobt und stellen den Anspruch nach st\u00e4rkerer Partizipation der Menschen.<\/p>\n<p>In diesem Theaterlabor schauen wir auf unser Lebensumfeld. Welche Rolle spielen demokratische \u00dcberlegungen in unserem Alltag? Was passiert in Stadt und Land? Welche Erfahrungen gibt es unter den Teilnehmer*innen, sich zu engagieren und zu organisieren? Welche Erfolge aber auch Widerst\u00e4nde und H\u00fcrden stellen sich dabei in den Weg? Mit diesen Fragen werden wir uns mit Werkzeugen des partizipativen Theaters spielerisch auseinandersetzen. Sie beziehen den K\u00f6rper, die Sinne und die Emotionen mit ein und schaffen einen Experimentierraum f\u00fcr neue Perspektiven und Handlungsr\u00e4ume.<\/p>\n<p>Everybody welcome. Bitte bequeme Kleidung tragen.<\/p>\n<div class=\"shariff shariff-align-flex-start shariff-widget-align-flex-start\"><ul class=\"shariff-buttons theme-default orientation-horizontal buttonsize-medium\"><li class=\"shariff-button facebook shariff-nocustomcolor\" style=\"background-color:#4273c8\"><a href=\"https:\/\/www.facebook.com\/sharer\/sharer.php?u=https%3A%2F%2Fcrossroads-festival.org%2Fde%2Ffuture-games-for-democracy\" title=\"Share on Facebook\" aria-label=\"Share on Facebook\" role=\"button\" rel=\"nofollow\" class=\"shariff-link\" style=\"; background-color:#3b5998; color:#fff\" target=\"_blank\"><span class=\"shariff-icon\" style=\"\"><svg width=\"32px\" height=\"20px\" xmlns=\"http:\/\/www.w3.org\/2000\/svg\" viewBox=\"0 0 18 32\"><path fill=\"#3b5998\" d=\"M17.1 0.2v4.7h-2.8q-1.5 0-2.1 0.6t-0.5 1.9v3.4h5.2l-0.7 5.3h-4.5v13.6h-5.5v-13.6h-4.5v-5.3h4.5v-3.9q0-3.3 1.9-5.2t5-1.8q2.6 0 4.1 0.2z\"\/><\/svg><\/span><span class=\"shariff-text\">share<\/span>&nbsp;<\/a><\/li><li class=\"shariff-button mailto shariff-nocustomcolor\" style=\"background-color:#a8a8a8\"><a href=\"mailto:?body=https%3A%2F%2Fcrossroads-festival.org%2Fde%2Ffuture-games-for-democracy&subject=Future%20Games%20for%20Democracy\" title=\"Send by email\" aria-label=\"Send by email\" role=\"button\" rel=\"noopener nofollow\" class=\"shariff-link\" style=\"; background-color:#999; color:#fff\"><span class=\"shariff-icon\" style=\"\"><svg width=\"32px\" height=\"20px\" xmlns=\"http:\/\/www.w3.org\/2000\/svg\" viewBox=\"0 0 32 32\"><path fill=\"#999\" d=\"M32 12.7v14.2q0 1.2-0.8 2t-2 0.9h-26.3q-1.2 0-2-0.9t-0.8-2v-14.2q0.8 0.9 1.8 1.6 6.5 4.4 8.9 6.1 1 0.8 1.6 1.2t1.7 0.9 2 0.4h0.1q0.9 0 2-0.4t1.7-0.9 1.6-1.2q3-2.2 8.9-6.1 1-0.7 1.8-1.6zM32 7.4q0 1.4-0.9 2.7t-2.2 2.2q-6.7 4.7-8.4 5.8-0.2 0.1-0.7 0.5t-1 0.7-0.9 0.6-1.1 0.5-0.9 0.2h-0.1q-0.4 0-0.9-0.2t-1.1-0.5-0.9-0.6-1-0.7-0.7-0.5q-1.6-1.1-4.7-3.2t-3.6-2.6q-1.1-0.7-2.1-2t-1-2.5q0-1.4 0.7-2.3t2.1-0.9h26.3q1.2 0 2 0.8t0.9 2z\"\/><\/svg><\/span><span class=\"shariff-text\">email<\/span>&nbsp;<\/a><\/li><\/ul><\/div>","protected":false},"excerpt":{"rendered":"<p>Future Games for Democracy &#8211; Theaterlabor zu aktuellen Herausforderungen Samstag 10.11. \/ 14:00-17:00 \/ Forum Stadtpark \/ Leitung: Silvia Gangl &amp; Martin Vieregg (InterACT) Das Momentum scheint ung\u00fcnstig: Banken und Konzerne werden immer m\u00e4chtiger und auch in \u00d6sterreich setzen sich autorit\u00e4re und wirtschaftsliberale Programme durch. Gleichzeitig gedeihen vieler Orts alternative Lebens- und Wirtschaftsweisen, Selbstvertretungsorganisationen und &hellip; <a href=\"https:\/\/crossroads-festival.org\/de\/future-games-for-democracy\" class=\"more-link\"><span class=\"screen-reader-text\">Future Games for Democracy<\/span> weiterlesen <span class=\"meta-nav\">&rarr;<\/span><\/a><\/p>\n","protected":false},"author":1,"featured_media":0,"parent":0,"menu_order":0,"comment_status":"closed","ping_status":"closed","template":"","meta":{"_acf_changed":false,"spay_email":"","footnotes":""},"class_list":["post-1511","page","type-page","status-publish","hentry"],"acf":[],"jetpack_shortlink":"https:\/\/wp.me\/P8yz7o-on","_links":{"self":[{"href":"https:\/\/crossroads-festival.org\/de\/wp-json\/wp\/v2\/pages\/1511"}],"collection":[{"href":"https:\/\/crossroads-festival.org\/de\/wp-json\/wp\/v2\/pages"}],"about":[{"href":"https:\/\/crossroads-festival.org\/de\/wp-json\/wp\/v2\/types\/page"}],"author":[{"embeddable":true,"href":"https:\/\/crossroads-festival.org\/de\/wp-json\/wp\/v2\/users\/1"}],"replies":[{"embeddable":true,"href":"https:\/\/crossroads-festival.org\/de\/wp-json\/wp\/v2\/comments?post=1511"}],"version-history":[{"count":6,"href":"https:\/\/crossroads-festival.org\/de\/wp-json\/wp\/v2\/pages\/1511\/revisions"}],"predecessor-version":[{"id":1552,"href":"https:\/\/crossroads-festival.org\/de\/wp-json\/wp\/v2\/pages\/1511\/revisions\/1552"}],"wp:attachment":[{"href":"https:\/\/crossroads-festival.org\/de\/wp-json\/wp\/v2\/media?parent=1511"}],"curies":[{"name":"wp","href":"https:\/\/api.w.org\/{rel}","templated":true}]}}