{"id":1314,"date":"2018-08-26T09:49:35","date_gmt":"2018-08-26T09:49:35","guid":{"rendered":"https:\/\/crossroads-festival.org\/de\/programm\/ubersicht-2017-copy"},"modified":"2018-11-05T15:04:46","modified_gmt":"2018-11-05T15:04:46","slug":"ubersicht-2018","status":"publish","type":"page","link":"https:\/\/crossroads-festival.org\/de\/programm\/uebersicht2018","title":{"rendered":"\u00dcbersicht 2018"},"content":{"rendered":"<p><\/p>\n<div id=\"progheader\">\n<h2 id=\"head\"><strong>PROGRAMM-\u00dcBERSICHT 2018<br \/>\n<\/strong><\/h2>\n<div id=\"print\"><div class='printomatic pom-default ' id='id5299'  data-print_target='article'><\/div><\/div>\n<p><!--\n\n\n<div id=\"pdf\"><a href=\"\/wp-content\/uploads\/15_programm_A4.pdf\" target=\"_blank\"><img decoding=\"async\" src=\"\/wp-content\/uploads\/pdf.png\" alt=\"\" \/><\/a><\/div>\n\n\n--><\/p>\n<\/div>\n<hr \/>\n<p><em>*Alle Filmvorf\u00fchrungen finden im Erdgeschoss statt. Der Saloon im ersten Stock steht w\u00e4hrend des gesamten Festivals als offener Raum f\u00fcr Austausch, Vernetzung, zum gemeinsamen T\u00e4tig-Sein oder Entspannen zur Verf\u00fcgung.* <\/em><\/p>\n<hr \/>\n<div id=\"dayoverview\" style=\"line-height: 1.8em;\">\n<div id=\"day\"><a href=\"#mi3110\">Mittwoch 31.10.<\/a><\/div>\n<div id=\"day\"><a href=\"#do0111\">Donnerstag 01.11.<\/a><\/div>\n<div id=\"day\"><a href=\"#fr0211\">Freitag 02.11.<\/a><\/div>\n<div id=\"day\"><a href=\"#sa0311\">Samstag 03.11.<\/a><\/div>\n<div id=\"day\"><a href=\"#so0411\">Sonntag 04.11.<\/a><\/div>\n<div id=\"day\"><a href=\"#mo0511\">Montag 05.11.<\/a><\/div>\n<div id=\"day\"><a href=\"#di0611\">Dienstag 06.11.<\/a><\/div>\n<div id=\"day\"><a href=\"#mi0711\">Mittwoch 07.11.<\/a><\/div>\n<div id=\"day\"><a href=\"#do0811\">Donnerstag 08.11.<\/a><\/div>\n<div id=\"day\"><a href=\"#fr0911\">Freitag 09.11.<\/a><\/div>\n<div id=\"day\"><a href=\"#sa1011\">Samstag 10.11.<\/a><\/div>\n<div id=\"day\"><a href=\"#so1111\">Sonntag 11.11.<\/a><\/div>\n<\/div>\n<hr \/>\n<h3><a name=\"mi3110\"><\/a><strong>Mittwoch 31.10. &#8211; Er\u00f6ffnung<br \/>\n<\/strong><\/h3>\n<p><strong>18:30 Opening film I \/ Austrian premiere!<\/strong><br \/>\n<a href=\"https:\/\/crossroads-festival.org\/de\/film\/earthrise\"><strong>Earthrise<\/strong><\/a><br \/>\nUS, 2018, 29 min, English OV<\/p>\n<p><strong>19:30 Opening film II + Q&amp;A \/ Austrian premiere! <\/strong><br \/>\n<a href=\"https:\/\/crossroads-festival.org\/de\/film\/metamorphosis\"><strong>Metamorphosis<\/strong><\/a><br \/>\nCA, 2018, 85 min, English OV<br \/>\n+ Q&amp;A with filmmakers Nova Ami and Velcrow Ripper (via videostream)<\/p>\n<p><strong>Im Anschluss: Filmbeisl im Saloon<br \/>\n<\/strong>Raum zum Austausch und Vernetzen in gem\u00fctlicher Atmosph\u00e4re (Saloon, 1. Stock)<\/p>\n<hr \/>\n<h3><a name=\"do0111\"><\/a><strong>Donnerstag 1.11. &#8211; Refugee Realities<\/strong><\/h3>\n<p><strong>13:00-14:30 Input + Austausch<br \/>\n<a href=\"https:\/\/crossroads-festival.org\/de\/seebruecke-graz\">Seebr\u00fccke Graz<\/a><br \/>\n<a href=\"https:\/\/crossroads-festival.org\/de\/seebruecke-graz\">F\u00fcr ein offenes Europa, solidarische St\u00e4dte und sichere H\u00e4fen<\/a><br \/>\n<\/strong>Mit Brigitte Kratzwald, u.a.<\/p>\n<p><strong>15:00 Film + Gespr\u00e4ch<\/strong><br \/>\n<a href=\"https:\/\/crossroads-festival.org\/de\/film\/greek-diary\"><strong>Greek Diary<\/strong><\/a><br \/>\nAT, 2018, 65 min, Englisch und arabisch mit deutschen Untertiteln<br \/>\n+ Gespr\u00e4ch mit Regisseur Heinz Trenczak, den Protagonist*innen Wolfgang Feigl und Andreas Polegeg, Mazen Chama und Marion Bock (Graz: Spendenkonvoi)<\/p>\n<p><strong>17:00-19:00 Begegnung + Austausch (im 1. Stock)<\/strong><br \/>\n<a href=\"https:\/\/crossroads-festival.org\/de\/miteinander-im-forum\"><strong>Miteinander im Forum<\/strong><\/a><strong><br \/>\n<\/strong>Hosted by Gib mir deine Hand<\/p>\n<p><strong>19:00 Gemeinsames Abendessen<\/strong><\/p>\n<p><strong>20:00 Film + Gespr\u00e4ch<\/strong><br \/>\n<a href=\"https:\/\/crossroads-festival.org\/de\/film\/die-neuen-kinder-von-golzow\"><strong>Die neuen Kinder von Golzow<\/strong><\/a><br \/>\nDE, 2017, 90 min, Deutsch, englisch und arabisch mit deutschen Untertiteln<br \/>\n+ Gespr\u00e4ch mit Protagonist Frank Sch\u00fctz (B\u00fcrgermeister von Golzow) (via Videostream), Doro Blancke (Gib mir deine Hand), Franziska Hartl (KAMA Graz) und Franziska Gruber (Antirassistische Aktion Graz),<\/p>\n<p><strong>Im Anschluss und zwischen den Veranstaltungen: Filmbeisl im Saloon<\/strong><br \/>\nRaum zum Unterhalten \u00fcber die Filme in gem\u00fctlicher Atmosph\u00e4re (Saloon, 1. Stock)<\/p>\n<p><strong>Programmtipp: Ausstellung im &lt; rotor &gt; Zentrum f\u00fcr zeitgen\u00f6ssische Kunst, Volksgartenstra\u00dfe 6a (bis 24.11.)<\/strong><br \/>\n<strong><a href=\"http:\/\/rotor.mur.at\/con_GUERILLA02_ger.htm\">Guerilla der Aufkl\u00e4rung<br \/>\nSIE WERDEN ES NICHT ERTRAGEN, SICH HINTER MAUERN UND Z\u00c4UNEN ZU VERSTECKEN<\/a><br \/>\n<\/strong>Montag bis Freitag 10:00-18:00, Samstag 12:00-16:00, an Sonn- und Feiertagen geschlossen<\/p>\n<hr \/>\n<h3><a name=\"fr0211\"><\/a><strong>Freitag 2.11. &#8211; Earth Protectors<\/strong><\/h3>\n<p><strong>18:00 Film + Videobotschaft<br \/>\n<\/strong><a href=\"https:\/\/crossroads-festival.org\/de\/film\/jane\"><strong>Jane<\/strong><\/a><br \/>\nUS, 2017, 90 min, Englische OF mit deutschen Untertiteln<br \/>\n+ Videobotschaft von Jane Goodall<\/p>\n<p><strong>20:00 Film + Q&amp;A \/ Austrian premiere!<\/strong><br \/>\n<a href=\"https:\/\/crossroads-festival.org\/de\/film\/silas\"><strong>Silas<\/strong><\/a><br \/>\nCA\/ZA\/KE, 2017, 80 min, English OV<br \/>\n+ Q&amp;A with the film&#8217;s subject Silas Siakor (via videostream)<\/p>\n<p><strong>Im Anschluss und zwischen den Vorf\u00fchrungen: Filmbeisl im Saloon<\/strong><br \/>\nRaum zum Unterhalten \u00fcber die Filme in gem\u00fctlicher Atmosph\u00e4re (Saloon, 1. Stock)<\/p>\n<hr \/>\n<h3><strong><a name=\"sa0311\"><\/a>Samstag 3.11. &#8211; Earth Protectors \/ W\u00e4lder und Fl\u00fcsse<\/strong><\/h3>\n<p><strong>18:00 Film + Q&amp;A \/ Austrian premiere!<\/strong><br \/>\n<a href=\"https:\/\/crossroads-festival.org\/de\/film\/the-guardians\"><strong>The Guardians<\/strong><\/a><br \/>\nUS, 2018, 70 min, Spanish with English subtitles, English<br \/>\n+ Q&amp;A with filmmaker Tessa Moran (via videostream)<\/p>\n<p><strong>20:30 Film + Gespr\u00e4ch <\/strong><br \/>\n<a href=\"https:\/\/crossroads-festival.org\/de\/film\/blue-heart\"><strong>Blue Heart<\/strong><\/a><br \/>\nUS, 2018, 42 min, OF mit deutschen Untertiteln<br \/>\n+ Gesp\u00e4ch mit Professor Steven Weiss (\u00d6kologe)<\/p>\n<p><strong>Im Anschluss und zwischen den Veranstaltungen: Filmbeisl im Saloon<\/strong><br \/>\nRaum zum Unterhalten \u00fcber die Filme in gem\u00fctlicher Atmosph\u00e4re (Saloon, 1. Stock)<\/p>\n<hr \/>\n<h3><a name=\"so0411\"><\/a><strong>Sonntag&nbsp; 4.11. &#8211; Earth Protectors \/ Klima und Gerechtigkeit<\/strong><\/h3>\n<p><strong>18:00 Film + Gespr\u00e4ch \/ Austrian premiere!<\/strong><br \/>\n<a href=\"https:\/\/crossroads-festival.org\/de\/film\/anotes-ark\"><strong>Anote&#8217;s Ark<\/strong><\/a><br \/>\nCA, 2018, 77 min, English OV<br \/>\n+ Gespr\u00e4ch mit Aktivist*innen von System Change, not Climate Change<\/p>\n<p><strong>20:30 Film + Q&amp;A \/ Austrian premiere!<\/strong><br \/>\n<a href=\"https:\/\/crossroads-festival.org\/de\/film\/the-reluctant-radical\"><strong>The Reluctant Radical<\/strong><\/a><br \/>\nUS, 2018, 77 min, English OV<br \/>\n+ Q&amp;A with the film&#8217;s subject Ken Ward (via videostream)<\/p>\n<p><strong>Im Anschluss und zwischen den Veranstaltungen: Filmbeisl im Saloon<\/strong><br \/>\nRaum zum Unterhalten \u00fcber die Filme in gem\u00fctlicher Atmosph\u00e4re (Saloon, 1. Stock)<\/p>\n<hr \/>\n<h3><a name=\"mo0511\"><\/a><strong>Montag 5.11. &#8211; Earth Protectors \/ Zukunftsf\u00e4hige Landwirtschaft<\/strong><\/h3>\n<p><strong>18:00 Film<\/strong><br \/>\n<a href=\"https:\/\/crossroads-festival.org\/de\/film\/das-wunder-von-mals\"><strong>Das Wunder von Mals<\/strong><\/a><br \/>\nIT, 2018, 84 min, Deutsche Originalfassung<\/p>\n<p><strong>20:30 Film \/ European premiere!<\/strong><br \/>\n<a href=\"https:\/\/crossroads-festival.org\/de\/film\/dirt-rich\"><strong>Dirt Rich<\/strong><\/a><br \/>\nUS, 2018, 88 min, English OV<\/p>\n<p><strong>Im Anschluss und zwischen den Vorf\u00fchrungen: Filmbeisl im Saloon<\/strong><br \/>\nRaum zum Unterhalten \u00fcber die Filme in gem\u00fctlicher Atmosph\u00e4re (Saloon, 1. Stock)<\/p>\n<hr \/>\n<h3><strong><a name=\"di0611\"><\/a>Dienstag 6.11. &#8211; Earth Protectors \/ Meereswelt<br \/>\n<\/strong><\/h3>\n<p><strong>18:30 Film \/ Austrian premiere!<\/strong><br \/>\n<a href=\"https:\/\/crossroads-festival.org\/de\/film\/blue\"><strong>Blue<\/strong><\/a><br \/>\nAU, 2017, 70 min, English OV<\/p>\n<p><strong>20:30 Film + Q&amp;A \/ European premiere!<\/strong><br \/>\n<a href=\"https:\/\/crossroads-festival.org\/de\/film\/chasing-the-thunder\"><strong>Chasing The Thunder<\/strong><\/a><br \/>\nUS, 2018, 98 min, English OV<br \/>\n+ Q&amp;A with film subject captain Peter Hammarstedt of Sea Shepherd as well as Sandra Kollegger and Robert March (Sea Shepherd \u00d6sterreich)<\/p>\n<p><strong>Im Anschluss und zwischen den Vorf\u00fchrungen: Filmbeisl im Saloon<br \/>\n<\/strong>Raum zum Unterhalten \u00fcber die Filme in gem\u00fctlicher Atmosph\u00e4re (Saloon, 1. Stock)<\/p>\n<hr \/>\n<h3><a name=\"mi0711\"><\/a><strong>Mittwoch 7.11. &#8211; Programmfrei<\/strong><\/h3>\n<p><strong>Heute im Forum: 19:00 Gespr\u00e4ch (im 1. Stock)<\/strong><br \/>\n<a href=\"https:\/\/www.facebook.com\/events\/525637594551828\/\"><strong>Debating Society #7: 100 Jahre Republik und die Revolution in \u00d6sterreich<\/strong><\/a><\/p>\n<hr \/>\n<h3><a name=\"do0811\"><\/a><strong>Donnerstag 8.11. &#8211; Mensch-Tier-Beziehungen<\/strong><\/h3>\n<p><strong>17:00 Film + Q&amp;A \/ Austrian premiere!<\/strong><br \/>\n<a href=\"https:\/\/crossroads-festival.org\/de\/film\/elephant-path\"><strong>Elephant Path &#8211; Njaia Njoku<\/strong><\/a><br \/>\nUS, 2018, 52 min, English and Sangho with English subtitles<br \/>\n+ Q&amp;A with film subject Andrea Turkalo (via videostream)<\/p>\n<p><strong>19:00 Film + Q&amp;A \/ Austrian premiere!<\/strong><br \/>\n<a href=\"https:\/\/crossroads-festival.org\/de\/film\/empathy\"><strong>Empathy<\/strong><\/a><br \/>\nES, 2017, 75 min, Spanish with English subtitles<br \/>\n+ Q&amp;A with film subject Jennifer Berengueras (via videostream)<\/p>\n<p><strong>Tipp: 21:00 Performance (im Keller \/ Eintritt: 6 Euro)<\/strong><br \/>\n<a href=\"http:\/\/forumstadtpark.at\/index.php?idcat=10#08.11.\" target=\"_blank\" rel=\"noopener\"><strong>Spiegelreflex<\/strong><\/a><\/p>\n<p><strong>Im Anschluss und zwischen den Vorf\u00fchrungen: Filmbeisl im Saloon<\/strong><br \/>\nRaum zum Unterhalten \u00fcber die Filme in gem\u00fctlicher Atmosph\u00e4re (Saloon, 1. Stock)<\/p>\n<hr \/>\n<h3><a name=\"fr0911\"><\/a><strong>Freitag 9.11. &#8211; Feminism in Action<\/strong><\/h3>\n<p><strong>15:00-18:00 Workshop (im 1. Stock)<br \/>\n<a href=\"https:\/\/crossroads-festival.org\/de\/empowerment-workshop\">Empowerment-Workshop<\/a><\/strong><br \/>\nHosted by queer Referate der \u00d6H Uni Graz, HTU Graz und Med \u00d6H Graz<\/p>\n<p><strong>18:30 Film + Gespr\u00e4ch \/ Austrian premiere!<\/strong><br \/>\n<a href=\"https:\/\/crossroads-festival.org\/de\/film\/boys-who-like-girls\"><strong>Boys Who Like Girls<\/strong><\/a><br \/>\nFI\/NO\/IN, 2018, 68 min, English OV<br \/>\n+ Gespr\u00e4ch mit Johanna Stadlbauer &amp; Josua Russmann (Verein f\u00fcr M\u00e4nner- und Geschlechterthemen Steiermark)<\/p>\n<p><strong>21:00 Film + Q&amp;A<\/strong><br \/>\n<a href=\"https:\/\/crossroads-festival.org\/de\/film\/silvana\"><strong>Silvana<\/strong><\/a><br \/>\nSE, 2017, 91 min, Schwedisch mit deutschen Untertiteln<br \/>\n+ Q&amp;A with the film&#8217;s subject Silvana Imam (via videostream)<\/p>\n<p><strong>Im Anschluss und zwischen den Veranstaltungen: Filmbeisl im Saloon<\/strong><br \/>\nRaum zum Unterhalten \u00fcber die Filme in gem\u00fctlicher Atmosph\u00e4re (Saloon, 1. Stock)<\/p>\n<hr \/>\n<h3><a name=\"sa1011\"><\/a><strong>Samstag 10.11. &#8211; Umk\u00e4mpfte Demokratie<\/strong><\/h3>\n<p><strong>Ab 14:00 Workshop<br \/>\n<a href=\"https:\/\/crossroads-festival.org\/de\/radio-selber-machen\">Freie Meinung &#8211; Freie Medien. Radio selber machen! (Teil 1)<\/a><\/strong><br \/>\nVon Radio Helsinki<\/p>\n<p><strong>14:00-17:00 Workshop<\/strong><br \/>\n<strong><a href=\"https:\/\/crossroads-festival.org\/de\/future-games-for-democracy\">Future Games for Democracy!<\/a><\/strong><br \/>\n<a href=\"https:\/\/crossroads-festival.org\/de\/future-games-for-democracy\"><strong>Theaterlabor zu aktuellen Herausforderungen<\/strong><\/a><br \/>\nMit Silvia Gangl und Martin Vieregg (InterACT)<strong><br \/>\n<\/strong><\/p>\n<p><strong>18:00 Film + Q&amp;A \/ Austrian premiere!<\/strong><br \/>\n<a href=\"https:\/\/crossroads-festival.org\/de\/film\/what-is-democracy\"><strong>What Is Democracy?<\/strong><\/a><br \/>\nCA, 2018, 107 min, English and Arabic, Spanish, Greek with English subtitles<br \/>\n+ Q&amp;A with filmmaker Astra Taylor (via videostream)<\/p>\n<p><strong>21:00 Film + Q&amp;A \/ \u00d6sterreichpremiere!<\/strong><br \/>\n<a href=\"https:\/\/crossroads-festival.org\/de\/film\/tuerkei-ringen-um-demokratie\"><strong>T\u00fcrkei &#8211; Ringen um Demokratie<\/strong><\/a><br \/>\nTR, 2017, 53 min, T\u00fcrkische OF mit deutschen Untertiteln<br \/>\n+ Q&amp;A with filmmaker Imre Azem (via videostream)<\/p>\n<p><strong>Tipp: 23:00 Club <\/strong><strong>(im Keller \/ Eintritt: ab 5 Euro)<\/strong><br \/>\n<strong><a href=\"https:\/\/www.facebook.com\/events\/320663528722428\/\" target=\"_blank\" rel=\"noopener\">Dub der guten Hoffnung Graz #32 &#8211; Lion&#8217;s Den<\/a><br \/>\n<\/strong><strong><br \/>\nZwischen den Veranstaltungen: Filmbeisl im Saloon<\/strong><br \/>\nRaum zum Unterhalten \u00fcber die Filme in gem\u00fctlicher Atmosph\u00e4re (Saloon, 1. Stock)<\/p>\n<hr \/>\n<h3><a name=\"so1111\"><\/a><strong>Sonntag 11.11. &#8211; Umk\u00e4mpfte Demokratie<\/strong><\/h3>\n<p><strong>Ab 10:00 Workshop im Radio Helsinki, Sch\u00f6naugasse 8<br \/>\n<a href=\"https:\/\/crossroads-festival.org\/de\/radio-selber-machen\">Freie Meinung &#8211; Freie Medien. Radio selber machen! (Teil 2)<\/a><a href=\"https:\/\/crossroads-festival.org\/de\/radio-selber-machen\"><br \/>\n<\/a><\/strong>Von Radio Helsinki<\/p>\n<p><strong>15:30-17:30 B\u00fcrger*innen-Konvent-Spiel (im 1. Stock)<\/strong><br \/>\n<strong><a href=\"https:\/\/crossroads-festival.org\/de\/demokratie-ueben\">Demokratie \u00fcben<\/a><br \/>\n<\/strong>Moderation: Christian Kozina (Aktiv-Demokratie)<\/p>\n<p><strong>18:00 Film + Q&amp;A \/ European premiere!<\/strong><br \/>\n<a href=\"https:\/\/crossroads-festival.org\/de\/film\/keepers-of-the-future\"><strong>Keepers of the Future<\/strong><\/a><br \/>\nSV\/US\/CA, 2017, 24 min, Spanish with English subtitles<br \/>\n+ Q&amp;A with executive producer Karolo Aparicio (via videostream)&nbsp;<\/p>\n<p><strong>19:00 Gemeinsames Abschlussessen<br \/>\n<a href=\"https:\/\/gmota.at\/kollektivcafe\/\" target=\"_blank\" rel=\"noopener\">GMOTA kocht<\/a><br \/>\n<\/strong>Die freiwilligen Beitr\u00e4ge f\u00fcr die kulinarischen K\u00f6stlichkeiten kommen dem GMOTA zugute<strong><br \/>\n<\/strong><\/p>\n<p><strong>20:00 Abschlussfilm<\/strong><br \/>\n<a href=\"https:\/\/crossroads-festival.org\/de\/film\/all-creatures-welcome\"><strong>All Creatures Welcome<\/strong><\/a><br \/>\nDE, 2018, 91 min, Deutsch \/ Englisch mit deutschen Untertiteln<\/p>\n<hr \/>\n<p><div class='printomatic pom-default ' id='id4359'  data-print_target='article'><\/div><\/p>\n<div class=\"shariff shariff-align-flex-start shariff-widget-align-flex-start\"><ul class=\"shariff-buttons theme-default orientation-horizontal buttonsize-medium\"><li class=\"shariff-button facebook shariff-nocustomcolor\" style=\"background-color:#4273c8\"><a href=\"https:\/\/www.facebook.com\/sharer\/sharer.php?u=https%3A%2F%2Fcrossroads-festival.org%2Fde%2Fprogramm%2Fuebersicht2018\" title=\"Share on Facebook\" aria-label=\"Share on Facebook\" role=\"button\" rel=\"nofollow\" class=\"shariff-link\" style=\"; background-color:#3b5998; color:#fff\" target=\"_blank\"><span class=\"shariff-icon\" style=\"\"><svg width=\"32px\" height=\"20px\" xmlns=\"http:\/\/www.w3.org\/2000\/svg\" viewBox=\"0 0 18 32\"><path fill=\"#3b5998\" d=\"M17.1 0.2v4.7h-2.8q-1.5 0-2.1 0.6t-0.5 1.9v3.4h5.2l-0.7 5.3h-4.5v13.6h-5.5v-13.6h-4.5v-5.3h4.5v-3.9q0-3.3 1.9-5.2t5-1.8q2.6 0 4.1 0.2z\"\/><\/svg><\/span><span class=\"shariff-text\">share<\/span>&nbsp;<\/a><\/li><li class=\"shariff-button mailto shariff-nocustomcolor\" style=\"background-color:#a8a8a8\"><a href=\"mailto:?body=https%3A%2F%2Fcrossroads-festival.org%2Fde%2Fprogramm%2Fuebersicht2018&subject=%C3%9Cbersicht%202018\" title=\"Send by email\" aria-label=\"Send by email\" role=\"button\" rel=\"noopener nofollow\" class=\"shariff-link\" style=\"; background-color:#999; color:#fff\"><span class=\"shariff-icon\" style=\"\"><svg width=\"32px\" height=\"20px\" xmlns=\"http:\/\/www.w3.org\/2000\/svg\" viewBox=\"0 0 32 32\"><path fill=\"#999\" d=\"M32 12.7v14.2q0 1.2-0.8 2t-2 0.9h-26.3q-1.2 0-2-0.9t-0.8-2v-14.2q0.8 0.9 1.8 1.6 6.5 4.4 8.9 6.1 1 0.8 1.6 1.2t1.7 0.9 2 0.4h0.1q0.9 0 2-0.4t1.7-0.9 1.6-1.2q3-2.2 8.9-6.1 1-0.7 1.8-1.6zM32 7.4q0 1.4-0.9 2.7t-2.2 2.2q-6.7 4.7-8.4 5.8-0.2 0.1-0.7 0.5t-1 0.7-0.9 0.6-1.1 0.5-0.9 0.2h-0.1q-0.4 0-0.9-0.2t-1.1-0.5-0.9-0.6-1-0.7-0.7-0.5q-1.6-1.1-4.7-3.2t-3.6-2.6q-1.1-0.7-2.1-2t-1-2.5q0-1.4 0.7-2.3t2.1-0.9h26.3q1.2 0 2 0.8t0.9 2z\"\/><\/svg><\/span><span class=\"shariff-text\">email<\/span>&nbsp;<\/a><\/li><\/ul><\/div>","protected":false},"excerpt":{"rendered":"<p>PROGRAMM-\u00dcBERSICHT 2018 *Alle Filmvorf\u00fchrungen finden im Erdgeschoss statt. Der Saloon im ersten Stock steht w\u00e4hrend des gesamten Festivals als offener Raum f\u00fcr Austausch, Vernetzung, zum gemeinsamen T\u00e4tig-Sein oder Entspannen zur Verf\u00fcgung.* Mittwoch 31.10. Donnerstag 01.11. Freitag 02.11. Samstag 03.11. Sonntag 04.11. Montag 05.11. Dienstag 06.11. Mittwoch 07.11. Donnerstag 08.11. Freitag 09.11. Samstag 10.11. Sonntag 11.11. &hellip; <a href=\"https:\/\/crossroads-festival.org\/de\/programm\/uebersicht2018\" class=\"more-link\"><span class=\"screen-reader-text\">\u00dcbersicht 2018<\/span> weiterlesen <span class=\"meta-nav\">&rarr;<\/span><\/a><\/p>\n","protected":false},"author":1,"featured_media":0,"parent":43,"menu_order":0,"comment_status":"open","ping_status":"open","template":"","meta":{"_acf_changed":false,"spay_email":"","footnotes":""},"class_list":["post-1314","page","type-page","status-publish","hentry"],"acf":[],"jetpack_shortlink":"https:\/\/wp.me\/P8yz7o-lc","_links":{"self":[{"href":"https:\/\/crossroads-festival.org\/de\/wp-json\/wp\/v2\/pages\/1314"}],"collection":[{"href":"https:\/\/crossroads-festival.org\/de\/wp-json\/wp\/v2\/pages"}],"about":[{"href":"https:\/\/crossroads-festival.org\/de\/wp-json\/wp\/v2\/types\/page"}],"author":[{"embeddable":true,"href":"https:\/\/crossroads-festival.org\/de\/wp-json\/wp\/v2\/users\/1"}],"replies":[{"embeddable":true,"href":"https:\/\/crossroads-festival.org\/de\/wp-json\/wp\/v2\/comments?post=1314"}],"version-history":[{"count":104,"href":"https:\/\/crossroads-festival.org\/de\/wp-json\/wp\/v2\/pages\/1314\/revisions"}],"predecessor-version":[{"id":1633,"href":"https:\/\/crossroads-festival.org\/de\/wp-json\/wp\/v2\/pages\/1314\/revisions\/1633"}],"up":[{"embeddable":true,"href":"https:\/\/crossroads-festival.org\/de\/wp-json\/wp\/v2\/pages\/43"}],"wp:attachment":[{"href":"https:\/\/crossroads-festival.org\/de\/wp-json\/wp\/v2\/media?parent=1314"}],"curies":[{"name":"wp","href":"https:\/\/api.w.org\/{rel}","templated":true}]}}