{"id":1110,"date":"2017-11-06T00:06:38","date_gmt":"2017-11-06T00:06:38","guid":{"rendered":"https:\/\/crossroads-festival.org\/de\/journalismus-und-aktivismus-copy"},"modified":"2017-11-16T23:05:47","modified_gmt":"2017-11-16T23:05:47","slug":"journalismus-und-aktivismus-copy","status":"publish","type":"page","link":"https:\/\/crossroads-festival.org\/de\/journalismus-und-aktivismus","title":{"rendered":"JOURNALISMUS und AKTIVISMUS  Kopieren"},"content":{"rendered":"<p><img decoding=\"async\" src=\"https:\/\/crossroads-festival.org\/wp-content\/uploads\/interact.jpg\" alt=\"\" \/><\/p>\n<p><strong>JOURNALISMUS und AKTIVISMUS<br \/>\n<\/strong><\/p>\n<p>Die VON UNTEN-Nachrichtenredaktion von Radio Helsinki will wachsen und sucht daher kritische Geister, die Lust auf Radiomachen haben.<\/p>\n<p>VON UNTEN ist ein kritisches, unabh\u00e4ngiges Nachrichtenmagazin mit einem Schwerpunkt auf regionale Themen. Wir bieten damit vor allem widerst\u00e4ndigen und unterrepr\u00e4sentierten Stimmen Geh\u00f6r und schaffen damit eine Alternative zu etablierten Nachrichtensendungen. Inhaltlich liegt der Fokus auf politischen Themen und sozialen Bewegungen. Kulturelle Themen haben auch Platz.<\/p>\n<p>Im Rahmen von Crossroads bieten wir einen Workshop speziell zu Interviewtechnik an. Dort lernst du journalistische Grundlagen, Recherche, Aufnahmetechnik, Interviewf\u00fchrung und -aufbereitung. Als Interviewpartner*innen stehen Teilnehmer*innen des Festivals zur Verf\u00fcgung. Die Ergebnisse des Workshops werden in der Sendung &#8222;Von Unten im Gespr\u00e4ch&#8220; am 11. April um 17 Uhr zu h\u00f6ren sein.<\/p>\n<p><strong>Tag 1: Freitag, 8. April<\/strong><\/p>\n<p>10-13 Uhr &#8211; Forum Stadtpark<br \/>\nAngewandtes Medienrecht (Beispiele aus der praktischen Radioarbeit), Grundlagen des journalistischen Arbeitens und der Recherche<\/p>\n<p>Mittagspause<\/p>\n<p>14-17 Uhr<br \/>\nBesuch Radio Helsinki: Einf\u00fchrung in die Studios, Einf\u00fchrung Aufnahmeger\u00e4te, Praxisgrundlage\/Gruppenarbeit: Interviewf\u00fchrung<\/p>\n<p>&#8212;&#8211;<\/p>\n<p><strong>Tag 2: Samstag, 9. April<\/strong><\/p>\n<p>11-13 Uhr &#8211; Forum Stadtpark<br \/>\nPraxis: Interviews mit Festival-Teilnehmer*innen (mit Betreuung)<\/p>\n<p>Gemeinsames Mittagessen bei Crossroads<\/p>\n<p>14-17:30 Uhr &#8211; Radio Helsinki<br \/>\nPraxis: Interviews bearbeiten, Verfassen einer Moderation (mit Betreuung und Vermittlung: Schreiben f\u00fcrs Sprechen\/Radio)<\/p>\n<p>&#8212;&#8211;<\/p>\n<p><strong>Montag, 11. April<\/strong><\/p>\n<p>17-18 Uhr &#8211; Radio Helsinki<br \/>\nLivesendung &#8222;Von Unten im Gespr\u00e4ch&#8220; mit den produzierten Beitr\u00e4gen (Teilnahme sehr willkommen)<\/p>\n<p>Der Workshop ist kostenlos! Verbindliche Anmeldung unter office@helsinki.at oder telefonisch unter 0316\/830 880.<\/p>\n<div class=\"shariff shariff-align-flex-start shariff-widget-align-flex-start\"><ul class=\"shariff-buttons theme-default orientation-horizontal buttonsize-medium\"><li class=\"shariff-button facebook shariff-nocustomcolor\" style=\"background-color:#4273c8\"><a href=\"https:\/\/www.facebook.com\/sharer\/sharer.php?u=https%3A%2F%2Fcrossroads-festival.org%2Fde%2Fjournalismus-und-aktivismus\" title=\"Share on Facebook\" aria-label=\"Share on Facebook\" role=\"button\" rel=\"nofollow\" class=\"shariff-link\" style=\"; background-color:#3b5998; color:#fff\" target=\"_blank\"><span class=\"shariff-icon\" style=\"\"><svg width=\"32px\" height=\"20px\" xmlns=\"http:\/\/www.w3.org\/2000\/svg\" viewBox=\"0 0 18 32\"><path fill=\"#3b5998\" d=\"M17.1 0.2v4.7h-2.8q-1.5 0-2.1 0.6t-0.5 1.9v3.4h5.2l-0.7 5.3h-4.5v13.6h-5.5v-13.6h-4.5v-5.3h4.5v-3.9q0-3.3 1.9-5.2t5-1.8q2.6 0 4.1 0.2z\"\/><\/svg><\/span><span class=\"shariff-text\">share<\/span>&nbsp;<\/a><\/li><li class=\"shariff-button mailto shariff-nocustomcolor\" style=\"background-color:#a8a8a8\"><a href=\"mailto:?body=https%3A%2F%2Fcrossroads-festival.org%2Fde%2Fjournalismus-und-aktivismus&subject=JOURNALISMUS%20und%20AKTIVISMUS%20%20Kopieren\" title=\"Send by email\" aria-label=\"Send by email\" role=\"button\" rel=\"noopener nofollow\" class=\"shariff-link\" style=\"; background-color:#999; color:#fff\"><span class=\"shariff-icon\" style=\"\"><svg width=\"32px\" height=\"20px\" xmlns=\"http:\/\/www.w3.org\/2000\/svg\" viewBox=\"0 0 32 32\"><path fill=\"#999\" d=\"M32 12.7v14.2q0 1.2-0.8 2t-2 0.9h-26.3q-1.2 0-2-0.9t-0.8-2v-14.2q0.8 0.9 1.8 1.6 6.5 4.4 8.9 6.1 1 0.8 1.6 1.2t1.7 0.9 2 0.4h0.1q0.9 0 2-0.4t1.7-0.9 1.6-1.2q3-2.2 8.9-6.1 1-0.7 1.8-1.6zM32 7.4q0 1.4-0.9 2.7t-2.2 2.2q-6.7 4.7-8.4 5.8-0.2 0.1-0.7 0.5t-1 0.7-0.9 0.6-1.1 0.5-0.9 0.2h-0.1q-0.4 0-0.9-0.2t-1.1-0.5-0.9-0.6-1-0.7-0.7-0.5q-1.6-1.1-4.7-3.2t-3.6-2.6q-1.1-0.7-2.1-2t-1-2.5q0-1.4 0.7-2.3t2.1-0.9h26.3q1.2 0 2 0.8t0.9 2z\"\/><\/svg><\/span><span class=\"shariff-text\">email<\/span>&nbsp;<\/a><\/li><\/ul><\/div>","protected":false},"excerpt":{"rendered":"<p>JOURNALISMUS und AKTIVISMUS Die VON UNTEN-Nachrichtenredaktion von Radio Helsinki will wachsen und sucht daher kritische Geister, die Lust auf Radiomachen haben. VON UNTEN ist ein kritisches, unabh\u00e4ngiges Nachrichtenmagazin mit einem Schwerpunkt auf regionale Themen. Wir bieten damit vor allem widerst\u00e4ndigen und unterrepr\u00e4sentierten Stimmen Geh\u00f6r und schaffen damit eine Alternative zu etablierten Nachrichtensendungen. Inhaltlich liegt der &hellip; <a href=\"https:\/\/crossroads-festival.org\/de\/journalismus-und-aktivismus\" class=\"more-link\"><span class=\"screen-reader-text\">JOURNALISMUS und AKTIVISMUS  Kopieren<\/span> weiterlesen <span class=\"meta-nav\">&rarr;<\/span><\/a><\/p>\n","protected":false},"author":1,"featured_media":0,"parent":0,"menu_order":0,"comment_status":"closed","ping_status":"closed","template":"","meta":{"_acf_changed":false,"spay_email":"","footnotes":""},"class_list":["post-1110","page","type-page","status-publish","hentry"],"acf":[],"jetpack_shortlink":"https:\/\/wp.me\/P8yz7o-hU","_links":{"self":[{"href":"https:\/\/crossroads-festival.org\/de\/wp-json\/wp\/v2\/pages\/1110"}],"collection":[{"href":"https:\/\/crossroads-festival.org\/de\/wp-json\/wp\/v2\/pages"}],"about":[{"href":"https:\/\/crossroads-festival.org\/de\/wp-json\/wp\/v2\/types\/page"}],"author":[{"embeddable":true,"href":"https:\/\/crossroads-festival.org\/de\/wp-json\/wp\/v2\/users\/1"}],"replies":[{"embeddable":true,"href":"https:\/\/crossroads-festival.org\/de\/wp-json\/wp\/v2\/comments?post=1110"}],"version-history":[{"count":1,"href":"https:\/\/crossroads-festival.org\/de\/wp-json\/wp\/v2\/pages\/1110\/revisions"}],"predecessor-version":[{"id":1167,"href":"https:\/\/crossroads-festival.org\/de\/wp-json\/wp\/v2\/pages\/1110\/revisions\/1167"}],"wp:attachment":[{"href":"https:\/\/crossroads-festival.org\/de\/wp-json\/wp\/v2\/media?parent=1110"}],"curies":[{"name":"wp","href":"https:\/\/api.w.org\/{rel}","templated":true}]}}